{"id":41221,"date":"2023-01-16T03:48:50","date_gmt":"2023-01-16T03:48:50","guid":{"rendered":"https:\/\/www.sisinternational.com\/?page_id=41221"},"modified":"2026-01-26T14:24:01","modified_gmt":"2026-01-26T19:24:01","slug":"etude-de-marche-sur-la-modelisation-des-choix","status":"publish","type":"page","link":"https:\/\/www.sisinternational.com\/fr\/solutions\/solutions-de-recherche-qualitative-et-quantitative\/etude-de-marche-sur-la-modelisation-des-choix\/","title":{"rendered":"\u00c9tude de march\u00e9 sur la mod\u00e9lisation des choix"},"content":{"rendered":"<h1 class=\"wp-block-heading\">\u00c9tude de march\u00e9 sur la mod\u00e9lisation des choix<\/h1>\n\n\n<div class=\"wp-block-image\">\n<figure class=\"aligncenter size-large\"><img loading=\"lazy\" decoding=\"async\" width=\"1024\" height=\"574\" src=\"https:\/\/www.sisinternational.com\/wp-content\/uploads\/2025\/10\/analysis-analytics-research-11-1024x574.jpg\" alt=\"\u00c9tudes de march\u00e9 et strat\u00e9gie internationales SIS\" class=\"wp-image-71909\" srcset=\"https:\/\/www.sisinternational.com\/wp-content\/uploads\/2025\/10\/analysis-analytics-research-11-1024x574.jpg 1024w, https:\/\/www.sisinternational.com\/wp-content\/uploads\/2025\/10\/analysis-analytics-research-11-300x168.jpg 300w, https:\/\/www.sisinternational.com\/wp-content\/uploads\/2025\/10\/analysis-analytics-research-11-768x430.jpg 768w, https:\/\/www.sisinternational.com\/wp-content\/uploads\/2025\/10\/analysis-analytics-research-11-18x10.jpg 18w, https:\/\/www.sisinternational.com\/wp-content\/uploads\/2025\/10\/analysis-analytics-research-11.jpg 1456w\" sizes=\"auto, (max-width: 1024px) 100vw, 1024px\" \/><\/figure>\n<\/div>\n\n\n<p><\/p>\n\n\n\n<p>L\u2019\u00e9tude de march\u00e9 quantitative est une m\u00e9thode de recherche ouverte bas\u00e9e sur des questions. Il s&#039;appuie sur des entretiens approfondis, des groupes de discussion et d&#039;autres techniques d&#039;avant-garde. Quelle est la diff\u00e9rence entre la recherche quantitative et qualitative ?<\/p>\n\n\n\n<p>La recherche marketing quantitative pose des questions \u00e0 valeur num\u00e9rique. Par exemple : \u00ab Sur une \u00e9chelle de 1 \u00e0 5, quelle a \u00e9t\u00e9 votre exp\u00e9rience en mati\u00e8re de service client ? Une autre question pourrait \u00eatre : \u00ab Quel est votre salaire annuel ? \u00bb<\/p>\n\n\n\n<p>La recherche qualitative pose des questions que vous ne pouvez pas r\u00e9duire \u00e0 un chiffre. Par exemple\u00a0:\u00a0\u00ab\u00a0Quel est le titre de votre poste\u00a0?\u00a0\u00bb ou &quot;Qu&#039;avez-vous le plus appr\u00e9ci\u00e9 dans notre service aujourd&#039;hui\u00a0?&quot;<\/p>\n\n\n\n<p>Le chercheur qui recherche des r\u00e9sultats scientifiques s\u2019appuiera sur la Recherche Quantitative. Il a tendance \u00e0 \u00eatre plus impartial. Ils le choisissent parce que c&#039;est :<\/p>\n\n\n\n<ul class=\"wp-block-list\">\n<li>Plus facile de contr\u00f4ler les donn\u00e9es<\/li>\n\n\n\n<li>Impartial et scientifique<\/li>\n\n\n\n<li>Convient \u00e0 un public plus large<\/li>\n\n\n\n<li>Plus largement accept\u00e9<\/li>\n\n\n\n<li>Plus cibl\u00e9 car les chercheurs l\u2019utilisent souvent pour tester une th\u00e9orie.<\/li>\n<\/ul>\n\n\n\n<h2 class=\"wp-block-heading\">Qu\u2019est-ce que l\u2019\u00e9tude de march\u00e9 sur la mod\u00e9lisation des choix ?<\/h2>\n\n\n\n<p><a href=\"https:\/\/www.sisinternational.com\/fr\/solutions\/solutions-de-recherche-qualitative-et-quantitative\/enhancing-product-appeal-through-consumer-choice-modeling\/\" title=\"Consumer Choice Modeling\"  data-wpil-monitor-id=\"1190\">Choice Modeling is a Quantitative Research<\/a> technique used to measure what consumers like. It\u2019s different from standard Surveys and Market Research methods. Moreover, these methods only capture a rough picture of consumer intentions, often not supported by science. Choice Modeling uses a controlled trial run, which finds and measures the factors that lead to a decision. It does so even outside the conscious awareness of the respondents.<\/p>\n\n\n\n<h2 class=\"wp-block-heading\">Pourquoi la mod\u00e9lisation des choix est-elle importante\u00a0?<\/h2>\n\n\n\n<p>Choice Modeling allows firms to gauge consumer demand. It tells them why they make the choices they do. You can apply Choice Modeling in many ways. You can use it to measure the demand for an existing product or <a href=\"https:\/\/www.sisinternational.com\/fr\/industry-forecast\/financial-services-forecast\/\" title=\"Financial Services Forecast\"  data-wpil-monitor-id=\"3826\">service or to forecast<\/a> the need for new ones. It allows you to explore vast numbers of possible configurations to the order of many, many trillions. <a href=\"https:\/\/www.sisinternational.com\/fr\/solutions\/solutions-de-recherche-qualitative-et-quantitative\/discrete-choice-in-market-research\/\" title=\"Discrete Choice in Market Research\"  data-wpil-monitor-id=\"899\">Mod\u00e9lisation de choix<\/a> would not work with standard research methods.<\/p>\n\n\n\n<h2 class=\"wp-block-heading\">Pourquoi les entreprises ont-elles besoin d\u2019une mod\u00e9lisation des choix\u00a0?<\/h2>\n\n\n\n<p>Choice Modeling vous indique ce qui est important pour vos acheteurs actuels et potentiels. Il suit leurs actions lors de la prise de d\u00e9cisions d&#039;achat. Commencez \u00e0 utiliser Choice Modeling d\u00e8s aujourd\u2019hui pour tester les fonctionnalit\u00e9s du produit pour en d\u00e9terminer la valeur implicite. Utilisez-le pour v\u00e9rifier le succ\u00e8s des campagnes marketing, d\u00e9finir des strat\u00e9gies de tarification, etc. SIS International propose une vari\u00e9t\u00e9 de services, notamment des \u00e9tudes de march\u00e9 UX et la planification d&#039;une strat\u00e9gie de mise sur le march\u00e9.<\/p>\n\n\n\n<h2 class=\"wp-block-heading\">\u00c0 propos de l\u2019\u00e9tude de march\u00e9 sur la mod\u00e9lisation des choix<\/h2>\n\n\n\n<p>Les m\u00e9thodes standards peuvent vous faire gagner beaucoup de temps et d\u2019\u00e9nergie. Pourtant, les donn\u00e9es ne sont peut-\u00eatre pas aussi sp\u00e9cifiques \u00e0 votre public que vous le souhaiteriez. Utilisez Choice Modeling pour r\u00e9pondre aux questions sur les tendances du secteur, les revenus des m\u00e9nages et les donn\u00e9es d\u00e9mographiques.<\/p>\n\n\n\n<p>Vous pouvez mener une \u00e9tude de march\u00e9 qualitative de plusieurs mani\u00e8res. Par exemple, vous pouvez utiliser des groupes de discussion, des enqu\u00eates et des entretiens approfondis. Les chercheurs utilisent largement les entretiens dans la recherche marketing. Il s&#039;agit de l&#039;une des formes de collecte de donn\u00e9es les plus utilis\u00e9es dans la recherche marketing quantitative.<\/p>\n\n\n\n<p>Les enqu\u00eates en ligne sont une autre technique courante d\u2019\u00e9tude de march\u00e9. Ils sont essentiels pour recueillir les commentaires du public. Ils fonctionnent bien pour un large public. Mais Choice Modeling vous donne l\u2019essentiel. Les chercheurs l\u2019ont utilis\u00e9 pour observer les effets de changements subtils de mise en page et de formulation. Ils l\u2019ont m\u00eame utilis\u00e9 pour mesurer la valeur mon\u00e9taire directe des marques.<\/p>\n\n\n\n<h2 class=\"wp-block-heading\">Embaucher un chercheur pour votre entreprise<\/h2>\n\n\n\n<p>Interroger vous-m\u00eame les clients peut vous donner une id\u00e9e nuanc\u00e9e de votre march\u00e9 cible. Mais la recherche directe peut \u00eatre co\u00fbteuse et prendre du temps. Mais chaque tactique pr\u00e9sente des avantages et des inconv\u00e9nients. Les chercheurs qualifi\u00e9s savent comment g\u00e9rer chaque m\u00e9thode pour obtenir les meilleurs r\u00e9sultats.<\/p>\n\n\n\n<p>The right mix will address the unique needs of your firm. It will consider the timeframe, desired impact, scope, and budget. There\u2019s no one-size-fits-all answer. Resist the urge to base your approach only on what your <a href=\"https:\/\/www.sisinternational.com\/fr\/solutions\/solutions-de-branding-et-de-recherche-client\/etude-de-marche-narrative\/\" title=\"\u00c9tude de march\u00e9 sur le storytelling\"  data-wpil-monitor-id=\"5953\">market researcher tells<\/a> you. Instead, work along with them to figure out what your business requires. It will also help you figure out what the market research process demands.<\/p>\n\n\n\n<p><\/p>","protected":false},"excerpt":{"rendered":"<p> \u00c9tude de march\u00e9 sur la mod\u00e9lisation des choix\u00a0; une technique de recherche quantitative utilis\u00e9e pour mesurer ce que les consommateurs aiment \u2013 diff\u00e9rente des enqu\u00eates standard.<\/p>","protected":false},"author":1,"featured_media":71909,"parent":14660,"menu_order":34,"comment_status":"closed","ping_status":"closed","template":"","meta":{"footnotes":""},"class_list":["post-41221","page","type-page","status-publish","has-post-thumbnail"],"_links":{"self":[{"href":"https:\/\/www.sisinternational.com\/fr\/wp-json\/wp\/v2\/pages\/41221","targetHints":{"allow":["GET"]}}],"collection":[{"href":"https:\/\/www.sisinternational.com\/fr\/wp-json\/wp\/v2\/pages"}],"about":[{"href":"https:\/\/www.sisinternational.com\/fr\/wp-json\/wp\/v2\/types\/page"}],"author":[{"embeddable":true,"href":"https:\/\/www.sisinternational.com\/fr\/wp-json\/wp\/v2\/users\/1"}],"replies":[{"embeddable":true,"href":"https:\/\/www.sisinternational.com\/fr\/wp-json\/wp\/v2\/comments?post=41221"}],"version-history":[{"count":7,"href":"https:\/\/www.sisinternational.com\/fr\/wp-json\/wp\/v2\/pages\/41221\/revisions"}],"predecessor-version":[{"id":79625,"href":"https:\/\/www.sisinternational.com\/fr\/wp-json\/wp\/v2\/pages\/41221\/revisions\/79625"}],"up":[{"embeddable":true,"href":"https:\/\/www.sisinternational.com\/fr\/wp-json\/wp\/v2\/pages\/14660"}],"wp:featuredmedia":[{"embeddable":true,"href":"https:\/\/www.sisinternational.com\/fr\/wp-json\/wp\/v2\/media\/71909"}],"wp:attachment":[{"href":"https:\/\/www.sisinternational.com\/fr\/wp-json\/wp\/v2\/media?parent=41221"}],"curies":[{"name":"wp","href":"https:\/\/api.w.org\/{rel}","templated":true}]}}