{"id":41219,"date":"2023-01-16T03:29:33","date_gmt":"2023-01-16T03:29:33","guid":{"rendered":"https:\/\/www.sisinternational.com\/?page_id=41219"},"modified":"2026-03-12T21:51:45","modified_gmt":"2026-03-13T01:51:45","slug":"etude-de-marche-sur-le-positionnement-de-la-marque","status":"publish","type":"page","link":"https:\/\/www.sisinternational.com\/fr\/solutions\/solutions-de-branding-et-de-recherche-client\/etude-de-marche-sur-le-positionnement-de-la-marque\/","title":{"rendered":"\u00c9tude de march\u00e9 sur le positionnement de la marque"},"content":{"rendered":"<h1 class=\"wp-block-heading\">\u00c9tude de march\u00e9 sur le positionnement de la marque<\/h1>\n\n\n\n<figure class=\"gb-block-image gb-block-image-86df8dd6\"><img loading=\"lazy\" decoding=\"async\" width=\"1456\" height=\"816\" class=\"gb-image gb-image-86df8dd6\" src=\"https:\/\/www.sisinternational.com\/wp-content\/uploads\/2025\/08\/Strategy-consulting-11.jpg\" alt=\"\u00c9tudes de march\u00e9 et strat\u00e9gie internationales SIS\" title=\"Strategy consulting (11)\" srcset=\"https:\/\/www.sisinternational.com\/wp-content\/uploads\/2025\/08\/Strategy-consulting-11.jpg 1456w, https:\/\/www.sisinternational.com\/wp-content\/uploads\/2025\/08\/Strategy-consulting-11-300x168.jpg 300w, https:\/\/www.sisinternational.com\/wp-content\/uploads\/2025\/08\/Strategy-consulting-11-1024x574.jpg 1024w, https:\/\/www.sisinternational.com\/wp-content\/uploads\/2025\/08\/Strategy-consulting-11-768x430.jpg 768w, https:\/\/www.sisinternational.com\/wp-content\/uploads\/2025\/08\/Strategy-consulting-11-18x10.jpg 18w\" sizes=\"auto, (max-width: 1456px) 100vw, 1456px\"><\/figure>\n\n\n\n<hr class=\"wp-block-separator has-alpha-channel-opacity is-style-dots\"\/>\n\n\n\n<h2 class=\"wp-block-heading p1\">Qu\u2019est-ce que le positionnement de marque ?<\/h2>\n\n\n\n<p class=\"p2\">Le positionnement de marque concerne la valeur unique qu&#039;une marque pr\u00e9sente \u00e0 son client. Selon le ma\u00eetre du marketing Philip Kotler, le positionnement de marque est \u00ab l&#039;acte de concevoir l&#039;offre et l&#039;image de l&#039;entreprise pour occuper une place distinctive dans l&#039;esprit du march\u00e9 cible \u00bb. En d\u2019autres termes, le positionnement de marque d\u00e9crit en quoi une marque est diff\u00e9rente. Il montre ce qui distingue votre marque de vos concurrents et nous indique o\u00f9 et comment elle se situe dans l&#039;esprit des clients.<\/p>\n\n\n\n<p class=\"p2\">Companies use UX <a title=\"\u00c9tude de march\u00e9 sur l\u2019activation de marque\" href=\"https:\/\/www.sisinternational.com\/fr\/sassurer-que-les-clients-se-souviennent-de-votre-message\/\" data-wpil-monitor-id=\"2288\">Market Research to define the brand<\/a> position. They examine how potential and current customers interact with the Brand. They also use data to fuel the next steps. This type of <a title=\"\u00c9tude de march\u00e9 de marque et fid\u00e9lisation des clients\" href=\"https:\/\/www.sisinternational.com\/fr\/recherche-de-marque-sis-et-fidelisation-de-la-clientele\/\" data-wpil-monitor-id=\"2517\">Brand Positioning Strategy Market Research<\/a> is powerful. <a title=\"\u00c9tude de march\u00e9 municipal\" href=\"https:\/\/www.sisinternational.com\/fr\/competence\/les-industries\/etude-de-marche-municipale\/\" data-wpil-monitor-id=\"3477\">Research allows advertising and marketing<\/a> teams to understand their market of interest better. It\u2019s better than making assumptions or resorting to what worked in the past.<\/p>\n\n\n\n<h2 class=\"wp-block-heading p1\">Pourquoi le positionnement de la marque est-il important ?<\/h2>\n\n\n\n<p class=\"p2\">Les strat\u00e9gies de positionnement de marque ont un lien direct avec la fid\u00e9lit\u00e9 des consommateurs. Pourquoi? Parce qu\u2019ils fa\u00e7onnent les pr\u00e9f\u00e9rences des consommateurs. Ils ont \u00e9galement un lien avec le capital de marque bas\u00e9 sur le consommateur. Ces clients ont montr\u00e9 leur volont\u00e9 d&#039;acheter la Marque.<\/p>\n\n\n\n<p class=\"p2\">Un autre outil utilis\u00e9 par les entreprises est l&#039;analyse concurrentielle pour collecter et \u00e9tudier des donn\u00e9es sur leurs concurrents. En fait, cela les aide \u00e0 \u00e9valuer leur position sur le march\u00e9 et \u00e0 am\u00e9liorer leurs produits. Ainsi, ils am\u00e9liorent leurs strat\u00e9gies marketing.<\/p>\n\n\n\n<p class=\"p2\">Le positionnement de marque est essentiel pour une entreprise. Cela leur donne un moyen simple de partager la valeur que leur marque apporte aux clients. Il est interne, \u00e0 travers une d\u00e9claration de positionnement de marque. C&#039;est aussi externe, \u00e0 travers diverses strat\u00e9gies marketing.<\/p>\n\n\n\n<h2 class=\"wp-block-heading p1\">Pourquoi les entreprises ont besoin d&#039;un positionnement de marque<\/h2>\n\n\n\n<p class=\"p2\">A logo or tagline alone won\u2019t do the job of <a title=\"Construire des marques chinoises\" href=\"https:\/\/www.sisinternational.com\/fr\/creer-une-marque-mondiale-pour-la-chine\/\" data-wpil-monitor-id=\"3665\">building a solid brand<\/a>. You have to think about how customers will see you. What will make you different from other firms offering similar products or services? That\u2019s why it\u2019s essential to be strategic about positioning. Ensure that your Brand appeals to the right audience.<\/p>\n\n\n\n<p class=\"p2\">Le positionnement de la marque fait conna\u00eetre votre marque. Cela en fait quelque chose qui m\u00e9rite d\u2019\u00eatre pris en consid\u00e9ration. Il att\u00e9nue le bruit des autres marques afin que le v\u00f4tre puisse transpara\u00eetre. Un autre avantage du positionnement de marque est qu\u2019il vous permet de faire passer votre message aupr\u00e8s de votre public cible. Les messages commerciaux et marketing nous bombardent chaque jour, \u00e0 chaque coin de rue. Tout le monde se bat pour votre attention et votre temps. Le positionnement de votre marque brise le d\u00e9sordre. Cela parle aux personnes que vous comptez attirer au milieu de tout ce bruit.<\/p>\n\n\n\n<h3 class=\"wp-block-heading p1\">Facteurs cl\u00e9s de succ\u00e8s dans le positionnement de la marque<\/h3>\n\n\n\n<p class=\"p2\">Que demandez-vous lorsque vous vous coupez le doigt\u00a0: un pansement ou un pansement\u00a0? Voici comment le positionnement de marque vous permet de construire, d\u00e9velopper, g\u00e9rer et faire progresser une marque forte\u00a0:<\/p>\n\n\n\n<ul class=\"wp-block-list ul1\">\n<li>Le positionnement de marque est une mani\u00e8re de pr\u00e9senter votre stand. Vous le faites d\u2019une mani\u00e8re qui le diff\u00e9rencie de vos concurrents. Lorsque vos clients cibles choisissent une marque, votre caract\u00e8re unique devrait les attirer. De plus, cela devrait les inciter \u00e0 vous choisir.<\/li>\n\n\n\n<li>Cr\u00e9ez un tableau d\u2019essence de marque. Les marques r\u00e9pondent \u00e0 des besoins, ce qui est le d\u00e9but de toute d\u00e9claration de positionnement de marque. Un tableau d&#039;essence de marque peut vous aider \u00e0 organiser vos id\u00e9es, afin qu&#039;elles soient claires et concises.<\/li>\n\n\n\n<li>Trouvez votre positionnement de marque actuel. Commencez par r\u00e9fl\u00e9chir \u00e0 votre client cible et d\u00e9finissez qui il est. Ensuite, identifiez vos valeurs, votre mission et ce qui vous distingue du reste du march\u00e9.<\/li>\n<\/ul>\n\n\n\n<h2 class=\"wp-block-heading p1\">\u00c0 propos de l\u2019\u00e9tude de march\u00e9 sur le positionnement de la marque<\/h2>\n\n\n\n<p class=\"p2\">Il est essentiel d\u2019approcher \u00e0 la fois les clients potentiels et existants. C&#039;est la seule fa\u00e7on d&#039;acqu\u00e9rir une bonne position de marque. De plus, vos clients constituent une excellente source pour conna\u00eetre la position actuelle de votre marque. Ils peuvent \u00e9galement vous aider \u00e0 retrouver ceux de vos concurrents.<\/p>\n\n\n\n<p class=\"p2\">You can establish this <a title=\"Recherche sur le positionnement du march\u00e9 et l&#039;image de marque B2B\" href=\"https:\/\/www.sisinternational.com\/fr\/suivi-du-positionnement-de-la-marque-b2b\/\" data-wpil-monitor-id=\"4318\">position through Qualitative Market Research<\/a>. With this type of research, customers talk about their purchases. Or, you can use Quantitative Market Research Surveys.<\/p>\n\n\n\n<p class=\"p2\">You\u2019ll also need to do <a title=\"\u00c9tude de march\u00e9 sur la diff\u00e9renciation des marques\" href=\"https:\/\/www.sisinternational.com\/fr\/solutions\/solutions-de-branding-et-de-recherche-client\/etude-de-marche-sur-la-differenciation-des-marques\/\" data-wpil-monitor-id=\"2863\">Recherche sur la taille du march\u00e9<\/a> as part of your Brand Positioning effort. This type of <a title=\"\u00c9tude de march\u00e9 sur le vide\" href=\"https:\/\/www.sisinternational.com\/fr\/competence\/les-industries\/etude-de-marche-du-vide\/\" data-wpil-monitor-id=\"4868\">recherche<\/a> looks at the prospects of your market. It shows you where you\u2019re falling short, so you can improve and strengthen your brand.<\/p>\n\n\n\n<h2 class=\"wp-block-heading\">Facteurs cl\u00e9s de succ\u00e8s dans les \u00e9tudes de march\u00e9 sur le repositionnement de marque<\/h2>\n\n\n\n<p>Dans le monde dynamique des affaires, la clart\u00e9 et le caract\u00e8re distinctif d\u2019une marque peuvent avoir un impact significatif sur sa performance sur le march\u00e9. C&#039;est pourquoi le repositionnement de marque n&#039;est pas seulement une strat\u00e9gie marketing ; c&#039;est un \u00e9l\u00e9ment essentiel pour maintenir la pertinence et stimuler la croissance.<\/p>\n\n\n\n<p>How can businesses navigate the intricacies of brand repositioning to ensure they not only meet but exceed market expectations? The key lies in comprehensive market research tailored to unearth the insights that drive successful <a title=\"Critique de livre : \u00ab V\u00e9rit\u00e9, mensonges et publicit\u00e9 \u00bb\" href=\"https:\/\/www.sisinternational.com\/fr\/critique-de-livre-la-verite-ment-la-publicite\/\" data-wpil-monitor-id=\"4463\">brand<\/a> transformations.<\/p>\n\n\n\n<h2 class=\"wp-block-heading\">Qu\u2019est-ce que l\u2019\u00e9tude de march\u00e9 sur le repositionnement de marque ? Pourquoi c&#039;est important?<\/h2>\n\n\n\n<p>To remain competitive and relevant, businesses must reassess and adjust their brand&#8217;s position in the market. This reassessment is where <a title=\"Etude de march\u00e9 pour les marques vieillissantes\" href=\"https:\/\/www.sisinternational.com\/fr\/competence\/les-industries\/etude-de-marche-pour-les-marques-vieillissantes\/\" data-wpil-monitor-id=\"3716\">brand repositioning market research<\/a> steps in, it involves analyzing every facet of the brand&#8217;s current standing and meticulously planning its future trajectory.<\/p>\n\n\n\n<p>For this reason, <a title=\"\u00c9tude de march\u00e9 de marque\" href=\"https:\/\/www.sisinternational.com\/fr\/competence\/les-industries\/etude-de-marche-de-marque\/\" data-wpil-monitor-id=\"6741\">brand repositioning market research<\/a> helps businesses understand how their brand is perceived, determine the direction it should take, and identify the gaps between current perceptions and desired positioning. Moreover, it encompasses a variety of research methods (including qualitative and quantitative analysis) to gather comprehensive insights into consumer attitudes, market trends, and the competitive landscape.<\/p>\n\n\n\n<p>The importance of <a title=\"Relations publiques et \u00e9tudes de march\u00e9\" href=\"https:\/\/www.sisinternational.com\/fr\/quest-ce-que-les-relations-publiques\/\" data-wpil-monitor-id=\"2237\">brand repositioning market research<\/a> becomes even more pronounced for companies in the public eye. For companies on the brink of going public or those that have recently done so, this research is crucial. The findings provide a strategic foundation for crafting a brand narrative that aligns with investor expectations and market demands.<\/p>\n\n\n\n<h2 class=\"wp-block-heading\">Facteurs cl\u00e9s de succ\u00e8s dans les \u00e9tudes de march\u00e9 sur le repositionnement de marque<\/h2>\n\n\n\n<p>Le succ\u00e8s des efforts de repositionnement de marque repose sur plusieurs facteurs, qui peuvent grandement am\u00e9liorer l\u2019efficacit\u00e9 de la recherche et, par cons\u00e9quent, la strat\u00e9gie de repositionnement elle-m\u00eame.<\/p>\n\n\n\n<p>Pour que l&#039;\u00e9tude de march\u00e9 soit un outil pr\u00e9cieux dans le repositionnement de la marque, elle doit \u00eatre compl\u00e8te, explorant diff\u00e9rents angles de pr\u00e9sence et de perception de la marque sur le march\u00e9. Il doit englober un large \u00e9ventail de sources de donn\u00e9es, notamment les commentaires directs des consommateurs, l&#039;analyse des concurrents, les tendances du secteur et la repr\u00e9sentation m\u00e9diatique.<\/p>\n\n\n\n<p>L&#039;efficacit\u00e9 du processus de recherche est un autre facteur crucial. Le temps et les ressources sont souvent limit\u00e9s, en particulier pour les entreprises qui s&#039;adaptent \u00e0 la surveillance minutieuse du march\u00e9 public. La recherche doit \u00eatre con\u00e7ue pour recueillir les donn\u00e9es les plus informatives le plus efficacement possible, sans enqu\u00eates redondantes ou non pertinentes qui peuvent \u00e9puiser les ressources et prolonger les d\u00e9lais.<\/p>\n\n\n\n<p>De plus, l\u2019exactitude et la fiabilit\u00e9 des donn\u00e9es sont un facteur cl\u00e9, car les d\u00e9cisions prises sur la base de ces recherches peuvent avoir des implications consid\u00e9rables pour la marque. Il est donc primordial de garantir que les donn\u00e9es refl\u00e8tent fid\u00e8lement le march\u00e9 et l\u2019opinion des consommateurs. Cela signifie utiliser des m\u00e9thodologies rigoureuses et croiser les points de donn\u00e9es pour v\u00e9rifier les r\u00e9sultats.<\/p>\n\n\n\n<p>Une \u00e9tude de march\u00e9 r\u00e9ussie sur le repositionnement d\u2019une marque doit \u00e9galement \u00eatre flexible et adaptative. Les march\u00e9s sont dynamiques et les comportements des consommateurs \u00e9voluent rapidement. Les m\u00e9thodologies et strat\u00e9gies de recherche doivent \u00eatre capables d\u2019\u00e9voluer en r\u00e9ponse \u00e0 de nouvelles informations ou \u00e0 des changements soudains des conditions du march\u00e9 pour rester pertinentes et utiles.<\/p>\n\n\n\n<p>Enfin, les informations doivent \u00eatre traduites en strat\u00e9gies concr\u00e8tes et align\u00e9es sur les objectifs de la marque et les opportunit\u00e9s de march\u00e9. Cela n\u00e9cessite non seulement des analystes de donn\u00e9es, mais aussi des penseurs strat\u00e9giques capables de relier les points entre les points de donn\u00e9es et les applications du monde r\u00e9el.<\/p>\n\n\n\n<p><\/p>","protected":false},"excerpt":{"rendered":"<p>Le positionnement de marque concerne la valeur unique qu&#039;une marque pr\u00e9sente \u00e0 son client. Il montre ce qui distingue votre marque de ses concurrents.<\/p>","protected":false},"author":1,"featured_media":62537,"parent":14650,"menu_order":19,"comment_status":"closed","ping_status":"closed","template":"","meta":{"footnotes":""},"class_list":["post-41219","page","type-page","status-publish","has-post-thumbnail"],"_links":{"self":[{"href":"https:\/\/www.sisinternational.com\/fr\/wp-json\/wp\/v2\/pages\/41219","targetHints":{"allow":["GET"]}}],"collection":[{"href":"https:\/\/www.sisinternational.com\/fr\/wp-json\/wp\/v2\/pages"}],"about":[{"href":"https:\/\/www.sisinternational.com\/fr\/wp-json\/wp\/v2\/types\/page"}],"author":[{"embeddable":true,"href":"https:\/\/www.sisinternational.com\/fr\/wp-json\/wp\/v2\/users\/1"}],"replies":[{"embeddable":true,"href":"https:\/\/www.sisinternational.com\/fr\/wp-json\/wp\/v2\/comments?post=41219"}],"version-history":[{"count":13,"href":"https:\/\/www.sisinternational.com\/fr\/wp-json\/wp\/v2\/pages\/41219\/revisions"}],"predecessor-version":[{"id":84494,"href":"https:\/\/www.sisinternational.com\/fr\/wp-json\/wp\/v2\/pages\/41219\/revisions\/84494"}],"up":[{"embeddable":true,"href":"https:\/\/www.sisinternational.com\/fr\/wp-json\/wp\/v2\/pages\/14650"}],"wp:featuredmedia":[{"embeddable":true,"href":"https:\/\/www.sisinternational.com\/fr\/wp-json\/wp\/v2\/media\/62537"}],"wp:attachment":[{"href":"https:\/\/www.sisinternational.com\/fr\/wp-json\/wp\/v2\/media?parent=41219"}],"curies":[{"name":"wp","href":"https:\/\/api.w.org\/{rel}","templated":true}]}}