{"id":41214,"date":"2023-01-16T02:36:28","date_gmt":"2023-01-16T02:36:28","guid":{"rendered":"https:\/\/www.sisinternational.com\/?page_id=41214"},"modified":"2026-03-12T21:55:14","modified_gmt":"2026-03-13T01:55:14","slug":"etude-de-marche-sur-la-differenciation-des-marques","status":"publish","type":"page","link":"https:\/\/www.sisinternational.com\/fr\/solutions\/solutions-de-branding-et-de-recherche-client\/etude-de-marche-sur-la-differenciation-des-marques\/","title":{"rendered":"\u00c9tude de march\u00e9 sur la diff\u00e9renciation des marques"},"content":{"rendered":"<h1 class=\"wp-block-heading\">\u00c9tude de march\u00e9 sur la diff\u00e9renciation des marques<\/h1>\n\n\n\n<figure class=\"gb-block-image gb-block-image-7148e7a1\"><img loading=\"lazy\" decoding=\"async\" width=\"1456\" height=\"816\" class=\"gb-image gb-image-7148e7a1\" src=\"https:\/\/www.sisinternational.com\/wp-content\/uploads\/2025\/08\/Strategy-consulting-10.jpg\" alt=\"\u00c9tudes de march\u00e9 et strat\u00e9gie internationales SIS\" title=\"Strategy consulting (10)\" srcset=\"https:\/\/www.sisinternational.com\/wp-content\/uploads\/2025\/08\/Strategy-consulting-10.jpg 1456w, https:\/\/www.sisinternational.com\/wp-content\/uploads\/2025\/08\/Strategy-consulting-10-300x168.jpg 300w, https:\/\/www.sisinternational.com\/wp-content\/uploads\/2025\/08\/Strategy-consulting-10-1024x574.jpg 1024w, https:\/\/www.sisinternational.com\/wp-content\/uploads\/2025\/08\/Strategy-consulting-10-768x430.jpg 768w, https:\/\/www.sisinternational.com\/wp-content\/uploads\/2025\/08\/Strategy-consulting-10-18x10.jpg 18w\" sizes=\"auto, (max-width: 1456px) 100vw, 1456px\"><\/figure>\n\n\n\n<hr class=\"wp-block-separator has-alpha-channel-opacity is-style-dots\"\/>\n\n\n\n<h2 class=\"wp-block-heading\">Qu\u2019est-ce que la diff\u00e9renciation de marque ?<\/h2>\n\n\n\n<p>La diff\u00e9renciation de marque est la fa\u00e7on dont vous distinguez votre marque de vos concurrents. Pour ce faire, vous faites conna\u00eetre les meilleurs aspects de votre marque, en montrant comment ils seront utiles au consommateur. Cela peut concerner les caract\u00e9ristiques physiques de votre produit ou service. Ou encore, il peut s&#039;agir des \u00e9motions qu&#039;il suscite chez vos consommateurs, des aspects de son emballage ou de son prix. Cela peut \u00e9galement \u00eatre li\u00e9 \u00e0 l\u2019histoire de votre marque et \u00e0 ce que ressentent vos clients lorsqu\u2019ils l\u2019utilisent.<\/p>\n\n\n\n<h2 class=\"wp-block-heading\">Pourquoi la diff\u00e9renciation des marques est-elle importante ?<\/h2>\n\n\n\n<p><a title=\"Shockvertising et marketing de choc\" href=\"https:\/\/www.sisinternational.com\/fr\/publicite-choc-et-marketing-choc\/\" data-wpil-monitor-id=\"1975\">Diff\u00e9renciation de marque<\/a> is a vital aspect of any marketing strategy. It allows firms to reveal profit-making features. These are the features that help them put in place a unique selling proposition. Thus, they see the attributes that make them stand out. If you offer your customers something special, it will help you build an army of loyal clients. Also, these people will love your brand for the great UX you provide.<\/p>\n\n\n\n<h2 class=\"wp-block-heading\">Titre cl\u00e9 du poste \u2013 Strat\u00e8ge de marque<\/h2>\n\n\n\n<p>Les strat\u00e8ges de marque conseillent les entreprises qui cherchent \u00e0 d\u00e9velopper leurs marques. Ils recueillent les commentaires des ventes. Ils analysent \u00e9galement les actions des consommateurs pour d\u00e9finir la position de l&#039;entreprise. Une autre chose qu\u2019ils font est de concevoir une strat\u00e9gie de diff\u00e9renciation de marque. Ils aident \u00e9galement \u00e0 orienter l\u2019analyse des \u00e9tudes de march\u00e9. Ils donnent le ton d&#039;une entreprise afin que tout corresponde aux plans de campagne.<\/p>\n\n\n\n<h2 class=\"wp-block-heading\">Pourquoi les entreprises ont besoin de diff\u00e9renciation de marque<\/h2>\n\n\n\n<p>High-growth firms are almost three times more likely to have something that sets them apart. <a title=\"Marketing et publicit\u00e9 \u00e0 l&#039;\u00e8re num\u00e9rique\" href=\"https:\/\/www.sisinternational.com\/fr\/marche-de-la-publicite-numerique\/\" data-wpil-monitor-id=\"7407\">Diff\u00e9renciation de la marque<\/a> allows firms to target their marketing efforts further. They can direct these efforts to their most relevant markets. Furthermore, it sets firms apart from their rivals. If you don\u2019t have something that sets you apart, the only option is to compete on price \u2013 and that\u2019s a race to the bottom.<\/p>\n\n\n\n<h2 class=\"wp-block-heading\">Facteurs cl\u00e9s de succ\u00e8s<\/h2>\n\n\n\n<p>Voici cinq strat\u00e9gies \u00e0 consid\u00e9rer pour favoriser la diff\u00e9renciation de la marque\u00a0:<\/p>\n\n\n\n<ol class=\"wp-block-list\">\n<li>R\u00e9ponse \u00e9motionnelle. Les marques doivent d\u00e9velopper une connexion avec leurs clients. Ces marques sont souvent mieux positionn\u00e9es que celles qui offrent un excellent rapport qualit\u00e9-prix.<\/li>\n\n\n\n<li>Faire bouger les choses. Cette strat\u00e9gie r\u00e9pond \u00e0 un besoin non satisfait d\u2019une mani\u00e8re unique et novatrice.<\/li>\n\n\n\n<li>Comment vous pr\u00e9sentez votre marque. Les consommateurs se souviennent des marques qui utilisent un personnage ou une mascotte. Par exemple, tout le monde conna\u00eet le l\u00e9zard de Geico.<\/li>\n\n\n\n<li>Exp\u00e9rience unique. Les entreprises peuvent manifester cette exp\u00e9rience de plusieurs mani\u00e8res. Ils peuvent mettre en valeur la pr\u00e9sence physique de la marque au d\u00e9tail et l&#039;atmosph\u00e8re nouvelle qu&#039;elle cr\u00e9e. Ou bien ils peuvent souligner le service client exceptionnel ou la facilit\u00e9 d\u2019utilisation de leur site Web. Il peut m\u00eame s&#039;agir de ce que ressentent les gens lorsqu&#039;ils utilisent votre produit (par exemple, la campagne \u00ab Can&#039;t Beat the Feeling \u00bb de Coke).<\/li>\n\n\n\n<li>Prix. Une entreprise peut s\u2019efforcer d\u2019\u00eatre un leader en mati\u00e8re de prix bas. Ou, \u00e0 l\u2019autre extr\u00e9mit\u00e9 du spectre, elle peut se positionner comme une marque premium \u00e0 un prix \u00e9lev\u00e9.<\/li>\n<\/ol>\n\n\n\n<h2 class=\"wp-block-heading\">\u00c0 propos de l\u2019\u00e9tude de march\u00e9 sur la diff\u00e9renciation des marques<\/h2>\n\n\n\n<p><a title=\"Etude de march\u00e9 pour les marques vieillissantes\" href=\"https:\/\/www.sisinternational.com\/fr\/competence\/les-industries\/etude-de-marche-pour-les-marques-vieillissantes\/\" data-wpil-monitor-id=\"3721\">\u00c9tude de march\u00e9 sur la diff\u00e9renciation des marques<\/a> can involve using Focus Groups. In-depth Interviews with your customers to explore their decision-making process is another tool. The researchers may then need to back up this Qualitative Market Research. So they\u2019ll do Quantitative Market Research. They\u2019ll measure the clients\u2019 brand awareness and image compared to their rivals.<\/p>\n\n\n\n<p>L\u2019\u00e9tude de march\u00e9 UX est \u00e9galement essentielle. Vous ne pouvez pas travailler dans une bulle dans le march\u00e9 actuel, en \u00e9volution rapide et ax\u00e9 sur la technologie. Au lieu de cela, il serait pr\u00e9f\u00e9rable que vous affrontiez vos rivaux de front. Vous devrez d\u00e9velopper des fonctionnalit\u00e9s plus fines et fournir une meilleure UX qu\u2019eux.<\/p>\n\n\n\n<p>Un autre aspect crucial de la recherche est l\u2019analyse concurrentielle. Cet outil vous aidera \u00e0 d\u00e9couvrir les \u00e9carts entre les autres produits et les besoins de votre base cible commune.<\/p>\n\n\n\n<p>The best advantage <a title=\"\u00c9tude de march\u00e9 de marque\" href=\"https:\/\/www.sisinternational.com\/fr\/competence\/les-industries\/etude-de-marche-de-marque\/\" data-wpil-monitor-id=\"6744\">\u00c9tude de march\u00e9 sur la diff\u00e9renciation des marques<\/a> offers is price perception. If your brand uses this service, it can desensitize its customers to higher prices. You\u2019re no longer fighting against competitors on price. Best of all, consumers feel justified in paying more for your product or service.<\/p>\n\n\n\n<p><\/p>","protected":false},"excerpt":{"rendered":"<p>Le meilleur avantage offert par les \u00e9tudes de march\u00e9 sur la diff\u00e9renciation des marques est la perception des prix. Les marques peuvent d\u00e9sensibiliser leurs clients \u00e0 des prix plus \u00e9lev\u00e9s.<\/p>","protected":false},"author":1,"featured_media":62536,"parent":14650,"menu_order":18,"comment_status":"closed","ping_status":"closed","template":"","meta":{"footnotes":""},"class_list":["post-41214","page","type-page","status-publish","has-post-thumbnail"],"_links":{"self":[{"href":"https:\/\/www.sisinternational.com\/fr\/wp-json\/wp\/v2\/pages\/41214","targetHints":{"allow":["GET"]}}],"collection":[{"href":"https:\/\/www.sisinternational.com\/fr\/wp-json\/wp\/v2\/pages"}],"about":[{"href":"https:\/\/www.sisinternational.com\/fr\/wp-json\/wp\/v2\/types\/page"}],"author":[{"embeddable":true,"href":"https:\/\/www.sisinternational.com\/fr\/wp-json\/wp\/v2\/users\/1"}],"replies":[{"embeddable":true,"href":"https:\/\/www.sisinternational.com\/fr\/wp-json\/wp\/v2\/comments?post=41214"}],"version-history":[{"count":6,"href":"https:\/\/www.sisinternational.com\/fr\/wp-json\/wp\/v2\/pages\/41214\/revisions"}],"predecessor-version":[{"id":84496,"href":"https:\/\/www.sisinternational.com\/fr\/wp-json\/wp\/v2\/pages\/41214\/revisions\/84496"}],"up":[{"embeddable":true,"href":"https:\/\/www.sisinternational.com\/fr\/wp-json\/wp\/v2\/pages\/14650"}],"wp:featuredmedia":[{"embeddable":true,"href":"https:\/\/www.sisinternational.com\/fr\/wp-json\/wp\/v2\/media\/62536"}],"wp:attachment":[{"href":"https:\/\/www.sisinternational.com\/fr\/wp-json\/wp\/v2\/media?parent=41214"}],"curies":[{"name":"wp","href":"https:\/\/api.w.org\/{rel}","templated":true}]}}