{"id":41137,"date":"2022-12-22T20:32:20","date_gmt":"2022-12-22T20:32:20","guid":{"rendered":"https:\/\/www.sisinternational.com\/?page_id=41137"},"modified":"2025-10-01T22:23:12","modified_gmt":"2025-10-02T02:23:12","slug":"etude-de-marche-a-saint-martin-2","status":"publish","type":"page","link":"https:\/\/www.sisinternational.com\/fr\/couverture\/etude-de-marche-dans-les-caraibes\/etude-de-marche-a-saint-martin-2\/","title":{"rendered":"Etude de march\u00e9 \u00e0 Saint-Martin"},"content":{"rendered":"<h1 class=\"wp-block-heading\">Etude de march\u00e9 \u00e0 Saint-Martin<\/h1>\n\n\n\n<figure class=\"gb-block-image gb-block-image-8e1e6f83\"><img loading=\"lazy\" decoding=\"async\" width=\"1456\" height=\"816\" class=\"gb-image gb-image-8e1e6f83\" src=\"https:\/\/www.sisinternational.com\/wp-content\/uploads\/2025\/09\/Sint-Maarten-1.jpg\" alt=\"\u00c9tudes de march\u00e9 et strat\u00e9gie internationales SIS\" title=\"Sint Maarten (1)\" srcset=\"https:\/\/www.sisinternational.com\/wp-content\/uploads\/2025\/09\/Sint-Maarten-1.jpg 1456w, https:\/\/www.sisinternational.com\/wp-content\/uploads\/2025\/09\/Sint-Maarten-1-300x168.jpg 300w, https:\/\/www.sisinternational.com\/wp-content\/uploads\/2025\/09\/Sint-Maarten-1-1024x574.jpg 1024w, https:\/\/www.sisinternational.com\/wp-content\/uploads\/2025\/09\/Sint-Maarten-1-768x430.jpg 768w, https:\/\/www.sisinternational.com\/wp-content\/uploads\/2025\/09\/Sint-Maarten-1-18x10.jpg 18w\" sizes=\"auto, (max-width: 1456px) 100vw, 1456px\"><\/figure>\n\n\n\n<p><\/p>\n\n\n\n<hr class=\"wp-block-separator has-alpha-channel-opacity is-style-dots\"\/>\n\n\n\n<p>Sint Maarten fait partie du Royaume des Pays-Bas. Elle occupe le tiers sud de l&#039;\u00eele divis\u00e9e de Saint-Martin \u2013 les deux tiers nord sont fran\u00e7ais. La capitale de Saint-Martin est Philipsburg et son chef d&#039;\u00c9tat est le roi (ou la reine) des Pays-Bas, repr\u00e9sent\u00e9 par un gouverneur. Son syst\u00e8me de gouvernement ressemble beaucoup \u00e0 celui du Royaume-Uni, avec le Premier ministre comme chef du gouvernement. Sint Maarten est vallonn\u00e9, avec des pentes menant aux marais salants, aux lagons c\u00f4tiers et aux fl\u00e8ches de sable.<\/p>\n\n\n\n<h2 class=\"wp-block-heading\">Quartiers<\/h2>\n\n\n\n<h3 class=\"wp-block-heading\">Philipsbourg<\/h3>\n\n\n\n<p>La capitale n\u00e9erlandaise poss\u00e8de de nombreux monuments. Il propose \u00e9galement d&#039;innombrables possibilit\u00e9s de shopping, des boutiques de v\u00eatements aux bijouteries.<\/p>\n\n\n\n<h3 class=\"wp-block-heading\">Baie Simpson<\/h3>\n\n\n\n<p>Simpson Bay est situ\u00e9e le long du lagon de Sint Maarten. C&#039;est l&#039;une des villes les plus connues de Sint Maarten. De plus, cette zone est au c\u0153ur de la sc\u00e8ne touristique de Sint Maarten, avec d&#039;innombrables discoth\u00e8ques, restaurants, bars et marinas de classe mondiale.<\/p>\n\n\n\n<h3 class=\"wp-block-heading\">Quartier hollandais<\/h3>\n\n\n\n<p>C&#039;est l&#039;un des plus grands quartiers suburbains de Sint Maarten. L&#039;une des plus anciennes maisons de plantation de l&#039;\u00eele se trouve dans le quartier hollandais.<\/p>\n\n\n\n<h2 class=\"wp-block-heading\">Industries cl\u00e9s<\/h2>\n\n\n\n<p>Sint Maarten a une \u00e9conomie bas\u00e9e sur le tourisme. Les h\u00f4tels, restaurants et autres secteurs li\u00e9s au tourisme repr\u00e9sentent pr\u00e8s de la moiti\u00e9 du PIB. Le travail ind\u00e9pendant et le commerce \u00e9lectronique deviennent la norme, c&#039;est pourquoi Saint-Martin progresse \u00e9galement dans le secteur informatique. L&#039;immobilier est un autre secteur cl\u00e9, tout comme la communication, le transport et le stockage.<\/p>\n\n\n\n<h2 class=\"wp-block-heading\">Les tendances<\/h2>\n\n\n\n<p>L&#039;\u00e9conomie de Saint-Martin s&#039;est effondr\u00e9e apr\u00e8s les ouragans Irma puis Maria en 2017. La pand\u00e9mie a frapp\u00e9 deux ans plus tard, faisant encore plus de ravages. Pourtant, les experts s\u2019attendent \u00e0 ce que l\u2019\u00e9conomie rebondisse bient\u00f4t. Les touristes ont commenc\u00e9 \u00e0 revenir en grand nombre et le tourisme de croisi\u00e8re est en hausse. Du c\u00f4t\u00e9 n\u00e9gatif, le monde est aux prises avec une grave inflation, et Sint Maarten ne fait pas exception. Le pays est \u00e0 la merci des chocs p\u00e9troliers. Il importe \u00e9galement de l\u2019inflation des \u00c9tats-Unis via le taux de change fixe et le canal commercial.<\/p>\n\n\n\n<h2 class=\"wp-block-heading\">Avantages et atouts sur le march\u00e9<\/h2>\n\n\n\n<p>Sint Maarten est un paradis immobilier. M\u00eame les Fran\u00e7ais ach\u00e8tent davantage du c\u00f4t\u00e9 n\u00e9erlandais. De plus, les lois sont plus favorables et il n&#039;y a pas d&#039;imp\u00f4t sur les plus-values. Il n&#039;y a pas non plus de taxe fonci\u00e8re. Il est facile d&#039;obtenir des permis et des restrictions de zonage. Qu&#039;y a-t-il d&#039;autre de formidable \u00e0 propos de Saint-Martin\u00a0? Cela donne aux investisseurs un traitement de tapis rouge. Il est facile pour les investisseurs de se qualifier pour le statut de r\u00e9sident permanent apr\u00e8s cinq ans. Mais d\u2019abord, ils doivent investir $500 000 ou plus. Ils peuvent obtenir la nationalit\u00e9 n\u00e9erlandaise cinq ans plus tard.<\/p>\n\n\n\n<h2 class=\"wp-block-heading\">Base de consommateurs<\/h2>\n\n\n\n<p>La population de Sint Maarten est r\u00e9partie \u00e0 parts \u00e9gales entre hommes et femmes. La plupart des gens vivent dans les centres urbains. Les deux tiers ont acc\u00e8s \u00e0 Internet et 80 % sont des utilisateurs des r\u00e9seaux sociaux, principalement Facebook, mais Instagram, LinkedIn et Twitter sont \u00e9galement populaires. Les connexions mobiles d\u00e9passent les 100 pour cent et presque tout le monde a acc\u00e8s \u00e0 l\u2019\u00e9lectricit\u00e9. Une grande partie de la client\u00e8le d\u00e9pend de l\u2019argent envoy\u00e9 par les \u00e9migrants.<\/p>\n\n\n\n<h2 class=\"wp-block-heading\">Raisons de d\u00e9velopper votre entreprise sur le march\u00e9 de Sint Maarten<\/h2>\n\n\n\n<p>Sint Maarten jouit d\u2019une \u00e9conomie florissante et robuste. Son revenu par habitant est le plus \u00e9lev\u00e9 des Cara\u00efbes n\u00e9erlandaises. De plus, l&#039;\u00e9conomie est en croissance et c&#039;est le bon moment pour investir. L&#039;\u00eele s&#039;appuie sur des id\u00e9es nouvelles et les soutient. Les entreprises peuvent \u00e9galement profiter du syst\u00e8me de communication, des finances et d&#039;autres services de premier ordre du pays. La plupart de vos revenus seront en euros et en dollars am\u00e9ricains, et les importations et exportations sont en franchise de droits.<\/p>\n\n\n\n<h2 class=\"wp-block-heading\">\u00c0 propos des \u00e9tudes de march\u00e9 \u00e0 Saint-Martin<\/h2>\n\n\n\n<p>You may have the best idea for a <a href=\"https:\/\/www.sisinternational.com\/fr\/solutions\/test-de-gout\/services-de-test-de-produits-a-new-york\/\" title=\"Services de test de produits \u00e0 New York\"  data-wpil-monitor-id=\"8999\">product or service<\/a>, but will people want it? You need to <a href=\"https:\/\/www.sisinternational.com\/fr\/how-to-conduct-effective-quantitative-market-research\/\" title=\"How to Conduct Effective Quantitative Market Research\"  data-wpil-monitor-id=\"8998\">conduct some market research<\/a> to find out. <a href=\"https:\/\/www.sisinternational.com\/fr\/paque-de-paques-et-linevitable-lapin-en-chocolat\/\" title=\"\u00c9tude de march\u00e9 de P\u00e2ques\"  data-wpil-monitor-id=\"8996\">SIS International has offered market research<\/a> services for several years. We do Competitive Analysis, Go-to-Market Strategy, Qualitative and <a href=\"https:\/\/www.sisinternational.com\/fr\/top-5-benefits-of-conducting-quantitative-market-research\/\" title=\"Top 5 Benefits of Conducting Quantitative Market Research\"  data-wpil-monitor-id=\"8997\">\u00c9tude de march\u00e9 quantitative<\/a>, consumer surveys, Focus Groups, and Interviews. We look at existing products and ones that are in development. Get your data on Sint Maarten and other locales today!<\/p>\n\n\n\n<p><\/p>","protected":false},"excerpt":{"rendered":"<p>Sint Maarten a une \u00e9conomie solide bas\u00e9e sur le tourisme. SIS International propose des services d&#039;\u00e9tudes de march\u00e9 depuis plusieurs ann\u00e9es.<\/p>","protected":false},"author":1,"featured_media":66355,"parent":33287,"menu_order":18,"comment_status":"closed","ping_status":"closed","template":"","meta":{"footnotes":""},"class_list":["post-41137","page","type-page","status-publish","has-post-thumbnail"],"_links":{"self":[{"href":"https:\/\/www.sisinternational.com\/fr\/wp-json\/wp\/v2\/pages\/41137","targetHints":{"allow":["GET"]}}],"collection":[{"href":"https:\/\/www.sisinternational.com\/fr\/wp-json\/wp\/v2\/pages"}],"about":[{"href":"https:\/\/www.sisinternational.com\/fr\/wp-json\/wp\/v2\/types\/page"}],"author":[{"embeddable":true,"href":"https:\/\/www.sisinternational.com\/fr\/wp-json\/wp\/v2\/users\/1"}],"replies":[{"embeddable":true,"href":"https:\/\/www.sisinternational.com\/fr\/wp-json\/wp\/v2\/comments?post=41137"}],"version-history":[{"count":3,"href":"https:\/\/www.sisinternational.com\/fr\/wp-json\/wp\/v2\/pages\/41137\/revisions"}],"predecessor-version":[{"id":81507,"href":"https:\/\/www.sisinternational.com\/fr\/wp-json\/wp\/v2\/pages\/41137\/revisions\/81507"}],"up":[{"embeddable":true,"href":"https:\/\/www.sisinternational.com\/fr\/wp-json\/wp\/v2\/pages\/33287"}],"wp:featuredmedia":[{"embeddable":true,"href":"https:\/\/www.sisinternational.com\/fr\/wp-json\/wp\/v2\/media\/66355"}],"wp:attachment":[{"href":"https:\/\/www.sisinternational.com\/fr\/wp-json\/wp\/v2\/media?parent=41137"}],"curies":[{"name":"wp","href":"https:\/\/api.w.org\/{rel}","templated":true}]}}