{"id":41133,"date":"2022-12-22T19:38:52","date_gmt":"2022-12-22T19:38:52","guid":{"rendered":"https:\/\/www.sisinternational.com\/?page_id=41133"},"modified":"2026-01-24T21:28:54","modified_gmt":"2026-01-25T02:28:54","slug":"etude-de-marche-a-sainte-lucie","status":"publish","type":"page","link":"https:\/\/www.sisinternational.com\/fr\/couverture\/etude-de-marche-dans-les-caraibes\/etude-de-marche-a-sainte-lucie\/","title":{"rendered":"Etude de march\u00e9 \u00e0 Sainte-Lucie"},"content":{"rendered":"<h1 class=\"wp-block-heading\">Etude de march\u00e9 \u00e0 Sainte-Lucie<\/h1>\n\n\n\n<figure class=\"gb-block-image gb-block-image-b93d64fd\"><img loading=\"lazy\" decoding=\"async\" width=\"1456\" height=\"816\" class=\"gb-image gb-image-b93d64fd\" src=\"https:\/\/www.sisinternational.com\/wp-content\/uploads\/2025\/09\/Saint-Lucia-3.jpg\" alt=\"\u00c9tudes de march\u00e9 et strat\u00e9gie internationales SIS\" title=\"Saint Lucia (3)\" srcset=\"https:\/\/www.sisinternational.com\/wp-content\/uploads\/2025\/09\/Saint-Lucia-3.jpg 1456w, https:\/\/www.sisinternational.com\/wp-content\/uploads\/2025\/09\/Saint-Lucia-3-300x168.jpg 300w, https:\/\/www.sisinternational.com\/wp-content\/uploads\/2025\/09\/Saint-Lucia-3-1024x574.jpg 1024w, https:\/\/www.sisinternational.com\/wp-content\/uploads\/2025\/09\/Saint-Lucia-3-768x430.jpg 768w, https:\/\/www.sisinternational.com\/wp-content\/uploads\/2025\/09\/Saint-Lucia-3-18x10.jpg 18w\" sizes=\"auto, (max-width: 1456px) 100vw, 1456px\"><\/figure>\n\n\n\n<p><\/p>\n\n\n\n<hr class=\"wp-block-separator has-alpha-channel-opacity is-style-dots\"\/>\n\n\n\n<p>Sainte-Lucie est un \u00c9tat des Cara\u00efbes orientales situ\u00e9 dans les \u00eeles du Vent, au nord-ouest de la Barbade et au nord\/nord-est de Saint-Vincent. Il couvre une superficie de 238 miles carr\u00e9s et abrite environ 180 000 personnes. C&#039;est l&#039;un des deux seuls \u00c9tats souverains portant le nom d&#039;une femme (l&#039;autre \u00e9tant l&#039;Irlande).<\/p>\n\n\n\n<h2 class=\"wp-block-heading\">Industries cl\u00e9s<\/h2>\n\n\n\n<p>Saint Lucia has shifted from being a single-crop economy. The island\u2019s most crucial <a href=\"https:\/\/www.sisinternational.com\/fr\/solutions\/ai-etudes-de-marche-et-conseil-en-strategie\/adoption-de-lia-voyage-hotellerie-conseil-en-industrie-du-tourisme\/\" title=\"Adoption de l&#039;IA dans le conseil dans l&#039;industrie du voyage, de l&#039;h\u00f4tellerie et du tourisme\"  data-wpil-monitor-id=\"9234\">industry is now tourism<\/a>. That sector is also the primary source of income, jobs, and foreign exchange earnings. It accounts for two-thirds of the island\u2019s GDP. The biggest industry used to be banana exports. Although that has declined, farm workers comprise one-fifth of jobs. The island also exports mangoes and avocados. Saint Lucia also has a well-developed manufacturing industry, and the financial services sector is growing.<\/p>\n\n\n\n<h2 class=\"wp-block-heading\">Quartiers<\/h2>\n\n\n\n<h3 class=\"wp-block-heading\">Castries<\/h3>\n\n\n\n<p>Castries est le Capitole et le si\u00e8ge du gouvernement. Les si\u00e8ges sociaux de nombreuses entreprises locales et \u00e9trang\u00e8res se trouvent \u00e9galement \u00e0 Castries. L&#039;un des endroits \u00e0 visiter est la place Derek Walcott, au centre de la ville.<\/p>\n\n\n\n<h3 class=\"wp-block-heading\">Anse-la-Raye<\/h3>\n\n\n\n<p>C&#039;est un charmant village de p\u00eacheurs sur la c\u00f4te ouest. Le village est bien connu pour sa f\u00eate de rue des fruits de mer du vendredi soir.<\/p>\n\n\n\n<h3 class=\"wp-block-heading\">Vieux-Fort<\/h3>\n\n\n\n<p>La deuxi\u00e8me plus grande ville de Sainte-Lucie abrite un a\u00e9roport majeur. Les visiteurs trouveront le vieux centre-ville pr\u00e8s du port. Il poss\u00e8de une superbe \u00e9glise et de beaux b\u00e2timents historiques. L&#039;extr\u00e9mit\u00e9 nord est plus moderne et abrite le quartier commer\u00e7ant de la ville.<\/p>\n\n\n\n<h2 class=\"wp-block-heading\">Les tendances<\/h2>\n\n\n\n<p>Sainte-Lucie est d\u00e9sormais confront\u00e9e au d\u00e9fi de la guerre en Ukraine. L&#039;\u00eele d\u00e9pend des importations d&#039;\u00e9nergie et de nourriture. Le pays est encore en train de se remettre du r\u00e9cent ralentissement mondial, qui a affect\u00e9 son \u00e9conomie d\u00e9pendante du tourisme. Ces revers ont aggrav\u00e9 ses probl\u00e8mes dus \u00e0 une faible croissance. Sainte-Lucie est \u00e9galement sujette au changement climatique et aux catastrophes naturelles. Les besoins de financement et la dette publique \u00e9lev\u00e9e, qui a augment\u00e9 pendant la r\u00e9cession, sont d\u2019autres risques flagrants \u00e0 court terme.<\/p>\n\n\n\n<h2 class=\"wp-block-heading\">Avantages et atouts sur le march\u00e9<\/h2>\n\n\n\n<p>St. Lucia has many strengths that make it an ideal place to invest. The country performs well on global indicators. It has economic freedom, the government is effective, and starting a business is easy. Also, there are no restrictions on capital flows. The island\u2019s <a href=\"https:\/\/www.sisinternational.com\/fr\/solutions\/conseil-en-tourisme-de-voyage-et-en-hotellerie\/conseil-en-tourisme-culturel\/\" title=\"Conseil en tourisme culturel\"  data-wpil-monitor-id=\"9236\">cultural<\/a> heritage and natural beauty are key drivers of tourism. Another vital area is the financial services industry, which is ripe for expansion and real growth.<\/p>\n\n\n\n<h2 class=\"wp-block-heading\">Base de consommateurs<\/h2>\n\n\n\n<p>Environ 5 pour cent de la population de Sainte-Lucie vit en dessous du seuil de pauvret\u00e9. Du c\u00f4t\u00e9 positif, l\u2019acc\u00e8s \u00e0 l\u2019\u00e9lectricit\u00e9 est de pr\u00e8s de 100 pour cent. L&#039;acc\u00e8s \u00e0 Internet est d&#039;environ 63 pour cent. Les deux tiers de ces utilisateurs sont sur les r\u00e9seaux sociaux et la port\u00e9e publicitaire de Facebook atteint pr\u00e8s de 50 %. Seul un cinqui\u00e8me des Saint-Luciens vivent dans des centres urbains, et le reste vit dans des zones rurales.<\/p>\n\n\n\n<h2 class=\"wp-block-heading\">Raisons de d\u00e9velopper votre entreprise sur le march\u00e9 de Sainte-Lucie<\/h2>\n\n\n\n<p>Saint Lucia is ideal for servicing regional, global, and virtual markets. The country offers an attractive climate for foreign investment with its sound policies and prudent planning. It also has well-tailored concessions for large and small investment projects. The private sector has good access to <a href=\"https:\/\/www.sisinternational.com\/fr\/solutions\/recherche-de-conseil-en-strategie-fintech\/etude-de-marche-sur-les-cartes-de-credit\/\" title=\"\u00c9tude de march\u00e9 sur les cartes de cr\u00e9dit\"  data-wpil-monitor-id=\"9235\">credit in the local market<\/a>. Also, Saint Lucia has some of the highest literacy rates in the region.<\/p>\n\n\n\n<h2 class=\"wp-block-heading\">\u00c0 propos des \u00e9tudes de march\u00e9 \u00e0 Sainte-Lucie<\/h2>\n\n\n\n<p>SIS International is a leading market research company that offers Quantitative and Qualitative Market Research on trends in Saint Lucia. We conduct affordable, fast, and high-quality Strategy Market Research. We also do Competitive Analysis to provide insights to help you make critical data-driven decisions. Our Focus Groups, Surveys, and Interviews will further enhance your <a href=\"https:\/\/www.sisinternational.com\/fr\/competence\/les-industries\/etude-de-marche-sur-le-diesel\/\" title=\"\u00c9tude de march\u00e9 sur le diesel\"  data-wpil-monitor-id=\"3496\">Recherche d&#039;entr\u00e9e sur le march\u00e9<\/a>.<\/p>\n\n\n\n<p><\/p>","protected":false},"excerpt":{"rendered":"<p>Sainte-Lucie poss\u00e8de de nombreux atouts, ce qui en fait un endroit id\u00e9al pour investir. SIS International propose des \u00e9tudes de march\u00e9 de pointe sur les tendances \u00e0 Sainte-Lucie.<\/p>","protected":false},"author":1,"featured_media":66350,"parent":33287,"menu_order":17,"comment_status":"closed","ping_status":"closed","template":"","meta":{"footnotes":""},"class_list":["post-41133","page","type-page","status-publish","has-post-thumbnail"],"_links":{"self":[{"href":"https:\/\/www.sisinternational.com\/fr\/wp-json\/wp\/v2\/pages\/41133","targetHints":{"allow":["GET"]}}],"collection":[{"href":"https:\/\/www.sisinternational.com\/fr\/wp-json\/wp\/v2\/pages"}],"about":[{"href":"https:\/\/www.sisinternational.com\/fr\/wp-json\/wp\/v2\/types\/page"}],"author":[{"embeddable":true,"href":"https:\/\/www.sisinternational.com\/fr\/wp-json\/wp\/v2\/users\/1"}],"replies":[{"embeddable":true,"href":"https:\/\/www.sisinternational.com\/fr\/wp-json\/wp\/v2\/comments?post=41133"}],"version-history":[{"count":4,"href":"https:\/\/www.sisinternational.com\/fr\/wp-json\/wp\/v2\/pages\/41133\/revisions"}],"predecessor-version":[{"id":81544,"href":"https:\/\/www.sisinternational.com\/fr\/wp-json\/wp\/v2\/pages\/41133\/revisions\/81544"}],"up":[{"embeddable":true,"href":"https:\/\/www.sisinternational.com\/fr\/wp-json\/wp\/v2\/pages\/33287"}],"wp:featuredmedia":[{"embeddable":true,"href":"https:\/\/www.sisinternational.com\/fr\/wp-json\/wp\/v2\/media\/66350"}],"wp:attachment":[{"href":"https:\/\/www.sisinternational.com\/fr\/wp-json\/wp\/v2\/media?parent=41133"}],"curies":[{"name":"wp","href":"https:\/\/api.w.org\/{rel}","templated":true}]}}