{"id":41126,"date":"2022-12-22T19:21:50","date_gmt":"2022-12-22T19:21:50","guid":{"rendered":"https:\/\/www.sisinternational.com\/?page_id=41126"},"modified":"2026-01-24T21:28:56","modified_gmt":"2026-01-25T02:28:56","slug":"etude-de-marche-a-anguilla","status":"publish","type":"page","link":"https:\/\/www.sisinternational.com\/fr\/couverture\/etude-de-marche-dans-les-caraibes\/etude-de-marche-a-anguilla\/","title":{"rendered":"\u00c9tude de march\u00e9 \u00e0 Anguilla"},"content":{"rendered":"<h1 class=\"wp-block-heading\">\u00c9tude de march\u00e9 \u00e0 Anguilla<\/h1>\n\n\n\n<figure class=\"gb-block-image gb-block-image-b274facd\"><img loading=\"lazy\" decoding=\"async\" width=\"1456\" height=\"816\" class=\"gb-image gb-image-b274facd\" src=\"https:\/\/www.sisinternational.com\/wp-content\/uploads\/2025\/09\/Anguilla-3.jpg\" alt=\"\u00c9tudes de march\u00e9 et strat\u00e9gie internationales SIS\" title=\"Anguilla (3)\" srcset=\"https:\/\/www.sisinternational.com\/wp-content\/uploads\/2025\/09\/Anguilla-3.jpg 1456w, https:\/\/www.sisinternational.com\/wp-content\/uploads\/2025\/09\/Anguilla-3-300x168.jpg 300w, https:\/\/www.sisinternational.com\/wp-content\/uploads\/2025\/09\/Anguilla-3-1024x574.jpg 1024w, https:\/\/www.sisinternational.com\/wp-content\/uploads\/2025\/09\/Anguilla-3-768x430.jpg 768w, https:\/\/www.sisinternational.com\/wp-content\/uploads\/2025\/09\/Anguilla-3-18x10.jpg 18w\" sizes=\"auto, (max-width: 1456px) 100vw, 1456px\"><\/figure>\n\n\n\n<p><\/p>\n\n\n\n<p>Anguilla est un territoire britannique d&#039;outre-mer dans les Cara\u00efbes. Elle se situe \u00e0 l&#039;est des \u00celes Vierges et de Porto Rico et au nord de Saint-Martin. La superficie totale du territoire est de 35 milles carr\u00e9s. Cette \u00eele corallienne plate et basse poss\u00e8de peu de terres arables car son sol est mince et pauvre. La capitale d&#039;Anguilla est The Valley.<\/p>\n\n\n\n<h2 class=\"wp-block-heading\">Industries cl\u00e9s<\/h2>\n\n\n\n<p>Des eaux bleues claires et de magnifiques r\u00e9cifs coralliens entourent Anguilla. Il en va de m\u00eame pour 33 plages immacul\u00e9es bord\u00e9es de palmiers. Il n\u2019est donc pas \u00e9tonnant que le tourisme de luxe soit l\u2019un des piliers de l\u2019\u00e9conomie d\u2019Anguilla. Un autre pilier est celui des services financiers offshore, qu&#039;Anguilla propose \u00e0 une vaste client\u00e8le locale et mondiale. Le troisi\u00e8me pilier est la p\u00eache, qui sert d&#039;activit\u00e9 touristique et d&#039;industrie commerciale.<\/p>\n\n\n\n<h2 class=\"wp-block-heading\">Quartiers<\/h2>\n\n\n\n<h3 class=\"wp-block-heading\">Baie de Mead<\/h3>\n\n\n\n<p>Laying between Long Bay and West End Village, it is ideal for first-time visitors to the island. This prime location allows visitors to access several picturesque beaches. It\u2019s also close to the best <a href=\"https:\/\/www.sisinternational.com\/fr\/solutions\/conseil-en-tourisme-de-voyage-et-en-hotellerie\/conseil-en-marketing-pour-la-restauration-hoteliere\/\" title=\"Conseil en marketing h\u00f4telier et restaurant\"  data-wpil-monitor-id=\"9329\">hotels and restaurants<\/a>.<\/p>\n\n\n\n<h3 class=\"wp-block-heading\">Sol sablonneux<\/h3>\n\n\n\n<p>Pr\u00e8s du milieu de l&#039;\u00eele, parfait pour les voyageurs \u00e0 petit budget. Plusieurs r\u00e9sidences priv\u00e9es sont disponibles \u00e0 la location. Ainsi, les visiteurs peuvent profiter de l\u2019\u00eele sans se ruiner.<\/p>\n\n\n\n<h3 class=\"wp-block-heading\">Point de soufflage<\/h3>\n\n\n\n<p>Le meilleur endroit pour les familles. Il est proche de toutes les attractions de l&#039;\u00eele. Il se trouve \u00e9galement \u00e0 quelques minutes de l&#039;a\u00e9roport et du terminal des ferries.<\/p>\n\n\n\n<h2 class=\"wp-block-heading\">Les tendances<\/h2>\n\n\n\n<p>Anguilla se remet d\u2019une r\u00e9cente baisse des arriv\u00e9es de touristes en raison des confinements li\u00e9s \u00e0 la pand\u00e9mie. L\u2019\u00eele affiche n\u00e9anmoins de solides perspectives \u00e0 moyen terme. L&#039;un des facteurs \u00e0 l&#039;origine de cette hausse est le resurfa\u00e7age de la piste du seul a\u00e9roport de l&#039;\u00eele. Un autre facteur est la vente et la refonte de CuisinArt, un centre de vill\u00e9giature haut de gamme. L&#039;inflation a durement frapp\u00e9 Anguilla, notamment en ce qui concerne les prix des produits alimentaires. Les prix du carburant, des appareils \u00e9lectrom\u00e9nagers et des billets d\u2019avion ont \u00e9galement fortement augment\u00e9.<\/p>\n\n\n\n<h2 class=\"wp-block-heading\">Avantages et atouts sur le march\u00e9<\/h2>\n\n\n\n<p>People doing business in Anguilla can enjoy the island\u2019s political stability. It also has a favorable corporate tax regime with no income taxes. Direct, corporate, capital gains, and inheritance taxes are also non-existent. The working environment is very relaxed. It has a solid but flexible legal framework based on English Common Law. This framework provides favorable laws and policies for those wishing to do business.<\/p>\n\n\n\n<h2 class=\"wp-block-heading\">Base de consommateurs<\/h2>\n\n\n\n<p>Most of the residents of Anguilla are of African descent. It has a few Whites and people of mixed race. About a quarter of the people are ex-pats. They hail from the US, the UK, <a href=\"https:\/\/www.sisinternational.com\/fr\/couverture\/les-ameriques\/etude-de-marche-dans-les-caraibes\/etude-de-marche-a-saint-kitts-nevis\/\" title=\"\u00c9tude de march\u00e9 \u00e0 Saint-Kitts-et-Nevis\"  data-wpil-monitor-id=\"9327\">Saint-Kitts-et-Nevis<\/a>, Jamaica, the Dominican Republic, and also Nigeria. Many Indian, Chinese, and Mexican workers moved to the island in 2006-2007. They came to work in the tourism industry as the local population could not supply the labor needed.<\/p>\n\n\n\n<h2 class=\"wp-block-heading\">Raisons de d\u00e9velopper votre entreprise sur le march\u00e9 d&#039;Anguilla<\/h2>\n\n\n\n<p>Anguilla is one of the most attractive <a href=\"https:\/\/www.sisinternational.com\/fr\/solutions\/solutions-de-branding-et-de-recherche-client\/etude-de-marche-sur-les-tests-de-produits\/entreprise-de-test-de-localisation-centrale-de-premier-plan\/\" title=\"Meilleure entreprise de test de localisation centrale\"  data-wpil-monitor-id=\"9330\">locations to start a company<\/a>. It\u2019s easy for a <a href=\"https:\/\/www.sisinternational.com\/fr\/creer-une-entreprise-en-turquie\/\" title=\"Cr\u00e9er une entreprise en Turquie\"  data-wpil-monitor-id=\"9331\">business to set<\/a> up shop. One can incorporate an offshore company within minutes. It\u2019s straightforward if doing it online with the help of a sub-agent. The island offers investor privacy and trademark protection. Also, Anguilla does not enforce any currency controls. So investors can move their money freely and hold funds in any currency of their choice.<\/p>\n\n\n\n<h2 class=\"wp-block-heading\">\u00c0 propos des \u00e9tudes de march\u00e9 \u00e0 Anguilla<\/h2>\n\n\n\n<p>SIS International offers an in-depth guide to the <a href=\"https:\/\/www.sisinternational.com\/fr\/solutions\/conseil-en-strategie\/etudes-de-dimensionnement-de-faisabilite-dentree-sur-le-marche\/\" title=\"\u00c9tudes d\u2019entr\u00e9e sur le march\u00e9, de faisabilit\u00e9 et de dimensionnement\"  data-wpil-monitor-id=\"9326\">size and shape of the Anguilla market<\/a>. You get the best <a href=\"https:\/\/www.sisinternational.com\/fr\/competence\/les-industries\/etude-de-marche-sur-le-diesel\/\" title=\"\u00c9tude de march\u00e9 sur le diesel\"  data-wpil-monitor-id=\"3500\">Recherche sur la taille du march\u00e9<\/a>. Plus, we\u2019ll do a <a href=\"https:\/\/www.sisinternational.com\/fr\/solutions\/conseil-en-strategie\/formation-et-strategie-en-veille-concurrentielle\/\" title=\"Formation et strat\u00e9gie en veille concurrentielle\"  data-wpil-monitor-id=\"9332\">Comp\u00e9titif<\/a> Analysis to help you form your Go-to-Market Strategy. We also do Quantitative and <a href=\"https:\/\/www.sisinternational.com\/fr\/tools-and-resources-for-qualitative-market-research\/\" title=\"Tools and Resources for Qualitative Market Research\"  data-wpil-monitor-id=\"9325\">\u00c9tude de march\u00e9 qualitative<\/a>. Thus, we help you to find the sectors driving growth. Our tools include Interviews, Surveys, and Focus Groups. These give you <a href=\"https:\/\/www.sisinternational.com\/fr\/how-to-conduct-in-depth-interviews-for-market-insights\/\" title=\"Comment mener des entretiens approfondis pour obtenir des informations sur le march\u00e9\"  data-wpil-monitor-id=\"9328\">insights into the strength of the market<\/a> and how it will receive your products or services.<\/p>\n\n\n\n<p><\/p>","protected":false},"excerpt":{"rendered":"<p>Anguilla est l\u2019un des endroits les plus attractifs pour cr\u00e9er une entreprise. SIS International propose un guide d\u00e9taill\u00e9 des \u00e9tudes de march\u00e9.<\/p>","protected":false},"author":1,"featured_media":66204,"parent":33287,"menu_order":16,"comment_status":"closed","ping_status":"closed","template":"","meta":{"footnotes":""},"class_list":["post-41126","page","type-page","status-publish","has-post-thumbnail"],"_links":{"self":[{"href":"https:\/\/www.sisinternational.com\/fr\/wp-json\/wp\/v2\/pages\/41126","targetHints":{"allow":["GET"]}}],"collection":[{"href":"https:\/\/www.sisinternational.com\/fr\/wp-json\/wp\/v2\/pages"}],"about":[{"href":"https:\/\/www.sisinternational.com\/fr\/wp-json\/wp\/v2\/types\/page"}],"author":[{"embeddable":true,"href":"https:\/\/www.sisinternational.com\/fr\/wp-json\/wp\/v2\/users\/1"}],"replies":[{"embeddable":true,"href":"https:\/\/www.sisinternational.com\/fr\/wp-json\/wp\/v2\/comments?post=41126"}],"version-history":[{"count":4,"href":"https:\/\/www.sisinternational.com\/fr\/wp-json\/wp\/v2\/pages\/41126\/revisions"}],"predecessor-version":[{"id":81561,"href":"https:\/\/www.sisinternational.com\/fr\/wp-json\/wp\/v2\/pages\/41126\/revisions\/81561"}],"up":[{"embeddable":true,"href":"https:\/\/www.sisinternational.com\/fr\/wp-json\/wp\/v2\/pages\/33287"}],"wp:featuredmedia":[{"embeddable":true,"href":"https:\/\/www.sisinternational.com\/fr\/wp-json\/wp\/v2\/media\/66204"}],"wp:attachment":[{"href":"https:\/\/www.sisinternational.com\/fr\/wp-json\/wp\/v2\/media?parent=41126"}],"curies":[{"name":"wp","href":"https:\/\/api.w.org\/{rel}","templated":true}]}}