{"id":41094,"date":"2022-12-13T06:04:20","date_gmt":"2022-12-13T06:04:20","guid":{"rendered":"https:\/\/www.sisinternational.com\/?page_id=41094"},"modified":"2026-01-24T21:28:57","modified_gmt":"2026-01-25T02:28:57","slug":"etude-de-marche-iles-vierges-americaines","status":"publish","type":"page","link":"https:\/\/www.sisinternational.com\/fr\/couverture\/etude-de-marche-dans-les-caraibes\/etude-de-marche-iles-vierges-americaines\/","title":{"rendered":"Etude de march\u00e9 aux \u00celes Vierges am\u00e9ricaines"},"content":{"rendered":"<h1 class=\"wp-block-heading\">Etude de march\u00e9 aux \u00celes Vierges am\u00e9ricaines<\/h1>\n\n\n\n<p><\/p>\n\n\n\n<figure class=\"gb-block-image gb-block-image-995c3e9e\"><img loading=\"lazy\" decoding=\"async\" width=\"1456\" height=\"816\" class=\"gb-image gb-image-995c3e9e\" src=\"https:\/\/www.sisinternational.com\/wp-content\/uploads\/2025\/09\/US-Virgin-islands-2.jpg\" alt=\"\u00c9tudes de march\u00e9 et strat\u00e9gie internationales SIS\" title=\"US Virgin islands (2)\" srcset=\"https:\/\/www.sisinternational.com\/wp-content\/uploads\/2025\/09\/US-Virgin-islands-2.jpg 1456w, https:\/\/www.sisinternational.com\/wp-content\/uploads\/2025\/09\/US-Virgin-islands-2-300x168.jpg 300w, https:\/\/www.sisinternational.com\/wp-content\/uploads\/2025\/09\/US-Virgin-islands-2-1024x574.jpg 1024w, https:\/\/www.sisinternational.com\/wp-content\/uploads\/2025\/09\/US-Virgin-islands-2-768x430.jpg 768w, https:\/\/www.sisinternational.com\/wp-content\/uploads\/2025\/09\/US-Virgin-islands-2-18x10.jpg 18w\" sizes=\"auto, (max-width: 1456px) 100vw, 1456px\"><\/figure>\n\n\n\n<p><\/p>\n\n\n\n<hr class=\"wp-block-separator has-alpha-channel-opacity is-style-dots\"\/>\n\n\n\n<p>Les \u00eeles Vierges am\u00e9ricaines se trouvent \u00e0 proximit\u00e9 des Grandes Antilles, \u00e0 environ 40 milles \u00e0 l&#039;est de Porto Rico. Les \u00eeles se trouvent dans le nord-est de la mer des Cara\u00efbes. Les \u00eeles Vierges am\u00e9ricaines sont un territoire insulaire am\u00e9ricain organis\u00e9 et non constitu\u00e9 en soci\u00e9t\u00e9 qui fait partie du groupe des \u00eeles Vierges, qui comprend sa voisine, les \u00eeles Vierges britanniques. L&#039;USVI est compos\u00e9e de trois grandes \u00eeles \u2013 Saint-Thomas, Sainte-Croix et Saint-Jean \u2013 et d&#039;au moins 50 petites cayes et \u00eelots.<\/p>\n\n\n\n<h2 class=\"wp-block-heading\">Industries cl\u00e9s<\/h2>\n\n\n\n<ul class=\"wp-block-list\">\n<li>Services financiers<\/li>\n\n\n\n<li>Distillation du rhum<\/li>\n\n\n\n<li>Assemblage de montres<\/li>\n\n\n\n<li>M\u00e9dicaments<\/li>\n\n\n\n<li>Tourisme<\/li>\n\n\n\n<li>Technologie de l&#039;information<\/li>\n<\/ul>\n\n\n\n<h2 class=\"wp-block-heading\">Grandes villes<\/h2>\n\n\n\n<ul class=\"wp-block-list\">\n<li><strong>Charlotte Amalie, Saint-Thomas<\/strong> \u2013 Charlotte Amalie est la capitale des \u00eeles Vierges am\u00e9ricaines. C&#039;est aussi la plus grande ville de l&#039;\u00eele de Saint-Thomas. C&#039;est l\u00e0 que l&#039;on trouvera les meilleurs restaurants et magasins ainsi que tous les principaux centres de transport.<\/li>\n\n\n\n<li><strong>Christiansted, Sainte-Croix<\/strong> \u2013 Fond\u00e9e en 1734 \u00e0 Sainte-Croix, Christiansted est la plus grande ville de l&#039;\u00eele. Il pr\u00e9sente une architecture afro-danoise unique associ\u00e9e \u00e0 de nombreux b\u00e2timents historiques. Un autre point cl\u00e9 est que la plong\u00e9e sous-marine est un attrait majeur dans cette ville, et plusieurs tr\u00e8s bons sites de plong\u00e9e se trouvent au large de la c\u00f4te.<\/li>\n\n\n\n<li><strong>Cruz Bay, Saint-Jean<\/strong> \u2013 Des boutiques, des restaurants et des lieux de vie nocturne (y compris un casino) attendent les visiteurs de cette ville populaire. La plage de Cruz Bay se trouve \u00e0 proximit\u00e9. Des bars et des boutiques bordent cette partie anim\u00e9e du littoral. Cruz Bay est une station baln\u00e9aire touristique, elle propose donc une grande vari\u00e9t\u00e9 de voyagistes proposant plusieurs services diff\u00e9rents.<\/li>\n<\/ul>\n\n\n\n<h2 class=\"wp-block-heading\">Les tendances<\/h2>\n\n\n\n<p>Le commerce, le tourisme et d&#039;autres services sont les principaux secteurs. Ils repr\u00e9sentent plus de la moiti\u00e9 du PIB des \u00eeles Vierges. Ces secteurs fournissent \u00e9galement environ la moiti\u00e9 de l\u2019emploi civil total. Les \u00eeles accueillent chaque ann\u00e9e des millions de touristes, dont la plupart viennent de navires de croisi\u00e8re. Les \u00eeles importent la majeure partie de leur nourriture parce que le secteur agricole est petit. Le gouvernement et l\u2019industrie repr\u00e9sentent chacun environ un cinqui\u00e8me du PIB.<\/p>\n\n\n\n<h2 class=\"wp-block-heading\">Base de consommateurs<\/h2>\n\n\n\n<p>La plupart des insulaires vierges vivent \u00e0 Saint-Thomas et \u00e0 Sainte-Croix. Moins de cinq pour cent r\u00e9sident \u00e0 St. John. Les gens sont divers. Environ les trois quarts sont noirs, dix pour cent sont blancs et le reste rel\u00e8ve de la cat\u00e9gorie \u00ab Autres \u00bb. En fait, beaucoup sont des travailleurs migrants originaires de pays voisins. Ces \u00eeles sont vierges et offrent d\u2019excellentes conditions de vie. La beaut\u00e9 naturelle et la douceur du climat contribuent en outre \u00e0 garantir une superbe qualit\u00e9 de vie.<\/p>\n\n\n\n<h2 class=\"wp-block-heading\">Avantages et atouts sur le march\u00e9<\/h2>\n\n\n\n<ul class=\"wp-block-list\">\n<li>Les fabricants peuvent ajouter des \u00e9tiquettes \u00ab Made in USA \u00bb \u00e0 leurs produits.<\/li>\n\n\n\n<li>Les \u00eeles Vierges utilisent la monnaie am\u00e9ricaine et b\u00e9n\u00e9ficient de la protection des tribunaux am\u00e9ricains ainsi que de leur drapeau.<\/li>\n\n\n\n<li>Ces \u00eeles sont un paradis. Ils ont de belles plages, des vues \u00e0 360 degr\u00e9s et un produit touristique bien d\u00e9velopp\u00e9.<\/li>\n\n\n\n<li>Le gouvernement soutient les partenariats public-priv\u00e9. \u00c0 ce titre, elle a conclu plusieurs accords d\u2019investissement en capital avec des entreprises priv\u00e9es.<\/li>\n\n\n\n<li>Les \u00eeles disposent d\u2019une main-d\u2019\u0153uvre instruite, engag\u00e9e et stable.<\/li>\n<\/ul>\n\n\n\n<h2 class=\"wp-block-heading\">Reasons to Grow Your Business in the US Virgin Islands Market<\/h2>\n\n\n\n<p>The US Virgin Islands offers the Economic Development Commission or EDC program, a unique tax incentive for qualified companies moving to their shores. It reduces personal and corporate income taxes by 90 percent. It also exempts such <a href=\"https:\/\/www.sisinternational.com\/fr\/services-de-publicite-multiculturelle-pour-une-societe-holding-emiratie-et-un-conglomerat-daffaires\/\" title=\"Services de publicit\u00e9 multiculturelle pour une soci\u00e9t\u00e9 holding \u00e9miratie et un conglom\u00e9rat commercial\"  data-wpil-monitor-id=\"9245\">companies from business<\/a> property tax. Also, goods produced in these islands may gain quota-free, duty-free entry into the US.<\/p>\n\n\n\n<h2 class=\"wp-block-heading\">About Market Research in the US Virgin Islands<\/h2>\n\n\n\n<p>SIS offers accurate and speedy market research with expert moderators and a huge, diverse database of study candidates. We also ensure quality results and peace of mind by providing Qualitative and Quantitative Market Research, Surveys, Interviews, Focus Groups, UX and Strategy Market Research, and Competitive Analysis. SIS also does Market Entry, Market Opportunity, and <a href=\"https:\/\/www.sisinternational.com\/fr\/competence\/les-industries\/etude-de-marche-sur-le-diesel\/\" title=\"\u00c9tude de march\u00e9 sur le diesel\"  data-wpil-monitor-id=\"3503\">Recherche sur la taille du march\u00e9<\/a>.<\/p>\n\n\n\n<p><\/p>","protected":false},"excerpt":{"rendered":"<p>SIS propose des \u00e9tudes de march\u00e9 pr\u00e9cises et rapides avec des mod\u00e9rateurs experts et une vaste base de donn\u00e9es diversifi\u00e9e de candidats aux \u00e9tudes.<\/p>","protected":false},"author":1,"featured_media":66378,"parent":33287,"menu_order":15,"comment_status":"closed","ping_status":"closed","template":"","meta":{"footnotes":""},"class_list":["post-41094","page","type-page","status-publish","has-post-thumbnail"],"_links":{"self":[{"href":"https:\/\/www.sisinternational.com\/fr\/wp-json\/wp\/v2\/pages\/41094","targetHints":{"allow":["GET"]}}],"collection":[{"href":"https:\/\/www.sisinternational.com\/fr\/wp-json\/wp\/v2\/pages"}],"about":[{"href":"https:\/\/www.sisinternational.com\/fr\/wp-json\/wp\/v2\/types\/page"}],"author":[{"embeddable":true,"href":"https:\/\/www.sisinternational.com\/fr\/wp-json\/wp\/v2\/users\/1"}],"replies":[{"embeddable":true,"href":"https:\/\/www.sisinternational.com\/fr\/wp-json\/wp\/v2\/comments?post=41094"}],"version-history":[{"count":4,"href":"https:\/\/www.sisinternational.com\/fr\/wp-json\/wp\/v2\/pages\/41094\/revisions"}],"predecessor-version":[{"id":81545,"href":"https:\/\/www.sisinternational.com\/fr\/wp-json\/wp\/v2\/pages\/41094\/revisions\/81545"}],"up":[{"embeddable":true,"href":"https:\/\/www.sisinternational.com\/fr\/wp-json\/wp\/v2\/pages\/33287"}],"wp:featuredmedia":[{"embeddable":true,"href":"https:\/\/www.sisinternational.com\/fr\/wp-json\/wp\/v2\/media\/66378"}],"wp:attachment":[{"href":"https:\/\/www.sisinternational.com\/fr\/wp-json\/wp\/v2\/media?parent=41094"}],"curies":[{"name":"wp","href":"https:\/\/api.w.org\/{rel}","templated":true}]}}