{"id":41092,"date":"2022-12-13T05:56:28","date_gmt":"2022-12-13T05:56:28","guid":{"rendered":"https:\/\/www.sisinternational.com\/?page_id=41092"},"modified":"2026-01-24T21:28:58","modified_gmt":"2026-01-25T02:28:58","slug":"etude-de-marche-caraibes-neerlandaises","status":"publish","type":"page","link":"https:\/\/www.sisinternational.com\/fr\/couverture\/etude-de-marche-dans-les-caraibes\/etude-de-marche-caraibes-neerlandaises\/","title":{"rendered":"\u00c9tude de march\u00e9 dans les Cara\u00efbes n\u00e9erlandaises"},"content":{"rendered":"<h1 class=\"wp-block-heading\">\u00c9tude de march\u00e9 dans les Cara\u00efbes n\u00e9erlandaises<\/h1>\n\n\n\n<figure class=\"gb-block-image gb-block-image-04965494\"><img loading=\"lazy\" decoding=\"async\" width=\"1456\" height=\"816\" class=\"gb-image gb-image-04965494\" src=\"https:\/\/www.sisinternational.com\/wp-content\/uploads\/2025\/09\/Dutch-Caribbean-3.jpg\" alt=\"\u00c9tudes de march\u00e9 et strat\u00e9gie internationales SIS\" title=\"Dutch Caribbean (3)\" srcset=\"https:\/\/www.sisinternational.com\/wp-content\/uploads\/2025\/09\/Dutch-Caribbean-3.jpg 1456w, https:\/\/www.sisinternational.com\/wp-content\/uploads\/2025\/09\/Dutch-Caribbean-3-300x168.jpg 300w, https:\/\/www.sisinternational.com\/wp-content\/uploads\/2025\/09\/Dutch-Caribbean-3-1024x574.jpg 1024w, https:\/\/www.sisinternational.com\/wp-content\/uploads\/2025\/09\/Dutch-Caribbean-3-768x430.jpg 768w, https:\/\/www.sisinternational.com\/wp-content\/uploads\/2025\/09\/Dutch-Caribbean-3-18x10.jpg 18w\" sizes=\"auto, (max-width: 1456px) 100vw, 1456px\"><\/figure>\n\n\n\n<hr class=\"wp-block-separator has-alpha-channel-opacity is-style-dots\"\/>\n\n\n\n<p>Les \u00eeles des Cara\u00efbes n\u00e9erlandaises font partie de la cha\u00eene des Petites Antilles. Trois des \u00eeles se trouvent au nord, pr\u00e8s des \u00eeles Vierges. Ces trois pays sont Saba, Saint-Eustache et Saint-Martin.<\/p>\n\n\n\n<p>Les \u00eeles du sud, connues sous le nom de \u00ab \u00eeles ABC \u00bb, sont Aruba, Bonaire et Cura\u00e7ao. Il y a aussi Klein Bonaire (Petit Bonaire) et Klein Curacao (Petit Cura\u00e7ao).<\/p>\n\n\n\n<p>Ces \u00eeles \u00e9taient autrefois connues sous le nom d&#039;Antilles n\u00e9erlandaises. En 2010, les Antilles n\u00e9erlandaises ont mis fin \u00e0 leur statut de pays. En fait, Aruba, Cura\u00e7ao et Sint Maarten forment d\u00e9sormais un groupe unique. Ils sont devenus des pays constitutifs du Royaume des Pays-Bas. Les autres \u00eeles, Bonaire, Saint-Eustache et Saba, devinrent des municipalit\u00e9s sp\u00e9ciales des Pays-Bas.<\/p>\n\n\n\n<h2 class=\"wp-block-heading\">Industries cl\u00e9s<\/h2>\n\n\n\n<p>L\u2019\u00e9conomie d\u00e9pend de deux raffineries de p\u00e9trole colossales \u00e0 Aruba et Cura\u00e7ao. Ces deux ports sont parmi les plus fr\u00e9quent\u00e9s au monde en raison du volume \u00e9lev\u00e9 des exp\u00e9ditions entrantes et sortantes.<\/p>\n\n\n\n<p>Petroleum products form the backbone of the economy. The next most important <a href=\"https:\/\/www.sisinternational.com\/fr\/solutions\/ai-etudes-de-marche-et-conseil-en-strategie\/adoption-de-lia-voyage-hotellerie-conseil-en-industrie-du-tourisme\/\" title=\"Adoption de l&#039;IA dans le conseil dans l&#039;industrie du voyage, de l&#039;h\u00f4tellerie et du tourisme\"  data-wpil-monitor-id=\"10356\">industry is tourism<\/a>, followed by banking and investments.<\/p>\n\n\n\n<h2 class=\"wp-block-heading\">Quartiers<\/h2>\n\n\n\n<p><strong>Oranjestad<\/strong>: la capitale et la plus grande ville d&#039;Aruba, situ\u00e9e sur la c\u00f4te sud. Cette ville poss\u00e8de plusieurs centres commerciaux et autres \u00e9quipements modernes.<\/p>\n\n\n\n<p><strong>Willemstad<\/strong>: Capitale de Cura\u00e7ao. Willemstad \u00e9tait la capitale des Antilles n\u00e9erlandaises avant sa dissolution en 2010.<\/p>\n\n\n\n<p><strong>Philipsbourg<\/strong>: la capitale de Sint Maarten. Front Street est le quartier commer\u00e7ant central au c\u0153ur de la ville.<\/p>\n\n\n\n<h2 class=\"wp-block-heading\">Les tendances<\/h2>\n\n\n\n<h3 class=\"wp-block-heading\">Municipalit\u00e9s sp\u00e9ciales<\/h3>\n\n\n\n<p>Bonaire, Saba et Saint-Eustache comptent ensemble 26 500 habitants. Ce chiffre est en augmentation et les \u00eeles comptent l\u00e9g\u00e8rement plus d&#039;hommes que de femmes.<\/p>\n\n\n\n<p>Plus de 80 pour cent des habitants de ces trois \u00eeles sont des internautes. La plupart d\u2019entre eux sont \u00e9galement des utilisateurs des r\u00e9seaux sociaux. Les donn\u00e9es sugg\u00e8rent que la port\u00e9e publicitaire de Facebook est meilleure que celle d&#039;Instagram. Jusqu\u2019\u00e0 pr\u00e9sent, l\u2019adoption de LinkedIn a \u00e9t\u00e9 \u00e9pouvantable.<\/p>\n\n\n\n<h3 class=\"wp-block-heading\">Pays constituants<\/h3>\n\n\n\n<p>Les pays de ce groupe, Aruba, Cura\u00e7ao et Sint Maarten, sont sur une tendance \u00e0 la hausse. Le tourisme est en plein essor, et les visiteurs des s\u00e9jours en s\u00e9jour et des navires de croisi\u00e8re sont en hausse. La reprise gagne du terrain, mais elle est confront\u00e9e \u00e0 des vents contraires li\u00e9s \u00e0 l\u2019inflation et \u00e0 d\u2019autres revers.<\/p>\n\n\n\n<h2 class=\"wp-block-heading\">Avantages et atouts sur le march\u00e9<\/h2>\n\n\n\n<p>The Dutch Caribbean features exciting nightlife. Island hopping is easy, and there are <a href=\"https:\/\/www.sisinternational.com\/fr\/mystery-shopping-for-beauty-products\/\" title=\"Mystery Shopping for Beauty Products\"  data-wpil-monitor-id=\"10359\">beautiful beaches and excellent shopping<\/a>. Most stores accept US dollars. The official language of the islands is Dutch, but most residents speak English. Several airlines provide nonstop flights from US, Canadian, and European cities. The Dutch Caribbean is also a cruising mecca.<\/p>\n\n\n\n<h2 class=\"wp-block-heading\">Base de consommateurs<\/h2>\n\n\n\n<p>La base de consommateurs des Cara\u00efbes n\u00e9erlandaises est diversifi\u00e9e puisqu&#039;elle couvre six \u00eeles. Les \u00eeles les plus connues sont Sint Maarten, Aruba et Cura\u00e7ao. Ils ont des \u00e9conomies bien d\u00e9velopp\u00e9es bas\u00e9es sur le raffinage du p\u00e9trole et le tourisme. Ainsi, leurs consommateurs ont des go\u00fbts plus sophistiqu\u00e9s que ceux des autres \u00eeles. Malgr\u00e9 leur d\u00e9veloppement, toutes les \u00eeles d\u00e9gagent une ambiance d\u00e9contract\u00e9e. Les gens refl\u00e8tent cette ambiance.<\/p>\n\n\n\n<h2 class=\"wp-block-heading\">Raisons de d\u00e9velopper votre entreprise dans les Cara\u00efbes n\u00e9erlandaises<\/h2>\n\n\n\n<p>The Dutch Caribbean is excellent for <a href=\"https:\/\/www.sisinternational.com\/fr\/publications\/marche-intermediaire-japonais-exportant\/\" title=\"D\u00e9velopper votre entreprise au Japon\"  data-wpil-monitor-id=\"10357\">growing a business<\/a>. Why? Because it gives companies direct access to <a href=\"https:\/\/www.sisinternational.com\/fr\/etude-de-marche-en-europe\/\" title=\"Le march\u00e9 europ\u00e9en\"  data-wpil-monitor-id=\"10351\">the European market<\/a>. The Netherlands is part of the European Union. Your company can derive several benefits from that. The islands also have a well-developed tourism product. That is a boon if your <a href=\"https:\/\/www.sisinternational.com\/fr\/solutions\/conseil-en-tourisme-de-voyage-et-en-hotellerie\/societe-de-gestion-hoteliere-etude-de-marche-conseil-en-strategie\/\" title=\"Soci\u00e9t\u00e9 de gestion h\u00f4teli\u00e8re \u00c9tudes de march\u00e9 et conseil en strat\u00e9gie\"  data-wpil-monitor-id=\"10354\">company serves that market<\/a>.<\/p>\n\n\n\n<h2 class=\"wp-block-heading\">\u00c0 propos des \u00e9tudes de march\u00e9 dans les Cara\u00efbes n\u00e9erlandaises<\/h2>\n\n\n\n<p>At SIS we are happy to partner with companies needing market research in the Dutch Caribbean. We offer Quantitative, Qualitative, UX, Strategy, and <a href=\"https:\/\/www.sisinternational.com\/fr\/competence\/les-industries\/etude-de-marche-sur-le-diesel\/\" title=\"\u00c9tude de march\u00e9 sur le diesel\"  data-wpil-monitor-id=\"3505\">Recherche d&#039;entr\u00e9e sur le march\u00e9<\/a>. Our services also include <a href=\"https:\/\/www.sisinternational.com\/fr\/couverture\/les-ameriques\/etude-de-marche-en-amerique-latine\/etude-de-marche-sur-les-cosmetiques-au-mexique\/\" title=\"\u00c9tude de march\u00e9 sur les cosm\u00e9tiques au Mexique\"  data-wpil-monitor-id=\"3507\">Recherche sur la taille du march\u00e9<\/a> and Go-To-Market Strategy. We can put together <a href=\"https:\/\/www.sisinternational.com\/fr\/solutions\/etude-de-marche-en-groupe-de-discussion\/comment-animer-un-groupe-de-discussion\/\" title=\"Comment animer un groupe de discussion\"  data-wpil-monitor-id=\"10352\">Focus Groups and conduct<\/a> Surveys and Interviews. That way, we help you figure out if investing in the Dutch Caribbean is right for you.<\/p>\n\n\n\n<p><\/p>","protected":false},"excerpt":{"rendered":"<p>SIS propose des recherches quantitatives, qualitatives, UX, strat\u00e9giques et d&#039;entr\u00e9e sur le march\u00e9 aux entreprises des Cara\u00efbes n\u00e9erlandaises.<\/p>","protected":false},"author":1,"featured_media":66259,"parent":33287,"menu_order":14,"comment_status":"closed","ping_status":"closed","template":"","meta":{"footnotes":""},"class_list":["post-41092","page","type-page","status-publish","has-post-thumbnail"],"_links":{"self":[{"href":"https:\/\/www.sisinternational.com\/fr\/wp-json\/wp\/v2\/pages\/41092","targetHints":{"allow":["GET"]}}],"collection":[{"href":"https:\/\/www.sisinternational.com\/fr\/wp-json\/wp\/v2\/pages"}],"about":[{"href":"https:\/\/www.sisinternational.com\/fr\/wp-json\/wp\/v2\/types\/page"}],"author":[{"embeddable":true,"href":"https:\/\/www.sisinternational.com\/fr\/wp-json\/wp\/v2\/users\/1"}],"replies":[{"embeddable":true,"href":"https:\/\/www.sisinternational.com\/fr\/wp-json\/wp\/v2\/comments?post=41092"}],"version-history":[{"count":6,"href":"https:\/\/www.sisinternational.com\/fr\/wp-json\/wp\/v2\/pages\/41092\/revisions"}],"predecessor-version":[{"id":81708,"href":"https:\/\/www.sisinternational.com\/fr\/wp-json\/wp\/v2\/pages\/41092\/revisions\/81708"}],"up":[{"embeddable":true,"href":"https:\/\/www.sisinternational.com\/fr\/wp-json\/wp\/v2\/pages\/33287"}],"wp:featuredmedia":[{"embeddable":true,"href":"https:\/\/www.sisinternational.com\/fr\/wp-json\/wp\/v2\/media\/66259"}],"wp:attachment":[{"href":"https:\/\/www.sisinternational.com\/fr\/wp-json\/wp\/v2\/media?parent=41092"}],"curies":[{"name":"wp","href":"https:\/\/api.w.org\/{rel}","templated":true}]}}