{"id":41090,"date":"2022-12-13T05:43:59","date_gmt":"2022-12-13T05:43:59","guid":{"rendered":"https:\/\/www.sisinternational.com\/?page_id=41090"},"modified":"2026-01-24T21:30:37","modified_gmt":"2026-01-25T02:30:37","slug":"etude-de-marche-aux-iles-caimans","status":"publish","type":"page","link":"https:\/\/www.sisinternational.com\/fr\/couverture\/etude-de-marche-dans-les-caraibes\/etude-de-marche-aux-iles-caimans\/","title":{"rendered":"Etude de march\u00e9 aux \u00eeles Ca\u00efmans"},"content":{"rendered":"<h1 class=\"wp-block-heading\">Etude de march\u00e9 aux \u00eeles Ca\u00efmans<\/h1>\n\n\n\n<p><\/p>\n\n\n\n<figure class=\"gb-block-image gb-block-image-f78da1a2\"><img loading=\"lazy\" decoding=\"async\" width=\"1456\" height=\"816\" class=\"gb-image gb-image-f78da1a2\" src=\"https:\/\/www.sisinternational.com\/wp-content\/uploads\/2025\/09\/Dutch-Caribbean-4.jpg\" alt=\"\u00c9tudes de march\u00e9 et strat\u00e9gie internationales SIS\" title=\"Dutch Caribbean (4)\" srcset=\"https:\/\/www.sisinternational.com\/wp-content\/uploads\/2025\/09\/Dutch-Caribbean-4.jpg 1456w, https:\/\/www.sisinternational.com\/wp-content\/uploads\/2025\/09\/Dutch-Caribbean-4-300x168.jpg 300w, https:\/\/www.sisinternational.com\/wp-content\/uploads\/2025\/09\/Dutch-Caribbean-4-1024x574.jpg 1024w, https:\/\/www.sisinternational.com\/wp-content\/uploads\/2025\/09\/Dutch-Caribbean-4-768x430.jpg 768w, https:\/\/www.sisinternational.com\/wp-content\/uploads\/2025\/09\/Dutch-Caribbean-4-18x10.jpg 18w\" sizes=\"auto, (max-width: 1456px) 100vw, 1456px\"><\/figure>\n\n\n\n<p><\/p>\n\n\n\n<hr class=\"wp-block-separator has-alpha-channel-opacity is-style-dots\"\/>\n\n\n\n<p>Les \u00eeles Ca\u00efmans se trouvent \u00e0 environ 180 milles au nord-ouest de la Jama\u00efque et comprennent les \u00eeles de Little Cayman, Grand Cayman et Cayman Brac. Grand Cayman est la plus grande \u00eele et la plus peupl\u00e9e, suivie de Cayman Brac et Little Cayman fermant la marche. La capitale est George Town, o\u00f9 vit plus de la moiti\u00e9 de la population des \u00eeles.<\/p>\n\n\n\n<p><\/p>\n\n\n\n<div class=\"wp-block-columns has-global-color-9-color has-text-color has-background has-link-color wp-elements-2b270774f2728773f11556713d9a6a5c is-layout-flex wp-container-core-columns-is-layout-9d6595d7 wp-block-columns-is-layout-flex\" style=\"background-color:#f7f9fa6e\">\n<div class=\"wp-block-column is-layout-flow wp-block-column-is-layout-flow\" style=\"flex-basis:18%\"><\/div>\n\n\n\n<div class=\"wp-block-column is-vertically-aligned-center is-layout-flow wp-block-column-is-layout-flow\" style=\"flex-basis:71.28%\">\n<div class=\"wp-block-rank-math-toc-block aligncenter has-global-color-9-color has-text-color has-link-color wp-elements-05c05c27c471dfe6656e625038f8f1ae\" style=\"font-size:16px\" id=\"rank-math-toc\"><h2><br><strong>T<\/strong>able of Contents<\/h2><nav><ul><li class=\"\"><a href=\"#key-industries\">Industries cl\u00e9s<\/a><\/li><li class=\"\"><a href=\"#neighborhoods\">Quartiers<\/a><\/li><li class=\"\"><a href=\"#trends\">Les tendances<\/a><\/li><li class=\"\"><a href=\"#benefits-and-strengths-in-the-market\">Avantages et atouts sur le march\u00e9<\/a><\/li><li class=\"\"><a href=\"#consumer-base\">Base de consommateurs<\/a><\/li><li class=\"\"><a href=\"#reasons-to-grow-your-business-in-the-cayman-islands-market\">Raisons de d\u00e9velopper votre entreprise sur le march\u00e9 des \u00eeles Ca\u00efmans<\/a><\/li><li class=\"\"><a href=\"#about-market-research-in-the-cayman-islands\">\u00c0 propos des \u00e9tudes de march\u00e9 aux \u00eeles Ca\u00efmans<\/a><\/li><\/ul><\/nav><\/div>\n<\/div>\n<\/div>\n\n\n\n<p><\/p>\n\n\n\n<h2 class=\"wp-block-heading\" id=\"key-industries\">Industries cl\u00e9s<\/h2>\n\n\n\n<p>Les \u00eeles Ca\u00efmans sont un centre financier mondial connu pour ses banques, ses fonds d&#039;investissement et ses assurances. Une autre industrie primaire est le tourisme, l&#039;un des piliers de l&#039;\u00e9conomie. L&#039;immobilier et la construction sont d&#039;autres secteurs de premier plan. Les \u00eeles disposent d&#039;un cadre r\u00e9glementaire solide, ce qui explique peut-\u00eatre leur succ\u00e8s sur le march\u00e9 des services financiers.<\/p>\n\n\n\n<h2 class=\"wp-block-heading\" id=\"neighborhoods\">Quartiers<\/h2>\n\n\n\n<ul class=\"wp-block-list\">\n<li>George Town, Grand Ca\u00efman. George Town, au sud-ouest de Grand Cayman, est un port tr\u00e8s fr\u00e9quent\u00e9. En fait, les cargos d\u00e9barquent tous les soirs et les navires de croisi\u00e8re font escale presque tous les jours.<\/li>\n\n\n\n<li>West End, Ca\u00efman Brac. L&#039;a\u00e9roport, une station-service, deux \u00e9piceries et quelques complexes de condos se trouvent dans le West End. Ainsi, la rive nord du West End compte le plus grand nombre d&#039;habitants de l&#039;\u00eele.<\/li>\n\n\n\n<li>Village fleuri, Little Cayman. Ce petit village dispose d&#039;un a\u00e9roport, ainsi que d&#039;un magasin de sports nautiques et d&#039;un magasin g\u00e9n\u00e9ral. Le Little Cayman Beach Resort se trouve \u00e9galement \u00e0 Blossom Village. Il dispose \u00e9galement d&#039;un petit parc avec une aire de jeux pour enfants.<\/li>\n<\/ul>\n\n\n\n<h2 class=\"wp-block-heading\" id=\"trends\">Les tendances<\/h2>\n\n\n\n<figure class=\"gb-block-image gb-block-image-de569080\"><img loading=\"lazy\" decoding=\"async\" width=\"1456\" height=\"816\" class=\"gb-image gb-image-de569080\" src=\"https:\/\/www.sisinternational.com\/wp-content\/uploads\/2025\/09\/Caribbran-4.jpg\" alt=\"\u00c9tudes de march\u00e9 et strat\u00e9gie internationales SIS\" title=\"Caribbran (4)\" srcset=\"https:\/\/www.sisinternational.com\/wp-content\/uploads\/2025\/09\/Caribbran-4.jpg 1456w, https:\/\/www.sisinternational.com\/wp-content\/uploads\/2025\/09\/Caribbran-4-300x168.jpg 300w, https:\/\/www.sisinternational.com\/wp-content\/uploads\/2025\/09\/Caribbran-4-1024x574.jpg 1024w, https:\/\/www.sisinternational.com\/wp-content\/uploads\/2025\/09\/Caribbran-4-768x430.jpg 768w, https:\/\/www.sisinternational.com\/wp-content\/uploads\/2025\/09\/Caribbran-4-18x10.jpg 18w\" sizes=\"auto, (max-width: 1456px) 100vw, 1456px\"><\/figure>\n\n\n\n<p><\/p>\n\n\n\n<p>La position des \u00eeles en tant que centre financier offshore secret augmente le risque de corruption. En revanche, les Ca\u00efmans b\u00e9n\u00e9ficient d&#039;un climat politique stable. Le tourisme constitue la principale activit\u00e9 \u00e9conomique, mais il a d\u00e9clin\u00e9 au cours des derni\u00e8res ann\u00e9es. Malgr\u00e9 les revers, le secteur a rebondi et est d\u00e9sormais en pleine reprise. Les experts s\u2019attendent \u00e0 ce que les touristes inondent les c\u00f4tes en plus grand nombre qu\u2019auparavant.<\/p>\n\n\n\n<h2 class=\"wp-block-heading\" id=\"benefits-and-strengths-in-the-market\">Avantages et atouts sur le march\u00e9<\/h2>\n\n\n\n<ul class=\"wp-block-list\">\n<li>Absence de taxe. Les \u00eeles Ca\u00efmans n&#039;ont aucun imp\u00f4t direct d&#039;aucune sorte.<\/li>\n\n\n\n<li>Absence de contr\u00f4le des changes. Vous \u00eates libre de transf\u00e9rer de grosses sommes d\u2019argent vers et hors des \u00eeles.<\/li>\n\n\n\n<li>Syst\u00e8me juridique fiable. Le droit des \u00eeles Ca\u00efmans d\u00e9rive de la common law anglaise, compl\u00e9t\u00e9e par la l\u00e9gislation locale.<\/li>\n\n\n\n<li>Acc\u00e8s aux banques et aux services professionnels. Au moins 40 des 50 plus grandes banques mondiales sont implant\u00e9es aux \u00eeles Ca\u00efmans. Il en va de m\u00eame pour tous les grands cabinets comptables.<\/li>\n\n\n\n<li>Rapidit\u00e9 et co\u00fbt. La cr\u00e9ation et le maintien d\u2019entit\u00e9s aux Ca\u00efmans ont un faible prix. En effet, vous pouvez cr\u00e9er une soci\u00e9t\u00e9 le jour du d\u00e9p\u00f4t.<\/li>\n\n\n\n<li>Stabilit\u00e9 \u00e9conomique et politique. Les \u00eeles Ca\u00efmans ont un historique de gouvernement stable.<\/li>\n\n\n\n<li>Excellentes communications. Les \u00eeles b\u00e9n\u00e9ficient d&#039;un r\u00e9seau de pointe. De plus, des vols directs sont disponibles depuis plusieurs grands centres mondiaux.<\/li>\n<\/ul>\n\n\n\n<p><\/p>\n\n\n\n<!DOCTYPE html>\n<html lang=\"en\">\n<head>\n    <meta charset=\"UTF-8\">\n    <meta name=\"viewport\" content=\"width=device-width, initial-scale=1.0\">\n    <title>Cayman Islands Market Indicators<\/title>\n    <style>\n        \/* Responsive Table & SIS International-inspired Styling\n          - Uses a corporate blue and clean, sans-serif fonts.\n          - Fully responsive with horizontal scroll on small screens.\n        *\/\n        \n        .sis-table-container {\n            font-family: -apple-system, BlinkMacSystemFont, \"Segoe UI\", Roboto, Helvetica, Arial, sans-serif;\n            margin: 2em 0;\n            width: 100%;\n            \/* Allows horizontal scroll on small screens *\/\n            overflow-x: auto;\n            -webkit-overflow-scrolling: touch; \/* Smooth scrolling on iOS *\/\n        }\n\n        .sis-table-container h3 {\n            font-size: 1.5rem; \/* 24px *\/\n            font-weight: 600;\n            color: #333;\n            margin-bottom: 0.75em;\n            padding: 0;\n        }\n\n        .sis-table {\n            width: 100%;\n            border-collapse: collapse;\n            min-width: 500px; \/* Ensures layout preservation, container scrolls if needed *\/\n        }\n\n        .sis-table th,\n        .sis-table td {\n            padding: 12px 15px;\n            text-align: left;\n            line-height: 1.5;\n             \/* Prevent line breaks within cells *\/\n            white-space: nowrap;\n        }\n\n        \/* Header Styling *\/\n        .sis-table thead th {\n            background-color: #005cbf; \/* SIS corporate blue *\/\n            color: #ffffff;\n            font-weight: 600;\n            font-size: 0.9rem; \/* 14.4px *\/\n            text-transform: uppercase;\n            letter-spacing: 0.5px;\n        }\n\n        \/* Body Styling *\/\n        .sis-table tbody tr {\n            border-bottom: 1px solid #ddd;\n        }\n\n        .sis-table tbody tr:nth-of-type(even) {\n            background-color: #f8f8f8; \/* Light gray alternate rows *\/\n        }\n\n        .sis-table tbody tr:last-of-type {\n            border-bottom: 2px solid #005cbf; \/* Match header blue *\/\n        }\n\n        .sis-table td {\n            color: #444;\n            font-size: 0.95rem; \/* 15.2px *\/\n        }\n        \n        \/* Right-align numerical data *\/\n        .sis-table td:nth-child(2) {\n            text-align: right;\n        }\n         .sis-table th:nth-child(2) {\n            text-align: right;\n        }\n\n        .sis-table-container .source-caption {\n            margin-top: 10px;\n            font-size: 0.85rem; \/* 13.6px *\/\n            color: #555;\n            font-style: italic;\n        }\n\n        .sis-table-container .source-caption a {\n            color: #005cbf; \/* Match brand blue *\/\n            text-decoration: none;\n        }\n\n        .sis-table-container .source-caption a:hover {\n            text-decoration: underline;\n        }\n    <\/style>\n<\/head>\n<body>\n\n    <!-- \n      HTML for WordPress:\n      Copy and paste the code from .sis-table-container start to end into a Custom HTML block.\n    -->\n    <div class=\"sis-table-container\">\n        \n        <h3>Cayman Islands: Key Market Indicators<\/h3>\n\n        <table class=\"sis-table\">\n            <thead>\n                <tr>\n                    <th>Indicator<\/th>\n                    <th>Value (Year)<\/th>\n                <\/tr>\n            <\/thead>\n            <tbody>\n                <tr>\n                    <td>GDP (Nominal, Current US$)<\/td>\n                    <td>$7.9 Billion (2023 est.)<\/td>\n                <\/tr>\n                <tr>\n                    <td>GDP per Capita (Nominal, Current US$)<\/td>\n                    <td>$97,583 (2023 est.)<\/td>\n                <\/tr>\n                <tr>\n                    <td>Population<\/td>\n                    <td>~81,500 (2023 est.)<\/td>\n                <\/tr>\n                 <tr>\n                    <td>International Tourist Arrivals (Stayover)<\/td>\n                    <td>~486,000 (2023)<\/td>\n                <\/tr>\n            <\/tbody>\n        <\/table>\n\n        <p class=\"source-caption\">\n             Sources: GDP\/GDP per capita estimates based on United Nations data via <a href=\"https:\/\/en.wikipedia.org\/wiki\/List_of_countries_by_GDP_(nominal)_per_capita\" target=\"_blank\" rel=\"noopener noreferrer\">Wikip\u00e9dia<\/a>; Population estimate from <a href=\"https:\/\/data.worldbank.org\/country\/cayman-islands\" target=\"_blank\" rel=\"noopener noreferrer\">World Bank Data<\/a>; Tourist arrivals from <a href=\"https:\/\/www.visitcaymanislands.com\/en-ca\/ourcayman\/news\" target=\"_blank\" rel=\"noopener noreferrer\">Cayman Islands Department of Tourism<\/a> reports. Accessed October 2025.\n        <\/p>\n        \n    <\/div>\n\n<\/body>\n<\/html>\n\n\n\n<p><\/p>\n\n\n\n<h2 class=\"wp-block-heading\" id=\"consumer-base\">Base de consommateurs<\/h2>\n\n\n\n<p>Les r\u00e9sidents des \u00eeles Ca\u00efmans jouissent d\u2019un niveau de vie comparable \u00e0 celui de la Suisse. La population est compos\u00e9e d&#039;un cinqui\u00e8me de Noirs, d&#039;un cinqui\u00e8me de Blancs et de deux cinqui\u00e8mes de mixtes. L&#039;autre cinqui\u00e8me est constitu\u00e9 d&#039;expatri\u00e9s de divers groupes ethniques. Le taux d&#039;alphab\u00e9tisation est tr\u00e8s proche de 100 pour cent.<\/p>\n\n\n\n<h2 class=\"wp-block-heading\" id=\"reasons-to-grow-your-business-in-the-cayman-islands-market\">Raisons de d\u00e9velopper votre entreprise sur le march\u00e9 des \u00eeles Ca\u00efmans<\/h2>\n\n\n\n<figure class=\"gb-block-image gb-block-image-10e8079c\"><img loading=\"lazy\" decoding=\"async\" width=\"1456\" height=\"816\" class=\"gb-image gb-image-10e8079c\" src=\"https:\/\/www.sisinternational.com\/wp-content\/uploads\/2025\/09\/Caribbran-1.jpg\" alt=\"\u00c9tudes de march\u00e9 et strat\u00e9gie internationales SIS\" title=\"Caribbran (1)\" srcset=\"https:\/\/www.sisinternational.com\/wp-content\/uploads\/2025\/09\/Caribbran-1.jpg 1456w, https:\/\/www.sisinternational.com\/wp-content\/uploads\/2025\/09\/Caribbran-1-300x168.jpg 300w, https:\/\/www.sisinternational.com\/wp-content\/uploads\/2025\/09\/Caribbran-1-1024x574.jpg 1024w, https:\/\/www.sisinternational.com\/wp-content\/uploads\/2025\/09\/Caribbran-1-768x430.jpg 768w, https:\/\/www.sisinternational.com\/wp-content\/uploads\/2025\/09\/Caribbran-1-18x10.jpg 18w\" sizes=\"auto, (max-width: 1456px) 100vw, 1456px\"><\/figure>\n\n\n\n<p><\/p>\n\n\n\n<p>Les \u00eeles Ca\u00efmans ont une \u00e9conomie moderne et d\u00e9velopp\u00e9e avec le PIB et le niveau de vie les plus \u00e9lev\u00e9s de la r\u00e9gion. Il ne faut qu\u2019une heure pour rejoindre Miami par avion. Les Ca\u00efmans accueillent environ 50 vols par jour en provenance des \u00c9tats-Unis, du Royaume-Uni et du Canada.<\/p>\n\n\n\n<p>Le gouvernement encourage les investissements \u00e0 Cayman Brac et Little Cayman. En outre, il offre la moiti\u00e9 des droits d&#039;importation pour les investissements approuv\u00e9s dans ces \u00eeles. Il accorde \u00e9galement aux propri\u00e9taires d\u2019entreprise des r\u00e9ductions sur certains frais de licence.<\/p>\n\n\n\n<h2 class=\"wp-block-heading\" id=\"about-market-research-in-the-cayman-islands\">\u00c0 propos des \u00e9tudes de march\u00e9 aux \u00eeles Ca\u00efmans<\/h2>\n\n\n\n<p>SIS Research can give you the Qualitative research coupled with the Quantitative data you need. Moreover, we can tell you the procedures, time, and cost of starting and running a Cayman Islands business. Qualitative Research methods include Customer Interviews and Focus Groups, while Quantitative methods include Telephone, Mobile, and App Surveys. Strategy Research consists of Competitive Analysis, <a href=\"https:\/\/www.sisinternational.com\/fr\/couverture\/les-ameriques\/etude-de-marche-en-amerique-latine\/etude-de-marche-sur-les-cosmetiques-au-mexique\/\" title=\"\u00c9tude de march\u00e9 sur les cosm\u00e9tiques au Mexique\" data-wpil-monitor-id=\"3512\">Recherche d\u2019opportunit\u00e9s de march\u00e9 et d\u2019entr\u00e9e<\/a>, and Go-To-Market Strategy.<\/p>\n\n\n<h2>Notre emplacement \u00e0 New York<\/h2>\n<p><!-- \/wp:post-content --> <!-- wp:html --> <iframe loading=\"lazy\" src=\"https:\/\/www.google.com\/maps\/embed?pb=!1m18!1m12!1m3!1d3022.976188376966!2d-73.99130312499956!3d40.740549471389315!2m3!1f0!2f0!3f0!3m2!1i1024!2i768!4f13.1!3m3!1m2!1s0x89c259a15798c731%3A0xd695d09bdd495f25!2s11%20E%2022nd%20St%20FL%202%2C%20New%20York%2C%20NY%2010010%2C%20USA!5e0!3m2!1sen!2spe!4v1726171763526!5m2!1sen!2spe\" width=\"600\" height=\"450\" allowfullscreen=\"allowfullscreen\" data-mce-fragment=\"1\"><\/iframe> <!-- \/wp:html --> <!-- wp:paragraph --><\/p>\n<h3 class=\"wp-block-heading\">11 E 22nd Street, \u00e9tage 2, New York, NY 10010 T\u00e9l. : +1(212) 505-6805<\/h3>\n<hr \/>\n<h2><span style=\"font-weight: 400;\">\u00c0 propos de SIS International<\/span><\/h2>\n<p><a href=\"https:\/\/www.sisinternational.com\/fr\/\"><span style=\"font-weight: 400;\">SIS International<\/span><\/a><span style=\"font-weight: 400;\"> propose des recherches quantitatives, qualitatives et strat\u00e9giques. Nous fournissons des donn\u00e9es, des outils, des strat\u00e9gies, des rapports et des informations pour la prise de d\u00e9cision. Nous menons \u00e9galement des entretiens, des enqu\u00eates, des groupes de discussion et d\u2019autres m\u00e9thodes et approches d\u2019\u00e9tudes de march\u00e9.<\/span><a href=\"https:\/\/www.sisinternational.com\/fr\/a-propos-de-la-recherche-internationale-sis\/contact-sis-international-market-research\/\"><span style=\"font-weight: 400;\"> Contactez nous<\/span><\/a><span style=\"font-weight: 400;\"> pour votre prochain projet d&#039;\u00e9tude de march\u00e9.<\/span><\/p>\n<p><!-- wp:heading --><\/p>\n<h2 id=\"about-sis-international\" class=\"wp-block-heading\">\u00a0<\/h2>\n<p><!-- \/wp:heading --><\/p>","protected":false},"excerpt":{"rendered":"<p>SIS Research peut vous fournir la recherche qualitative associ\u00e9e aux donn\u00e9es quantitatives dont vous avez besoin pour g\u00e9rer une entreprise aux \u00eeles Ca\u00efmans.<\/p>","protected":false},"author":1,"featured_media":66258,"parent":33287,"menu_order":13,"comment_status":"closed","ping_status":"closed","template":"","meta":{"footnotes":""},"class_list":["post-41090","page","type-page","status-publish","has-post-thumbnail"],"_links":{"self":[{"href":"https:\/\/www.sisinternational.com\/fr\/wp-json\/wp\/v2\/pages\/41090","targetHints":{"allow":["GET"]}}],"collection":[{"href":"https:\/\/www.sisinternational.com\/fr\/wp-json\/wp\/v2\/pages"}],"about":[{"href":"https:\/\/www.sisinternational.com\/fr\/wp-json\/wp\/v2\/types\/page"}],"author":[{"embeddable":true,"href":"https:\/\/www.sisinternational.com\/fr\/wp-json\/wp\/v2\/users\/1"}],"replies":[{"embeddable":true,"href":"https:\/\/www.sisinternational.com\/fr\/wp-json\/wp\/v2\/comments?post=41090"}],"version-history":[{"count":7,"href":"https:\/\/www.sisinternational.com\/fr\/wp-json\/wp\/v2\/pages\/41090\/revisions"}],"predecessor-version":[{"id":77702,"href":"https:\/\/www.sisinternational.com\/fr\/wp-json\/wp\/v2\/pages\/41090\/revisions\/77702"}],"up":[{"embeddable":true,"href":"https:\/\/www.sisinternational.com\/fr\/wp-json\/wp\/v2\/pages\/33287"}],"wp:featuredmedia":[{"embeddable":true,"href":"https:\/\/www.sisinternational.com\/fr\/wp-json\/wp\/v2\/media\/66258"}],"wp:attachment":[{"href":"https:\/\/www.sisinternational.com\/fr\/wp-json\/wp\/v2\/media?parent=41090"}],"curies":[{"name":"wp","href":"https:\/\/api.w.org\/{rel}","templated":true}]}}