{"id":41088,"date":"2022-12-13T05:31:50","date_gmt":"2022-12-13T05:31:50","guid":{"rendered":"https:\/\/www.sisinternational.com\/?page_id=41088"},"modified":"2026-01-24T21:30:38","modified_gmt":"2026-01-25T02:30:38","slug":"etude-de-marche-iles-vierges-britanniques","status":"publish","type":"page","link":"https:\/\/www.sisinternational.com\/fr\/couverture\/etude-de-marche-dans-les-caraibes\/etude-de-marche-iles-vierges-britanniques\/","title":{"rendered":"Etude de march\u00e9 aux \u00celes Vierges britanniques"},"content":{"rendered":"<h1 class=\"wp-block-heading\">Etude de march\u00e9 aux \u00celes Vierges britanniques<\/h1>\n\n\n\n<p><\/p>\n\n\n\n<figure class=\"gb-block-image gb-block-image-35e0b830\"><img loading=\"lazy\" decoding=\"async\" width=\"1456\" height=\"816\" class=\"gb-image gb-image-35e0b830\" src=\"https:\/\/www.sisinternational.com\/wp-content\/uploads\/2025\/09\/Brittish-Virgin-Islands-1.jpg\" alt=\"\u00c9tudes de march\u00e9 et strat\u00e9gie internationales SIS\" title=\"Brittish Virgin Islands (1)\" srcset=\"https:\/\/www.sisinternational.com\/wp-content\/uploads\/2025\/09\/Brittish-Virgin-Islands-1.jpg 1456w, https:\/\/www.sisinternational.com\/wp-content\/uploads\/2025\/09\/Brittish-Virgin-Islands-1-300x168.jpg 300w, https:\/\/www.sisinternational.com\/wp-content\/uploads\/2025\/09\/Brittish-Virgin-Islands-1-1024x574.jpg 1024w, https:\/\/www.sisinternational.com\/wp-content\/uploads\/2025\/09\/Brittish-Virgin-Islands-1-768x430.jpg 768w, https:\/\/www.sisinternational.com\/wp-content\/uploads\/2025\/09\/Brittish-Virgin-Islands-1-18x10.jpg 18w\" sizes=\"auto, (max-width: 1456px) 100vw, 1456px\"><\/figure>\n\n\n\n<p><\/p>\n\n\n\n<hr class=\"wp-block-separator has-alpha-channel-opacity is-style-dots\"\/>\n\n\n\n<p>Les \u00eeles Vierges britanniques se trouvent au nord-ouest d&#039;Anguilla et \u00e0 l&#039;est de Porto Rico. Les \u00eeles constituent un territoire britannique d&#039;outre-mer. Tortola, Virgin Gorda, Anegada et Jost Van Dyke sont les \u00eeles principales des \u00eeles Vierges britanniques, mais il existe \u00e9galement 50 \u00eeles et cayes plus petites. Les gens vivent sur seize des \u00eeles. Road Town, la capitale, se trouve sur Tortola, la plus grande \u00eele.<\/p>\n\n\n\n<h2 class=\"wp-block-heading\">Industries cl\u00e9s<\/h2>\n\n\n\n<p>Vous vous demandez peut-\u00eatre quelle est l\u2019industrie primaire des \u00eeles Vierges britanniques ? Les BVI comptent deux industries principales : le tourisme et les services financiers. Le tourisme emploie de nombreuses personnes, mais les \u00eeles Vierges britanniques sont fi\u00e8res de leur statut de centre financier offshore. Les \u00eeles produisent \u00e9galement des l\u00e9gumes, des fruits, de la canne \u00e0 sucre, de la volaille et du b\u00e9tail. La construction de bateaux est un autre domaine majeur, tout comme la p\u00eache commerciale, la construction et la distillation du rhum.<\/p>\n\n\n\n<h2 class=\"wp-block-heading\">Quartiers<\/h2>\n\n\n\n<ul class=\"wp-block-list\">\n<li>Road Town \u2013 la capitale des \u00eeles Vierges britanniques et la ville principale de Tortola<\/li>\n\n\n\n<li>Spanish Town \u2013 la deuxi\u00e8me plus grande ville situ\u00e9e sur Virgin Gorda, la troisi\u00e8me plus grande \u00eele<\/li>\n\n\n\n<li>Cane Garden Bay \u2013 l&#039;une des stations baln\u00e9aires les plus connues de Tortola<\/li>\n\n\n\n<li>Scrub Island \u2013 une petite escapade haut de gamme au nord-est de Tortola<\/li>\n\n\n\n<li>White Bay \u2013 l\u2019une des meilleures stations baln\u00e9aires de Jost Van Dyke<\/li>\n\n\n\n<li>Peter Island \u2013 une \u00eele priv\u00e9e \u00e0 seulement huit kilom\u00e8tres au nord-ouest de Road Town<\/li>\n\n\n\n<li>The Settlement \u2013 \u00e9galement appel\u00e9 \u00ab Le Village \u00bb, The Settlement est la seule ville d&#039;Anegada, la deuxi\u00e8me plus grande et la plus isol\u00e9e des \u00eeles Vierges britanniques.<\/li>\n\n\n\n<li>Belmont \u2013 un endroit central \u00e0 l&#039;extr\u00e9mit\u00e9 ouest de Tortola<\/li>\n<\/ul>\n\n\n\n<h2 class=\"wp-block-heading\">Les tendances<\/h2>\n\n\n\n<p>The British Virgin Islands is a world leader in the <a href=\"https:\/\/www.sisinternational.com\/fr\/solutions\/solutions-de-recherche-qualitative-et-quantitative\/etude-de-marche-sur-les-services-sur-le-terrain\/\" title=\"\u00c9tude de march\u00e9 sur les services sur le terrain\"  data-wpil-monitor-id=\"9370\">field of financial services<\/a>. For over four decades, it has allowed people and businesses to invest. It also allows them to trade across global borders. The islands have also emerged as a world-leading center for cryptos and FinTech, tapping into the vast potential of these new <a href=\"https:\/\/www.sisinternational.com\/fr\/publications\/etude-de-marche-sur-les-entreprises-evolutives-7-facons-de-creer-une-entreprise-evolutive\/\" title=\"\u00c9tude de march\u00e9 sur les entreprises \u00e9volutives\u00a0: 7 fa\u00e7ons de cr\u00e9er une entreprise \u00e9volutive\"  data-wpil-monitor-id=\"9372\">ways of doing business<\/a>. FinTech and crypto have many strengths. The BVI brings these strengths to people and businesses around the world.<\/p>\n\n\n\n<h2 class=\"wp-block-heading\">Avantages et atouts sur le march\u00e9<\/h2>\n\n\n\n<p>Many of the BVI\u2019s strengths are common to other countries. For example, it has no currency exchange controls, and English is the primary language. It is a stable democracy. Also, the islands subscribe to a common <a href=\"https:\/\/www.sisinternational.com\/fr\/optimized-management-system-for-a-leading-us-immigration-law-firm\/\" title=\"Optimized Management System for a Leading US Immigration law firm\"  data-wpil-monitor-id=\"9374\">law legal system<\/a>. This system allows them the final appeal to the Privy Council in London. Other benefits, such as taxation, are not standard for other countries. The BVI has no income tax. Capital gains, wealth, and corporation taxes are also non-existent.<\/p>\n\n\n\n<h2 class=\"wp-block-heading\">Base de consommateurs<\/h2>\n\n\n\n<p>The British Virgin Islands is home to a total of 30,000 people. Slightly more than half are female. Almost half of the people live in urban centers, with the rest opting for country life. The median age is 37.2, and more than three-quarters of the people in the BVI have Internet access. In this sector, there is heavy social media use. Facebook <a href=\"https:\/\/www.sisinternational.com\/fr\/elargir-la-portee-du-marche-grace-a-une-strategie-marketing-a-multiples-facettes\/\" title=\"\u00c9largir la port\u00e9e du march\u00e9 gr\u00e2ce \u00e0 une strat\u00e9gie marketing \u00e0 multiples facettes\"  data-wpil-monitor-id=\"9371\">reaches more than three-quarters of the market<\/a>.<\/p>\n\n\n\n<h2 class=\"wp-block-heading\">Raisons de d\u00e9velopper votre entreprise sur le march\u00e9 des BVI<\/h2>\n\n\n\n<p>What is unique about the British Virgin Islands? We already mentioned the tax benefits. Also, setting up shop in the BVI is a quick and easy process. It is an attractive <a href=\"https:\/\/www.sisinternational.com\/fr\/solutions\/solutions-de-branding-et-de-recherche-client\/etude-de-marche-sur-les-tests-de-produits\/entreprise-de-test-de-localisation-centrale-de-premier-plan\/\" title=\"Meilleure entreprise de test de localisation centrale\"  data-wpil-monitor-id=\"9373\">location for US companies<\/a> because it\u2019s close to the US Virgin Islands. It\u2019s so close, in fact, that it uses the US dollar as its formal currency. The BVI has many further benefits. For his reason, it has long attracted businesses from around the world.<\/p>\n\n\n\n<h2 class=\"wp-block-heading\">\u00c0 propos des \u00e9tudes de march\u00e9 aux BVI<\/h2>\n\n\n\n<p>SIS International provides Qualitative, Quantitative, and <a href=\"https:\/\/www.sisinternational.com\/fr\/competence\/les-industries\/etude-de-marche-industriel\/\" title=\"\u00c9tudes de march\u00e9 et strat\u00e9gie industrielle\"  data-wpil-monitor-id=\"9369\">Strategy Research for industry<\/a> and consumer products. SIS looks at trends and lifestyles in the BVI. We use Focus Groups, Surveys, and Interviews to conduct <a href=\"https:\/\/www.sisinternational.com\/fr\/couverture\/les-ameriques\/etude-de-marche-en-amerique-latine\/etude-de-marche-sur-les-cosmetiques-au-mexique\/\" title=\"\u00c9tude de march\u00e9 sur les cosm\u00e9tiques au Mexique\"  data-wpil-monitor-id=\"3516\">Recherche d&#039;entr\u00e9e sur le march\u00e9<\/a>, UX Market Research, Competitive Analysis, Market Opportunity Research, and Market Sizing Research and to come up with Go To Market Strategy.<\/p>\n\n\n\n<p><\/p>","protected":false},"excerpt":{"rendered":"<p>SIS fournit des recherches qualitatives, quantitatives et strat\u00e9giques pour l&#039;industrie et les produits de consommation aux BVI.<\/p>","protected":false},"author":1,"featured_media":66220,"parent":33287,"menu_order":12,"comment_status":"closed","ping_status":"closed","template":"","meta":{"footnotes":""},"class_list":["post-41088","page","type-page","status-publish","has-post-thumbnail"],"_links":{"self":[{"href":"https:\/\/www.sisinternational.com\/fr\/wp-json\/wp\/v2\/pages\/41088","targetHints":{"allow":["GET"]}}],"collection":[{"href":"https:\/\/www.sisinternational.com\/fr\/wp-json\/wp\/v2\/pages"}],"about":[{"href":"https:\/\/www.sisinternational.com\/fr\/wp-json\/wp\/v2\/types\/page"}],"author":[{"embeddable":true,"href":"https:\/\/www.sisinternational.com\/fr\/wp-json\/wp\/v2\/users\/1"}],"replies":[{"embeddable":true,"href":"https:\/\/www.sisinternational.com\/fr\/wp-json\/wp\/v2\/comments?post=41088"}],"version-history":[{"count":4,"href":"https:\/\/www.sisinternational.com\/fr\/wp-json\/wp\/v2\/pages\/41088\/revisions"}],"predecessor-version":[{"id":81565,"href":"https:\/\/www.sisinternational.com\/fr\/wp-json\/wp\/v2\/pages\/41088\/revisions\/81565"}],"up":[{"embeddable":true,"href":"https:\/\/www.sisinternational.com\/fr\/wp-json\/wp\/v2\/pages\/33287"}],"wp:featuredmedia":[{"embeddable":true,"href":"https:\/\/www.sisinternational.com\/fr\/wp-json\/wp\/v2\/media\/66220"}],"wp:attachment":[{"href":"https:\/\/www.sisinternational.com\/fr\/wp-json\/wp\/v2\/media?parent=41088"}],"curies":[{"name":"wp","href":"https:\/\/api.w.org\/{rel}","templated":true}]}}