{"id":41086,"date":"2022-12-13T05:25:10","date_gmt":"2022-12-13T05:25:10","guid":{"rendered":"https:\/\/www.sisinternational.com\/?page_id=41086"},"modified":"2025-10-01T22:10:52","modified_gmt":"2025-10-02T02:10:52","slug":"etude-de-marche-aux-bahamas","status":"publish","type":"page","link":"https:\/\/www.sisinternational.com\/fr\/couverture\/etude-de-marche-dans-les-caraibes\/etude-de-marche-aux-bahamas\/","title":{"rendered":"\u00c9tude de march\u00e9 aux Bahamas"},"content":{"rendered":"<h1 class=\"wp-block-heading\">\u00c9tude de march\u00e9 aux Bahamas<\/h1>\n\n\n\n<figure class=\"gb-block-image gb-block-image-df2ae73e\"><img loading=\"lazy\" decoding=\"async\" width=\"1456\" height=\"816\" class=\"gb-image gb-image-df2ae73e\" src=\"https:\/\/www.sisinternational.com\/wp-content\/uploads\/2025\/09\/The-Bahamas-3.jpg\" alt=\"\u00c9tudes de march\u00e9 et strat\u00e9gie internationales SIS\" title=\"The Bahamas (3)\" srcset=\"https:\/\/www.sisinternational.com\/wp-content\/uploads\/2025\/09\/The-Bahamas-3.jpg 1456w, https:\/\/www.sisinternational.com\/wp-content\/uploads\/2025\/09\/The-Bahamas-3-300x168.jpg 300w, https:\/\/www.sisinternational.com\/wp-content\/uploads\/2025\/09\/The-Bahamas-3-1024x574.jpg 1024w, https:\/\/www.sisinternational.com\/wp-content\/uploads\/2025\/09\/The-Bahamas-3-768x430.jpg 768w, https:\/\/www.sisinternational.com\/wp-content\/uploads\/2025\/09\/The-Bahamas-3-18x10.jpg 18w\" sizes=\"auto, (max-width: 1456px) 100vw, 1456px\"><\/figure>\n\n\n\n<hr class=\"wp-block-separator has-alpha-channel-opacity is-style-dots\"\/>\n\n\n\n<p>The Bahamas is a country formed from a chain of islands in the northwest of the Caribbean. These islands are a gateway to the Caribbean Sea, the Gulf of Mexico, and the entire Central American region.<\/p>\n\n\n\n<p>Les Bahamas manquent de ressources naturelles autres que leurs belles plages et leur climat agr\u00e9able. Le pays d\u00e9pend donc des revenus de son industrie touristique \u00e0 grande \u00e9chelle. Elle dispose \u00e9galement d\u2019un secteur financier naissant mais prosp\u00e8re.<\/p>\n\n\n\n<h2 class=\"wp-block-heading\">Industries cl\u00e9s<\/h2>\n\n\n\n<p>The Bahamas\u2019 primary <a href=\"https:\/\/www.sisinternational.com\/fr\/solutions\/ai-etudes-de-marche-et-conseil-en-strategie\/adoption-de-lia-voyage-hotellerie-conseil-en-industrie-du-tourisme\/\" title=\"Adoption de l&#039;IA dans le conseil dans l&#039;industrie du voyage, de l&#039;h\u00f4tellerie et du tourisme\"  data-wpil-monitor-id=\"8968\">industry is tourism<\/a>, which comprises around half of the total GDP. The second-largest <a href=\"https:\/\/www.sisinternational.com\/fr\/solutions\/recherche-de-conseil-en-strategie-fintech\/etude-de-marche-sur-le-secteur-des-services-financiers\/\" title=\"\u00c9tude de march\u00e9 sur le secteur des services financiers\"  data-wpil-monitor-id=\"8967\">industry is the financial services<\/a> sector, which makes up about one-fifth of the GDP. Further but smaller-scale industries include wholesale and retail trade, farming, manufacturing, and fishing.<\/p>\n\n\n\n<h2 class=\"wp-block-heading\">Quartiers<\/h2>\n\n\n\n<p>Contrairement \u00e0 de nombreux autres pays de la r\u00e9gion, les Bahamas sont un \u00c9tat archipel. Il s&#039;\u00e9tend sur 700 \u00eeles, dont 30 abritent des habitants. Voici quelques param\u00e8tres r\u00e9gionaux \u00e0 prendre en compte\u00a0:<\/p>\n\n\n\n<h3 class=\"wp-block-heading\">Nouvelle Providence<\/h3>\n\n\n\n<p>About two-thirds of Bahamians live on New Providence Island. It\u2019s the <a href=\"https:\/\/www.sisinternational.com\/fr\/solutions\/solutions-de-recherche-qualitative-et-quantitative\/tests-en-emplacements-centraux-a-new-york\/\" title=\"Tests dans les emplacements centraux de la ville de New York\u00a0: avantages pour les tests de produits\"  data-wpil-monitor-id=\"8974\">location of the capital and largest city<\/a>, Nassau, which covers the entire island.<\/p>\n\n\n\n<h3 class=\"wp-block-heading\">Grand Bahama<\/h3>\n\n\n\n<p>Freeport et Lucaya sont les deux principales villes de Grand Bahama. Freeport est centr\u00e9 sur le tourisme, avec des escales fr\u00e9quentes de navires de croisi\u00e8re. Bill Gates et Oprah poss\u00e8dent des maisons sur cette \u00eele, il n&#039;est donc pas surprenant que les prix de l&#039;immobilier soient \u00e9lev\u00e9s.<\/p>\n\n\n\n<h3 class=\"wp-block-heading\">\u00c9leuth\u00e8re<\/h3>\n\n\n\n<p>Ce groupe d\u2019\u00eeles p\u00e9riph\u00e9riques est populaire aupr\u00e8s des expatri\u00e9s retrait\u00e9s qui souhaitent s\u2019essayer au jardinage. Ces \u00eeles ont plus de terre que partout ailleurs dans le pays.<\/p>\n\n\n\n<h3 class=\"wp-block-heading\">Abacos<\/h3>\n\n\n\n<p>Ce groupe d&#039;\u00eeles est un autre endroit de choix pour ceux qui aiment le plein air. C&#039;est la Mecque de la p\u00eache, de la navigation de plaisance et de la voile.<\/p>\n\n\n\n<h3 class=\"wp-block-heading\">Exumas<\/h3>\n\n\n\n<p>Cette partie du pays poss\u00e8de certaines des meilleures plong\u00e9es au monde. Il est \u00e9galement proche de Big Major Cay, o\u00f9 vous trouverez les c\u00e9l\u00e8bres cochons nageurs des Bahamas.<\/p>\n\n\n\n<h2 class=\"wp-block-heading\">Quelle est la demande aux Bahamas\u00a0?<\/h2>\n\n\n\n<p>The islands have a booming tourism sector, so almost every related niche is in demand. Hotels, condos, transport services, hair stylists, restaurants, and other food-based services like grocery stores can all do well here. <a href=\"https:\/\/www.sisinternational.com\/fr\/solutions\/conseil-en-tourisme-de-voyage-et-en-hotellerie\/etude-de-marche-dune-entreprise-de-guides-touristiques\/\" title=\"\u00c9tude de march\u00e9 sur les soci\u00e9t\u00e9s de guides touristiques\"  data-wpil-monitor-id=\"8970\">Guided fishing and boating tours<\/a> and undersea adventures also see massive success.<\/p>\n\n\n\n<h2 class=\"wp-block-heading\">Base de consommateurs<\/h2>\n\n\n\n<p>The population of these islands is young. That\u2019s a feat, given the number of US retirees who call it home.<\/p>\n\n\n\n<p>Le pays d\u00e9pend des importations en provenance des \u00c9tats-Unis. En fait, c\u2019est ainsi qu\u2019elle r\u00e9pond aux besoins en carburant et en nourriture des habitants et des touristes. Les produits am\u00e9ricains jouissent d\u2019une r\u00e9putation de haute qualit\u00e9.<\/p>\n\n\n\n<p>Another key point is that the people living on these islands tend to be brand-conscious. They prefer the brands they see on their frequent trips to the US. American commercials and other TV shows are also factors in their buying decisions.<\/p>\n\n\n\n<h2 class=\"wp-block-heading\">Avantages et atouts sur le march\u00e9<\/h2>\n\n\n\n<p>L&#039;exon\u00e9ration d&#039;imp\u00f4t sur les revenus du pays constitue un \u00e9norme avantage. Les b\u00e9n\u00e9fices des soci\u00e9t\u00e9s, les plus-values, les revenus personnels, les h\u00e9ritages, les ventes ainsi que les dividendes sont exon\u00e9r\u00e9s d&#039;imp\u00f4t. Cette libert\u00e9 s&#039;\u00e9tend \u00e9galement \u00e0 toutes les personnes priv\u00e9es, soci\u00e9t\u00e9s de personnes, fiducies et soci\u00e9t\u00e9s r\u00e9sidentes.<\/p>\n\n\n\n<p>The Bahamian dollar is on par with the US dollar. It has shown steady performance and value over the years.<br>Un autre point fort est la facilit\u00e9 de faire des affaires. Les \u00eeles ont mis en place plusieurs mesures favorables aux entreprises pour attirer les investissements.<\/p>\n\n\n\n<h2 class=\"wp-block-heading\">Raisons de d\u00e9velopper votre entreprise sur ce march\u00e9<\/h2>\n\n\n\n<p>Les Bahamas ont un climat favorable aux investissements. Les investisseurs \u00e9trangers et locaux peuvent prosp\u00e9rer ici. Les lois encouragent les investissements directs \u00e9trangers et les investisseurs \u00e9ligibles peuvent \u00e9galement b\u00e9n\u00e9ficier d&#039;incitations. Il s\u2019agit notamment d\u2019exon\u00e9rations de taxes et de droits de douane. Les investisseurs peuvent b\u00e9n\u00e9ficier d\u2019incitations pour\u00a0:<\/p>\n\n\n\n<ul class=\"wp-block-list\">\n<li>Entreprises de d\u00e9veloppement de multipropri\u00e9t\u00e9 et de condominiums<\/li>\n\n\n\n<li>Stations touristiques<\/li>\n\n\n\n<li>Technologie, traitement des donn\u00e9es et services informatiques<\/li>\n\n\n\n<li>Assurance captive<\/li>\n\n\n\n<li>Services de r\u00e9paration de navires<\/li>\n\n\n\n<li>Industrie de l&#039;assemblage<\/li>\n\n\n\n<li>Service d&#039;avions<\/li>\n<\/ul>\n\n\n\n<h2 class=\"wp-block-heading\">\u00c0 propos des \u00e9tudes de march\u00e9 aux Bahamas<\/h2>\n\n\n\n<p>Notre <a href=\"https:\/\/www.sisinternational.com\/fr\/solutions\/conseil-en-strategie\/analyse-des-donnees\/\" title=\"Soci\u00e9t\u00e9 d&#039;analyse de donn\u00e9es\"  data-wpil-monitor-id=\"8972\">company can give you the data<\/a> you need to set up shop in these islands. At least, we can tell you the time it takes to start and run a business here, the series of steps, and the cost. Our <a href=\"https:\/\/www.sisinternational.com\/fr\/sampling-techniques-in-qualitative-research-the-complete-guide-to-choosing-the-right-method\/\" title=\"Sampling Techniques in Qualitative Research: The Complete Guide to Choosing the Right Method\"  data-wpil-monitor-id=\"8965\">Qualitative Research methods<\/a> include Interviews, Focus Groups, and UX Market Research. Mobile, App, and Phone Surveys are some of our <a href=\"https:\/\/www.sisinternational.com\/fr\/quantitative-market-research-methods-and-techniques\/\" title=\"Quantitative Market Research Methods and Techniques\"  data-wpil-monitor-id=\"8966\">Quantitative Research methods<\/a>. We also provide Strategy Research.<\/p>\n\n\n\n<p><\/p>","protected":false},"excerpt":{"rendered":"<p>Notre soci\u00e9t\u00e9 peut vous fournir les donn\u00e9es dont vous avez besoin pour vous installer dans ces \u00eeles. Les m\u00e9thodes de recherche qualitative comprennent des entretiens, des groupes de discussion et des \u00e9tudes de march\u00e9 UX.<\/p>","protected":false},"author":1,"featured_media":66368,"parent":33287,"menu_order":11,"comment_status":"closed","ping_status":"closed","template":"","meta":{"footnotes":""},"class_list":["post-41086","page","type-page","status-publish","has-post-thumbnail"],"_links":{"self":[{"href":"https:\/\/www.sisinternational.com\/fr\/wp-json\/wp\/v2\/pages\/41086","targetHints":{"allow":["GET"]}}],"collection":[{"href":"https:\/\/www.sisinternational.com\/fr\/wp-json\/wp\/v2\/pages"}],"about":[{"href":"https:\/\/www.sisinternational.com\/fr\/wp-json\/wp\/v2\/types\/page"}],"author":[{"embeddable":true,"href":"https:\/\/www.sisinternational.com\/fr\/wp-json\/wp\/v2\/users\/1"}],"replies":[{"embeddable":true,"href":"https:\/\/www.sisinternational.com\/fr\/wp-json\/wp\/v2\/comments?post=41086"}],"version-history":[{"count":3,"href":"https:\/\/www.sisinternational.com\/fr\/wp-json\/wp\/v2\/pages\/41086\/revisions"}],"predecessor-version":[{"id":81505,"href":"https:\/\/www.sisinternational.com\/fr\/wp-json\/wp\/v2\/pages\/41086\/revisions\/81505"}],"up":[{"embeddable":true,"href":"https:\/\/www.sisinternational.com\/fr\/wp-json\/wp\/v2\/pages\/33287"}],"wp:featuredmedia":[{"embeddable":true,"href":"https:\/\/www.sisinternational.com\/fr\/wp-json\/wp\/v2\/media\/66368"}],"wp:attachment":[{"href":"https:\/\/www.sisinternational.com\/fr\/wp-json\/wp\/v2\/media?parent=41086"}],"curies":[{"name":"wp","href":"https:\/\/api.w.org\/{rel}","templated":true}]}}