{"id":41084,"date":"2022-12-13T04:59:58","date_gmt":"2022-12-13T04:59:58","guid":{"rendered":"https:\/\/www.sisinternational.com\/?page_id=41084"},"modified":"2026-01-24T21:30:39","modified_gmt":"2026-01-25T02:30:39","slug":"etude-de-marche-a-saint-kitts-nevis","status":"publish","type":"page","link":"https:\/\/www.sisinternational.com\/fr\/couverture\/etude-de-marche-dans-les-caraibes\/etude-de-marche-a-saint-kitts-nevis\/","title":{"rendered":"\u00c9tude de march\u00e9 \u00e0 Saint-Kitts-et-Nevis"},"content":{"rendered":"<h1 class=\"wp-block-heading\">\u00c9tude de march\u00e9 \u00e0 Saint-Kitts-et-Nevis<\/h1>\n\n\n\n<figure class=\"gb-block-image gb-block-image-3b85ade1\"><img loading=\"lazy\" decoding=\"async\" width=\"1456\" height=\"816\" class=\"gb-image gb-image-3b85ade1\" src=\"https:\/\/www.sisinternational.com\/wp-content\/uploads\/2025\/09\/St.-Kitts-Nevis-1.jpg\" alt=\"\u00c9tudes de march\u00e9 et strat\u00e9gie internationales SIS\" title=\"St. Kitts &amp; Nevis (1)\" srcset=\"https:\/\/www.sisinternational.com\/wp-content\/uploads\/2025\/09\/St.-Kitts-Nevis-1.jpg 1456w, https:\/\/www.sisinternational.com\/wp-content\/uploads\/2025\/09\/St.-Kitts-Nevis-1-300x168.jpg 300w, https:\/\/www.sisinternational.com\/wp-content\/uploads\/2025\/09\/St.-Kitts-Nevis-1-1024x574.jpg 1024w, https:\/\/www.sisinternational.com\/wp-content\/uploads\/2025\/09\/St.-Kitts-Nevis-1-768x430.jpg 768w, https:\/\/www.sisinternational.com\/wp-content\/uploads\/2025\/09\/St.-Kitts-Nevis-1-18x10.jpg 18w\" sizes=\"auto, (max-width: 1456px) 100vw, 1456px\"><\/figure>\n\n\n\n<hr class=\"wp-block-separator has-alpha-channel-opacity is-style-dots\"\/>\n\n\n\n<p>Saint Kitts and Nevis is a micro-state. It consists of two islands located in the Leeward Islands chain of the Lesser Antilles. St. Kitts &amp; Nevis is the smallest sovereign country in the Western Hemisphere. The capital city is Basseterre, on St. Kitts. Anguilla used to be part of this union, but that island chose to secede and is now a <a href=\"https:\/\/www.sisinternational.com\/fr\/couverture\/les-ameriques\/etude-de-marche-dans-les-caraibes\/etude-de-marche-iles-vierges-britanniques\/\" title=\"Etude de march\u00e9 aux \u00celes Vierges britanniques\"  data-wpil-monitor-id=\"9483\">British<\/a> Overseas Territory.<\/p>\n\n\n\n<h2 class=\"wp-block-heading\">Industries cl\u00e9s<\/h2>\n\n\n\n<p>The primary industry in Saint Kitts and Nevis is <a href=\"https:\/\/www.sisinternational.com\/fr\/solutions\/ai-etudes-de-marche-et-conseil-en-strategie\/adoption-de-lia-voyage-hotellerie-conseil-en-industrie-du-tourisme\/\" title=\"Adoption de l&#039;IA dans le conseil dans l&#039;industrie du voyage, de l&#039;h\u00f4tellerie et du tourisme\"  data-wpil-monitor-id=\"9484\">tourisme<\/a>, and the islands rely on both long-term and short-term visitors. Agriculture is another primary industry. About 39 percent of the islands are under cultivation. Sugar cane is one of the major crops. Animal husbandry is yet another, and the islanders rear sheep, goats, cattle, and pigs. The islands also export fish to the Dutch Caribbean and Puerto Rico. The people of Saint Kitts and Nevis also engage in forestry and mining.<\/p>\n\n\n\n<h2 class=\"wp-block-heading\">Quartiers<\/h2>\n\n\n\n<p>Basseterre, la capitale, poss\u00e8de des b\u00e2timents et des monuments anciens en raison de sa longue histoire de lutte coloniale. Les points d&#039;int\u00e9r\u00eat incluent la place de l&#039;Ind\u00e9pendance et le quartier du Cirque. Sandy Point est la deuxi\u00e8me plus grande ville de Saint-Kitts. Il abrite un site class\u00e9 au patrimoine mondial de l&#039;UNESCO, le parc national de Brimstone Hill Fortress, qui offre une superbe vue sur les plaines en contrebas et sur l&#039;oc\u00e9an. Charlestown est la principale ville et le port de Nevis et abrite \u00e9galement de nombreux sites touristiques.<\/p>\n\n\n\n<h2 class=\"wp-block-heading\">Les tendances<\/h2>\n\n\n\n<p>Saint-Kitts-et-Nevis rebondit apr\u00e8s une forte baisse. La baisse des prix mondiaux a nui \u00e0 l\u2019industrie de la canne \u00e0 sucre ces derni\u00e8res ann\u00e9es. L\u2019impact du ralentissement actuel sur le tourisme, principal pilier du pays, a eu des r\u00e9percussions en cha\u00eene. Saint-Kitts-et-Nevis est \u00e9galement sujet aux chocs ext\u00e9rieurs. Par exemple, les catastrophes naturelles, le changement climatique et les crises mondiales peuvent avoir de lourdes cons\u00e9quences. Le pays a choisi les principaux secteurs d&#039;investissement, notamment le tourisme, les services financiers et l&#039;immobilier. Les TIC, l\u2019industrie l\u00e9g\u00e8re limit\u00e9e et les \u00e9nergies renouvelables sont d\u2019autres domaines de pr\u00e9occupation majeurs.<\/p>\n\n\n\n<h2 class=\"wp-block-heading\">Avantages et atouts sur le march\u00e9<\/h2>\n\n\n\n<p>Saint-Kitts-et-Nevis est devenu l&#039;une des \u00e9conomies \u00e0 la croissance la plus rapide de la r\u00e9gion. Elle dispose d&#039;une infrastructure solide et de plages de sable fin et ensoleill\u00e9es. En outre, les \u00eeles comptent une communaut\u00e9 locale et d\u2019expatri\u00e9s florissante. Plus d&#039;un million de personnes visitent Saint-Kitts-et-Nevis chaque ann\u00e9e. Certains d\u2019entre eux aiment tellement \u00e7a qu\u2019ils finissent par y rester. Un autre point fort r\u00e9side dans le fait que Saint-Kitts-et-Nevis sont des \u00eeles anglophones. L&#039;usage r\u00e9pandu de l&#039;anglais signifie qu&#039;il est facile pour les gens de faire des affaires dans ce pays prosp\u00e8re.<\/p>\n\n\n\n<h2 class=\"wp-block-heading\">Base de consommateurs<\/h2>\n\n\n\n<p>Saint Kitts and Nevis is home to a total of 54,000 people. Many of these people depend on foreign remittances, which comprise about 3 percent of the GDP. Almost 100 percent of households on the two islands have access to electricity. About 80 percent of people have Internet access. In 2022, the country rolled out its National Quality Policy. This policy is a <a href=\"https:\/\/www.sisinternational.com\/fr\/global-beverage-market\/\" title=\"Global Beverage Market: Market Dynamics, Growth Projections &amp; Consumer Insights\"  data-wpil-monitor-id=\"9482\">project aimed at protecting consumers<\/a> from shoddy goods.<\/p>\n\n\n\n<h2 class=\"wp-block-heading\">Raisons de d\u00e9velopper votre entreprise \u00e0 Saint-Kitts-et-Nevis<\/h2>\n\n\n\n<p>One of the reasons to <a href=\"https:\/\/www.sisinternational.com\/fr\/publications\/marche-intermediaire-japonais-exportant\/\" title=\"D\u00e9velopper votre entreprise au Japon\"  data-wpil-monitor-id=\"9481\">grow a business<\/a> in Saint Kitts and Nevis is its banking sector. The <a href=\"https:\/\/www.sisinternational.com\/fr\/transporteurs-low-cost-dans-lindustrie-aeronautique\/\" title=\"\u00c9tude de march\u00e9 sur les compagnies a\u00e9riennes \u00e0 bas prix\"  data-wpil-monitor-id=\"9480\">cost of transactions is low<\/a>, and the privacy policies are sound. Companies can also receive tax benefits. In St. Kitts and Nevis, there are no taxes on capital gains, personal income, royalties, or estate. Dividends, interest, technical services, and gifts are not taxed. Moreover, the islands have a strong economy. The central bank has pegged the East Caribbean Dollar to the US dollar at XCD$2.7 = US$1 for the past 45 years.<\/p>\n\n\n\n<h2 class=\"wp-block-heading\">\u00c0 propos des \u00e9tudes de march\u00e9 \u00e0 Saint-Kitts-et-Nevis<\/h2>\n\n\n\n<p>SIS International is a top market research company providing insights into the investing climate in Saint Kitts and Nevis. We offer <a href=\"https:\/\/www.sisinternational.com\/fr\/how-to-design-effective-surveys-for-quantitative-research\/\" title=\"How to Design Effective Surveys for Quantitative Research\"  data-wpil-monitor-id=\"9479\">Recherche quantitative et qualitative<\/a> services. We provide high-quality UX and Strategy Market Research to companies worldwide. If you need a market research company, SIS is your best bet. Another of our services is Focus Groups, which form part of <a href=\"https:\/\/www.sisinternational.com\/fr\/competence\/les-industries\/etude-de-marche-du-transport-maritime-et-de-la-logistique\/\" title=\"\u00c9tude de march\u00e9 sur le transport maritime et la logistique\"  data-wpil-monitor-id=\"3522\">Recherche d&#039;entr\u00e9e sur le march\u00e9<\/a>. We also do Surveys and Interviews to help you reach your target audience.<\/p>\n\n\n\n<p><\/p>","protected":false},"excerpt":{"rendered":"<p>SIS est une soci\u00e9t\u00e9 d&#039;\u00e9tudes de march\u00e9 de premier plan qui fournit des informations sur le climat d&#039;investissement \u00e0 Saint-Kitts-et-Nevis.<\/p>","protected":false},"author":1,"featured_media":66361,"parent":33287,"menu_order":10,"comment_status":"closed","ping_status":"closed","template":"","meta":{"footnotes":""},"class_list":["post-41084","page","type-page","status-publish","has-post-thumbnail"],"_links":{"self":[{"href":"https:\/\/www.sisinternational.com\/fr\/wp-json\/wp\/v2\/pages\/41084","targetHints":{"allow":["GET"]}}],"collection":[{"href":"https:\/\/www.sisinternational.com\/fr\/wp-json\/wp\/v2\/pages"}],"about":[{"href":"https:\/\/www.sisinternational.com\/fr\/wp-json\/wp\/v2\/types\/page"}],"author":[{"embeddable":true,"href":"https:\/\/www.sisinternational.com\/fr\/wp-json\/wp\/v2\/users\/1"}],"replies":[{"embeddable":true,"href":"https:\/\/www.sisinternational.com\/fr\/wp-json\/wp\/v2\/comments?post=41084"}],"version-history":[{"count":4,"href":"https:\/\/www.sisinternational.com\/fr\/wp-json\/wp\/v2\/pages\/41084\/revisions"}],"predecessor-version":[{"id":81583,"href":"https:\/\/www.sisinternational.com\/fr\/wp-json\/wp\/v2\/pages\/41084\/revisions\/81583"}],"up":[{"embeddable":true,"href":"https:\/\/www.sisinternational.com\/fr\/wp-json\/wp\/v2\/pages\/33287"}],"wp:featuredmedia":[{"embeddable":true,"href":"https:\/\/www.sisinternational.com\/fr\/wp-json\/wp\/v2\/media\/66361"}],"wp:attachment":[{"href":"https:\/\/www.sisinternational.com\/fr\/wp-json\/wp\/v2\/media?parent=41084"}],"curies":[{"name":"wp","href":"https:\/\/api.w.org\/{rel}","templated":true}]}}