{"id":41082,"date":"2022-12-13T04:54:32","date_gmt":"2022-12-13T04:54:32","guid":{"rendered":"https:\/\/www.sisinternational.com\/?page_id=41082"},"modified":"2026-01-25T18:54:04","modified_gmt":"2026-01-25T23:54:04","slug":"etude-de-marche-saint-barthelemy","status":"publish","type":"page","link":"https:\/\/www.sisinternational.com\/fr\/couverture\/etude-de-marche-dans-les-caraibes\/etude-de-marche-saint-barthelemy\/","title":{"rendered":"Etude de march\u00e9 \u00e0 Saint-Barth\u00e9lemy"},"content":{"rendered":"<h1 class=\"wp-block-heading\">Etude de march\u00e9 \u00e0 Saint-Barth\u00e9lemy<\/h1>\n\n\n\n<figure class=\"gb-block-image gb-block-image-795aa881\"><img loading=\"lazy\" decoding=\"async\" width=\"1456\" height=\"816\" class=\"gb-image gb-image-795aa881\" src=\"https:\/\/www.sisinternational.com\/wp-content\/uploads\/2025\/09\/St.-Barthelemy-2.jpg\" alt=\"\u00c9tudes de march\u00e9 et strat\u00e9gie internationales SIS\" title=\"St. Barthelemy (2)\" srcset=\"https:\/\/www.sisinternational.com\/wp-content\/uploads\/2025\/09\/St.-Barthelemy-2.jpg 1456w, https:\/\/www.sisinternational.com\/wp-content\/uploads\/2025\/09\/St.-Barthelemy-2-300x168.jpg 300w, https:\/\/www.sisinternational.com\/wp-content\/uploads\/2025\/09\/St.-Barthelemy-2-1024x574.jpg 1024w, https:\/\/www.sisinternational.com\/wp-content\/uploads\/2025\/09\/St.-Barthelemy-2-768x430.jpg 768w, https:\/\/www.sisinternational.com\/wp-content\/uploads\/2025\/09\/St.-Barthelemy-2-18x10.jpg 18w\" sizes=\"auto, (max-width: 1456px) 100vw, 1456px\"><\/figure>\n\n\n\n<hr class=\"wp-block-separator has-alpha-channel-opacity is-style-dots\"\/>\n\n\n\n<p>Saint-Barth\u00e9lemy est une collectivit\u00e9 fran\u00e7aise d&#039;outre-mer situ\u00e9e dans les Cara\u00efbes. Elle abrite environ 10 000 personnes. En fran\u00e7ais, le nom court de l&#039;\u00eele est Saint Barth, et en anglais, St. Barts. Il se trouve au nord-est de Saint-Eustache, Saba, Saint-Kitts, Nevis et au sud de Saint-Martin. L&#039;\u00eele fut pendant de nombreuses ann\u00e9es une commune fran\u00e7aise faisant partie de la Guadeloupe. Ses ressortissants ont vot\u00e9 pour la s\u00e9cession en 2003.<\/p>\n\n\n\n<h2 class=\"wp-block-heading\">Industries cl\u00e9s<\/h2>\n\n\n\n<p>Le milliardaire David Rockefeller a achet\u00e9 une propri\u00e9t\u00e9 \u00e0 Saint Barth en 1957 et l&#039;a mise sur la carte. Depuis, elle s\u2019est transform\u00e9e en un lieu touristique haut de gamme dans les Cara\u00efbes. Le tourisme est la principale source de revenus. L&#039;\u00eele regorge de beaut\u00e9s naturelles et abrite une vie marine riche et une faune diversifi\u00e9e. Le secteur du tourisme emploie environ un tiers de la population. Les travaux publics et la construction sont les autres secteurs essentiels.<\/p>\n\n\n\n<h2 class=\"wp-block-heading\">Quartiers<\/h2>\n\n\n\n<p>Gustavia est la ville principale de Saint-Barth. Son ancien nom \u00e9tait \u00ab Carenage \u00bb, mais cela a chang\u00e9 lorsque Louis XVI a transf\u00e9r\u00e9 l&#039;\u00eele \u00e0 Gustave III de Su\u00e8de. Public est une nouvelle ville situ\u00e9e dans ce qui \u00e9tait autrefois un \u00e9tang sal\u00e9. C&#039;est aujourd&#039;hui la principale zone industrielle de l&#039;\u00eele. Corossol est un petit village de p\u00eacheurs dont l&#039;industrie principale est les feuilles de palmier, tiss\u00e9es \u00e0 la main pour en faire des objets en paille. Un autre quartier populaire est Flamands. Les habitants de cette ville baln\u00e9aire d\u00e9gagent le charme typique de Saint-Barth.<\/p>\n\n\n\n<h2 class=\"wp-block-heading\">Les tendances<\/h2>\n\n\n\n<p>Comme dans d\u2019autres pays des Cara\u00efbes, le tourisme a tendance \u00e0 augmenter pendant les grandes vacances aux \u00c9tats-Unis. Il y a toujours une l\u00e9g\u00e8re hausse pour Thanksgiving, No\u00ebl et le jour de l&#039;An. Des c\u00e9l\u00e9brit\u00e9s visitent l&#039;\u00eele. Ils l\u2019adorent parce que les habitants et les autres visiteurs leur offrent l\u2019intimit\u00e9 dont ils r\u00eavent. De plus, les opportunit\u00e9s d\u2019affaires et d\u2019investissement abondent. Chacune des \u00eeles pr\u00e9sente des avantages uniques. Pourtant, investir dans les Cara\u00efbes est volatile et sans garantie de succ\u00e8s. Une entreprise doit s\u2019assurer d\u2019avoir le meilleur cr\u00e9neau pour le pays qu\u2019elle a choisi.<\/p>\n\n\n\n<h2 class=\"wp-block-heading\">Avantages et atouts sur le march\u00e9<\/h2>\n\n\n\n<p>L&#039;\u00e9conomie ici est saine, avec une infrastructure robuste et un faible taux de pauvret\u00e9. Cette destination de luxe attire des visiteurs du monde entier. C&#039;est l&#039;escapade parfaite dans les Cara\u00efbes, et elle est \u00e9galement s\u00fbre, avec de faibles taux de criminalit\u00e9. De plus, toute personne poss\u00e9dant un passeport europ\u00e9en peut vivre et travailler ici. Les citoyens am\u00e9ricains peuvent acheter une maison sans aucune restriction. Un autre avantage est que les r\u00e9sidents ne paient aucun imp\u00f4t sur le revenu.<\/p>\n\n\n\n<h2 class=\"wp-block-heading\">Base de consommateurs<\/h2>\n\n\n\n<p>Les donn\u00e9es montrent que Saint-Barth compte plus d&#039;hommes que de femmes. Environ la moiti\u00e9 des personnes sont actives sur les r\u00e9seaux sociaux. En fait, Facebook est de loin le m\u00e9dia le plus populaire, suivi par Instagram. LinkedIn et Twitter sont \u00e9galement populaires. Autre point fort, ce paradis carib\u00e9en compte une client\u00e8le haut de gamme, et plusieurs marques de luxe sont disponibles dans les magasins de Gustavia. C&#039;est l&#039;un des terrains de jeux des riches et des c\u00e9l\u00e9brit\u00e9s, il n&#039;est donc pas surprenant que de tels produits soient tr\u00e8s demand\u00e9s.<\/p>\n\n\n\n<h2 class=\"wp-block-heading\">Raisons de d\u00e9velopper votre entreprise \u00e0 Saint-Barth<\/h2>\n\n\n\n<p>Saint Barth is perfect for <a href=\"https:\/\/www.sisinternational.com\/fr\/solutions\/etude-de-marche-de-consommation\/\" title=\"Consumer Market Research Services for Smarter Business Decisions\"  data-wpil-monitor-id=\"10348\">businesses that offer upmarket goods and services<\/a>. Designer boutiques abound, and celebrities as well as super yachts are a common sight. The stunning beaches in this travel hotspot are often crowd-free, even during peak season. Colombier Beach and Saline Beach are the best, offering peace, quiet, and miles of white sand. Another unique feature is the plethora of villas. It\u2019s in direct contrast to other islands where tourists tend to stay in hotel rooms. Your business can provide further <a href=\"https:\/\/www.sisinternational.com\/fr\/solutions\/recherche-de-conseil-en-strategie-fintech\/etude-de-marche-sur-les-services-financiers\/\" title=\"\u00c9tude de march\u00e9 sur les services financiers\"  data-wpil-monitor-id=\"10347\">services to this upscale market<\/a>. It also has a strategic location, four hours away from the US.<\/p>\n\n\n\n<h2 class=\"wp-block-heading\">\u00c0 propos des \u00e9tudes de march\u00e9 \u00e0 Saint Barth<\/h2>\n\n\n\n<p>SIS International is where the best in <a href=\"https:\/\/www.sisinternational.com\/fr\/solutions\/recherche-de-conseil-en-strategie-fintech\/etude-de-marche-des-changes\/\" title=\"\u00c9tude de march\u00e9 des changes\"  data-wpil-monitor-id=\"5272\">market research exchange<\/a> ideas. Read our Qualitative and Quantitative Market Research articles and other tools. We give professionals the real-world solutions they need. We can also provide UX and Strategy <a href=\"https:\/\/www.sisinternational.com\/fr\/couverture\/les-ameriques\/etude-de-marche-dans-les-caraibes\/etude-de-marche-a-saint-kitts-nevis\/\" title=\"\u00c9tude de march\u00e9 \u00e0 Saint-Kitts-et-Nevis\"  data-wpil-monitor-id=\"3284\">Market Research for St.<\/a> Barts across all different industries. With it, you can access the information you need to take your market research to a new level.<\/p>\n\n\n\n<p><\/p>","protected":false},"excerpt":{"rendered":"<p>SIS est l&#039;endroit o\u00f9 les meilleurs en mati\u00e8re d&#039;\u00e9tudes de march\u00e9 \u00e9changent des id\u00e9es. Lisez nos articles sur les \u00e9tudes de march\u00e9 qualitatives et quantitatives et d\u2019autres outils.<\/p>","protected":false},"author":1,"featured_media":66359,"parent":33287,"menu_order":9,"comment_status":"closed","ping_status":"closed","template":"","meta":{"footnotes":""},"class_list":["post-41082","page","type-page","status-publish","has-post-thumbnail"],"_links":{"self":[{"href":"https:\/\/www.sisinternational.com\/fr\/wp-json\/wp\/v2\/pages\/41082","targetHints":{"allow":["GET"]}}],"collection":[{"href":"https:\/\/www.sisinternational.com\/fr\/wp-json\/wp\/v2\/pages"}],"about":[{"href":"https:\/\/www.sisinternational.com\/fr\/wp-json\/wp\/v2\/types\/page"}],"author":[{"embeddable":true,"href":"https:\/\/www.sisinternational.com\/fr\/wp-json\/wp\/v2\/users\/1"}],"replies":[{"embeddable":true,"href":"https:\/\/www.sisinternational.com\/fr\/wp-json\/wp\/v2\/comments?post=41082"}],"version-history":[{"count":5,"href":"https:\/\/www.sisinternational.com\/fr\/wp-json\/wp\/v2\/pages\/41082\/revisions"}],"predecessor-version":[{"id":81706,"href":"https:\/\/www.sisinternational.com\/fr\/wp-json\/wp\/v2\/pages\/41082\/revisions\/81706"}],"up":[{"embeddable":true,"href":"https:\/\/www.sisinternational.com\/fr\/wp-json\/wp\/v2\/pages\/33287"}],"wp:featuredmedia":[{"embeddable":true,"href":"https:\/\/www.sisinternational.com\/fr\/wp-json\/wp\/v2\/media\/66359"}],"wp:attachment":[{"href":"https:\/\/www.sisinternational.com\/fr\/wp-json\/wp\/v2\/media?parent=41082"}],"curies":[{"name":"wp","href":"https:\/\/api.w.org\/{rel}","templated":true}]}}