{"id":41076,"date":"2022-12-13T04:33:21","date_gmt":"2022-12-13T04:33:21","guid":{"rendered":"https:\/\/www.sisinternational.com\/?page_id=41076"},"modified":"2026-01-24T21:30:40","modified_gmt":"2026-01-25T02:30:40","slug":"etude-de-marche-martinique","status":"publish","type":"page","link":"https:\/\/www.sisinternational.com\/fr\/couverture\/etude-de-marche-dans-les-caraibes\/etude-de-marche-martinique\/","title":{"rendered":"Etude de march\u00e9 en Martinique"},"content":{"rendered":"<h1 class=\"wp-block-heading\">Etude de march\u00e9 en Martinique<\/h1>\n\n\n\n<figure class=\"gb-block-image gb-block-image-d5dd84ef\"><img loading=\"lazy\" decoding=\"async\" width=\"1456\" height=\"816\" class=\"gb-image gb-image-d5dd84ef\" src=\"https:\/\/www.sisinternational.com\/wp-content\/uploads\/2025\/09\/Martinique-1.jpg\" alt=\"\u00c9tudes de march\u00e9 et strat\u00e9gie internationales SIS\" title=\"Martinique (1)\" srcset=\"https:\/\/www.sisinternational.com\/wp-content\/uploads\/2025\/09\/Martinique-1.jpg 1456w, https:\/\/www.sisinternational.com\/wp-content\/uploads\/2025\/09\/Martinique-1-300x168.jpg 300w, https:\/\/www.sisinternational.com\/wp-content\/uploads\/2025\/09\/Martinique-1-1024x574.jpg 1024w, https:\/\/www.sisinternational.com\/wp-content\/uploads\/2025\/09\/Martinique-1-768x430.jpg 768w, https:\/\/www.sisinternational.com\/wp-content\/uploads\/2025\/09\/Martinique-1-18x10.jpg 18w\" sizes=\"auto, (max-width: 1456px) 100vw, 1456px\"><\/figure>\n\n\n\n<hr class=\"wp-block-separator has-alpha-channel-opacity is-style-dots\"\/>\n\n\n\n<p>La Martinique, situ\u00e9e dans les Cara\u00efbes orientales, est un d\u00e9partement fran\u00e7ais d&#039;outre-mer. Il a une superficie de 436 miles carr\u00e9s et abrite 365 000 personnes. Il se trouve au nord-ouest de la Barbade, au nord de Sainte-Lucie et au sud de la Dominique. Le fran\u00e7ais est la langue principale, mais la plupart des gens parlent \u00e9galement le cr\u00e9ole martiniquais. De plus, les gens sont des citoyens fran\u00e7ais b\u00e9n\u00e9ficiant de tous les droits juridiques et politiques. La monnaie utilis\u00e9e est l&#039;euro.<\/p>\n\n\n\n<h2 class=\"wp-block-heading\">Industries cl\u00e9s<\/h2>\n\n\n\n<p>La Martinique compte plusieurs industries cl\u00e9s. Par exemple, les Martiniquais sont engag\u00e9s dans le tourisme, la p\u00eache, l\u2019agroalimentaire et le raffinage du p\u00e9trole. Le tourisme a connu une tr\u00e8s forte croissance au cours des derni\u00e8res d\u00e9cennies, doublant le nombre de visiteurs.<\/p>\n\n\n\n<p>La canne \u00e0 sucre et les bananes sont les principales exportations de la Martinique. En effet, les terres cultiv\u00e9es occupent environ un tiers de la superficie de l&#039;\u00eele et ce secteur emploie un sixi\u00e8me de la population.<\/p>\n\n\n\n<h2 class=\"wp-block-heading\">Quartiers<\/h2>\n\n\n\n<p><strong>Fort de France<\/strong>: La capitale de la Martinique a beaucoup \u00e0 offrir. Vous trouverez beaucoup de choses \u00e0 faire ici, que vous aimiez observer les dauphins, les visites gastronomiques ou vous impr\u00e9gner de l&#039;art local.<\/p>\n\n\n\n<p><strong>Sainte-Anne<\/strong>: This town has budget-friendly places to stay as well as many free activities. Sainte Anne is perfect for the low-budget traveler. In fact, it\u2019s a great place to invest. For example, one can open bistros, bed &amp; breakfasts, and similar <a href=\"https:\/\/www.sisinternational.com\/fr\/publications\/etude-de-marche-sur-les-entreprises-evolutives-7-facons-de-creer-une-entreprise-evolutive\/\" title=\"\u00c9tude de march\u00e9 sur les entreprises \u00e9volutives\u00a0: 7 fa\u00e7ons de cr\u00e9er une entreprise \u00e9volutive\"  data-wpil-monitor-id=\"9868\">businesses to serve this market<\/a>.<\/p>\n\n\n\n<p><strong>Sainte-Luce<\/strong>: Cette ville est un d\u00e9lice pour les gourmets. Il y a de superbes restaurants et bars \u00e0 chaque coin de rue.<\/p>\n\n\n\n<h2 class=\"wp-block-heading\">Les tendances<\/h2>\n\n\n\n<p>La Martinique d\u00e9pend du monde ext\u00e9rieur pour la plupart de ses produits. Les importations de l&#039;\u00eele sont au moins huit fois sup\u00e9rieures \u00e0 ses exportations ! Au moins, les exportations de nombreux produits ont augment\u00e9 ces derni\u00e8res ann\u00e9es. Les principaux fournisseurs de l&#039;\u00eele sont la France, l&#039;UE, l&#039;Asie et l&#039;Am\u00e9rique du Nord. La plupart des importations en provenance de France sont des biens de consommation non durables ; parmi eux, plus de la moiti\u00e9 sont des produits agroalimentaires. Pr\u00e8s d\u2019un quart sont des produits pharmaceutiques.<\/p>\n\n\n\n<h2 class=\"wp-block-heading\">Avantages et atouts sur le march\u00e9<\/h2>\n\n\n\n<p>L&#039;\u00eele dispose d&#039;un r\u00e9seau routier \u00e9tendu et bien entretenu en plus des autoroutes autour de Fort-de-France. De la m\u00eame mani\u00e8re, le seul a\u00e9roport dessert des vols \u00e0 destination et en provenance des \u00c9tats-Unis, du Canada, de l&#039;Europe, du Venezuela et du reste des Cara\u00efbes. Le port principal de Fort-de-France est le septi\u00e8me port fran\u00e7ais (mesur\u00e9 par le trafic de conteneurs). L&#039;\u00eele propose \u00e9galement un service de ferry r\u00e9gulier vers Sainte-Lucie, la Dominique et la Guadeloupe.<\/p>\n\n\n\n<h2 class=\"wp-block-heading\">Base de consommateurs<\/h2>\n\n\n\n<p>Pr\u00e8s de 90 pour cent des Martiniquais vivent dans des centres urbains. Le reste de la population vit dans les zones rurales. Il existe un d\u00e9s\u00e9quilibre entre les sexes, avec plus de femmes que d\u2019hommes. Les deux tiers des personnes utilisent r\u00e9guli\u00e8rement Internet, une augmentation constante au cours des derni\u00e8res ann\u00e9es. Moins de la moiti\u00e9 des Martiniquais sont sur Facebook. La port\u00e9e publicitaire de cette plateforme \u00e9quivaut \u00e0 environ 40\u00a0% de la population totale.<\/p>\n\n\n\n<p>La population de la Martinique est l&#039;une des plus denses des Cara\u00efbes. Pourtant, l\u2019\u00eele fait partie des plus petites territoires fran\u00e7ais d\u2019outre-mer.<\/p>\n\n\n\n<h2 class=\"wp-block-heading\">Raisons de d\u00e9velopper votre entreprise en Martinique<\/h2>\n\n\n\n<p>La Martinique accueille les investissements \u00e9trangers. Le climat des affaires y est sain et attire les investissements du monde entier. M\u00eame si le processus est complexe, la France accueille favorablement les investissements am\u00e9ricains. En fait, les \u00c9tats-Unis constituent la premi\u00e8re source d\u2019investissements directs \u00e9trangers de la France. Des opportunit\u00e9s existent dans le tourisme, la finance, le commerce et la r\u00e9paration, les TIC, la construction et l&#039;immobilier.<\/p>\n\n\n\n<p>Une autre raison d\u2019investir est le climat, constant et parfait pour le tourisme. Les temp\u00e9ratures moyennes oscillent autour de 79\u00b0F, avec des minimums moyens de 68\u00b0F \u2013 72\u00b0F et des maximums moyens de 86-90\u00b0. Les temp\u00e9ratures extr\u00eames sont de 59\u00b0F et 93\u00b0F. La saison des pluies s&#039;\u00e9tend de juillet \u00e0 d\u00e9cembre et la saison s\u00e8che de d\u00e9cembre \u00e0 juin.<\/p>\n\n\n\n<h2 class=\"wp-block-heading\">\u00c0 propos des \u00e9tudes de march\u00e9 en Martinique<\/h2>\n\n\n\n<p><a href=\"https:\/\/www.sisinternational.com\/fr\/solutions\/solutions-de-branding-et-de-recherche-client\/etude-de-marche-sur-les-tests-de-produits\/degustation-de-plats-internationaux-de-sis\/\" title=\"Qu&#039;est-ce qui fait de SIS International Research le meilleur cabinet d&#039;\u00e9tudes de march\u00e9 pour les tests de go\u00fbt des aliments \u00e0 New York ?\"  data-wpil-monitor-id=\"9867\">SIS International offers research<\/a> services for the island of Martinique. These services include:<\/p>\n\n\n\n<ul class=\"wp-block-list\">\n<li>\u00c9tude de march\u00e9 qualitative<\/li>\n\n\n\n<li>\u00c9tude de march\u00e9 quantitative<\/li>\n\n\n\n<li>\u00c9tude de march\u00e9 UX<\/li>\n\n\n\n<li>\u00c9tude de march\u00e9 strat\u00e9gique<\/li>\n\n\n\n<li>Analyse comp\u00e9titive<\/li>\n\n\n\n<li><a href=\"https:\/\/www.sisinternational.com\/fr\/competence\/les-industries\/etude-de-marche-halal\/\" title=\"\u00c9tude de march\u00e9 halal\"  data-wpil-monitor-id=\"3524\">Recherche d&#039;entr\u00e9e sur le march\u00e9<\/a><\/li>\n\n\n\n<li><a href=\"https:\/\/www.sisinternational.com\/fr\/couverture\/les-ameriques\/etude-de-marche-dans-les-caraibes\/etude-de-marche-aux-bahamas\/\" title=\"\u00c9tude de march\u00e9 aux Bahamas\"  data-wpil-monitor-id=\"3532\">Recherche sur la taille du march\u00e9<\/a><\/li>\n\n\n\n<li>Strat\u00e9gie de mise sur le march\u00e9<\/li>\n\n\n\n<li>Groupes de discussion<\/li>\n\n\n\n<li>Enqu\u00eates<\/li>\n\n\n\n<li>Entretiens<\/li>\n<\/ul>\n\n\n\n<p><\/p>","protected":false},"excerpt":{"rendered":"<p>SIS International propose des services de recherche pour l&#039;\u00eele de la Martinique. Ces services comprennent\u00a0:\u00a0Recherche qualitative, Recherche quantitative<\/p>","protected":false},"author":1,"featured_media":66136,"parent":33287,"menu_order":7,"comment_status":"closed","ping_status":"closed","template":"","meta":{"footnotes":""},"class_list":["post-41076","page","type-page","status-publish","has-post-thumbnail"],"_links":{"self":[{"href":"https:\/\/www.sisinternational.com\/fr\/wp-json\/wp\/v2\/pages\/41076","targetHints":{"allow":["GET"]}}],"collection":[{"href":"https:\/\/www.sisinternational.com\/fr\/wp-json\/wp\/v2\/pages"}],"about":[{"href":"https:\/\/www.sisinternational.com\/fr\/wp-json\/wp\/v2\/types\/page"}],"author":[{"embeddable":true,"href":"https:\/\/www.sisinternational.com\/fr\/wp-json\/wp\/v2\/users\/1"}],"replies":[{"embeddable":true,"href":"https:\/\/www.sisinternational.com\/fr\/wp-json\/wp\/v2\/comments?post=41076"}],"version-history":[{"count":6,"href":"https:\/\/www.sisinternational.com\/fr\/wp-json\/wp\/v2\/pages\/41076\/revisions"}],"predecessor-version":[{"id":81638,"href":"https:\/\/www.sisinternational.com\/fr\/wp-json\/wp\/v2\/pages\/41076\/revisions\/81638"}],"up":[{"embeddable":true,"href":"https:\/\/www.sisinternational.com\/fr\/wp-json\/wp\/v2\/pages\/33287"}],"wp:featuredmedia":[{"embeddable":true,"href":"https:\/\/www.sisinternational.com\/fr\/wp-json\/wp\/v2\/media\/66136"}],"wp:attachment":[{"href":"https:\/\/www.sisinternational.com\/fr\/wp-json\/wp\/v2\/media?parent=41076"}],"curies":[{"name":"wp","href":"https:\/\/api.w.org\/{rel}","templated":true}]}}