{"id":41074,"date":"2022-12-13T04:20:27","date_gmt":"2022-12-13T04:20:27","guid":{"rendered":"https:\/\/www.sisinternational.com\/?page_id=41074"},"modified":"2026-01-24T21:30:41","modified_gmt":"2026-01-25T02:30:41","slug":"etude-de-marche-guadeloupe","status":"publish","type":"page","link":"https:\/\/www.sisinternational.com\/fr\/couverture\/etude-de-marche-dans-les-caraibes\/etude-de-marche-guadeloupe\/","title":{"rendered":"Etude de march\u00e9 en Guadeloupe"},"content":{"rendered":"<h1 class=\"wp-block-heading\">Etude de march\u00e9 en Guadeloupe<\/h1>\n\n\n\n<figure class=\"gb-block-image gb-block-image-880192f7\"><img loading=\"lazy\" decoding=\"async\" width=\"1456\" height=\"816\" class=\"gb-image gb-image-880192f7\" src=\"https:\/\/www.sisinternational.com\/wp-content\/uploads\/2025\/09\/Guadeloupe-3.jpg\" alt=\"\u00c9tudes de march\u00e9 et strat\u00e9gie internationales SIS\" title=\"Guadeloupe (3)\" srcset=\"https:\/\/www.sisinternational.com\/wp-content\/uploads\/2025\/09\/Guadeloupe-3.jpg 1456w, https:\/\/www.sisinternational.com\/wp-content\/uploads\/2025\/09\/Guadeloupe-3-300x168.jpg 300w, https:\/\/www.sisinternational.com\/wp-content\/uploads\/2025\/09\/Guadeloupe-3-1024x574.jpg 1024w, https:\/\/www.sisinternational.com\/wp-content\/uploads\/2025\/09\/Guadeloupe-3-768x430.jpg 768w, https:\/\/www.sisinternational.com\/wp-content\/uploads\/2025\/09\/Guadeloupe-3-18x10.jpg 18w\" sizes=\"auto, (max-width: 1456px) 100vw, 1456px\"><\/figure>\n\n\n\n<hr class=\"wp-block-separator has-alpha-channel-opacity is-style-dots\"\/>\n\n\n\n<p>La Guadeloupe est un groupe d&#039;\u00eeles des Antilles fran\u00e7aises. C&#039;est un d\u00e9partement d&#039;outre-mer de la France. Autre point cl\u00e9, la r\u00e9gion principale de la Guadeloupe est constitu\u00e9e de deux \u00eeles. La Grande-Terre est \u00e0 l&#039;est et la Basse-Terre est plus \u00e0 l&#039;ouest. Un \u00e9troit canal maritime, la Rivi\u00e8re Sal\u00e9e, coule entre les deux. La D\u00e9sirade, une autre \u00eele du groupe, se trouve \u00e0 l&#039;est, Marie Galante au sud-est et les Saintes au sud.<\/p>\n\n\n\n<h2 class=\"wp-block-heading\">Industries cl\u00e9s<\/h2>\n\n\n\n<p>Tourism, agriculture, light industry, and <a href=\"https:\/\/www.sisinternational.com\/fr\/solutions\/recherche-de-conseil-en-strategie-fintech\/conseil-en-approvisionnement-en-services-financiers-2\/\" title=\"Conseil en approvisionnement en services financiers\"  data-wpil-monitor-id=\"8273\">services are the main sources<\/a> of the islands\u2019 wealth. The islands also depend on France for imports and large grants. They import fuel and most mass produced goods.<\/p>\n\n\n\n<h3 class=\"wp-block-heading\">Tourisme<\/h3>\n\n\n\n<p>Many cruise ships visit each year, and <a href=\"https:\/\/www.sisinternational.com\/fr\/solutions\/ai-etudes-de-marche-et-conseil-en-strategie\/adoption-de-lia-voyage-hotellerie-conseil-en-industrie-du-tourisme\/\" title=\"Adoption de l&#039;IA dans le conseil dans l&#039;industrie du voyage, de l&#039;h\u00f4tellerie et du tourisme\"  data-wpil-monitor-id=\"8271\">tourism has become the main industry<\/a>.<\/p>\n\n\n\n<h3 class=\"wp-block-heading\">Agriculture<\/h3>\n\n\n\n<p>D&#039;autres cultures, comme l&#039;aubergine, la banane et les fleurs, remplacent la canne \u00e0 sucre standard. Les gens cultivent \u00e9galement des plantes-racines et d\u2019autres l\u00e9gumes.<\/p>\n\n\n\n<h3 class=\"wp-block-heading\">Industrie l\u00e9g\u00e8re<\/h3>\n\n\n\n<p>La production de sucre et de rhum constitue l&#039;essentiel de l&#039;industrie l\u00e9g\u00e8re des \u00eeles.<\/p>\n\n\n\n<h2 class=\"wp-block-heading\">Quartiers<\/h2>\n\n\n\n<p>Les meilleures villes de ces \u00eeles sont Baie-Mahault, Les Abymes et Petit-Bourg. Le Gosier est la ville optimiste id\u00e9ale pour un s\u00e9jour en Grande-Terre. Sa situation centrale est son principal avantage. Le Gosier a aussi des plages, des magasins et une vie nocturne.<\/p>\n\n\n\n<p>Bouillante est l\u2019un des meilleurs endroits o\u00f9 s\u00e9journer \u00e0 Basseterre. C&#039;est parfait si vous aimez la plong\u00e9e sous-marine, le snorkeling ou vous pr\u00e9lasser dans les sources chaudes. Saint Fran\u00e7ois sur l&#039;\u00eele de Grande-Terre est un choix populaire aupr\u00e8s des familles. Elle poss\u00e8de plusieurs sites historiques et l&#039;une des plus belles plages de Guadeloupe : la plage des Raisins Clairs.<\/p>\n\n\n\n<h2 class=\"wp-block-heading\">Les tendances<\/h2>\n\n\n\n<p>Les \u00eeles sont modernes et connaissent une croissance constante depuis les ann\u00e9es 1990. Un secteur priv\u00e9 et principalement tertiaire a remplac\u00e9 une partie du secteur classique. Ce nouveau secteur repr\u00e9sente au moins les cinq sixi\u00e8mes de la richesse des \u00eeles. Vous trouverez \u00e9galement de nombreuses micro-entreprises, qui repr\u00e9sentent un tiers des emplois dans les \u00eeles. En effet, les rapports montrent que la Guadeloupe est le premier d\u00e9partement fran\u00e7ais pour la cr\u00e9ation d&#039;entreprises. Cela repr\u00e9sente en moyenne 5 000 nouvelles entreprises par an.<\/p>\n\n\n\n<h2 class=\"wp-block-heading\">Avantages et atouts sur le march\u00e9<\/h2>\n\n\n\n<p>La principale force des \u00eeles r\u00e9side dans les secteurs \u00e9mergents. Ces secteurs comprennent la silver \u00e9conomie, les services personnels, ainsi que les industries cr\u00e9atives et culturelles. L\u2019eau, l\u2019assainissement et le traitement des d\u00e9chets rel\u00e8vent \u00e9galement des secteurs \u00e9mergents.<br>The Jarry area is now a \u201cTerritoire d\u2019industrie.\u201d This move will strengthen the islands\u2019 appeal to investors. Other ambitious projects are underway, such as setting up a technopole. This technopole will bring together state-of-the-art <a href=\"https:\/\/www.sisinternational.com\/fr\/solutions\/recherche-de-conseil-en-strategie-fintech\/etude-de-marche-sur-le-secteur-des-services-financiers\/\" title=\"\u00c9tude de march\u00e9 sur le secteur des services financiers\"  data-wpil-monitor-id=\"8270\">industries and services<\/a>. It will also improve <a href=\"https:\/\/www.sisinternational.com\/fr\/competence\/les-industries\/etude-de-marche-sur-les-donnees-de-formation\/\" title=\"\u00c9tude de march\u00e9 sur les donn\u00e9es de formation\"  data-wpil-monitor-id=\"8274\">research capacity and make state-of-the-art training<\/a> possible.<\/p>\n\n\n\n<h2 class=\"wp-block-heading\">Base de consommateurs<\/h2>\n\n\n\n<p>Les \u00eeles abritent environ 400 000 habitants, dont un peu plus de femmes. Seulement environ 1,5 pour cent de la population vit dans les zones rurales ; le reste habite les centres urbains.<\/p>\n\n\n\n<p>Des donn\u00e9es r\u00e9centes montrent qu\u2019environ deux tiers des personnes sont des internautes, dont la plupart utilisent les r\u00e9seaux sociaux. Les publicit\u00e9s Facebook touchent pr\u00e8s de la moiti\u00e9 des personnes. La port\u00e9e publicitaire d&#039;Instagram est presque \u00e9gale \u00e0 celle de Facebook. LinkedIn compte environ un tiers des utilisateurs et Twitter un sixi\u00e8me.<\/p>\n\n\n\n<h2 class=\"wp-block-heading\">Raisons de d\u00e9velopper votre entreprise sur ce march\u00e9<\/h2>\n\n\n\n<p>Le climat d&#039;investissement en France (et, par extension, en Guadeloupe) est favorable. Il dispose d\u2019un solide cadre juridique anti-corruption. De la m\u00eame mani\u00e8re, cr\u00e9er une boutique est facile et abordable. Le gouvernement fran\u00e7ais propose une s\u00e9rie d&#039;incitations pour attirer les entreprises \u00e9trang\u00e8res. Si vous enregistrez une entreprise en Guadeloupe, vous pouvez obtenir des pr\u00eats \u00e0 des taux d\u2019int\u00e9r\u00eat avantageux. Ces taux ne sont en moyenne que de 2,2 pour cent par an.<\/p>\n\n\n\n<h2 class=\"wp-block-heading\">\u00c0 propos des \u00e9tudes de march\u00e9 en Guadeloupe<\/h2>\n\n\n\n<p><a href=\"https:\/\/www.sisinternational.com\/fr\/paque-de-paques-et-linevitable-lapin-en-chocolat\/\" title=\"\u00c9tude de march\u00e9 de P\u00e2ques\"  data-wpil-monitor-id=\"8265\">Market research is easy with SIS<\/a>. Our high-quality <a href=\"https:\/\/www.sisinternational.com\/fr\/solutions\/test-de-gout\/how-quantitative-sensory-testing-helps-businesses-improve-product-appeal\/\" title=\"Sensory Testing Research\"  data-wpil-monitor-id=\"8266\">research and data testing<\/a> provide insights into how you can make these islands work for you. We are here to help you make crucial decisions. SIS provides <a href=\"https:\/\/www.sisinternational.com\/fr\/how-to-design-effective-surveys-for-quantitative-research\/\" title=\"How to Design Effective Surveys for Quantitative Research\"  data-wpil-monitor-id=\"8268\">Quantitative coupled with Qualitative Research<\/a> on these islands and beyond. We also offer UX, Market Entry, and <a href=\"https:\/\/www.sisinternational.com\/fr\/le-role-du-developpement-de-processus-et-de-systemes-dans-la-reussite-organisationnelle\/\" title=\"\u00c9tude de march\u00e9 sur la conception organisationnelle\"  data-wpil-monitor-id=\"8263\">\u00c9tude de march\u00e9 strat\u00e9gique<\/a>.<br>We do Competitive Analysis, <a href=\"https:\/\/www.sisinternational.com\/fr\/competence\/les-industries\/etude-de-marche-halal\/\" title=\"\u00c9tude de march\u00e9 halal\"  data-wpil-monitor-id=\"3526\">Recherche d&#039;opportunit\u00e9s de march\u00e9<\/a>, and Market Sizing Research. You can also count on us for data to inform your Go-to-Market Strategy. We use Focus Groups, Surveys, and Interviews to gather data to help you decide to invest.<\/p>\n\n\n\n<p><\/p>","protected":false},"excerpt":{"rendered":"<p>Les \u00e9tudes de march\u00e9 sont faciles avec SIS. Nos recherches et tests de donn\u00e9es de haute qualit\u00e9 vous donnent un aper\u00e7u de la mani\u00e8re dont vous pouvez faire en sorte que ces \u00eeles fonctionnent pour vous.<\/p>","protected":false},"author":1,"featured_media":66125,"parent":33287,"menu_order":6,"comment_status":"closed","ping_status":"closed","template":"","meta":{"footnotes":""},"class_list":["post-41074","page","type-page","status-publish","has-post-thumbnail"],"_links":{"self":[{"href":"https:\/\/www.sisinternational.com\/fr\/wp-json\/wp\/v2\/pages\/41074","targetHints":{"allow":["GET"]}}],"collection":[{"href":"https:\/\/www.sisinternational.com\/fr\/wp-json\/wp\/v2\/pages"}],"about":[{"href":"https:\/\/www.sisinternational.com\/fr\/wp-json\/wp\/v2\/types\/page"}],"author":[{"embeddable":true,"href":"https:\/\/www.sisinternational.com\/fr\/wp-json\/wp\/v2\/users\/1"}],"replies":[{"embeddable":true,"href":"https:\/\/www.sisinternational.com\/fr\/wp-json\/wp\/v2\/comments?post=41074"}],"version-history":[{"count":6,"href":"https:\/\/www.sisinternational.com\/fr\/wp-json\/wp\/v2\/pages\/41074\/revisions"}],"predecessor-version":[{"id":81389,"href":"https:\/\/www.sisinternational.com\/fr\/wp-json\/wp\/v2\/pages\/41074\/revisions\/81389"}],"up":[{"embeddable":true,"href":"https:\/\/www.sisinternational.com\/fr\/wp-json\/wp\/v2\/pages\/33287"}],"wp:featuredmedia":[{"embeddable":true,"href":"https:\/\/www.sisinternational.com\/fr\/wp-json\/wp\/v2\/media\/66125"}],"wp:attachment":[{"href":"https:\/\/www.sisinternational.com\/fr\/wp-json\/wp\/v2\/media?parent=41074"}],"curies":[{"name":"wp","href":"https:\/\/api.w.org\/{rel}","templated":true}]}}