{"id":41072,"date":"2022-12-13T04:15:26","date_gmt":"2022-12-13T04:15:26","guid":{"rendered":"https:\/\/www.sisinternational.com\/?page_id=41072"},"modified":"2026-01-26T16:47:54","modified_gmt":"2026-01-26T21:47:54","slug":"etude-de-marche-grenade","status":"publish","type":"page","link":"https:\/\/www.sisinternational.com\/fr\/couverture\/etude-de-marche-dans-les-caraibes\/etude-de-marche-grenade\/","title":{"rendered":"Etude de march\u00e9 \u00e0 la Grenade"},"content":{"rendered":"<h1 class=\"wp-block-heading\">Etude de march\u00e9 \u00e0 la Grenade<\/h1>\n\n\n\n<figure class=\"gb-block-image gb-block-image-abccce6c\"><img loading=\"lazy\" decoding=\"async\" width=\"1456\" height=\"816\" class=\"gb-image gb-image-abccce6c\" src=\"https:\/\/www.sisinternational.com\/wp-content\/uploads\/2025\/09\/Grenada-3.jpg\" alt=\"\u00c9tudes de march\u00e9 et strat\u00e9gie internationales SIS\" title=\"Grenada (3)\" srcset=\"https:\/\/www.sisinternational.com\/wp-content\/uploads\/2025\/09\/Grenada-3.jpg 1456w, https:\/\/www.sisinternational.com\/wp-content\/uploads\/2025\/09\/Grenada-3-300x168.jpg 300w, https:\/\/www.sisinternational.com\/wp-content\/uploads\/2025\/09\/Grenada-3-1024x574.jpg 1024w, https:\/\/www.sisinternational.com\/wp-content\/uploads\/2025\/09\/Grenada-3-768x430.jpg 768w, https:\/\/www.sisinternational.com\/wp-content\/uploads\/2025\/09\/Grenada-3-18x10.jpg 18w\" sizes=\"auto, (max-width: 1456px) 100vw, 1456px\"><\/figure>\n\n\n\n<hr class=\"wp-block-separator has-alpha-channel-opacity is-style-dots\"\/>\n\n\n\n<p>La Grenade est une nation insulaire situ\u00e9e \u00e0 l\u2019extr\u00e9mit\u00e9 sud de la cha\u00eene des Cara\u00efbes. Elle se compose de trois \u00eeles habit\u00e9es : Grenade (le continent), Carriacou et Petit Martinique.<\/p>\n\n\n\n<p>Several islets are also part of the state of Grenada. These include Calivigny Island, White Island, and Isle de Ronde. This 133-square-mile country is home to around 115,000 people. It lies north of <a href=\"https:\/\/www.sisinternational.com\/fr\/couverture\/les-ameriques\/etude-de-marche-dans-les-caraibes\/etude-de-marche-trinite-tobago\/\" title=\"\u00c9tude de march\u00e9 \u00e0 Trinit\u00e9-et-Tobago\"  data-wpil-monitor-id=\"6202\">Trinidad &amp; Tobago<\/a>.<\/p>\n\n\n\n<h2 class=\"wp-block-heading\">Industries cl\u00e9s<\/h2>\n\n\n\n<p>La Grenade a une petite \u00e9conomie ouverte bas\u00e9e sur le tourisme. Ses principales exportations sont la muscade, le macis et le cacao. En fait, c\u2019est le deuxi\u00e8me exportateur mondial de noix de muscade. Elle exporte \u00e9galement des clous de girofle, de la cannelle, des bananes et des agrumes.<\/p>\n\n\n\n<p>Le poisson, comme l&#039;albacore, constitue une autre exportation majeure. Les autres exportations sont \u00e0 petite \u00e9chelle. Ils comprennent les bonbons, les produits alimentaires et les boissons.<\/p>\n\n\n\n<h2 class=\"wp-block-heading\">Quartiers<\/h2>\n\n\n\n<p>St. George\u2019s is the capital city of Grenada. You\u2019ll find the main seaport, several bars, restaurants, and shopping malls here. One of the leading local <a href=\"https:\/\/www.sisinternational.com\/fr\/couverture\/les-ameriques\/etude-de-marche-dans-les-caraibes\/etude-de-marche-a-saint-vincent-et-les-grenadines\/\" title=\"Etude de march\u00e9 \u00e0 Saint-Vincent-et-les Grenadines\"  data-wpil-monitor-id=\"5827\">markets is also in St.<\/a> George\u2019s.<\/p>\n\n\n\n<p>Grand Anse est un centre touristique avec une vie nocturne, des stations baln\u00e9aires et des centres commerciaux. Elle abrite \u00e9galement la c\u00e9l\u00e8bre plage de Grand Anse.<\/p>\n\n\n\n<p>Carriacou est l&#039;une des \u00eeles s\u0153urs de la Grenade. L&#039;\u00eele n&#039;abrite qu&#039;environ 8 000 \u00e2mes. C&#039;est donc parfait pour ceux qui recherchent un endroit paisible et tranquille pour s&#039;\u00e9vader.<\/p>\n\n\n\n<h2 class=\"wp-block-heading\">Les tendances<\/h2>\n\n\n\n<p>L&#039;\u00e9conomie fragile de la Grenade, bas\u00e9e sur le tourisme, l&#039;expose \u00e0 un risque de crise mondiale. Par exemple, les pand\u00e9mies et les guerres peuvent faire des ravages. Pourtant, le pays suit une tendance budg\u00e9taire \u00e0 la hausse. Elle continue de cro\u00eetre malgr\u00e9 un contexte mondial difficile.<\/p>\n\n\n\n<p>Comme d\u2019autres pays, la Grenade est confront\u00e9e \u00e0 une forte inflation et a un taux de pauvret\u00e9 d\u2019environ 25 pour cent. Il s&#039;efforce d&#039;accro\u00eetre ses sources de revenus. Il a m\u00eame mis en place un programme de citoyennet\u00e9 par investissement \u00e0 cette fin.<\/p>\n\n\n\n<h2 class=\"wp-block-heading\">Avantages et atouts sur le march\u00e9<\/h2>\n\n\n\n<p>\u00c0 la Grenade, les plus-values, les dons, la richesse et les imp\u00f4ts \u00e9trangers sur le revenu sont inexistants. Le pays ne restreint pas non plus le rapatriement des b\u00e9n\u00e9fices et des capitaux import\u00e9s.<\/p>\n\n\n\n<p>Un autre atout de la Grenade r\u00e9side dans son espace marin, qui repr\u00e9sente 70 fois la taille de sa superficie terrestre. Cet espace a le potentiel de d\u00e9velopper une industrie de la p\u00eache florissante. Il peut \u00e9galement soutenir le tourisme maritime, le p\u00e9trole et le gaz, et bien plus encore.<\/p>\n\n\n\n<h2 class=\"wp-block-heading\">Base de consommateurs<\/h2>\n\n\n\n<p>La Grenade n&#039;est pas un grand march\u00e9 pour les marques et les commer\u00e7ants mondiaux de commerce \u00e9lectronique. Pourquoi? Parce que sa base de consommateurs est minuscule. Le pays n&#039;a qu&#039;un taux de p\u00e9n\u00e9tration d&#039;Internet d&#039;environ 63 pour cent.<\/p>\n\n\n\n<p>C&#039;est un pays anglophone qui fait partie du Commonwealth britannique. C&#039;est aussi un lieu touristique r\u00e9put\u00e9. Ainsi, il peut faire partie de la strat\u00e9gie r\u00e9gionale plus large de n\u2019importe quelle marque, car le chemin d\u2019acc\u00e8s est facile. Comme la plupart des petits \u00c9tats insulaires de la r\u00e9gion, les consommateurs de Grenade pr\u00e9f\u00e8rent utiliser des esp\u00e8ces. Peu de consommateurs utilisent les cartes de d\u00e9bit et de cr\u00e9dit et les options de paiement par portefeuille num\u00e9rique.<\/p>\n\n\n\n<h2 class=\"wp-block-heading\">Raisons de d\u00e9velopper votre entreprise sur le march\u00e9 de la Grenade<\/h2>\n\n\n\n<p>La Grenade offre une excellente qualit\u00e9 de vie. Les clients seront plus susceptibles d\u2019acheter vos produits. Ils disposent d\u2019un revenu disponible, contrairement \u00e0 certains autres march\u00e9s de la r\u00e9gion.<\/p>\n\n\n\n<p>Le pays a \u00e9galement acc\u00e8s aux march\u00e9s mondiaux. Ses partenaires commerciaux comprennent le Canada, les \u00c9tats-Unis, le Royaume-Uni et le reste de l&#039;Europe. Il dispose \u00e9galement d\u2019une large diaspora qui adopte des produits et assure le marketing de bouche \u00e0 oreille.<\/p>\n\n\n\n<p>La Grenade a investi massivement dans ses r\u00e9seaux t\u00e9l\u00e9phoniques et Internet, et de l&#039;eau propre et salubre est facilement disponible.<br>L&#039;acc\u00e8s \u00e0 l&#039;\u00e9lectricit\u00e9 ne pose pas non plus de probl\u00e8me. L\u2019exp\u00e9dition de marchandises est facile car la Grenade poss\u00e8de des a\u00e9roports et un port maritime. Le syst\u00e8me de transport int\u00e9rieur est \u00e9galement solide.<\/p>\n\n\n\n<h2 class=\"wp-block-heading\">\u00c0 propos des \u00e9tudes de march\u00e9 \u00e0 la Grenade<\/h2>\n\n\n\n<p>Notre premier service d\u2019\u00e9tudes de march\u00e9 fournit des donn\u00e9es quantitatives et qualitatives d\u00e9taill\u00e9es. Nous proposons des analyses sur l&#039;investissement \u00e0 la Grenade et utilisons des groupes de discussion, des enqu\u00eates et des entretiens \u00e0 cette fin.<\/p>\n\n\n\n<p>SIS also offers UX and Strategy Market Research and Competitive Analysis. We do <a href=\"https:\/\/www.sisinternational.com\/fr\/competence\/les-industries\/etude-de-marche-halal\/\" title=\"\u00c9tude de march\u00e9 halal\"  data-wpil-monitor-id=\"3528\">Recherche d&#039;opportunit\u00e9s de march\u00e9<\/a>. Our services also include <a href=\"https:\/\/www.sisinternational.com\/fr\/couverture\/les-ameriques\/etude-de-marche-dans-les-caraibes\/etude-de-marche-aux-bahamas\/\" title=\"\u00c9tude de march\u00e9 aux Bahamas\"  data-wpil-monitor-id=\"3533\">Recherche sur la taille du march\u00e9<\/a> and Go-to-Market Strategy.<\/p>\n\n\n\n<p><\/p>","protected":false},"excerpt":{"rendered":"<p>La Grenade a une petite \u00e9conomie ouverte bas\u00e9e sur le tourisme. Ses principales exportations sont la muscade, le macis et le cacao. En fait, c\u2019est le deuxi\u00e8me exportateur mondial de noix de muscade.<\/p>","protected":false},"author":1,"featured_media":66399,"parent":33287,"menu_order":5,"comment_status":"closed","ping_status":"closed","template":"","meta":{"footnotes":""},"class_list":["post-41072","page","type-page","status-publish","has-post-thumbnail"],"_links":{"self":[{"href":"https:\/\/www.sisinternational.com\/fr\/wp-json\/wp\/v2\/pages\/41072","targetHints":{"allow":["GET"]}}],"collection":[{"href":"https:\/\/www.sisinternational.com\/fr\/wp-json\/wp\/v2\/pages"}],"about":[{"href":"https:\/\/www.sisinternational.com\/fr\/wp-json\/wp\/v2\/types\/page"}],"author":[{"embeddable":true,"href":"https:\/\/www.sisinternational.com\/fr\/wp-json\/wp\/v2\/users\/1"}],"replies":[{"embeddable":true,"href":"https:\/\/www.sisinternational.com\/fr\/wp-json\/wp\/v2\/comments?post=41072"}],"version-history":[{"count":7,"href":"https:\/\/www.sisinternational.com\/fr\/wp-json\/wp\/v2\/pages\/41072\/revisions"}],"predecessor-version":[{"id":79789,"href":"https:\/\/www.sisinternational.com\/fr\/wp-json\/wp\/v2\/pages\/41072\/revisions\/79789"}],"up":[{"embeddable":true,"href":"https:\/\/www.sisinternational.com\/fr\/wp-json\/wp\/v2\/pages\/33287"}],"wp:featuredmedia":[{"embeddable":true,"href":"https:\/\/www.sisinternational.com\/fr\/wp-json\/wp\/v2\/media\/66399"}],"wp:attachment":[{"href":"https:\/\/www.sisinternational.com\/fr\/wp-json\/wp\/v2\/media?parent=41072"}],"curies":[{"name":"wp","href":"https:\/\/api.w.org\/{rel}","templated":true}]}}