{"id":41070,"date":"2022-12-13T04:03:31","date_gmt":"2022-12-13T04:03:31","guid":{"rendered":"https:\/\/www.sisinternational.com\/?page_id=41070"},"modified":"2026-01-24T21:16:23","modified_gmt":"2026-01-25T02:16:23","slug":"etude-de-marche-antigua-barbuda","status":"publish","type":"page","link":"https:\/\/www.sisinternational.com\/fr\/couverture\/etude-de-marche-dans-les-caraibes\/etude-de-marche-antigua-barbuda\/","title":{"rendered":"\u00c9tude de march\u00e9 \u00e0 Antigua-et-Barbuda"},"content":{"rendered":"<h1 class=\"wp-block-heading\">\u00c9tude de march\u00e9 \u00e0 Antigua-et-Barbuda<\/h1>\n\n\n\n<figure class=\"gb-block-image gb-block-image-73bbc5a3\"><img loading=\"lazy\" decoding=\"async\" width=\"1456\" height=\"816\" class=\"gb-image gb-image-73bbc5a3\" src=\"https:\/\/www.sisinternational.com\/wp-content\/uploads\/2025\/09\/Antigua-Barbuda-2.jpg\" alt=\"\u00c9tudes de march\u00e9 et strat\u00e9gie internationales SIS\" title=\"Antigua &amp; Barbuda (2)\" srcset=\"https:\/\/www.sisinternational.com\/wp-content\/uploads\/2025\/09\/Antigua-Barbuda-2.jpg 1456w, https:\/\/www.sisinternational.com\/wp-content\/uploads\/2025\/09\/Antigua-Barbuda-2-300x168.jpg 300w, https:\/\/www.sisinternational.com\/wp-content\/uploads\/2025\/09\/Antigua-Barbuda-2-1024x574.jpg 1024w, https:\/\/www.sisinternational.com\/wp-content\/uploads\/2025\/09\/Antigua-Barbuda-2-768x430.jpg 768w, https:\/\/www.sisinternational.com\/wp-content\/uploads\/2025\/09\/Antigua-Barbuda-2-18x10.jpg 18w\" sizes=\"auto, (max-width: 1456px) 100vw, 1456px\"><\/figure>\n\n\n\n<hr class=\"wp-block-separator has-alpha-channel-opacity is-style-dots\"\/>\n\n\n\n<p>Antigua-et-Barbuda est un pays semi-aride compos\u00e9 de trois \u00eeles des Cara\u00efbes orientales. L&#039;\u00c9tat r\u00e9ussit tr\u00e8s bien dans le tourisme. C\u2019est aussi la Mecque du jeu en ligne. Antigua-et-Barbuda se trouve \u00e0 l&#039;est-sud-est de Porto Rico. Les \u00eeles sont \u00e9galement proches d&#039;Anguilla, de Saint-Kitts-et-Nevis et de Saint-Barth.<\/p>\n\n\n\n<h2 class=\"wp-block-heading\">Industries cl\u00e9s<\/h2>\n\n\n\n<p><a href=\"https:\/\/www.sisinternational.com\/fr\/solutions\/conseil-en-tourisme-de-voyage-et-en-hotellerie\/\" title=\"Conseil en voyages, tourisme et h\u00f4tellerie\"  data-wpil-monitor-id=\"8369\">Tourism &amp; travel<\/a> is the islands\u2019 mainstay and accounts for more than half of the GDP. Antigua and Barbuda is famous for its many resorts. Rural Antiguans also do a fair amount of animal rearing, fishing, and mining. There\u2019s quite a bit of light manufacturing, and the islands produce refined oil, rum, garments, paints, and furniture.<\/p>\n\n\n\n<h2 class=\"wp-block-heading\">Quartiers<\/h2>\n\n\n\n<h3 class=\"wp-block-heading\">St. John&#039;s<\/h3>\n\n\n\n<p>St. John&#039;s, la capitale et la plus grande ville, est le principal port et le centre commercial du pays. La ville poss\u00e8de plusieurs sites patrimoniaux. Le plus c\u00e9l\u00e8bre est le Fort James du XVIIIe si\u00e8cle, situ\u00e9 dans le port de St. John&#039;s. Des ruines de moulins \u00e0 sucre et de grandes maisons sont diss\u00e9min\u00e9es autour de St. John&#039;s.<\/p>\n\n\n\n<h3 class=\"wp-block-heading\">Port anglais et port de Falmouth<\/h3>\n\n\n\n<p>English Harbour et Falmouth Harbour sont c\u00f4te \u00e0 c\u00f4te. Les deux se trouvent \u00e0 l\u2019extr\u00eame sud d\u2019Antigua et regorgent d\u2019activit\u00e9s en raison des bars, restaurants et caf\u00e9s en bord de mer.<\/p>\n\n\n\n<h3 class=\"wp-block-heading\">Baie Dickenson<\/h3>\n\n\n\n<p>Dickenson Bay est une autre ville anim\u00e9e et constitue le centre des sports nautiques et de la vie nocturne. C&#039;est un endroit amusant pour les r\u00e9sidents et les nouveaux arrivants. De petits h\u00f4tels et de grands complexes h\u00f4teliers bordent la baie. Il en va de m\u00eame pour les restaurants, bars, caf\u00e9s, stands de vente et entreprises de sports nautiques.<\/p>\n\n\n\n<h3 class=\"wp-block-heading\">Port joyeux<\/h3>\n\n\n\n<p>Jolly Harbour est le plus grand port artificiel de la r\u00e9gion. C&#039;est parfait pour les amateurs de yachting, de voile et de p\u00eache. Cette zone propose des restaurants, des bars et le club de golf Jolly Harbour.<\/p>\n\n\n\n<h2 class=\"wp-block-heading\">Les tendances<\/h2>\n\n\n\n<p>Antigua-et-Barbuda conna\u00eet une tendance modeste mais \u00e0 la hausse du taux de croissance de son PIB. Le pays a connu une reprise constante des arriv\u00e9es de visiteurs depuis le ralentissement \u00e9conomique du d\u00e9but des ann\u00e9es 2020. Elle s\u2019int\u00e9resse d\u00e9sormais \u00e0 un autre secteur : celui de \u00ab l\u2019\u00e9conomie bleue \u00bb. L\u2019objectif est de faire en sorte que l\u2019\u00e9conomie bleue stimule davantage le tourisme.<\/p>\n\n\n\n<p>Dans le <a href=\"https:\/\/www.sisinternational.com\/fr\/competence\/les-industries\/etude-de-marche-de-limmobilier-commercial\/\" title=\"\u00c9tude de march\u00e9 de l\u2019immobilier commercial\"  data-wpil-monitor-id=\"8368\">real estate market<\/a>, buyer restraint has continued. Thus, there have been fewer sales and buyers take longer to commit.<\/p>\n\n\n\n<h2 class=\"wp-block-heading\">Avantages et atouts sur le march\u00e9<\/h2>\n\n\n\n<ul class=\"wp-block-list\">\n<li>Des taux d&#039;imposition bas pour d\u00e9marrer une entreprise<\/li>\n\n\n\n<li>Un climat des affaires favorable aux investisseurs<\/li>\n\n\n\n<li>Un approvisionnement constant en \u00e9nergie<\/li>\n\n\n\n<li>S&#039;assurer est sans tracas<\/li>\n<\/ul>\n\n\n\n<h2 class=\"wp-block-heading\">Base de consommateurs<\/h2>\n\n\n\n<p>Environ les trois quarts des Antiguais et des Barbudiens r\u00e9sident dans des zones rurales, les 25 % restants r\u00e9sidant dans les centres urbains du pays. L&#039;\u00e2ge m\u00e9dian est de 34,5 ans, avec seulement dix pour cent des personnes \u00e2g\u00e9es de plus de 65 ans.<br>La p\u00e9n\u00e9tration d&#039;Internet \u00e0 Antigua-et-Barbuda s&#039;\u00e9l\u00e8ve \u00e0 environ les trois quarts de la population. Le nombre d\u2019utilisateurs des r\u00e9seaux sociaux est l\u00e9g\u00e8rement inf\u00e9rieur, \u00e0 un peu plus des deux tiers. Le r\u00e9seau social le plus populaire \u00e0 Antigua-et-Barbuda est Facebook.<\/p>\n\n\n\n<h2 class=\"wp-block-heading\">Raisons de d\u00e9velopper votre entreprise \u00e0 Antigua-et-Barbuda<\/h2>\n\n\n\n<p>Antigua and Barbuda is one of the richest countries in the Eastern Caribbean. Further, it has plenty of thriving industries that are perfect for new business. The state also boasts well-educated and skilled workers. It has a 98 percent literacy rate. Another reason to do business in Antigua and Barbuda? It has the Small Business Development Act. This Act aims to aid the growth of the country\u2019s small enterprise sector. Thus, it helps small <a href=\"https:\/\/www.sisinternational.com\/fr\/top-5-benefits-of-qualitative-market-research-for-businesses\/\" title=\"Top 5 Benefits of Qualitative Market Research for Businesses\"  data-wpil-monitor-id=\"8370\">business owners with various concessions and benefits<\/a>. It also ensures that they get technical help.<\/p>\n\n\n\n<h2 class=\"wp-block-heading\">\u00c0 propos des \u00e9tudes de march\u00e9 \u00e0 Antigua-et-Barbuda<\/h2>\n\n\n\n<p>SIS International is a full-service market research agency providing Quantitative and Qualitative Research services. We also do UX, Strategy <a href=\"https:\/\/www.sisinternational.com\/fr\/couverture\/les-ameriques\/etude-de-marche-dans-les-caraibes\/etude-de-marche-a-saint-kitts-nevis\/\" title=\"\u00c9tude de march\u00e9 \u00e0 Saint-Kitts-et-Nevis\"  data-wpil-monitor-id=\"3298\">\u00c9tude de march\u00e9<\/a>, Competitive Analysis, Market Entry, Market Sizing, and Market Opportunity Research. Also, we carry out Surveys, Interviews, and Focus Groups for clients worldwide.<\/p>\n\n\n\n<p><\/p>","protected":false},"excerpt":{"rendered":"<p>Antigua-et-Barbuda est l&#039;un des pays les plus riches des Cara\u00efbes orientales. De plus, il existe de nombreuses industries florissantes qui sont parfaites pour de nouvelles entreprises.<\/p>","protected":false},"author":1,"featured_media":66386,"parent":33287,"menu_order":4,"comment_status":"closed","ping_status":"closed","template":"","meta":{"footnotes":""},"class_list":["post-41070","page","type-page","status-publish","has-post-thumbnail"],"_links":{"self":[{"href":"https:\/\/www.sisinternational.com\/fr\/wp-json\/wp\/v2\/pages\/41070","targetHints":{"allow":["GET"]}}],"collection":[{"href":"https:\/\/www.sisinternational.com\/fr\/wp-json\/wp\/v2\/pages"}],"about":[{"href":"https:\/\/www.sisinternational.com\/fr\/wp-json\/wp\/v2\/types\/page"}],"author":[{"embeddable":true,"href":"https:\/\/www.sisinternational.com\/fr\/wp-json\/wp\/v2\/users\/1"}],"replies":[{"embeddable":true,"href":"https:\/\/www.sisinternational.com\/fr\/wp-json\/wp\/v2\/comments?post=41070"}],"version-history":[{"count":5,"href":"https:\/\/www.sisinternational.com\/fr\/wp-json\/wp\/v2\/pages\/41070\/revisions"}],"predecessor-version":[{"id":81402,"href":"https:\/\/www.sisinternational.com\/fr\/wp-json\/wp\/v2\/pages\/41070\/revisions\/81402"}],"up":[{"embeddable":true,"href":"https:\/\/www.sisinternational.com\/fr\/wp-json\/wp\/v2\/pages\/33287"}],"wp:featuredmedia":[{"embeddable":true,"href":"https:\/\/www.sisinternational.com\/fr\/wp-json\/wp\/v2\/media\/66386"}],"wp:attachment":[{"href":"https:\/\/www.sisinternational.com\/fr\/wp-json\/wp\/v2\/media?parent=41070"}],"curies":[{"name":"wp","href":"https:\/\/api.w.org\/{rel}","templated":true}]}}