{"id":41060,"date":"2022-11-13T21:49:59","date_gmt":"2022-11-13T21:49:59","guid":{"rendered":"https:\/\/www.sisinternational.com\/?page_id=41060"},"modified":"2026-01-26T14:20:12","modified_gmt":"2026-01-26T19:20:12","slug":"etude-de-marche-sur-la-gestion-du-trafic","status":"publish","type":"page","link":"https:\/\/www.sisinternational.com\/fr\/competence\/etude-de-marche-sur-la-gestion-du-trafic\/","title":{"rendered":"\u00c9tude de march\u00e9 sur la gestion du trafic"},"content":{"rendered":"<h1 class=\"wp-block-heading\">\u00c9tude de march\u00e9 sur la gestion du trafic<\/h1>\n\n\n\n<figure class=\"gb-block-image gb-block-image-514d8140\"><img loading=\"lazy\" decoding=\"async\" width=\"1456\" height=\"816\" class=\"gb-image gb-image-514d8140\" src=\"https:\/\/www.sisinternational.com\/wp-content\/uploads\/2025\/08\/Smart-mobility-8.jpg\" alt=\"\u00c9tudes de march\u00e9 et strat\u00e9gie internationales SIS\" title=\"Smart mobility (8)\" srcset=\"https:\/\/www.sisinternational.com\/wp-content\/uploads\/2025\/08\/Smart-mobility-8.jpg 1456w, https:\/\/www.sisinternational.com\/wp-content\/uploads\/2025\/08\/Smart-mobility-8-300x168.jpg 300w, https:\/\/www.sisinternational.com\/wp-content\/uploads\/2025\/08\/Smart-mobility-8-1024x574.jpg 1024w, https:\/\/www.sisinternational.com\/wp-content\/uploads\/2025\/08\/Smart-mobility-8-768x430.jpg 768w, https:\/\/www.sisinternational.com\/wp-content\/uploads\/2025\/08\/Smart-mobility-8-18x10.jpg 18w\" sizes=\"auto, (max-width: 1456px) 100vw, 1456px\"><\/figure>\n\n\n\n<hr class=\"wp-block-separator has-alpha-channel-opacity is-style-dots\"\/>\n\n\n\n<p><\/p>\n\n\n\n<h2 class=\"wp-block-heading\">Qu\u2019est-ce que la gestion du trafic ?<\/h2>\n\n\n\n<p>Traffic management is a process used to manage traffic flow on a roadway. It can include tasks such as changing the signal timing. It can also be adding or taking out lanes or controlling the use of ramps. Traffic <a href=\"https:\/\/www.sisinternational.com\/fr\/competence\/les-industries\/etude-de-marche-sur-la-gestion-de-la-securite\/\" title=\"\u00c9tude de march\u00e9 sur la gestion de la s\u00e9curit\u00e9\"  data-wpil-monitor-id=\"9865\">management services improve safety<\/a>, reduce congestion, and optimize traffic flow. In this article, we will talk about the current <a href=\"https:\/\/www.sisinternational.com\/fr\/couverture\/les-ameriques\/couverture-des-etats-unis\/etude-de-marche-dans-letat-de-new-york\/\" title=\"\u00c9tude de march\u00e9 dans l\u2019\u00c9tat de New York\"  data-wpil-monitor-id=\"9862\">state of the traffic management market<\/a>.<\/p>\n\n\n\n<p>Now, traffic congestion is something that we may never be able to get rid of, but we can reduce it. Traffic management allows us to maintain our speed and improve travel time. Traffic control is the use of devices to maximize travel. These devices include signs, symbols, and also some forms of tech. It also preserves the <a href=\"https:\/\/www.sisinternational.com\/fr\/competence\/les-industries\/etude-de-marche-sur-la-securite-routiere\/\" title=\"\u00c9tude de march\u00e9 sur la s\u00e9curit\u00e9 routi\u00e8re\"  data-wpil-monitor-id=\"9866\">safety of road<\/a> transport.<\/p>\n\n\n\n<h2 class=\"wp-block-heading\">Pourquoi les \u00e9tudes de march\u00e9 sur la gestion du trafic sont-elles importantes ?<\/h2>\n\n\n\n<p>Proper traffic management can ensure the smooth flow of traffic. It gives fair access to road use for different modes of transport. It also makes roads and streets safe for all users. With traffic management, roads full of traffic will not block movement between areas. It also reduces noise and local pollution and improves areas reserved for persons on foot. It also protects the character of a town or city. Plus, it helps to reduce greenhouse gases.Traffic <a href=\"https:\/\/www.sisinternational.com\/fr\/competence\/les-industries\/responsable-des-prestations-pharmaceutiques-etude-de-marche-pbm\/\" title=\"\u00c9tude de march\u00e9 sur les gestionnaires de prestations pharmaceutiques (PBM)\"  data-wpil-monitor-id=\"4247\">Management Market Research<\/a> is essential. It helps key players to assess the need for this service. It shows the <a href=\"https:\/\/www.sisinternational.com\/fr\/solutions\/etude-de-marche-internationale-sur-la-croissance-des-entreprises\/\" title=\"\u00c9tude de march\u00e9 internationale sur la croissance des entreprises\"  data-wpil-monitor-id=\"9864\">growth in the market<\/a> due to the rising demand for efficient transport services. This type of research also shows the key drivers of this growth. These drivers include:<\/p>\n\n\n\n<p>1. Le nombre croissant de v\u00e9hicules sur les routes.<\/p>\n\n\n\n<p>2. La n\u00e9cessit\u00e9 d&#039;am\u00e9liorer la s\u00e9curit\u00e9 routi\u00e8re.<\/p>\n\n\n\n<p>3. La demande croissante de syst\u00e8mes de transport intelligents.<\/p>\n\n\n\n<h2 class=\"wp-block-heading\">Titres de poste cl\u00e9s<\/h2>\n\n\n\n<h3 class=\"wp-block-heading\">Agent de gestion du trafic<\/h3>\n\n\n\n<p>Ces personnes installent, entretiennent et retirent les syst\u00e8mes de gestion de la circulation et des pi\u00e9tons. Ils rassemblent \u00e9galement les pi\u00e9tons et traitent avec les autres clients sur place.<\/p>\n\n\n\n<h3 class=\"wp-block-heading\">Coordonnateur des travaux<\/h3>\n\n\n\n<p>Cette personne apporte aide et soutien au responsable des op\u00e9rations. Ils contribuent au fonctionnement quotidien du bureau de gestion du trafic, notamment en maintenant des effectifs ad\u00e9quats pour les projets et en assurant la liaison avec les clients. Ils v\u00e9rifient \u00e9galement la qualit\u00e9 des travaux de gestion du trafic.<\/p>\n\n\n\n<h3 class=\"wp-block-heading\">Gestionnaire de trafic<\/h3>\n\n\n\n<p>Un gestionnaire de trafic est un interm\u00e9diaire. Ils assurent la liaison entre les parties prenantes d&#039;un projet et l&#039;\u00e9quipe cr\u00e9ative d&#039;une entreprise. Leur t\u00e2che principale consiste \u00e0 maintenir les projets en cours sur la bonne voie. Ils veillent \u00e9galement \u00e0 ce que les projets sous leur contr\u00f4le respectent les d\u00e9lais.<\/p>\n\n\n\n<h2 class=\"wp-block-heading\">Facteurs cl\u00e9s de succ\u00e8s<\/h2>\n\n\n\n<p>Un ing\u00e9nieur \u00e9labore un plan de gestion du trafic utilisable. Ils le pr\u00e9sentent ensuite aux dirigeants de cette route ou de cet itin\u00e9raire. Le projet peut contenir des \u00e9l\u00e9ments tels que des modifications des limites de vitesse ou des fermetures de routes. Cela peut \u00e9galement inclure des modifications des routes et des sentiers.<\/p>\n\n\n\n<h2 class=\"wp-block-heading\">IA et gestion intelligente du trafic<\/h2>\n\n\n\n<p>La construction de nouvelles routes, ponts et tunnels cr\u00e9e de nouvelles voies pour les d\u00e9placements de masse. Pourtant, \u00e0 eux seuls, ils ne sont pas suffisamment efficaces pour r\u00e9soudre les embouteillages. Mais c\u2019est le cas de l\u2019utilisation de l\u2019IA et des syst\u00e8mes intelligents de gestion du trafic. Il r\u00e9duit les embouteillages en utilisant des symboles et des panneaux. Cela inculque \u00e9galement la discipline \u00e0 la plupart des usagers de la route. L&#039;objectif est de rendre les usagers plus vigilants sur la route et de veiller \u00e0 ce qu&#039;ils respectent le code de la route pour \u00e9viter les infractions et les contraventions. Une telle conduite peut r\u00e9duire les accidents.<\/p>\n\n\n\n<h3 class=\"wp-block-heading\">Zones de travail<\/h3>\n\n\n\n<p>Certains syst\u00e8mes de contr\u00f4le de la circulation pr\u00e9viennent les conducteurs de travaux de construction sur les routes. Ainsi, les travaux routiers n\u2019affectent pas les d\u00e9placements d\u2019un conducteur.<\/p>\n\n\n\n<h3 class=\"wp-block-heading\">Panneaux et symboles de circulation<\/h3>\n\n\n\n<p>L\u2019utilisation des bons signes et symboles est \u00e9galement un facteur essentiel de r\u00e9ussite. Certaines autoroutes disposent d&#039;une fonction permettant aux panneaux de signalisation de s&#039;afficher en cas d&#039;accident. Il coupe la route et une autre s&#039;ouvre \u00e0 la circulation. Cette fonctionnalit\u00e9 est une forme de contr\u00f4le du trafic et, par cons\u00e9quent, r\u00e9duit les embouteillages.<\/p>\n\n\n\n<h2 class=\"wp-block-heading\">Pourquoi les villes ont besoin d&#039;une gestion du trafic<\/h2>\n\n\n\n<p>Les routes et itin\u00e9raires sont accessibles au public. Nous les utilisons pour nous d\u00e9placer et accomplir nos t\u00e2ches. M\u00eame si nous le faisons souvent, nous pouvons aussi \u00eatre efficaces. La gestion des d\u00e9placements garantit la fluidit\u00e9 du trafic avec peu ou pas d\u2019obstacles. Cela r\u00e9duit \u00e9galement la pollution et les embouteillages.<\/p>\n\n\n\n<h3 class=\"wp-block-heading\">Pollution r\u00e9duite<\/h3>\n\n\n\n<p>Les embouteillages contribuent en grande partie \u00e0 la pollution sonore et atmosph\u00e9rique due \u00e0 la circulation lente. Une bonne gestion du trafic r\u00e9duit cela. Cela r\u00e9duit \u00e9galement la consommation de carburant, en fonction de l\u2019intensit\u00e9 des arr\u00eats et de l\u2019acc\u00e9l\u00e9ration de la voiture. Des mesures appropri\u00e9es de contr\u00f4le de la circulation garantissent que les \u00e9missions ne nuisent pas \u00e0 notre environnement.<\/p>\n\n\n\n<h3 class=\"wp-block-heading\">R\u00e9duit les d\u00e9c\u00e8s<\/h3>\n\n\n\n<p>Selon l&#039;OMS, plus d&#039;un million de personnes meurent chaque ann\u00e9e des suites d&#039;accidents de voiture. C&#039;est \u00e9galement l&#039;une des principales causes de d\u00e9c\u00e8s chez les jeunes adultes. Un contr\u00f4le ad\u00e9quat de la circulation peut contribuer \u00e0 r\u00e9duire le nombre de vies perdues par imprudence sur les routes.<\/p>\n\n\n\n<h2 class=\"wp-block-heading\">\u00c0 propos de l\u2019\u00e9tude de march\u00e9 sur la gestion du trafic<\/h2>\n\n\n\n<p>Do you need to <a href=\"https:\/\/www.sisinternational.com\/fr\/solutions\/solutions-edtech-de-technologie-educative\/systemes-de-gestion-de-lapprentissage-etude-de-marche-lms\/\" title=\"\u00c9tude de march\u00e9 sur les syst\u00e8mes de gestion de l\u2019apprentissage (LMS)\"  data-wpil-monitor-id=\"9860\">learn more about the traffic management market<\/a>? It is essential to <a href=\"https:\/\/www.sisinternational.com\/fr\/top-5-benefits-of-conducting-quantitative-market-research\/\" title=\"Top 5 Benefits of Conducting Quantitative Market Research\"  data-wpil-monitor-id=\"9861\">conduct research using both Quantitative<\/a> and Qualitative methods. Quantitative analysis can help provide an overview of the market, while <a href=\"https:\/\/www.sisinternational.com\/fr\/recherche-qualitative-pour-ameliorer-lexperience-client\/\" title=\"Recherche qualitative pour am\u00e9liorer l&#039;exp\u00e9rience client\"  data-wpil-monitor-id=\"9859\">Recherche qualitative<\/a> can help to provide insights into customer behavior and preferences.<\/p>\n\n\n\n<p>Plusieurs types diff\u00e9rents de solutions de gestion du trafic sont disponibles. Lorsqu\u2019on m\u00e8ne une recherche, il est essentiel de tous les consid\u00e9rer. Par exemple, votre entreprise peut utiliser des entretiens, des enqu\u00eates ou des groupes de discussion. Il est important de choisir la solution adapt\u00e9e \u00e0 vos besoins sp\u00e9cifiques.<\/p>\n\n\n\n<p>Contact us today if you want to conduct traffic <a href=\"https:\/\/www.sisinternational.com\/fr\/competence\/les-industries\/etude-de-marche-sur-la-gestion-de-flotte\/\" title=\"\u00c9tude de march\u00e9 sur la gestion de flotte\"  data-wpil-monitor-id=\"5905\">management market research<\/a>. We can help you to <a href=\"https:\/\/www.sisinternational.com\/fr\/solutions\/solutions-de-recherche-qualitative-et-quantitative\/societes-de-conception-detudes-de-marche\/\" title=\"Soci\u00e9t\u00e9 de recherche en conception\"  data-wpil-monitor-id=\"9863\">design and install your research<\/a> strategy. Such a strategy will provide the insights you need to make informed decisions.<\/p>\n\n\n\n<p>&nbsp;<\/p>","protected":false},"excerpt":{"rendered":"<p>Une bonne gestion du trafic peut garantir la fluidit\u00e9 du trafic. Il donne un acc\u00e8s \u00e9quitable \u00e0 l\u2019usage de la route pour les diff\u00e9rents modes de transport. Cela rend \u00e9galement les routes et les rues plus s\u00fbres pour tous les usagers.<\/p>","protected":false},"author":1,"featured_media":64970,"parent":14514,"menu_order":153,"comment_status":"closed","ping_status":"closed","template":"","meta":{"footnotes":""},"class_list":["post-41060","page","type-page","status-publish","has-post-thumbnail"],"_links":{"self":[{"href":"https:\/\/www.sisinternational.com\/fr\/wp-json\/wp\/v2\/pages\/41060","targetHints":{"allow":["GET"]}}],"collection":[{"href":"https:\/\/www.sisinternational.com\/fr\/wp-json\/wp\/v2\/pages"}],"about":[{"href":"https:\/\/www.sisinternational.com\/fr\/wp-json\/wp\/v2\/types\/page"}],"author":[{"embeddable":true,"href":"https:\/\/www.sisinternational.com\/fr\/wp-json\/wp\/v2\/users\/1"}],"replies":[{"embeddable":true,"href":"https:\/\/www.sisinternational.com\/fr\/wp-json\/wp\/v2\/comments?post=41060"}],"version-history":[{"count":7,"href":"https:\/\/www.sisinternational.com\/fr\/wp-json\/wp\/v2\/pages\/41060\/revisions"}],"predecessor-version":[{"id":81637,"href":"https:\/\/www.sisinternational.com\/fr\/wp-json\/wp\/v2\/pages\/41060\/revisions\/81637"}],"up":[{"embeddable":true,"href":"https:\/\/www.sisinternational.com\/fr\/wp-json\/wp\/v2\/pages\/14514"}],"wp:featuredmedia":[{"embeddable":true,"href":"https:\/\/www.sisinternational.com\/fr\/wp-json\/wp\/v2\/media\/64970"}],"wp:attachment":[{"href":"https:\/\/www.sisinternational.com\/fr\/wp-json\/wp\/v2\/media?parent=41060"}],"curies":[{"name":"wp","href":"https:\/\/api.w.org\/{rel}","templated":true}]}}