{"id":41045,"date":"2022-11-13T03:00:18","date_gmt":"2022-11-13T03:00:18","guid":{"rendered":"https:\/\/www.sisinternational.com\/?page_id=41045"},"modified":"2026-01-27T15:19:52","modified_gmt":"2026-01-27T20:19:52","slug":"etude-de-marche-sur-les-entreprises-evolutives-7-facons-de-creer-une-entreprise-evolutive","status":"publish","type":"page","link":"https:\/\/www.sisinternational.com\/fr\/publications\/etude-de-marche-sur-les-entreprises-evolutives-7-facons-de-creer-une-entreprise-evolutive\/","title":{"rendered":"\u00c9tude de march\u00e9 sur les entreprises \u00e9volutives\u00a0: 7 fa\u00e7ons de cr\u00e9er une entreprise \u00e9volutive"},"content":{"rendered":"<h1 class=\"wp-block-heading p1\"><span class=\"s1\">\u00c9tude de march\u00e9 sur les entreprises \u00e9volutives\u00a0: 7 fa\u00e7ons de cr\u00e9er une entreprise \u00e9volutive<\/span><\/h1>\n\n\n\n<figure class=\"gb-block-image gb-block-image-08e25fd2\"><img loading=\"lazy\" decoding=\"async\" width=\"1024\" height=\"574\" class=\"gb-image gb-image-08e25fd2\" src=\"https:\/\/www.sisinternational.com\/wp-content\/uploads\/2025\/08\/Business-35-1024x574.jpg\" alt=\"\u00c9tudes de march\u00e9 et strat\u00e9gie internationales SIS\" title=\"Business (35)\" srcset=\"https:\/\/www.sisinternational.com\/wp-content\/uploads\/2025\/08\/Business-35-1024x574.jpg 1024w, https:\/\/www.sisinternational.com\/wp-content\/uploads\/2025\/08\/Business-35-300x168.jpg 300w, https:\/\/www.sisinternational.com\/wp-content\/uploads\/2025\/08\/Business-35-768x430.jpg 768w, https:\/\/www.sisinternational.com\/wp-content\/uploads\/2025\/08\/Business-35-18x10.jpg 18w, https:\/\/www.sisinternational.com\/wp-content\/uploads\/2025\/08\/Business-35.jpg 1456w\" sizes=\"auto, (max-width: 1024px) 100vw, 1024px\"><\/figure>\n\n\n\n<p><\/p>\n\n\n\n<hr class=\"wp-block-separator has-alpha-channel-opacity is-style-dots\"\/>\n\n\n\n<p class=\"p2\">Cr\u00e9er une nouvelle entreprise est toujours passionnant. Cependant, vous serez \u00e9galement confront\u00e9 \u00e0 certains d\u00e9fis. L\u2019un des probl\u00e8mes est que, m\u00eame si vous vous concentrez d\u00e9sormais sur la cr\u00e9ation d\u2019une petite entreprise, celle-ci se d\u00e9veloppera une fois que tout se passera bien. Une entreprise \u00e9volutive est une entreprise capable de maintenir ou d\u2019am\u00e9liorer sa rentabilit\u00e9 lorsque le volume des ventes augmente. Alors, comment cr\u00e9er une entreprise \u00e9volutive ? Voici quelques conseils pour vous aider dans le processus.<\/p>\n\n\n\n<h2 class=\"wp-block-heading p3\">L\u2019importance d\u2019une \u00e9tude de march\u00e9 commerciale \u00e9volutive<\/h2>\n\n\n\n<p class=\"p2\">To scale your business, you must perform Scalable <a href=\"https:\/\/www.sisinternational.com\/fr\/saint-valentin-comment-votre-entreprise-peut-ressentir-lamour\/\" title=\"\u00c9tude de march\u00e9 pour la Saint-Valentin\u00a0: comment votre entreprise peut ressentir l&#039;amour\"  data-wpil-monitor-id=\"3554\">Business Market Research<\/a>. This type of market <a href=\"https:\/\/www.sisinternational.com\/fr\/leffet-des-cultures-de-marche-nigerianes-sur-les-affaires\/\" title=\"Le march\u00e9 nig\u00e9rian\u00a0: l&#039;effet de la culture sur les affaires\"  data-wpil-monitor-id=\"4375\">research is one of the best ways<\/a> to investigate and discover how you can make your business more scalable. It will help you figure out what approach works for you. It will show you fast, easy ways to put things in place to improve your scalability.<\/p>\n\n\n\n<h2 class=\"wp-block-heading p3\">Importance de la croissance exponentielle (vs croissance lin\u00e9aire)<\/h2>\n\n\n\n<p class=\"p2\">Linear growth comes with a set of pre-determined steps. Some of these steps might work for your business; others might not. Make sure that you opt for an exponential growth model. With this model, the growth rate of your business becomes more rapid as its size increases. You will need to study the market and look at trends. You can then identify any ideas that are helping your business grow at this particular time. Exponential growth requires a lot more research and work, but it can give you amazing results. Linear growth is not a function of what your business is all about, as it\u2019s only a generalized solution. Scalable <a href=\"https:\/\/www.sisinternational.com\/fr\/resilience-des-entreprises-coronavirus\/\" title=\"\u00c9tude de march\u00e9 sur la r\u00e9silience des entreprises dans le Covid\"  data-wpil-monitor-id=\"3604\">Business Market Research<\/a> analyzes the industry and your company. The aim is to give you the best and fairest approach to taking your business to the next level.<\/p>\n\n\n\n<h2 class=\"wp-block-heading p3\">Comment cr\u00e9er une entreprise \u00e9volutive ?<\/h2>\n\n\n\n<h3 class=\"wp-block-heading\">1. Cr\u00e9ez un wiki pour vos employ\u00e9s<\/h3>\n\n\n\n<p class=\"p4\">Pour faire \u00e9voluer votre entreprise, tous vos employ\u00e9s doivent comprendre leurs t\u00e2ches. Ils doivent \u00e9galement conna\u00eetre les proc\u00e9dures pour accomplir ces t\u00e2ches.<span class=\"Apple-converted-space\">&nbsp; <\/span>A business wiki will document all new jobs that employees need to learn. You can also have a handbook for new employees that showcase all the rules. As things evolve, you will have much better results, and your return on investment will improve. The wiki can include organizational information, structure, and internal services. It can also describe what each team needs to do, what software tools they can use and so on. Staying organized as you <a href=\"https:\/\/www.sisinternational.com\/fr\/comment-developper-votre-entreprise\/\" title=\"Comment d\u00e9velopper votre entreprise\"  data-wpil-monitor-id=\"7260\">grow your business<\/a> matters a lot and this is the best way to do it.<\/p>\n\n\n\n<h3 class=\"wp-block-heading\">2. Automatisez les solutions<\/h3>\n\n\n\n<p class=\"p4\">Tout d\u2019abord, vous devez identifier chaque processus m\u00e9tier. Vous devez ensuite d\u00e9terminer ce que vous pouvez automatiser et ce qui ne convient pas. L\u2019avantage des entreprises \u00e9volutives est que l\u2019automatisation permet aux employ\u00e9s de gagner du temps. De plus, comme l\u2019automatisation est bas\u00e9e sur un logiciel, vous pouvez toujours la mettre \u00e0 jour \u00e0 mesure que votre entreprise se d\u00e9veloppe.<span class=\"Apple-converted-space\">&nbsp;<\/span><\/p>\n\n\n\n<h2 class=\"wp-block-heading\">Utiliser diff\u00e9rentes solutions et syst\u00e8mes pour chaque t\u00e2che majeure<\/h2>\n\n\n\n<p class=\"p4\">L\u2019utilisation de diff\u00e9rentes solutions et syst\u00e8mes vous donne un contr\u00f4le total sur une seule t\u00e2che. Il est facile de remplacer cette solution si quelque chose de nouveau ou de meilleur appara\u00eet. Vous avez besoin d\u2019une solution CRM ou ERP comme base solide. Cependant, vous pouvez s\u00e9parer des t\u00e2ches telles que la gestion des commandes, le suivi du temps et les rapports financiers. Il est plus facile de garder les choses sous contr\u00f4le et vous pouvez mettre \u00e0 niveau une solution si n\u00e9cessaire. Si vous ignorez cette \u00e9tape, vous obtiendrez des r\u00e9sultats de moindre qualit\u00e9, car la solution principale risque de ne pas mettre \u00e0 niveau une fonctionnalit\u00e9 particuli\u00e8re.<\/p>\n\n\n\n<h3 class=\"wp-block-heading\">1. Cr\u00e9er un processus de recrutement complet<\/h3>\n\n\n\n<p class=\"p4\">Vous pouvez utiliser un logiciel pour cela si n\u00e9cessaire. L\u2019id\u00e9e est de tout pr\u00e9ciser et de continuer \u00e0 l\u2019adapter au march\u00e9 du travail. Un processus de recrutement complet vous donnera un solide bassin de candidats. Il offre un alignement strat\u00e9gique proactif avec les objectifs de l\u2019entreprise et des examens de qualification pr\u00e9cis. En cons\u00e9quence, votre entreprise aura un moral \u00e9lev\u00e9 et un chiffre d\u2019affaires r\u00e9duit.<span class=\"Apple-converted-space\">&nbsp;<\/span><\/p>\n\n\n\n<h3 class=\"wp-block-heading\">2. Documentez tous les processus<\/h3>\n\n\n\n<p class=\"p4\">Vous ne pouvez pas d\u00e9velopper une entreprise sans tout documenter. Vous aurez \u00e9galement besoin de solutions pour vous aider \u00e0 suivre toutes ces \u00e9tapes et tous ces documents. Ce faisant, vous aurez un acc\u00e8s imm\u00e9diat \u00e0 chaque proc\u00e9dure, et vous pourrez identifier le probl\u00e8me, puis le corriger. La documentation contribue \u00e0 stimuler votre croissance d\u2019une mani\u00e8re que vous n\u2019imaginez pas. De plus, le retour sur investissement est toujours extraordinaire, ce dont vous avez besoin dans une situation comme celle-ci.<\/p>\n\n\n\n<h3 class=\"wp-block-heading\">3. \u00c9vitez d&#039;envoyer des e-mails \u00e0 votre \u00e9quipe et utilisez plut\u00f4t la collaboration cloud ou les applications de messagerie instantan\u00e9e<\/h3>\n\n\n\n<p class=\"p4\">La raison derri\u00e8re cette approche est simple \u00e0 comprendre. L\u2019envoi constant d\u2019e-mails rend les choses tr\u00e8s difficiles \u00e0 suivre. Avec des outils de collaboration cloud comme Slack, par exemple, les choses sont bien plus faciles. Vous pouvez cr\u00e9er des groupes pour chaque \u00e9quipe. Cette \u00e9tape facilite la visualisation du fichier et de l\u2019historique des communications. C&#039;est le meilleur moyen pour les groupes de travail de partager un espace \u00e9gal, de recevoir des mises \u00e0 jour et de voir toutes les informations. C&#039;est la m\u00eame chose avec les applications de messagerie instantan\u00e9e\u00a0: elles am\u00e9liorent consid\u00e9rablement la communication et vous aideront \u00e0 am\u00e9liorer vos r\u00e9sultats.<span class=\"Apple-converted-space\">&nbsp;<\/span><\/p>\n\n\n\n<h3 class=\"wp-block-heading\">4. Externalisez les t\u00e2ches subalternes ou tr\u00e8s r\u00e9p\u00e9titives<\/h3>\n\n\n\n<p class=\"p4\">Lorsque vous souhaitez vous concentrer sur la croissance, l\u2019une des principales choses \u00e0 \u00e9viter est de consacrer beaucoup de temps \u00e0 des t\u00e2ches subalternes. Une entreprise \u00e9volutive doit toujours \u00eatre pr\u00eate \u00e0 externaliser les t\u00e2ches r\u00e9p\u00e9titives en cas de besoin. C&#039;est plus simple que jamais et il vous sera plus facile d&#039;obtenir les r\u00e9sultats que vous attendez.<\/p>\n\n\n\n<p class=\"p4\">Si vous recherchez une entreprise solide et \u00e9volutive, il est important de vous concentrer sur les \u00e9tudes de march\u00e9. Vous devrez \u00e9galement effectuer des recherches strat\u00e9giques. Une \u00e9tude de march\u00e9 vous aidera \u00e0 d\u00e9cider quelle approche adopter pour obtenir les meilleurs r\u00e9sultats. Pr\u00e9parer d\u00e8s le d\u00e9but votre entreprise \u00e0 la croissance et \u00e0 la rentabilit\u00e9 en vaut la peine.<\/p>\n\n\n<h2>Notre emplacement \u00e0 New York<\/h2>\n<p><!-- \/wp:post-content --> <!-- wp:html --> <iframe loading=\"lazy\" src=\"https:\/\/www.google.com\/maps\/embed?pb=!1m18!1m12!1m3!1d3022.976188376966!2d-73.99130312499956!3d40.740549471389315!2m3!1f0!2f0!3f0!3m2!1i1024!2i768!4f13.1!3m3!1m2!1s0x89c259a15798c731%3A0xd695d09bdd495f25!2s11%20E%2022nd%20St%20FL%202%2C%20New%20York%2C%20NY%2010010%2C%20USA!5e0!3m2!1sen!2spe!4v1726171763526!5m2!1sen!2spe\" width=\"600\" height=\"450\" allowfullscreen=\"allowfullscreen\" data-mce-fragment=\"1\"><\/iframe> <!-- \/wp:html --> <!-- wp:paragraph --><\/p>\n<h3 class=\"wp-block-heading\">11 E 22nd Street, \u00e9tage 2, New York, NY 10010 T\u00e9l. : +1(212) 505-6805<\/h3>\n<hr \/>\n<h2><span style=\"font-weight: 400;\">\u00c0 propos de SIS International<\/span><\/h2>\n<p><a href=\"https:\/\/www.sisinternational.com\/fr\/\"><span style=\"font-weight: 400;\">SIS International<\/span><\/a><span style=\"font-weight: 400;\"> propose des recherches quantitatives, qualitatives et strat\u00e9giques. Nous fournissons des donn\u00e9es, des outils, des strat\u00e9gies, des rapports et des informations pour la prise de d\u00e9cision. Nous menons \u00e9galement des entretiens, des enqu\u00eates, des groupes de discussion et d\u2019autres m\u00e9thodes et approches d\u2019\u00e9tudes de march\u00e9.<\/span><a href=\"https:\/\/www.sisinternational.com\/fr\/a-propos-de-la-recherche-internationale-sis\/contact-sis-international-market-research\/\"><span style=\"font-weight: 400;\"> Contactez nous<\/span><\/a><span style=\"font-weight: 400;\"> pour votre prochain projet d&#039;\u00e9tude de march\u00e9.<\/span><\/p>\n<p><!-- wp:heading --><\/p>\n<h2 id=\"about-sis-international\" class=\"wp-block-heading\">\u00a0<\/h2>\n<p><!-- \/wp:heading --><\/p>","protected":false},"excerpt":{"rendered":"<p>Une entreprise \u00e9volutive maintient et am\u00e9liore sa rentabilit\u00e9 lorsque le volume des ventes augmente.<\/p>","protected":false},"author":1,"featured_media":62791,"parent":20148,"menu_order":15,"comment_status":"closed","ping_status":"closed","template":"","meta":{"footnotes":""},"class_list":["post-41045","page","type-page","status-publish","has-post-thumbnail"],"_links":{"self":[{"href":"https:\/\/www.sisinternational.com\/fr\/wp-json\/wp\/v2\/pages\/41045","targetHints":{"allow":["GET"]}}],"collection":[{"href":"https:\/\/www.sisinternational.com\/fr\/wp-json\/wp\/v2\/pages"}],"about":[{"href":"https:\/\/www.sisinternational.com\/fr\/wp-json\/wp\/v2\/types\/page"}],"author":[{"embeddable":true,"href":"https:\/\/www.sisinternational.com\/fr\/wp-json\/wp\/v2\/users\/1"}],"replies":[{"embeddable":true,"href":"https:\/\/www.sisinternational.com\/fr\/wp-json\/wp\/v2\/comments?post=41045"}],"version-history":[{"count":7,"href":"https:\/\/www.sisinternational.com\/fr\/wp-json\/wp\/v2\/pages\/41045\/revisions"}],"predecessor-version":[{"id":80908,"href":"https:\/\/www.sisinternational.com\/fr\/wp-json\/wp\/v2\/pages\/41045\/revisions\/80908"}],"up":[{"embeddable":true,"href":"https:\/\/www.sisinternational.com\/fr\/wp-json\/wp\/v2\/pages\/20148"}],"wp:featuredmedia":[{"embeddable":true,"href":"https:\/\/www.sisinternational.com\/fr\/wp-json\/wp\/v2\/media\/62791"}],"wp:attachment":[{"href":"https:\/\/www.sisinternational.com\/fr\/wp-json\/wp\/v2\/media?parent=41045"}],"curies":[{"name":"wp","href":"https:\/\/api.w.org\/{rel}","templated":true}]}}