{"id":41040,"date":"2022-11-13T02:08:35","date_gmt":"2022-11-13T02:08:35","guid":{"rendered":"https:\/\/www.sisinternational.com\/?page_id=41040"},"modified":"2026-01-25T16:41:14","modified_gmt":"2026-01-25T21:41:14","slug":"etude-de-marche-sur-linformatique-quantique","status":"publish","type":"page","link":"https:\/\/www.sisinternational.com\/fr\/competence\/etude-de-marche-sur-linformatique-quantique\/","title":{"rendered":"\u00c9tude de march\u00e9 sur l\u2019informatique quantique"},"content":{"rendered":"<h1 class=\"wp-block-heading p1\"><span class=\"s1\">\u00c9tude de march\u00e9 sur l\u2019informatique quantique<\/span><\/h1>\n\n\n\n<figure class=\"gb-block-image gb-block-image-aa5e929a\"><img loading=\"lazy\" decoding=\"async\" width=\"1456\" height=\"816\" class=\"gb-image gb-image-aa5e929a\" src=\"https:\/\/www.sisinternational.com\/wp-content\/uploads\/2025\/09\/FinTech-Terch-technology-AI-artificial-intelligence-14.jpg\" alt=\"\u00c9tudes de march\u00e9 et strat\u00e9gie internationales SIS\" title=\"FinTech Terch technology AI artificial intelligence (14)\" srcset=\"https:\/\/www.sisinternational.com\/wp-content\/uploads\/2025\/09\/FinTech-Terch-technology-AI-artificial-intelligence-14.jpg 1456w, https:\/\/www.sisinternational.com\/wp-content\/uploads\/2025\/09\/FinTech-Terch-technology-AI-artificial-intelligence-14-300x168.jpg 300w, https:\/\/www.sisinternational.com\/wp-content\/uploads\/2025\/09\/FinTech-Terch-technology-AI-artificial-intelligence-14-1024x574.jpg 1024w, https:\/\/www.sisinternational.com\/wp-content\/uploads\/2025\/09\/FinTech-Terch-technology-AI-artificial-intelligence-14-768x430.jpg 768w, https:\/\/www.sisinternational.com\/wp-content\/uploads\/2025\/09\/FinTech-Terch-technology-AI-artificial-intelligence-14-18x10.jpg 18w\" sizes=\"auto, (max-width: 1456px) 100vw, 1456px\"><\/figure>\n\n\n\n<p><\/p>\n\n\n\n<hr class=\"wp-block-separator has-alpha-channel-opacity is-style-dots\"\/>\n\n\n\n<p class=\"p2\">Quantum Computing is a type of computing. It uses concepts from Quantum Physics to solve complex problems. The concepts in this type of computing are Superposition and entanglement. Superposition is where the quantum particles exist in two possible states at the same time. Entanglements mean that the particles connect.<\/p>\n\n\n\n<h2 class=\"wp-block-heading p3\">Pourquoi l\u2019informatique quantique est-elle importante ?<\/h2>\n\n\n\n<p class=\"p2\">L&#039;informatique quantique donne \u00e0 l&#039;ordinateur plus de puissance de traitement. Ainsi, ces ordinateurs peuvent effectuer certaines t\u00e2ches mieux et plus rapidement qu\u2019un ordinateur classique. Ils consomment \u00e9galement moins d\u2019\u00e9nergie.<\/p>\n\n\n\n<p class=\"p2\">Les ordinateurs classiques codent les donn\u00e9es dans des unit\u00e9s appel\u00e9es bits, qui peuvent avoir la valeur 1 ou 0. Ces ordinateurs ne stockent jamais les donn\u00e9es sous forme de 1 et de 0 en m\u00eame temps. Pour cette raison, les bits limitent la mani\u00e8re dont les ordinateurs peuvent travailler sur les donn\u00e9es. Les ordinateurs quantiques sont diff\u00e9rents. Ils utilisent une unit\u00e9 appel\u00e9e bits quantiques ou qubits pour coder les donn\u00e9es. Les qubits comprennent des particules quantiques. Ces particules existent en superposition. Ainsi, lorsque les donn\u00e9es sont cod\u00e9es, les qubits peuvent contenir simultan\u00e9ment les valeurs 1 et 0. Ils stockeront plus de donn\u00e9es et traiteront plus d\u2019informations. Par exemple, il est facile pour un ordinateur quantique de r\u00e9soudre un probl\u00e8me complexe. Il peut ex\u00e9cuter plusieurs calculs \u00e0 la fois pour obtenir la r\u00e9ponse. Les ordinateurs classiques n&#039;ex\u00e9cuteront qu&#039;une seule solution possible \u00e0 la fois.<\/p>\n\n\n\n<h2 class=\"wp-block-heading p4\">Titres de poste cl\u00e9s<\/h2>\n\n\n\n<h3 class=\"wp-block-heading p2\">Voici quelques titres de poste cl\u00e9s dans ce domaine de travail\u00a0:<\/h3>\n\n\n\n<ul class=\"wp-block-list ul1\">\n<li>Architecte quantique<\/li>\n\n\n\n<li>Ing\u00e9nieur logiciel de dispositifs de d\u00e9tection<\/li>\n\n\n\n<li>Physicien quantique<\/li>\n\n\n\n<li>Ing\u00e9nieur logiciel scientifique<\/li>\n\n\n\n<li>Scientifique des donn\u00e9es<\/li>\n\n\n\n<li>Chercheur en informatique quantique<\/li>\n<\/ul>\n\n\n\n<h2 class=\"wp-block-heading p8\">Why Businesses Need Quantum Computing<\/h2>\n\n\n\n<h3 class=\"wp-block-heading\">Cela permet d&#039;\u00e9conomiser du temps et de l&#039;argent.<\/h3>\n\n\n\n<p class=\"p2\">Quantum Computers can do some things much faster than classical computers. There are some problems that a Classic Computer will take years to solve. While this is happening, the company is losing time and money. They will also be putting resources into that task for years. For example, some research in medicine is slow because it is expensive. Due to the nature of qubits, Quantum <a href=\"https:\/\/www.sisinternational.com\/fr\/solutions\/ai-etudes-de-marche-et-conseil-en-strategie\/etude-de-marche-sur-lia-en-vision-par-ordinateur\/\" title=\"\u00c9tude de march\u00e9 sur l\u2019IA en vision par ordinateur\"  data-wpil-monitor-id=\"2760\">Computing can research<\/a> in minutes. The money and resources that the company saves can go toward other things.<\/p>\n\n\n\n<h3 class=\"wp-block-heading\">Pour les simulations du monde r\u00e9el<\/h3>\n\n\n\n<p class=\"p2\">A company can plan to bring a new <a href=\"https:\/\/www.sisinternational.com\/fr\/competence\/cv-dexperience\/etude-de-marche-sur-les-produits-de-soins-personnels\/\" title=\"\u00c9tude de march\u00e9 sur les produits de soins personnels\"  data-wpil-monitor-id=\"10079\">product onto the market<\/a> or start a project. But, this new thing could have harmful side effects for the public. It could also be unprofitable for the company. Instead of taking the risk and causing harm, the company can run a simulation. A quantum computer will play out the possible outcomes. Neither the public nor the company will face any risk. The <a href=\"https:\/\/www.sisinternational.com\/fr\/solutions\/test-de-gout\/services-de-test-de-produits-a-new-york\/\" title=\"Services de test de produits \u00e0 New York\"  data-wpil-monitor-id=\"10082\">product or service<\/a> will also be better. This way is much better for everyone.<\/p>\n\n\n\n<h3 class=\"wp-block-heading\">La cyber-s\u00e9curit\u00e9<\/h3>\n\n\n\n<p class=\"p2\">Dans le monde d\u2019aujourd\u2019hui, la plupart des affaires se d\u00e9roulent en ligne. Si cela donne aux entreprises davantage de moyens d\u2019atteindre leurs clients, cela les expose \u00e9galement aux attaques en ligne. Les entreprises tentent de renforcer leur s\u00e9curit\u00e9 en ligne pour se prot\u00e9ger. Pourtant, le fait est que l\u2019ordinateur classique ne peut pas faire ce travail aussi bien qu\u2019on pourrait l\u2019esp\u00e9rer.<\/p>\n\n\n\n<p class=\"p2\">&nbsp;Les ordinateurs quantiques sont plus avanc\u00e9s que leurs homologues classiques. Ainsi, ils am\u00e9lioreront la protection contre les cyberattaques. Pour ce faire, ils utilisent des m\u00e9thodes telles que la cryptographie quantique.<\/p>\n\n\n\n<h2 class=\"wp-block-heading\">\u00c0 propos de l&#039;informatique quantique<\/h2>\n\n\n\n<p class=\"p2\">\u00c0 l\u2019heure actuelle, l\u2019informatique quantique \u00e0 grande \u00e9chelle est encore un concept. Ces ordinateurs sont difficiles et co\u00fbteux \u00e0 fabriquer. Ils ont \u00e9galement besoin d\u2019un environnement particulier dans lequel travailler.<\/p>\n\n\n\n<p class=\"p2\">Thus, scientists are <a href=\"https:\/\/www.sisinternational.com\/fr\/publications\/etude-de-marche-sur-les-entreprises-evolutives-7-facons-de-creer-une-entreprise-evolutive\/\" title=\"\u00c9tude de march\u00e9 sur les entreprises \u00e9volutives\u00a0: 7 fa\u00e7ons de cr\u00e9er une entreprise \u00e9volutive\"  data-wpil-monitor-id=\"10081\">busy looking into how to build<\/a> more quantum computers. They are carrying out <a href=\"https:\/\/www.sisinternational.com\/fr\/solutions\/solutions-de-recherche-qualitative-et-quantitative\/recherche-qualitative-recrutement\/\" title=\"Recrutement en recherche qualitative\"  data-wpil-monitor-id=\"10080\">Recherche qualitative et quantitative<\/a> on how to make them. There are also surveys and focus groups for getting information. These findings often end up in academic journals. The scientists also talk about what they learned in interviews.<\/p>\n\n\n\n<p class=\"p5\">It is a fact that Quantum Computing will improve many fields. It is helpful in medicine, finance, and cyber security, to name a few. Thus, companies are also <a href=\"https:\/\/www.sisinternational.com\/fr\/competence\/les-industries\/etude-de-marche-sur-le-cloud-computing\/\" title=\"\u00c9tude de march\u00e9 sur le cloud computing\"  data-wpil-monitor-id=\"3676\">researching how to use Quantum Computing<\/a>. It\u2019s another excellent way to make their businesses better.<\/p>\n\n\n\n<p><\/p>","protected":false},"excerpt":{"rendered":"<p>L&#039;informatique quantique donne aux ordinateurs plus de puissance de traitement. Ces ordinateurs consomment moins d\u2019\u00e9nergie et peuvent effectuer certaines t\u00e2ches mieux et plus rapidement qu\u2019un ordinateur classique.<\/p>","protected":false},"author":1,"featured_media":69469,"parent":14514,"menu_order":151,"comment_status":"closed","ping_status":"closed","template":"","meta":{"footnotes":""},"class_list":["post-41040","page","type-page","status-publish","has-post-thumbnail"],"_links":{"self":[{"href":"https:\/\/www.sisinternational.com\/fr\/wp-json\/wp\/v2\/pages\/41040","targetHints":{"allow":["GET"]}}],"collection":[{"href":"https:\/\/www.sisinternational.com\/fr\/wp-json\/wp\/v2\/pages"}],"about":[{"href":"https:\/\/www.sisinternational.com\/fr\/wp-json\/wp\/v2\/types\/page"}],"author":[{"embeddable":true,"href":"https:\/\/www.sisinternational.com\/fr\/wp-json\/wp\/v2\/users\/1"}],"replies":[{"embeddable":true,"href":"https:\/\/www.sisinternational.com\/fr\/wp-json\/wp\/v2\/comments?post=41040"}],"version-history":[{"count":7,"href":"https:\/\/www.sisinternational.com\/fr\/wp-json\/wp\/v2\/pages\/41040\/revisions"}],"predecessor-version":[{"id":81667,"href":"https:\/\/www.sisinternational.com\/fr\/wp-json\/wp\/v2\/pages\/41040\/revisions\/81667"}],"up":[{"embeddable":true,"href":"https:\/\/www.sisinternational.com\/fr\/wp-json\/wp\/v2\/pages\/14514"}],"wp:featuredmedia":[{"embeddable":true,"href":"https:\/\/www.sisinternational.com\/fr\/wp-json\/wp\/v2\/media\/69469"}],"wp:attachment":[{"href":"https:\/\/www.sisinternational.com\/fr\/wp-json\/wp\/v2\/media?parent=41040"}],"curies":[{"name":"wp","href":"https:\/\/api.w.org\/{rel}","templated":true}]}}