{"id":41029,"date":"2022-11-13T00:19:14","date_gmt":"2022-11-13T00:19:14","guid":{"rendered":"https:\/\/www.sisinternational.com\/?page_id=41029"},"modified":"2026-01-25T18:27:15","modified_gmt":"2026-01-25T23:27:15","slug":"m-etude-de-marche-du-commerce","status":"publish","type":"page","link":"https:\/\/www.sisinternational.com\/fr\/solutions\/recherche-de-conseil-en-strategie-fintech\/m-etude-de-marche-du-commerce\/","title":{"rendered":"\u00c9tude de march\u00e9 sur le commerce mobile"},"content":{"rendered":"<h1 class=\"wp-block-heading\">\u00c9tude de march\u00e9 sur le commerce mobile<\/h1>\n\n\n\n<div class=\"wp-block-columns is-layout-flex wp-container-core-columns-is-layout-9d6595d7 wp-block-columns-is-layout-flex\">\n<div class=\"wp-block-column is-layout-flow wp-block-column-is-layout-flow\" style=\"flex-basis:100%\">\n<figure class=\"gb-block-image gb-block-image-98024238\"><img loading=\"lazy\" decoding=\"async\" width=\"1456\" height=\"816\" class=\"gb-image gb-image-98024238\" src=\"https:\/\/www.sisinternational.com\/wp-content\/uploads\/2025\/08\/Smarrtphone-5g-8.jpg\" alt=\"\u00c9tudes de march\u00e9 et strat\u00e9gie internationales SIS\" title=\"Smarrtphone 5g (8)\" srcset=\"https:\/\/www.sisinternational.com\/wp-content\/uploads\/2025\/08\/Smarrtphone-5g-8.jpg 1456w, https:\/\/www.sisinternational.com\/wp-content\/uploads\/2025\/08\/Smarrtphone-5g-8-300x168.jpg 300w, https:\/\/www.sisinternational.com\/wp-content\/uploads\/2025\/08\/Smarrtphone-5g-8-1024x574.jpg 1024w, https:\/\/www.sisinternational.com\/wp-content\/uploads\/2025\/08\/Smarrtphone-5g-8-768x430.jpg 768w, https:\/\/www.sisinternational.com\/wp-content\/uploads\/2025\/08\/Smarrtphone-5g-8-18x10.jpg 18w\" sizes=\"auto, (max-width: 1456px) 100vw, 1456px\"><\/figure>\n<\/div>\n<\/div>\n\n\n\n<hr class=\"wp-block-separator has-alpha-channel-opacity is-style-dots\"\/>\n\n\n\n<h2 class=\"wp-block-heading\">What is M-Commerce Market Research?<\/h2>\n\n\n\n<p>Mobile commerce, also known as m-commerce, is a modern way to buy and sell products. It is a subset of e-commerce, which uses mobile platforms. M-commerce uses handheld devices like cellphones and tablets. Devices continue to add new features that permit m-commerce. Its transactions include online banking or bill payments and everyday product purchases.<\/p>\n\n\n\n<h2 class=\"wp-block-heading\">Pourquoi c&#039;est important?<\/h2>\n\n\n\n<p>Mobile messaging has grown rapidly and continues to evolve. M-commerce helps increase potential customers, which can aid many businesses.<\/p>\n\n\n\n<p>Cela augmente le potentiel de ventes puisque les acheteurs peuvent faire leurs achats \u00e0 tout moment et n&#039;importe o\u00f9, dans le confort de leur appareil mobile.<\/p>\n\n\n\n<h2 class=\"wp-block-heading\">Titres de poste cl\u00e9s<\/h2>\n\n\n\n<figure class=\"gb-block-image gb-block-image-c726217a\"><img decoding=\"async\" class=\"gb-image gb-image-c726217a\" src=\"https:\/\/www.sisinternational.com\/wp-content\/uploads\/2025\/02\/Fintech-2-1.jpeg\" alt=\"\u00c9tudes de march\u00e9 et strat\u00e9gie internationales SIS\"><\/figure>\n\n\n\n<p><\/p>\n\n\n\n<h3 class=\"wp-block-heading\">M-commerce is like many companies in terms of jobs. It requires positions as follows:<\/h3>\n\n\n\n<p>\u2013 Ing\u00e9nieurs logiciels<\/p>\n\n\n\n<p>\u2013 des techniciens informatiques<\/p>\n\n\n\n<h3 class=\"wp-block-heading\">Il y a aussi l&#039;aspect marketing de l&#039;entreprise, qui incite les consommateurs \u00e0 utiliser le service. Les emplois comprennent\u00a0:<\/h3>\n\n\n\n<p>- Sp\u00e9cialiste en marketing<\/p>\n\n\n\n<p>\u2013 R\u00e9dacteur de contenu SEO<\/p>\n\n\n\n<p>- Designer graphique<\/p>\n\n\n\n<h3 class=\"wp-block-heading\">Comme d&#039;autres entreprises, il existe \u00e9galement des emplois dans la finance et les ressources humaines tels que :<\/h3>\n\n\n\n<p>- Manager financier<\/p>\n\n\n\n<p>\u2013 Repr\u00e9sentant du service client.<\/p>\n\n\n\n<p>La technologie et le service client sont des domaines critiques pour le commerce mobile. De ce fait, de nombreux emplois couvrent ces domaines.<\/p>\n\n\n\n<h2 class=\"wp-block-heading\">Pourquoi votre entreprise a besoin du M-commerce<\/h2>\n\n\n\n<p>M-commerce is a crucial tool for business success in the modern world. This feature can be used on a wide range of devices.<\/p>\n\n\n\n<p>Une entreprise qui utilise le commerce mobile peut accro\u00eetre sa client\u00e8le. Les appareils mobiles \u00e9tant portables, les consommateurs peuvent effectuer des paiements depuis de nombreux endroits. Le M-commerce est \u00e9galement pratique. Son service GPS aide les clients \u00e0 trouver des articles dans les magasins. Cela permet \u00e9galement de s\u00e9curiser les transactions. Pour ce faire, il utilise une authentification multifacteur, qui inclut les empreintes digitales et les analyses de la r\u00e9tine.<\/p>\n\n\n\n<p>M-commerce is a quick way for consumers to engage with business products and services. Thus, it helps improve the frequency people interact with these companies.<\/p>\n\n\n\n<h2 class=\"wp-block-heading\">Facteurs cl\u00e9s de succ\u00e8s<\/h2>\n\n\n\n<h3 class=\"wp-block-heading\">De nombreux facteurs assurent le succ\u00e8s du m-commerce. Votre entreprise devrait en tenir compte lors de son inscription.<\/h3>\n\n\n\n<p>Un facteur mesure la fiabilit\u00e9 du syst\u00e8me. Cette mesure implique dans quelle mesure elle prot\u00e8ge la vie priv\u00e9e du client. Il couvre \u00e9galement la facilit\u00e9 d&#039;utilisation du logiciel qui fournit le service.<\/p>\n\n\n\n<p>Un autre facteur est la croissance du secteur du commerce mobile. Lorsqu\u2019une entreprise utilise le m-commerce, les gens doivent maintenir son logiciel. Il doit favoriser une bonne \u00e9thique de travail parmi les employ\u00e9s. En outre, une plus grande p\u00e9n\u00e9tration du march\u00e9 peut assurer la croissance continue de l\u2019entreprise. L&#039;am\u00e9lioration continue des processus et des techniques de marketing garantit le succ\u00e8s.<\/p>\n\n\n\n<p>Un facteur cl\u00e9 de succ\u00e8s est \u00e9galement la rentabilit\u00e9 de l\u2019entreprise. De nombreux indicateurs peuvent aider \u00e0 \u00e9valuer cela. Un exemple est la satisfaction de ses clients \u00e0 l\u2019\u00e9gard du service. En outre, l\u2019augmentation des revenus et de la part de march\u00e9 contribue \u00e0 d\u00e9terminer cela.<\/p>\n\n\n\n<p>Le soutien juridique est un autre facteur de r\u00e9ussite. Le soutien gouvernemental aux syst\u00e8mes de commerce mobile peut influencer leur utilisation par les particuliers. Un syst\u00e8me de soutien juridique solide devrait \u00e9galement \u00eatre mis en place.<\/p>\n\n\n\n<h2 class=\"wp-block-heading\">\u00c0 propos de l\u2019\u00e9tude de march\u00e9 sur le commerce mobile<\/h2>\n\n\n\n<figure class=\"gb-block-image gb-block-image-3aa2bd1e\"><img decoding=\"async\" class=\"gb-image gb-image-3aa2bd1e\" src=\"https:\/\/www.sisinternational.com\/wp-content\/uploads\/2025\/03\/Flux_Dev_A_young_professional_in_their_midtwenties_with_short__0.jpeg\" alt=\"\u00c9tudes de march\u00e9 et strat\u00e9gie internationales SIS\"><\/figure>\n\n\n\n<p><\/p>\n\n\n\n<p>Quantitative, Qualitative, and Strategy <a href=\"https:\/\/www.sisinternational.com\/fr\/couverture\/les-ameriques\/etude-de-marche-dans-les-caraibes\/etude-de-marche-aux-bahamas\/\" title=\"\u00c9tude de march\u00e9 aux Bahamas\"  data-wpil-monitor-id=\"3538\">Research are helpful for market<\/a> research. This research may include Interviews, Surveys, or Focus Groups.<\/p>\n\n\n\n<p>M-commerce market research is vital for businesses that wish to provide this service. It provides insight into the drawbacks and benefits. This type of tech incurs high costs. Companies must consider these costs and assess the risks. Factors to <a href=\"https:\/\/www.sisinternational.com\/fr\/competence\/les-industries\/etude-de-marche-du-vide\/\" title=\"\u00c9tude de march\u00e9 sur le vide\"  data-wpil-monitor-id=\"4876\">recherche<\/a> include app speed and the best marketing strategies. These factors can help you deduce the best way to increase market share using m-commerce.<\/p>\n\n\n\n<h2 class=\"wp-block-heading\">Notre emplacement \u00e0 New York<\/h2>\n\n\n\n<p>  <iframe loading=\"lazy\" src=\"https:\/\/www.google.com\/maps\/embed?pb=!1m18!1m12!1m3!1d3022.976188376966!2d-73.99130312499956!3d40.740549471389315!2m3!1f0!2f0!3f0!3m2!1i1024!2i768!4f13.1!3m3!1m2!1s0x89c259a15798c731%3A0xd695d09bdd495f25!2s11%20E%2022nd%20St%20FL%202%2C%20New%20York%2C%20NY%2010010%2C%20USA!5e0!3m2!1sen!2spe!4v1726171763526!5m2!1sen!2spe\" width=\"600\" height=\"450\" allowfullscreen=\"allowfullscreen\" data-mce-fragment=\"1\"><\/iframe>  <\/p>\n\n\n\n<h3 class=\"wp-block-heading\">11 E 22nd Street, \u00e9tage 2, New York, NY 10010 T\u00e9l. : +1(212) 505-6805<\/h3>\n\n\n\n<hr class=\"wp-block-separator has-alpha-channel-opacity\"\/>\n\n\n\n<h2 class=\"wp-block-heading\"><span style=\"font-weight: 400;\">\u00c0 propos de SIS International<\/span><\/h2>\n\n\n\n<p><a href=\"https:\/\/www.sisinternational.com\/fr\/\"><span style=\"font-weight: 400;\">SIS International<\/span><\/a><span style=\"font-weight: 400;\"> propose des recherches quantitatives, qualitatives et strat\u00e9giques. Nous fournissons des donn\u00e9es, des outils, des strat\u00e9gies, des rapports et des informations pour la prise de d\u00e9cision. Nous menons \u00e9galement des entretiens, des enqu\u00eates, des groupes de discussion et d\u2019autres m\u00e9thodes et approches d\u2019\u00e9tudes de march\u00e9.<\/span><a href=\"https:\/\/www.sisinternational.com\/fr\/a-propos-de-la-recherche-internationale-sis\/contact-sis-international-market-research\/\"><span style=\"font-weight: 400;\"> Contactez nous<\/span><\/a><span style=\"font-weight: 400;\"> pour votre prochain projet d&#039;\u00e9tude de march\u00e9.<\/span><\/p>\n\n\n\n<p><\/p>","protected":false},"excerpt":{"rendered":"<p>Le commerce mobile utilise des appareils portables comme les t\u00e9l\u00e9phones portables et les tablettes. Ses op\u00e9rations incluent les op\u00e9rations bancaires en ligne ou le paiement de factures. Il couvre \u00e9galement les achats de produits quotidiens. Le m-commerce est un outil crucial pour le succ\u00e8s d\u2019une entreprise moderne.<\/p>","protected":false},"author":1,"featured_media":63117,"parent":27462,"menu_order":41,"comment_status":"closed","ping_status":"closed","template":"","meta":{"footnotes":""},"class_list":["post-41029","page","type-page","status-publish","has-post-thumbnail"],"_links":{"self":[{"href":"https:\/\/www.sisinternational.com\/fr\/wp-json\/wp\/v2\/pages\/41029","targetHints":{"allow":["GET"]}}],"collection":[{"href":"https:\/\/www.sisinternational.com\/fr\/wp-json\/wp\/v2\/pages"}],"about":[{"href":"https:\/\/www.sisinternational.com\/fr\/wp-json\/wp\/v2\/types\/page"}],"author":[{"embeddable":true,"href":"https:\/\/www.sisinternational.com\/fr\/wp-json\/wp\/v2\/users\/1"}],"replies":[{"embeddable":true,"href":"https:\/\/www.sisinternational.com\/fr\/wp-json\/wp\/v2\/comments?post=41029"}],"version-history":[{"count":6,"href":"https:\/\/www.sisinternational.com\/fr\/wp-json\/wp\/v2\/pages\/41029\/revisions"}],"predecessor-version":[{"id":78816,"href":"https:\/\/www.sisinternational.com\/fr\/wp-json\/wp\/v2\/pages\/41029\/revisions\/78816"}],"up":[{"embeddable":true,"href":"https:\/\/www.sisinternational.com\/fr\/wp-json\/wp\/v2\/pages\/27462"}],"wp:featuredmedia":[{"embeddable":true,"href":"https:\/\/www.sisinternational.com\/fr\/wp-json\/wp\/v2\/media\/63117"}],"wp:attachment":[{"href":"https:\/\/www.sisinternational.com\/fr\/wp-json\/wp\/v2\/media?parent=41029"}],"curies":[{"name":"wp","href":"https:\/\/api.w.org\/{rel}","templated":true}]}}