{"id":41022,"date":"2022-11-12T04:24:26","date_gmt":"2022-11-12T04:24:26","guid":{"rendered":"https:\/\/www.sisinternational.com\/?page_id=41022"},"modified":"2026-01-26T17:57:50","modified_gmt":"2026-01-26T22:57:50","slug":"etude-de-marche-sur-la-conception-demballages","status":"publish","type":"page","link":"https:\/\/www.sisinternational.com\/fr\/competence\/etude-de-marche-sur-la-conception-demballages\/","title":{"rendered":"\u00c9tude de march\u00e9 sur la conception d\u2019emballages"},"content":{"rendered":"<h1 class=\"wp-block-heading\">\u00c9tude de march\u00e9 sur la conception d\u2019emballages<\/h1>\n\n\n\n<figure class=\"gb-block-image gb-block-image-ab8835fd\"><img loading=\"lazy\" decoding=\"async\" width=\"1456\" height=\"816\" class=\"gb-image gb-image-ab8835fd\" src=\"https:\/\/www.sisinternational.com\/wp-content\/uploads\/2025\/09\/Package-7.jpg\" alt=\"\u00c9tudes de march\u00e9 et strat\u00e9gie internationales SIS\" title=\"Package (7)\" srcset=\"https:\/\/www.sisinternational.com\/wp-content\/uploads\/2025\/09\/Package-7.jpg 1456w, https:\/\/www.sisinternational.com\/wp-content\/uploads\/2025\/09\/Package-7-300x168.jpg 300w, https:\/\/www.sisinternational.com\/wp-content\/uploads\/2025\/09\/Package-7-1024x574.jpg 1024w, https:\/\/www.sisinternational.com\/wp-content\/uploads\/2025\/09\/Package-7-768x430.jpg 768w, https:\/\/www.sisinternational.com\/wp-content\/uploads\/2025\/09\/Package-7-18x10.jpg 18w\" sizes=\"auto, (max-width: 1456px) 100vw, 1456px\"><\/figure>\n\n\n\n<p><\/p>\n\n\n\n<hr class=\"wp-block-separator has-alpha-channel-opacity is-style-dots\"\/>\n\n\n\n<h2 class=\"wp-block-heading\">Pourquoi l\u2019emballage est-il important ?<\/h2>\n\n\n\n<p>L\u2019emballage est une tactique marketing essentielle. Les entreprises utilisent les emballages pour embellir les marchandises afin d&#039;attirer le consommateur. La cr\u00e9ation d&#039;emballages attrayants et convaincants intrigue les nouveaux acheteurs. De nombreux consommateurs jugent un produit \u00e0 son emballage avant de l\u2019acheter. C&#039;est l&#039;identit\u00e9 d&#039;un produit. M\u00eame les sacs de courses parlent \u00e0 vos clients et ont un impact sur la perception de la marque.<\/p>\n\n\n\n<p>Many companies conduct extensive research on <a href=\"https:\/\/www.sisinternational.com\/fr\/solutions\/solutions-de-branding-et-de-recherche-client\/etude-de-marche-sur-lemballage\/\" title=\"\u00c9tude de march\u00e9 sur l\u2019emballage\"  data-wpil-monitor-id=\"6544\">designs<\/a> and color schemes for product packaging. These companies need to know the types of packaging that are most attractive to the intended consumer. Why do they go to such lengths? Because product packaging is often what often entices the consumer to take a look at the product.<\/p>\n\n\n\n<p>Les sp\u00e9cialistes du marketing doivent utiliser chaque centim\u00e8tre dont ils disposent lors de l\u2019emballage d\u2019un produit. La rentabilit\u00e9 est \u00e9galement essentielle. Les sp\u00e9cialistes du marketing doivent examiner la qualit\u00e9 des mat\u00e9riaux. Ils doivent \u00e9galement examiner les m\u00e9thodes d\u2019exp\u00e9dition utilis\u00e9es s\u2019ils souhaitent en avoir pour leur argent. Une autre consid\u00e9ration est le renforcement de la marque. Les \u00e9l\u00e9ments de conception utilis\u00e9s sur l&#039;emballage d&#039;une entreprise constituent un \u00e9l\u00e9ment essentiel de son identit\u00e9 de marque. Elle utilise des emballages pour communiquer cette identit\u00e9 \u00e0 son public cible. La facilit\u00e9 d\u2019utilisation est un autre facteur critique. Un emballage facile \u00e0 transporter, \u00e0 utiliser ou \u00e0 stocker par les consommateurs sera plus performant qu\u2019un emballage difficile \u00e0 g\u00e9rer.<\/p>\n\n\n\n<h2 class=\"wp-block-heading\">L\u2019essor des tendances en mati\u00e8re d\u2019emballage<\/h2>\n\n\n\n<p>Les entreprises peuvent profiter de tendances telles que l\u2019impression 3D pour cr\u00e9er des emballages \u00e0 la demande. Cette tendance permet aux marques de proposer \u00e0 leurs clients des packagings personnalis\u00e9s. Cela permet \u00e9galement aux entreprises de d\u00e9ployer de nouveaux emballages en r\u00e9ponse \u00e0 des \u00e9v\u00e9nements sp\u00e9ciaux.<\/p>\n\n\n\n<p>La pression des groupes de pression et des m\u00e9dias pousse \u00e9galement de nombreuses marques \u00e0 renoncer au plastique. Les consommateurs poussent \u00e9galement les marques \u00e0 utiliser des emballages 100 % durables. Le d\u00e9fi pour les sp\u00e9cialistes du marketing commence par d\u00e9finir le nouveau mat\u00e9riel qu\u2019il est pr\u00e9f\u00e9rable d\u2019utiliser. Cette d\u00e9finition peut \u00eatre difficile, \u00e9tant donn\u00e9 l\u2019\u00e9volution constante de l\u2019opinion publique. Changer un emballage, par exemple une canette, en un sachet prend \u00e9galement du temps. Une telle transition n\u00e9cessite une toute nouvelle cha\u00eene de production.<\/p>\n\n\n\n<p>Le sachet en plastique reste l\u2019une des options d\u2019emballage les plus rentables disponibles. Un autre choix populaire \u00e0 faible co\u00fbt sont les bo\u00eetes en carton, faciles \u00e0 personnaliser. De nombreuses entreprises optent \u00e9galement pour des sacs en papier. De cette fa\u00e7on, elles se pr\u00e9sentent comme des entreprises respectueuses de l\u2019environnement.<\/p>\n\n\n\n<h2 class=\"wp-block-heading\">Comment la recherche qualitative aide-t-elle \u00e0 la conception d\u2019emballages ?<\/h2>\n\n\n\n<p>New product concept testing is a qualitative research method. It helps marketers by determining the reactions of individuals to alternative <a href=\"https:\/\/www.sisinternational.com\/fr\/solutions\/innovation\/la-pensee-de-conception\/\" title=\"\u00c9tude de march\u00e9 sur le design thinking\"  data-wpil-monitor-id=\"6682\">packaging<\/a> designs. Usability testing is another method that helps. This method compiles user observations on design features. It assists marketers by outlining the features that are easy or difficult to use. Qualitative <a href=\"https:\/\/www.sisinternational.com\/fr\/le-role-du-developpement-de-processus-et-de-systemes-dans-la-reussite-organisationnelle\/\" title=\"\u00c9tude de march\u00e9 sur la conception organisationnelle\"  data-wpil-monitor-id=\"2936\">research can also help marketers<\/a> to use packaging to improve brand perception.<\/p>\n\n\n\n<h2 class=\"wp-block-heading\">Comment la recherche quantitative est-elle utile ?<\/h2>\n\n\n\n<p>La r\u00e9ponse orale \u00e0 la question \u00ab\u00a0Aimez-vous ce produit\u00a0?\u00a0\u00bb n&#039;est peut-\u00eatre pas toujours la vraie r\u00e9ponse. Les r\u00e9pondants peuvent donner des r\u00e9ponses d\u00e9form\u00e9es en raison de biais cognitifs. La solution est le suivi oculaire. Cette mesure aide les sp\u00e9cialistes du marketing \u00e0 mieux comprendre l&#039;exp\u00e9rience d&#039;un consommateur. Les enqu\u00eates sont une autre m\u00e9thode quantitative. Ces sondages sont utiles pour mesurer le fonctionnement de la conception d\u2019emballage propos\u00e9e. Ils aident \u00e9galement les sp\u00e9cialistes du marketing \u00e0 d\u00e9terminer si le nouveau mod\u00e8le est pr\u00eat \u00e0 entrer sur le march\u00e9.<\/p>\n\n\n\n<h2 class=\"wp-block-heading\">Comment la recherche strat\u00e9gique aide-t-elle ?<\/h2>\n\n\n\n<p>Une analyse approfondie de la concurrence est indispensable \u00e0 toute organisation. Un autre outil pr\u00e9cieux est l\u2019\u00e9valuation des opportunit\u00e9s de march\u00e9. Cette mesure identifie les exigences et les barri\u00e8res \u00e0 l\u2019entr\u00e9e sur le march\u00e9. Les entreprises doivent \u00e9galement \u00e9tudier la taille du march\u00e9. Cet outil aide les entreprises \u00e0 faire la distinction entre le march\u00e9 adressable et le march\u00e9 disponible. Le march\u00e9 adressable est l\u2019opportunit\u00e9 totale de revenus pour un produit ou un service. Le march\u00e9 disponible est une partie du march\u00e9 adressable pour laquelle une entreprise peut rivaliser.<\/p>\n\n\n\n<p>Un autre \u00e9l\u00e9ment essentiel de la recherche strat\u00e9gique est le suivi de l\u2019industrie. La surveillance strat\u00e9gique des observations, de la r\u00e9activit\u00e9 et du comportement des consommateurs fournit des informations marketing cruciales. Cette intelligence aide \u00e0 guider les entreprises \u00e0 travers les changements chaotiques et rapides des m\u00e9dias. Cela les guide \u00e9galement \u00e0 travers les bouleversements technologiques et les canaux de distribution. Le suivi strat\u00e9gique r\u00e9pond \u00e0 des questions essentielles telles que l\u2019\u00e9volution de la notori\u00e9t\u00e9 de la marque. Cette m\u00e9thode permet aux entreprises de mieux rivaliser sur le march\u00e9.<\/p>\n\n\n\n<p><\/p>","protected":false},"excerpt":{"rendered":"<p>L\u2019emballage est une tactique marketing essentielle. Les entreprises utilisent les emballages pour embellir les marchandises afin d&#039;attirer le consommateur. La cr\u00e9ation d&#039;emballages attrayants et convaincants intrigue les nouveaux acheteurs.<\/p>","protected":false},"author":1,"featured_media":69143,"parent":14514,"menu_order":150,"comment_status":"closed","ping_status":"closed","template":"","meta":{"footnotes":""},"class_list":["post-41022","page","type-page","status-publish","has-post-thumbnail"],"_links":{"self":[{"href":"https:\/\/www.sisinternational.com\/fr\/wp-json\/wp\/v2\/pages\/41022","targetHints":{"allow":["GET"]}}],"collection":[{"href":"https:\/\/www.sisinternational.com\/fr\/wp-json\/wp\/v2\/pages"}],"about":[{"href":"https:\/\/www.sisinternational.com\/fr\/wp-json\/wp\/v2\/types\/page"}],"author":[{"embeddable":true,"href":"https:\/\/www.sisinternational.com\/fr\/wp-json\/wp\/v2\/users\/1"}],"replies":[{"embeddable":true,"href":"https:\/\/www.sisinternational.com\/fr\/wp-json\/wp\/v2\/comments?post=41022"}],"version-history":[{"count":6,"href":"https:\/\/www.sisinternational.com\/fr\/wp-json\/wp\/v2\/pages\/41022\/revisions"}],"predecessor-version":[{"id":80262,"href":"https:\/\/www.sisinternational.com\/fr\/wp-json\/wp\/v2\/pages\/41022\/revisions\/80262"}],"up":[{"embeddable":true,"href":"https:\/\/www.sisinternational.com\/fr\/wp-json\/wp\/v2\/pages\/14514"}],"wp:featuredmedia":[{"embeddable":true,"href":"https:\/\/www.sisinternational.com\/fr\/wp-json\/wp\/v2\/media\/69143"}],"wp:attachment":[{"href":"https:\/\/www.sisinternational.com\/fr\/wp-json\/wp\/v2\/media?parent=41022"}],"curies":[{"name":"wp","href":"https:\/\/api.w.org\/{rel}","templated":true}]}}