{"id":41020,"date":"2022-11-12T00:29:27","date_gmt":"2022-11-12T00:29:27","guid":{"rendered":"https:\/\/www.sisinternational.com\/?page_id=41020"},"modified":"2026-01-27T16:45:47","modified_gmt":"2026-01-27T21:45:47","slug":"etude-de-marche-en-tanzanie","status":"publish","type":"page","link":"https:\/\/www.sisinternational.com\/fr\/couverture\/etude-de-marche-en-afrique\/etude-de-marche-en-tanzanie\/","title":{"rendered":"Etude de march\u00e9 en Tanzanie"},"content":{"rendered":"<h1 class=\"wp-block-heading\">Etude de march\u00e9 en Tanzanie<\/h1>\n\n\n\n<figure class=\"gb-block-image gb-block-image-eb503364\"><img loading=\"lazy\" decoding=\"async\" width=\"1456\" height=\"816\" class=\"gb-image gb-image-eb503364\" src=\"https:\/\/www.sisinternational.com\/wp-content\/uploads\/2025\/08\/Tanzania-4.jpg\" alt=\"\u00c9tudes de march\u00e9 et strat\u00e9gie internationales SIS\" title=\"Tanzania (4)\" srcset=\"https:\/\/www.sisinternational.com\/wp-content\/uploads\/2025\/08\/Tanzania-4.jpg 1456w, https:\/\/www.sisinternational.com\/wp-content\/uploads\/2025\/08\/Tanzania-4-300x168.jpg 300w, https:\/\/www.sisinternational.com\/wp-content\/uploads\/2025\/08\/Tanzania-4-1024x574.jpg 1024w, https:\/\/www.sisinternational.com\/wp-content\/uploads\/2025\/08\/Tanzania-4-768x430.jpg 768w, https:\/\/www.sisinternational.com\/wp-content\/uploads\/2025\/08\/Tanzania-4-18x10.jpg 18w\" sizes=\"auto, (max-width: 1456px) 100vw, 1456px\"><\/figure>\n\n\n\n<p><\/p>\n\n\n\n<hr class=\"wp-block-separator has-alpha-channel-opacity is-style-dots\"\/>\n\n\n\n<p>La Tanzanie est une r\u00e9publique d&#039;Afrique de l&#039;Est. Sa fronti\u00e8re nord rencontre l&#039;Ouganda et le Kenya. La R\u00e9publique du Congo, le Rwanda et le Burundi se trouvent \u00e0 l&#039;ouest. La Tanzanie partage \u00e9galement des fronti\u00e8res avec le Malawi, le Mozambique et la Zambie au sud. De plus, l&#039;oc\u00e9an Indien baigne la c\u00f4te est du pays.<\/p>\n\n\n\n<p>Le surnom de la Tanzanie est \u00ab\u00a0l&#039;\u00e2me de l&#039;Afrique\u00a0\u00bb. Cette appellation est n\u00e9e de sa riche culture, de son histoire et de sa faune diversifi\u00e9e. Un autre attribut r\u00e9side dans ses parcs nationaux, parmi lesquels se trouve le Serengeti. En Tanzanie se trouve \u00e9galement le plus haut sommet du continent africain, le mont Kilimandjaro, un volcan endormi culminant \u00e0 5\u00a0895 m\u00e8tres (19\u00a0340 pieds).<\/p>\n\n\n\n<h2 class=\"wp-block-heading\">Industries cl\u00e9s<\/h2>\n\n\n\n<h3 class=\"wp-block-heading\">Les mines, l&#039;\u00e9nergie, la construction et l&#039;ing\u00e9nierie constituent l&#039;\u00e9conomie tanzanienne.<\/h3>\n\n\n\n<p>En outre, la Tanzanie exporte des produits agricoles, des mati\u00e8res premi\u00e8res, des minerais, des m\u00e9taux et des produits manufactur\u00e9s. Le caf\u00e9, le tabac, le coton, les noix de cajou et le th\u00e9 repr\u00e9sentent pr\u00e8s de la moiti\u00e9 des exportations totales de la Tanzanie.<\/p>\n\n\n\n<p>Le ralentissement \u00e9conomique mondial a affect\u00e9 les industries tourn\u00e9es vers l\u2019exportation. Le tourisme et les exportations traditionnelles sont deux de ces secteurs. La crise a \u00e9galement frein\u00e9 l\u2019activit\u00e9 \u00e9conomique int\u00e9rieure ainsi que les importations, ce qui a eu un impact sur les moyens de subsistance.<\/p>\n\n\n\n<p>Dar es Salaam, qui signifie \u00ab havre de paix \u00bb en swahili, est la premi\u00e8re ville de Tanzanie. De plus, Dar es Salaam est la ville qui conna\u00eet la croissance la plus rapide d&#039;Afrique. Sa population est en augmentation depuis le milieu des ann\u00e9es 1980. En fait, elle est en passe de devenir l\u2019un des plus grands p\u00f4les commerciaux d\u2019Afrique de l\u2019Est.<\/p>\n\n\n\n<h2 class=\"wp-block-heading\">Quartiers<\/h2>\n\n\n\n<p>Masaki est un quartier riche de Dar es Salaam. En outre, il abrite une concentration d\u2019expatri\u00e9s et de dignitaires \u00e9trangers. Sans oublier qu\u2019une vari\u00e9t\u00e9 de cuisines du monde entier et inversement est disponible. De plus, de nombreux bars et salons s&#039;associent \u00e0 ces restaurants pour une vie nocturne anim\u00e9e.<\/p>\n\n\n\n<p>Bahari Beach abrite un m\u00e9lange de maisons familiales jeunes et plus \u00e2g\u00e9es. Cette zone s\u00e9curis\u00e9e offre beaucoup d\u2019espace pour se d\u00e9placer. Une population croissante signifie plus de magasins, de restaurants et de transports.<\/p>\n\n\n\n<p>La capitale officielle de la Tanzanie est Dodoma, situ\u00e9e \u00e0 environ 300 miles \u00e0 l&#039;int\u00e9rieur des terres de l&#039;oc\u00e9an Indien. Les efforts visant \u00e0 d\u00e9placer le gouvernement de l&#039;ancienne capitale ont \u00e9t\u00e9 lents en raison de la croissance de Dar es Salaam.<\/p>\n\n\n\n<p>Ensuite, il y a Zanzibar, une \u00eele riche en \u00e9pices et dont la culture attire les voyageurs internationaux. C&#039;est un paradis secret avec des eaux cristallines pendant la journ\u00e9e et des f\u00eates de pleine lune toute la nuit.<\/p>\n\n\n\n<h2 class=\"wp-block-heading\">Les tendances<\/h2>\n\n\n\n<p>La derni\u00e8re d\u00e9cennie a \u00e9t\u00e9 marqu\u00e9e par une croissance \u00e9conomique robuste en R\u00e9publique-Unie de Tanzanie. L\u2019accent a r\u00e9cemment \u00e9t\u00e9 mis sur la gestion d\u2019une administration plus l\u00e9g\u00e8re. Le gouvernement affirme que cela entra\u00eenera des am\u00e9liorations de l&#039;efficacit\u00e9 du secteur public. Entre-temps, il a employ\u00e9 d\u2019autres strat\u00e9gies efficaces. Par exemple, il utilise le traitement \u00e9lectronique des documents et des paiements. L\u2019infrastructure num\u00e9rique pour des \u00e9l\u00e9ments tels que les imp\u00f4ts et les fichiers li\u00e9s au commerce montre des progr\u00e8s marqu\u00e9s.<\/p>\n\n\n\n<p>D\u2019ici 2025, la Vision du d\u00e9veloppement de la Tanzanie vise \u00e0 transformer l\u2019\u00c9tat. Il vise \u00e0 en faire une \u00e9conomie \u00e0 revenu interm\u00e9diaire et semi-industrialis\u00e9e.<\/p>\n\n\n\n<p>Commercial opportunities in Tanzania look bright. The energy sector is shining. As transportation infrastructure becomes reformed, reliable, and more efficient, Tanzanians can expect export growth. There is also potential export growth for manufactured goods and agriculture. With more activity in ports, services, and tourism can increase in the medium term.<\/p>\n\n\n\n<p>The country <a href=\"https:\/\/www.sisinternational.com\/fr\/analysis-b2b\/\" title=\"What Business Leaders Need to Know Right Now\"  data-wpil-monitor-id=\"10035\">needs further development in the business<\/a> sector. Advancements in this sector will help Tanzania improve its global business environment rankings. Difficulties with corruption and poor infrastructure have hindered the country in the past. Another roadblock used to be the difficulty in accessing financing.<\/p>\n\n\n\n<h2 class=\"wp-block-heading\">Avantages et points forts<\/h2>\n\n\n\n<p>Tanzania ranks high among its regional peers in foreign direct investment. Many multinational companies focus on the country\u2019s energy <a href=\"https:\/\/www.sisinternational.com\/fr\/competence\/les-industries\/etude-de-marche-sur-les-ressources-naturelles\/\" title=\"\u00c9tude de march\u00e9 sur les ressources naturelles\"  data-wpil-monitor-id=\"10026\">resources because Tanzania has natural<\/a> gas reserves along the southern coast. The Tanzanian government encourages local and international investment.<\/p>\n\n\n\n<p>Le tourisme est l&#039;un des secteurs \u00e0 la croissance la plus rapide en Tanzanie, aux c\u00f4t\u00e9s de l&#039;immobilier et des transports.<\/p>\n\n\n\n<h3 class=\"wp-block-heading\">Base de consommateurs<\/h3>\n\n\n\n<p>Pendant la pand\u00e9mie, de nombreux Tanzaniens ont subi des pertes financi\u00e8res. La hausse du ch\u00f4mage est due \u00e0 une forte baisse des ventes et \u00e0 un faible flux de tr\u00e9sorerie. Les chocs \u00e9conomiques rapprochent la population tanzanienne moyenne du seuil de pauvret\u00e9.<\/p>\n\n\n\n<h3 class=\"wp-block-heading\">Raisons de d\u00e9velopper votre entreprise en Tanzanie<\/h3>\n\n\n\n<p>Those investing in Tanzania have the benefit of entering a <a href=\"https:\/\/www.sisinternational.com\/fr\/solutions\/etude-de-marche-internationale-sur-la-croissance-des-entreprises\/\" title=\"\u00c9tude de march\u00e9 internationale sur la croissance des entreprises\"  data-wpil-monitor-id=\"10029\">market with steady growth<\/a>. The World Bank recently upgraded the Tanzanian economy from low- to lower-middle-income. Thus, the time to invest is now as demand and consumer disposable income increase.<\/p>\n\n\n\n<p>International partnerships are the focus of the Tanzanian government. Companies listed on the domestic stock <a href=\"https:\/\/www.sisinternational.com\/fr\/solutions\/recherche-de-conseil-en-strategie-fintech\/etude-de-marche-des-changes\/\" title=\"\u00c9tude de march\u00e9 des changes\"  data-wpil-monitor-id=\"10031\">exchange can have 100% foreign<\/a> ownership. There are also tax and investment incentives for qualifying businesses.<\/p>\n\n\n\n<h2 class=\"wp-block-heading\">Etude de march\u00e9 en Tanzanie<\/h2>\n\n\n\n<p>Any seasoned investor knows the <a href=\"https:\/\/www.sisinternational.com\/fr\/solutions\/etude-de-marche-sur-la-valeur-a-vie-du-client\/\" title=\"Valeur \u00e0 vie du client \u00c9tude de march\u00e9\"  data-wpil-monitor-id=\"10023\">value of market research<\/a>. Even those exploring potential <a href=\"https:\/\/www.sisinternational.com\/fr\/top-5-benefits-of-qualitative-market-research-for-businesses\/\" title=\"Top 5 Benefits of Qualitative Market Research for Businesses\"  data-wpil-monitor-id=\"10033\">business ideas should perform Qualitative<\/a>, Quantitative, and Strategy Research. <a href=\"https:\/\/www.sisinternational.com\/fr\/entrer-sur-le-marche-latino-americain\/\" title=\"Entrer sur le march\u00e9 latino-am\u00e9ricain\"  data-wpil-monitor-id=\"7555\">Etude de march\u00e9 en Tanzanie<\/a> will prepare your business to enter the Tanzanian market.<\/p>\n\n\n\n<p>Interviews and <a href=\"https:\/\/www.sisinternational.com\/fr\/solutions\/solutions-de-recherche-qualitative-et-quantitative\/etude-de-marche\/\" title=\"\u00c9tude de march\u00e9 par sondage\"  data-wpil-monitor-id=\"10037\">Enqu\u00eates<\/a> can also give you a deeper understanding of market opportunities. Focus Groups and Data Analysis are other beneficial tools for Market Research in Tanzania.<\/p>\n\n\n\n<p><\/p>","protected":false},"excerpt":{"rendered":"<p>La derni\u00e8re d\u00e9cennie a \u00e9t\u00e9 marqu\u00e9e par une croissance \u00e9conomique robuste en R\u00e9publique-Unie de Tanzanie. Les mines, l&#039;\u00e9nergie, la construction et l&#039;ing\u00e9nierie constituent l&#039;\u00e9conomie tanzanienne.<\/p>","protected":false},"author":1,"featured_media":65232,"parent":14281,"menu_order":48,"comment_status":"closed","ping_status":"closed","template":"","meta":{"footnotes":""},"class_list":["post-41020","page","type-page","status-publish","has-post-thumbnail"],"_links":{"self":[{"href":"https:\/\/www.sisinternational.com\/fr\/wp-json\/wp\/v2\/pages\/41020","targetHints":{"allow":["GET"]}}],"collection":[{"href":"https:\/\/www.sisinternational.com\/fr\/wp-json\/wp\/v2\/pages"}],"about":[{"href":"https:\/\/www.sisinternational.com\/fr\/wp-json\/wp\/v2\/types\/page"}],"author":[{"embeddable":true,"href":"https:\/\/www.sisinternational.com\/fr\/wp-json\/wp\/v2\/users\/1"}],"replies":[{"embeddable":true,"href":"https:\/\/www.sisinternational.com\/fr\/wp-json\/wp\/v2\/comments?post=41020"}],"version-history":[{"count":5,"href":"https:\/\/www.sisinternational.com\/fr\/wp-json\/wp\/v2\/pages\/41020\/revisions"}],"predecessor-version":[{"id":81660,"href":"https:\/\/www.sisinternational.com\/fr\/wp-json\/wp\/v2\/pages\/41020\/revisions\/81660"}],"up":[{"embeddable":true,"href":"https:\/\/www.sisinternational.com\/fr\/wp-json\/wp\/v2\/pages\/14281"}],"wp:featuredmedia":[{"embeddable":true,"href":"https:\/\/www.sisinternational.com\/fr\/wp-json\/wp\/v2\/media\/65232"}],"wp:attachment":[{"href":"https:\/\/www.sisinternational.com\/fr\/wp-json\/wp\/v2\/media?parent=41020"}],"curies":[{"name":"wp","href":"https:\/\/api.w.org\/{rel}","templated":true}]}}