{"id":41016,"date":"2022-11-12T00:08:27","date_gmt":"2022-11-12T00:08:27","guid":{"rendered":"https:\/\/www.sisinternational.com\/?page_id=41016"},"modified":"2026-01-26T18:47:08","modified_gmt":"2026-01-26T23:47:08","slug":"etude-de-marche-en-namibie","status":"publish","type":"page","link":"https:\/\/www.sisinternational.com\/fr\/couverture\/etude-de-marche-en-afrique\/etude-de-marche-en-namibie\/","title":{"rendered":"Etude de march\u00e9 en Namibie"},"content":{"rendered":"<h1 class=\"wp-block-heading\">Etude de march\u00e9 en Namibie<\/h1>\n\n\n\n<figure class=\"gb-block-image gb-block-image-3141a289\"><img loading=\"lazy\" decoding=\"async\" width=\"1456\" height=\"816\" class=\"gb-image gb-image-3141a289\" src=\"https:\/\/www.sisinternational.com\/wp-content\/uploads\/2025\/08\/Namibia-2.jpg\" alt=\"\u00c9tudes de march\u00e9 et strat\u00e9gie internationales SIS\" title=\"Namibia (2)\" srcset=\"https:\/\/www.sisinternational.com\/wp-content\/uploads\/2025\/08\/Namibia-2.jpg 1456w, https:\/\/www.sisinternational.com\/wp-content\/uploads\/2025\/08\/Namibia-2-300x168.jpg 300w, https:\/\/www.sisinternational.com\/wp-content\/uploads\/2025\/08\/Namibia-2-1024x574.jpg 1024w, https:\/\/www.sisinternational.com\/wp-content\/uploads\/2025\/08\/Namibia-2-768x430.jpg 768w, https:\/\/www.sisinternational.com\/wp-content\/uploads\/2025\/08\/Namibia-2-18x10.jpg 18w\" sizes=\"auto, (max-width: 1456px) 100vw, 1456px\"><\/figure>\n\n\n\n<p><\/p>\n\n\n\n<hr class=\"wp-block-separator has-alpha-channel-opacity is-style-dots\"\/>\n\n\n\n<p>La R\u00e9publique de Namibie se trouve sur la c\u00f4te sud-ouest de l&#039;Afrique. L&#039;Angola borde la Namibie au nord, la Zambie au nord-est, le Botswana \u00e0 l&#039;est, l&#039;Afrique du Sud au sud-est et au sud et l&#039;oc\u00e9an Atlantique \u00e0 l&#039;ouest.<\/p>\n\n\n\n<p>La langue officielle est l\u2019anglais, mais seulement 3 % environ de la population l\u2019utilise comme langue maternelle. La principale langue parl\u00e9e \u00e0 la maison est l\u2019ovambo. Les gens se parlent \u00e9galement en nama-damara, en kavango, en caprivien et en afrikaans. De nombreux Namibiens parlent au moins deux langues autochtones. Ils connaissent \u00e9galement au moins deux des trois langues europ\u00e9ennes : l\u2019anglais, l\u2019afrikaans et l\u2019allemand.<\/p>\n\n\n\n<p>Beaucoup adh\u00e8rent \u00e0 la foi chr\u00e9tienne, du moins de nom. Une petite partie de la population adh\u00e8re aux croyances traditionnelles.<\/p>\n\n\n\n<h2 class=\"wp-block-heading\">Industries cl\u00e9s<\/h2>\n\n\n\n<p>The mining industry accounts for under a third of Namibia\u2019s GDP. Yet, only a tiny part of the labor force works in the mines. Diamonds, uranium oxide, and base metals are primary mining resources. The production of uranium is high, but problems arise for new ore deposits. Thus, the <a href=\"https:\/\/www.sisinternational.com\/fr\/venezuela-oil-mining-industry-potential-strategic-forecast-2026-2036\/\" title=\"Venezuela Oil &amp; Mining Industry Potential: Strategic Forecast 2026-2036\"  data-wpil-monitor-id=\"10030\">industry needs expansion to new mines<\/a> to maintain the production of uranium.<\/p>\n\n\n\n<p>Exports include diamonds, uranium oxide, furs, meat, fish, other animal products, base metals, and gold. The main <a href=\"https:\/\/www.sisinternational.com\/fr\/couverture\/etude-de-marche-en-afrique\/etude-de-marche-aux-seychelles-en-afrique\/\" title=\"\u00c9tude de march\u00e9 aux Seychelles, Afrique\"  data-wpil-monitor-id=\"5106\">markets are South Africa<\/a>, other neighboring countries, and western Europe.<\/p>\n\n\n\n<p>L&#039;agriculture est l&#039;un des secteurs les plus importants de la Namibie. Mais cela ne repr\u00e9sente qu\u2019une fraction de la contribution du secteur minier au PIB. Pourtant, la majorit\u00e9 de la population d\u00e9pend de l\u2019agriculture pour sa subsistance.<\/p>\n\n\n\n<p>L\u2019\u00e9levage repr\u00e9sente environ les deux tiers de la production agricole et constitue une importante source de devises pour la Namibie. L&#039;agriculture et la foresterie repr\u00e9sentent le tiers restant.<\/p>\n\n\n\n<h2 class=\"wp-block-heading\">Quartiers<\/h2>\n\n\n\n<p>Windhoek est la capitale de la Namibie, situ\u00e9e presque au centre du pays. Avant le d\u00e9but de la colonisation europ\u00e9enne, le nom de la ville \u00e9tait Aigams, ce qui signifie \u00ab eau chaude \u00bb. Le nom fait r\u00e9f\u00e9rence aux sources chaudes de la r\u00e9gion.<\/p>\n\n\n\n<p>Pr\u00e8s de la moiti\u00e9 de la population vit dans le Grand Nord. Environ 15 pour cent vivent dans les zones d\u2019\u00e9levage commercial au nord et au sud de Windhoek. Dix pour cent suppl\u00e9mentaires vivent dans les anciennes patries noires du centre et du sud. Un bon nombre vivent dans le Grand Windhoek. Les autres vivent dans des villes mini\u00e8res c\u00f4ti\u00e8res et int\u00e9rieures. Plus d&#039;un tiers des Namibiens vivent en zone urbaine.<\/p>\n\n\n\n<h2 class=\"wp-block-heading\">Les tendances<\/h2>\n\n\n\n<p>La population de la Namibie est jeune. Sa croissance est modeste, contrairement \u00e0 d&#039;autres pays africains.<\/p>\n\n\n\n<p>La pand\u00e9mie de COVID-19 a durement frapp\u00e9 l&#039;\u00e9conomie namibienne avec un d\u00e9clin du tourisme et du commerce de d\u00e9tail. Le commerce et les investissements ont \u00e9galement souffert, tout comme la sant\u00e9 et l\u2019\u00e9ducation. Une autre pr\u00e9occupation concerne les in\u00e9galit\u00e9s en mati\u00e8re d\u2019emploi et de salaires, aggrav\u00e9es par la pand\u00e9mie. Certains experts ont propos\u00e9 que la Namibie se concentre sur la technologie pour contribuer \u00e0 la croissance \u00e9conomique.<\/p>\n\n\n\n<p>La p\u00e9n\u00e9tration d&#039;Internet en Namibie \u00e9tait de 51% en janvier 2021. L&#039;utilisation d&#039;Internet et des m\u00e9dias sociaux s&#039;est ensuite d\u00e9velopp\u00e9e.<\/p>\n\n\n\n<h2 class=\"wp-block-heading\">Avantages et atouts du march\u00e9<\/h2>\n\n\n\n<p>La Namibie est le septi\u00e8me pays d\u2019Afrique le plus favorable aux entreprises. L\u2019\u00e9conomie, la stabilit\u00e9 politique et le revenu par habitant comptent parmi les meilleurs d\u2019Afrique.<\/p>\n\n\n\n<p>La Namibie fournit un peu moins d\u2019un tiers de la production mondiale de diamants et est un grand producteur d\u2019oxyde d\u2019uranium.<\/p>\n\n\n\n<p>La Namibie est \u00e9galement un leader dans la production de viande. C&#039;est le premier pays africain \u00e0 exporter du b\u0153uf vers les \u00c9tats-Unis.<\/p>\n\n\n\n<h2 class=\"wp-block-heading\">Base de consommateurs<\/h2>\n\n\n\n<p>La majorit\u00e9 des Namibiens sont noirs, avec quelques personnes d&#039;ascendance europ\u00e9enne.<\/p>\n\n\n\n<p>La Banque mondiale consid\u00e8re la Namibie comme une \u00e9conomie \u00e0 revenu interm\u00e9diaire sup\u00e9rieur. Ce classement est sup\u00e9rieur \u00e0 la moyenne des pays d\u2019Afrique subsaharienne. Ce r\u00e9sum\u00e9 est trompeur car la plupart des Namibiens vivent dans la pauvret\u00e9 et beaucoup ont un acc\u00e8s limit\u00e9 aux services publics. La malnutrition est un probl\u00e8me, particuli\u00e8rement chez les enfants. Moins de 50 pour cent de la population active occupe un emploi salari\u00e9 formel. En fait, le pays affiche des statistiques de ch\u00f4mage tr\u00e8s \u00e9lev\u00e9es.<\/p>\n\n\n\n<p>La plupart des Namibiens pratiquent l&#039;agriculture de subsistance et l&#039;\u00e9levage. La Namibie compte \u00e9galement des centaines de milliers de travailleurs qualifi\u00e9s.<\/p>\n\n\n\n<p>Despite the poverty of its people, Namibia has one of <a href=\"https:\/\/www.sisinternational.com\/fr\/etude-de-marche-sur-la-sante-emea\/\" title=\"Etude de march\u00e9 des soins de sant\u00e9 en Europe\"  data-wpil-monitor-id=\"7046\">Africa\u2019s best healthcare<\/a> systems (measured by population-to-hospital bed and population-to-doctor ratios).<\/p>\n\n\n\n<p>Plus de la moiti\u00e9 de la population namibienne vit dans les centres urbains, tandis que le reste vit dans les zones rurales.<\/p>\n\n\n\n<p>Compar\u00e9 \u00e0 d\u2019autres pays au sud du Sahara, il est facile de toucher les consommateurs namibiens. Le consommateur namibien est bien \u00e9duqu\u00e9 et dispose de meilleures connexions avec les r\u00e9seaux sociaux.<\/p>\n\n\n\n<h2 class=\"wp-block-heading\">Pourquoi devriez-vous d\u00e9velopper votre entreprise sur le march\u00e9 namibien<\/h2>\n\n\n\n<p>La Namibie dispose d\u2019un potentiel d\u2019investissement dans le d\u00e9veloppement d\u2019un grand nombre de ses ressources. Ses industries, bien qu\u2019\u00e9tablies, continuent de se d\u00e9velopper et d\u2019\u00e9merger.<\/p>\n\n\n\n<p>The government channels a wealth of <a href=\"https:\/\/www.sisinternational.com\/fr\/solutions\/ai-etudes-de-marche-et-conseil-en-strategie\/automatisation-des-ressources-naturelles-minieres-conseil-en-intelligence-artificielle\/\" title=\"Automatisation des mines et des ressources naturelles et conseil en IA\"  data-wpil-monitor-id=\"10024\">natural resources into mining<\/a>. This practice can serve as an opportunity for companies. Namibians need investors to provide equipment and services to mining operators.<\/p>\n\n\n\n<p>Namibia imports nearly all its consumer goods and exports most of its primary resources, many unprocessed. Investors have opportunities to introduce new consumer goods. As an investor, you can also expand <a href=\"https:\/\/www.sisinternational.com\/fr\/competence\/les-industries\/etude-de-marche-sur-la-fabrication-de-boissons-alimentaires\/\" title=\"\u00c9tude de march\u00e9 sur la fabrication d\u2019aliments et de boissons\"  data-wpil-monitor-id=\"10027\">manufacturing for both local and international markets<\/a>.<\/p>\n\n\n\n<p>The urban population in Namibia is growing fast and the country has a sizeable wealthy consumer base, which offers many opportunities for potential investors. Namibia has an affluent consumer segment, which is brand loyal. These <a href=\"https:\/\/www.sisinternational.com\/fr\/solutions\/ai-etudes-de-marche-et-conseil-en-strategie\/automatisation-des-services-de-biens-de-consommation-conseil-en-ia\/\" title=\"Automatisation des biens et services de consommation et conseil en IA\"  data-wpil-monitor-id=\"10039\">consumers<\/a> are willing to pay higher prices for faster and better service.<\/p>\n\n\n\n<h2 class=\"wp-block-heading\">\u00c0 propos des \u00e9tudes de march\u00e9 en Namibie<\/h2>\n\n\n\n<p>It\u2019s essential to look at the distribution of wealth. It\u2019s also vital to know the demographics in particular areas. Thus, it may prove fruitful to have Focus Groups, Surveys, and Interviews. These tools can help to target isolated groups to determine the <a href=\"https:\/\/www.sisinternational.com\/fr\/b2b\/\" title=\"Cost-Effective and Actionable Insights to Drive Your Next Strategic Move\"  data-wpil-monitor-id=\"10038\">next course of action<\/a>. Another critical service is Qualitative, Quantitative, and Strategy Research. Your <a href=\"https:\/\/www.sisinternational.com\/fr\/predictive-analytics\/\" title=\"Predictive Analytics: Your Crystal Ball for Business Success\"  data-wpil-monitor-id=\"10034\">business needs these services to be successful<\/a> in Namibia. Contact SIS <a href=\"https:\/\/www.sisinternational.com\/fr\/solutions\/solutions-de-branding-et-de-recherche-client\/etude-de-marche-sur-les-tests-de-produits\/degustation-de-plats-internationaux-de-sis\/\" title=\"Qu&#039;est-ce qui fait de SIS International Research le meilleur cabinet d&#039;\u00e9tudes de march\u00e9 pour les tests de go\u00fbt des aliments \u00e0 New York ?\"  data-wpil-monitor-id=\"10036\">International<\/a> today for more options for the Namibian market.<\/p>\n\n\n\n<p><\/p>","protected":false},"excerpt":{"rendered":"<p>La Namibie est le septi\u00e8me pays d\u2019Afrique le plus favorable aux entreprises. L\u2019\u00e9conomie, la stabilit\u00e9 politique et le revenu par habitant comptent parmi les meilleurs d\u2019Afrique.<\/p>","protected":false},"author":1,"featured_media":65311,"parent":14281,"menu_order":47,"comment_status":"closed","ping_status":"closed","template":"","meta":{"footnotes":""},"class_list":["post-41016","page","type-page","status-publish","has-post-thumbnail"],"_links":{"self":[{"href":"https:\/\/www.sisinternational.com\/fr\/wp-json\/wp\/v2\/pages\/41016","targetHints":{"allow":["GET"]}}],"collection":[{"href":"https:\/\/www.sisinternational.com\/fr\/wp-json\/wp\/v2\/pages"}],"about":[{"href":"https:\/\/www.sisinternational.com\/fr\/wp-json\/wp\/v2\/types\/page"}],"author":[{"embeddable":true,"href":"https:\/\/www.sisinternational.com\/fr\/wp-json\/wp\/v2\/users\/1"}],"replies":[{"embeddable":true,"href":"https:\/\/www.sisinternational.com\/fr\/wp-json\/wp\/v2\/comments?post=41016"}],"version-history":[{"count":6,"href":"https:\/\/www.sisinternational.com\/fr\/wp-json\/wp\/v2\/pages\/41016\/revisions"}],"predecessor-version":[{"id":81659,"href":"https:\/\/www.sisinternational.com\/fr\/wp-json\/wp\/v2\/pages\/41016\/revisions\/81659"}],"up":[{"embeddable":true,"href":"https:\/\/www.sisinternational.com\/fr\/wp-json\/wp\/v2\/pages\/14281"}],"wp:featuredmedia":[{"embeddable":true,"href":"https:\/\/www.sisinternational.com\/fr\/wp-json\/wp\/v2\/media\/65311"}],"wp:attachment":[{"href":"https:\/\/www.sisinternational.com\/fr\/wp-json\/wp\/v2\/media?parent=41016"}],"curies":[{"name":"wp","href":"https:\/\/api.w.org\/{rel}","templated":true}]}}