{"id":41014,"date":"2022-11-11T23:53:09","date_gmt":"2022-11-11T23:53:09","guid":{"rendered":"https:\/\/www.sisinternational.com\/?page_id=41014"},"modified":"2025-10-01T22:38:13","modified_gmt":"2025-10-02T02:38:13","slug":"etude-de-marche-au-mozambique","status":"publish","type":"page","link":"https:\/\/www.sisinternational.com\/fr\/couverture\/etude-de-marche-en-afrique\/etude-de-marche-au-mozambique\/","title":{"rendered":"\u00c9tude de march\u00e9 au Mozambique"},"content":{"rendered":"<h1 class=\"wp-block-heading\">\u00c9tude de march\u00e9 au Mozambique<\/h1>\n\n\n\n<figure class=\"gb-block-image gb-block-image-07c74ce7\"><img loading=\"lazy\" decoding=\"async\" width=\"1456\" height=\"816\" class=\"gb-image gb-image-07c74ce7\" src=\"https:\/\/www.sisinternational.com\/wp-content\/uploads\/2025\/08\/Mozambique-4.jpg\" alt=\"\u00c9tudes de march\u00e9 et strat\u00e9gie internationales SIS\" title=\"Mozambique (4)\" srcset=\"https:\/\/www.sisinternational.com\/wp-content\/uploads\/2025\/08\/Mozambique-4.jpg 1456w, https:\/\/www.sisinternational.com\/wp-content\/uploads\/2025\/08\/Mozambique-4-300x168.jpg 300w, https:\/\/www.sisinternational.com\/wp-content\/uploads\/2025\/08\/Mozambique-4-1024x574.jpg 1024w, https:\/\/www.sisinternational.com\/wp-content\/uploads\/2025\/08\/Mozambique-4-768x430.jpg 768w, https:\/\/www.sisinternational.com\/wp-content\/uploads\/2025\/08\/Mozambique-4-18x10.jpg 18w\" sizes=\"auto, (max-width: 1456px) 100vw, 1456px\"><\/figure>\n\n\n\n<hr class=\"wp-block-separator has-alpha-channel-opacity is-style-dots\"\/>\n\n\n\n<p><\/p>\n\n\n\n<p>Le Mozambique se trouve \u00e0 l\u2019extr\u00e9mit\u00e9 sud-est de l\u2019Afrique, sur la c\u00f4te de l\u2019oc\u00e9an Indien. La Tanzanie est au nord, le Malawi au sud et le Zimbabwe \u00e0 l&#039;ouest.<\/p>\n\n\n\n<h2 class=\"wp-block-heading\">Industries cl\u00e9s<\/h2>\n\n\n\n<p>L&#039;\u00e9conomie mozambicaine est bas\u00e9e sur l&#039;agriculture. L&#039;agriculture repr\u00e9sente environ un tiers du PIB, le commerce et les services contribuant pour un autre tiers. Le pays d\u00e9pend largement du secteur agricole, renfor\u00e7ant ainsi son potentiel de croissance future. De plus, la majorit\u00e9 de la population se consacre \u00e0 l\u2019agriculture pour maintenir ses moyens de subsistance. De la m\u00eame mani\u00e8re, le climat tropical et les sols fertiles du pays entra\u00eenent une croissance consid\u00e9rable de ce secteur, qui contribue grandement au PIB et aux exportations totales du pays. En fait, les principaux produits sont le coton, les noix de cajou, la noix de coco, les agrumes, le sucre, le tabac et le th\u00e9.<\/p>\n\n\n\n<p>Le Mozambique poss\u00e8de de nombreuses ressources naturelles, mais la guerre civile a frein\u00e9 sa croissance en mati\u00e8re de d\u00e9veloppement. Cela a \u00e9galement d\u00e9truit les infrastructures du pays. Pourtant, les Mozambicains n\u2019ont pas encore exploit\u00e9 bon nombre de ces ressources. Ils comprennent; bauxite, or, marbre, granit, charbon et pierres pr\u00e9cieuses. Le Mozambique produit \u00e9galement du titane et de la bentonite.<\/p>\n\n\n\n<p>Le secteur du tourisme, bien que pr\u00e9sent, n&#039;est pas aussi d\u00e9velopp\u00e9 qu&#039;il devrait l&#039;\u00eatre. Avant la guerre civile, le secteur du tourisme \u00e9tait tr\u00e8s anim\u00e9. Apr\u00e8s la guerre, le pays a connu une crise massive, notamment dans le secteur du tourisme.<\/p>\n\n\n\n<h2 class=\"wp-block-heading\">Quartiers<\/h2>\n\n\n\n<h3 class=\"wp-block-heading\">Maputo<\/h3>\n\n\n\n<p>Maputo est la capitale du Mozambique et la plus grande ville en termes de population. Elle apporte une contribution significative \u00e0 l&#039;\u00e9conomie du pays gr\u00e2ce \u00e0 ses progr\u00e8s commerciaux et culturels. Avec des caf\u00e9s-terrasses, des bars et des clubs \u00e0 presque tous les coins de rue, la ville d\u00e9borde d&#039;\u00e9nergie. Elle offre l&#039;une des meilleures vies nocturnes d&#039;Afrique australe.<\/p>\n\n\n\n<h3 class=\"wp-block-heading\">Matola<\/h3>\n\n\n\n<p>Matola, la deuxi\u00e8me plus grande ville du Mozambique en termes de population, est une beaut\u00e9. Cette ville poss\u00e8de un port et la zone industrielle la plus importante du Mozambique.<\/p>\n\n\n\n<h3 class=\"wp-block-heading\">Namula<\/h3>\n\n\n\n<p>Situ\u00e9e dans la province de Nampula, cette ville est la troisi\u00e8me plus grande du Mozambique. Nampula est un endroit paisible avec quelques plages et villages qui jalonnent le littoral. Elle n\u2019est pas aussi industrialis\u00e9e que Maputo ou Matola.<\/p>\n\n\n\n<h3 class=\"wp-block-heading\">Les tendances<\/h3>\n\n\n\n<p>The government is pushing the agricultural, mining, and services sectors. Mozambicans are harvesting more produce to gain foreign capital. Also, amidst the COVID-19 pandemic, tourism has seen an increase, bringing visitors from all walks and <a href=\"https:\/\/www.sisinternational.com\/fr\/naviguer-dans-les-differences-projets-detudes-de-marche-mondiaux\/\" title=\"Diff\u00e9rences culturelles dans les \u00e9tudes de march\u00e9 mondiales\"  data-wpil-monitor-id=\"8907\">cultures<\/a> and allowing investors to gain a sense of the market value in Mozambique. It is also <a href=\"https:\/\/www.sisinternational.com\/fr\/competence\/les-industries\/etude-de-marche-sur-la-production-delectricite\/\" title=\"\u00c9tude de march\u00e9 sur la production d\u2019\u00e9lectricit\u00e9\"  data-wpil-monitor-id=\"8905\">generating industrial power<\/a> to create a thriving economy. These new investments make it possible for Mozambique to revolutionize its economy.<\/p>\n\n\n\n<h2 class=\"wp-block-heading\">Avantages et atouts sur le march\u00e9<\/h2>\n\n\n\n<p>Le Mozambique dispose de nombreuses ressources inexploit\u00e9es qui peuvent stimuler l&#039;\u00e9conomie du pays. Par exemple, il peut rapidement devenir l\u2019un des principaux exportateurs de gaz. Sur la base de d\u00e9couvertes r\u00e9centes, il pourrait \u00e9galement dominer le march\u00e9 du charbon.<\/p>\n\n\n\n<h3 class=\"wp-block-heading\">Base de consommateurs<\/h3>\n\n\n\n<p>Le Mozambique a une parit\u00e9 de pouvoir d&#039;achat tr\u00e8s faible, l&#039;un des plus pauvres au monde. Cela est d\u00fb \u00e0 une guerre civile de 15 ans qui s&#039;est termin\u00e9e en 1992. Le pays a un faible taux d&#039;alphab\u00e9tisation et la population gagne peu. En raison de la pand\u00e9mie actuelle, les ventes au d\u00e9tail sont difficiles \u00e0 pr\u00e9voir et \u00e0 rassembler. Les d\u00e9penses de consommation sont difficiles \u00e0 suivre en raison des faibles salaires de la population.<\/p>\n\n\n\n<h3 class=\"wp-block-heading\">Raisons de d\u00e9velopper votre entreprise sur le march\u00e9<\/h3>\n\n\n\n<p>Le Mozambique est l&#039;un des cinq principaux partenaires commerciaux de l&#039;Afrique du Sud. Son \u00e9conomie conna\u00eet une croissance rapide. Elle b\u00e9n\u00e9ficie \u00e9galement d\u2019une g\u00e9ographie et d\u2019un climat id\u00e9aux pour les investisseurs. Le Mozambique s&#039;attend \u00e0 une croissance significative dans les secteurs de l&#039;agriculture, du tourisme et des mines. L&#039;\u00e9volution du tourisme signifie \u00e9galement que leurs habitants disposent d&#039;une nouvelle source de revenus gr\u00e2ce \u00e0 la vente d&#039;artisanat et \u00e0 l&#039;interaction avec les visiteurs.<\/p>\n\n\n\n<h2 class=\"wp-block-heading\">\u00c0 propos des \u00e9tudes de march\u00e9 au Mozambique<\/h2>\n\n\n\n<p>Mozambique is a unique country that has much investment potential. Before <a href=\"https:\/\/www.sisinternational.com\/fr\/solutions\/conseil-en-strategie\/recherche-dopportunites-dentree-sur-le-marche\/lefficacite-des-tests-de-produits-a-new-york-pour-penetrer-le-marche-americain\/\" title=\"L&#039;efficacit\u00e9 des tests de produits \u00e0 New York pour p\u00e9n\u00e9trer le march\u00e9 am\u00e9ricain\"  data-wpil-monitor-id=\"8906\">entering the market<\/a>, it is imperative to carry out Qualitative, Quantitative, and Strategy research. Market Research can also involve Focus Groups, Interviews, and Surveys, all of which are offered by <a href=\"https:\/\/www.sisinternational.com\/fr\/contacter-sis-etude-de-marche-internationale\/\" title=\"Contactez-nous\"  data-wpil-monitor-id=\"8904\">Recherche internationale SIS<\/a>.<\/p>\n\n\n\n<p><\/p>","protected":false},"excerpt":{"rendered":"<p>Le Mozambique dispose de nombreuses ressources inexploit\u00e9es qui peuvent stimuler l&#039;\u00e9conomie du pays. Le gouvernement fait pression sur les secteurs de l\u2019agriculture, des mines et des services. Les Mozambicains r\u00e9coltent davantage de produits pour attirer des capitaux \u00e9trangers.<\/p>","protected":false},"author":1,"featured_media":65309,"parent":14281,"menu_order":46,"comment_status":"closed","ping_status":"closed","template":"","meta":{"footnotes":""},"class_list":["post-41014","page","type-page","status-publish","has-post-thumbnail"],"_links":{"self":[{"href":"https:\/\/www.sisinternational.com\/fr\/wp-json\/wp\/v2\/pages\/41014","targetHints":{"allow":["GET"]}}],"collection":[{"href":"https:\/\/www.sisinternational.com\/fr\/wp-json\/wp\/v2\/pages"}],"about":[{"href":"https:\/\/www.sisinternational.com\/fr\/wp-json\/wp\/v2\/types\/page"}],"author":[{"embeddable":true,"href":"https:\/\/www.sisinternational.com\/fr\/wp-json\/wp\/v2\/users\/1"}],"replies":[{"embeddable":true,"href":"https:\/\/www.sisinternational.com\/fr\/wp-json\/wp\/v2\/comments?post=41014"}],"version-history":[{"count":4,"href":"https:\/\/www.sisinternational.com\/fr\/wp-json\/wp\/v2\/pages\/41014\/revisions"}],"predecessor-version":[{"id":81496,"href":"https:\/\/www.sisinternational.com\/fr\/wp-json\/wp\/v2\/pages\/41014\/revisions\/81496"}],"up":[{"embeddable":true,"href":"https:\/\/www.sisinternational.com\/fr\/wp-json\/wp\/v2\/pages\/14281"}],"wp:featuredmedia":[{"embeddable":true,"href":"https:\/\/www.sisinternational.com\/fr\/wp-json\/wp\/v2\/media\/65309"}],"wp:attachment":[{"href":"https:\/\/www.sisinternational.com\/fr\/wp-json\/wp\/v2\/media?parent=41014"}],"curies":[{"name":"wp","href":"https:\/\/api.w.org\/{rel}","templated":true}]}}