{"id":41008,"date":"2022-11-11T23:19:50","date_gmt":"2022-11-11T23:19:50","guid":{"rendered":"https:\/\/www.sisinternational.com\/?page_id=41008"},"modified":"2026-01-24T21:32:08","modified_gmt":"2026-01-25T02:32:08","slug":"etude-de-marche-au-mali","status":"publish","type":"page","link":"https:\/\/www.sisinternational.com\/fr\/couverture\/etude-de-marche-en-afrique\/etude-de-marche-au-mali\/","title":{"rendered":"Etude de march\u00e9 au Mali"},"content":{"rendered":"<h1 class=\"wp-block-heading\">Etude de march\u00e9 au Mali<\/h1>\n\n\n\n<figure class=\"gb-block-image gb-block-image-1f31f65c\"><img loading=\"lazy\" decoding=\"async\" width=\"1456\" height=\"816\" class=\"gb-image gb-image-1f31f65c\" src=\"https:\/\/www.sisinternational.com\/wp-content\/uploads\/2025\/08\/Mali-2.jpg\" alt=\"\u00c9tudes de march\u00e9 et strat\u00e9gie internationales SIS\" title=\"Mali (2)\" srcset=\"https:\/\/www.sisinternational.com\/wp-content\/uploads\/2025\/08\/Mali-2.jpg 1456w, https:\/\/www.sisinternational.com\/wp-content\/uploads\/2025\/08\/Mali-2-300x168.jpg 300w, https:\/\/www.sisinternational.com\/wp-content\/uploads\/2025\/08\/Mali-2-1024x574.jpg 1024w, https:\/\/www.sisinternational.com\/wp-content\/uploads\/2025\/08\/Mali-2-768x430.jpg 768w, https:\/\/www.sisinternational.com\/wp-content\/uploads\/2025\/08\/Mali-2-18x10.jpg 18w\" sizes=\"auto, (max-width: 1456px) 100vw, 1456px\"><\/figure>\n\n\n\n<hr class=\"wp-block-separator has-alpha-channel-opacity is-style-dots\"\/>\n\n\n\n<p><\/p>\n\n\n\n<p>La R\u00e9publique ouest-africaine du Mali est le huiti\u00e8me plus grand pays d&#039;Afrique. La langue officielle du Mali est le fran\u00e7ais. Outre le fran\u00e7ais, les autres langues nationales sont l&#039;arabe, l&#039;anglais, le peul et le mandingue.<\/p>\n\n\n\n<p>To the north of Mali is Algeria, and to the east is&nbsp;Niger&nbsp;and Burkina Faso. C\u00f4te d\u2019Ivoire and Guinea are to the south, and west is Senegal and Mauritania. The official currency is the West African CFA franc.<\/p>\n\n\n\n<h2 class=\"wp-block-heading\">Industries cl\u00e9s<\/h2>\n\n\n\n<p>Le Mali produit une vari\u00e9t\u00e9 de cultures \u00e0 des fins de subsistance et commerciales. Les agriculteurs \u00e9l\u00e8vent \u00e9galement des bovins, des moutons et des ch\u00e8vres. La p\u00eache est un autre contributeur \u00e0 l\u2019industrie agricole et \u00e0 l\u2019\u00e9conomie. Le Mali est sujet \u00e0 des p\u00e9riodes de s\u00e9cheresse, le secteur de la p\u00eache est donc parfois touch\u00e9. Mais le Mali reste l\u2019un des principaux producteurs de poisson d\u2019Afrique de l\u2019Ouest.<\/p>\n\n\n\n<p>L&#039;industrie mini\u00e8re explore les min\u00e9raux. Elle produit \u00e9galement des ressources naturelles telles que l&#039;or, le sel, le kaolin, le phosphate et le calcaire. De plus, l\u2019or et le coton sont les principaux produits export\u00e9s par le Mali. Ils repr\u00e9sentent plus de quatre-vingts pour cent des exportations du pays.<\/p>\n\n\n\n<h2 class=\"wp-block-heading\">Quartiers<\/h2>\n\n\n\n<p>Le Mali compte plusieurs r\u00e9gions, chacune avec sa capitale. Par exemple, Bamako est la plus grande ville et la capitale et le centre administratif du Mali, avec des institutions, des services et des b\u00e2timents gouvernementaux.<\/p>\n\n\n\n<p>Sikasso est la deuxi\u00e8me plus grande ville et la capitale de la r\u00e9gion de Sikasso. Le climat de Sikasso est plus humide que celui de toute autre r\u00e9gion du Mali, c&#039;est pourquoi l&#039;agriculture y prosp\u00e8re.<\/p>\n\n\n\n<p>S\u00e9gou, connue pour ses poteries, ses march\u00e9s et son industrie de la p\u00eache, est la capitale de la r\u00e9gion de S\u00e9gou.<\/p>\n\n\n\n<p>Kayes est la capitale de la r\u00e9gion de Kayes, dot\u00e9e d&#039;un a\u00e9roport international et d&#039;une gare r\u00e9gionale. De plus, Kayes est riche en or et en fer.<\/p>\n\n\n\n<p>Mopti est la capitale et le centre commercial de la r\u00e9gion de Mopti. Mopti est \u00e9galement le port le plus critique du Mali.<\/p>\n\n\n\n<p>Kalabancoro, Gao, Kati et San sont d&#039;autres villes notables du Mali. Ils constituent les communaut\u00e9s urbaines et suburbaines.<\/p>\n\n\n\n<h2 class=\"wp-block-heading\">Les tendances<\/h2>\n\n\n\n<p>Le Mali est confront\u00e9 \u00e0 des troubles politiques au milieu d\u2019une pand\u00e9mie. M\u00eame avant cela, les Maliens ont connu un coup d\u2019\u00c9tat qui a quelque peu d\u00e9stabilis\u00e9 l\u2019\u00e9conomie en 2012. Puis il y a eu le r\u00e9cent renversement du gouvernement en 2020.<\/p>\n\n\n\n<p>Pourtant, l\u2019\u00e9conomie est prosp\u00e8re, principalement gr\u00e2ce aux ressources naturelles du pays. Tout aussi important, le pays dispose d\u2019un secteur agricole robuste. Il pr\u00e9sente \u00e9galement un fort potentiel dans le secteur des \u00e9nergies renouvelables.<\/p>\n\n\n\n<p>M\u00eame au milieu des menaces terroristes persistantes, le pays se diversifie. En fait, elle a conclu des entreprises commerciales et des partenariats avec les \u00c9tats-Unis.<\/p>\n\n\n\n<h2 class=\"wp-block-heading\">Avantages et atouts du march\u00e9<\/h2>\n\n\n\n<p>Mali is eligible for financial grants from the United States for the development of business in African countries. The country also welcomes foreign investment. It has initiatives such as the promotion of privatization of public enterprise. Mali also offers duty-free importation of <a href=\"https:\/\/www.sisinternational.com\/fr\/solutions\/recherche-de-conseil-en-strategie-fintech\/etude-de-marche-du-capital-risque\/\" title=\"\u00c9tude de march\u00e9 du capital-risque\"  data-wpil-monitor-id=\"8346\">capital equipment for priority industrial ventures<\/a>.<\/p>\n\n\n\n<h2 class=\"wp-block-heading\">Pourquoi vous devriez d\u00e9velopper votre entreprise au Mali<\/h2>\n\n\n\n<p>Mali has had years of political and economic unrest. In spite of that, the Government of Mali is doing its best to encourage foreign investment. Why? Because foreign investment is a means to achieve stability. So, it is <a href=\"https:\/\/www.sisinternational.com\/fr\/ladoption-de-lintelligence-artificielle-dans-les-petites-entreprises\/\" title=\"Adopter l&#039;intelligence artificielle (IA) dans les petites entreprises\"  data-wpil-monitor-id=\"8348\">adopting measures to simplify business<\/a> creation and operating procedures. Mali has a wealth of untapped resources that the country is unable to exploit or develop at present. Foreign investment will enable it to unlock these resources. It will earn profits for the investor as well.<\/p>\n\n\n\n<h2 class=\"wp-block-heading\">\u00c0 propos des \u00e9tudes de march\u00e9 au Mali<\/h2>\n\n\n\n<p>Doing business in Mali can be much easier with <a href=\"https:\/\/www.sisinternational.com\/fr\/publications\/etude-de-marche-sur-les-entreprises-evolutives-7-facons-de-creer-une-entreprise-evolutive\/\" title=\"\u00c9tude de march\u00e9 sur les entreprises \u00e9volutives\u00a0: 7 fa\u00e7ons de cr\u00e9er une entreprise \u00e9volutive\"  data-wpil-monitor-id=\"8347\">market<\/a> research. Hence, we offer Focus Groups, Interviews, and Surveys. We also undertake Quantitative, Qualitative, and Strategy <a href=\"https:\/\/www.sisinternational.com\/fr\/couverture\/les-ameriques\/etude-de-marche-dans-les-caraibes\/etude-de-marche-aux-bahamas\/\" title=\"\u00c9tude de march\u00e9 aux Bahamas\"  data-wpil-monitor-id=\"3540\">Research for the various African markets<\/a>. Then we compile the findings to help you and your business to take off.<\/p>","protected":false},"excerpt":{"rendered":"<p>L&#039;\u00e9conomie du Mali est florissante, principalement gr\u00e2ce aux ressources naturelles du pays. Tout aussi important, le pays dispose d\u2019un secteur agricole robuste. Il pr\u00e9sente \u00e9galement un fort potentiel dans le secteur des \u00e9nergies renouvelables.\u00a0<\/p>","protected":false},"author":1,"featured_media":65289,"parent":14281,"menu_order":45,"comment_status":"closed","ping_status":"closed","template":"","meta":{"footnotes":""},"class_list":["post-41008","page","type-page","status-publish","has-post-thumbnail"],"_links":{"self":[{"href":"https:\/\/www.sisinternational.com\/fr\/wp-json\/wp\/v2\/pages\/41008","targetHints":{"allow":["GET"]}}],"collection":[{"href":"https:\/\/www.sisinternational.com\/fr\/wp-json\/wp\/v2\/pages"}],"about":[{"href":"https:\/\/www.sisinternational.com\/fr\/wp-json\/wp\/v2\/types\/page"}],"author":[{"embeddable":true,"href":"https:\/\/www.sisinternational.com\/fr\/wp-json\/wp\/v2\/users\/1"}],"replies":[{"embeddable":true,"href":"https:\/\/www.sisinternational.com\/fr\/wp-json\/wp\/v2\/comments?post=41008"}],"version-history":[{"count":4,"href":"https:\/\/www.sisinternational.com\/fr\/wp-json\/wp\/v2\/pages\/41008\/revisions"}],"predecessor-version":[{"id":81399,"href":"https:\/\/www.sisinternational.com\/fr\/wp-json\/wp\/v2\/pages\/41008\/revisions\/81399"}],"up":[{"embeddable":true,"href":"https:\/\/www.sisinternational.com\/fr\/wp-json\/wp\/v2\/pages\/14281"}],"wp:featuredmedia":[{"embeddable":true,"href":"https:\/\/www.sisinternational.com\/fr\/wp-json\/wp\/v2\/media\/65289"}],"wp:attachment":[{"href":"https:\/\/www.sisinternational.com\/fr\/wp-json\/wp\/v2\/media?parent=41008"}],"curies":[{"name":"wp","href":"https:\/\/api.w.org\/{rel}","templated":true}]}}