{"id":40971,"date":"2022-11-04T21:07:49","date_gmt":"2022-11-04T21:07:49","guid":{"rendered":"https:\/\/www.sisinternational.com\/?page_id=40971"},"modified":"2026-01-25T18:49:02","modified_gmt":"2026-01-25T23:49:02","slug":"etude-de-marche-sur-lexploitation-miniere-spatiale","status":"publish","type":"page","link":"https:\/\/www.sisinternational.com\/fr\/competence\/etude-de-marche-sur-lexploitation-miniere-spatiale\/","title":{"rendered":"\u00c9tude de march\u00e9 sur l\u2019exploitation mini\u00e8re spatiale"},"content":{"rendered":"<h1 class=\"wp-block-heading\">\u00c9tude de march\u00e9 sur l\u2019exploitation mini\u00e8re spatiale<\/h1>\n\n\n\n<figure class=\"gb-block-image gb-block-image-e62da2cf\"><img loading=\"lazy\" decoding=\"async\" width=\"1024\" height=\"574\" class=\"gb-image gb-image-e62da2cf\" src=\"https:\/\/www.sisinternational.com\/wp-content\/uploads\/2025\/08\/Space-mining-astronaut-NASA-4-1024x574.jpg\" srcset=\"https:\/\/www.sisinternational.com\/wp-content\/uploads\/2025\/08\/Space-mining-astronaut-NASA-4-1024x574.jpg 1024w, https:\/\/www.sisinternational.com\/wp-content\/uploads\/2025\/08\/Space-mining-astronaut-NASA-4-300x168.jpg 300w, https:\/\/www.sisinternational.com\/wp-content\/uploads\/2025\/08\/Space-mining-astronaut-NASA-4-768x430.jpg 768w, https:\/\/www.sisinternational.com\/wp-content\/uploads\/2025\/08\/Space-mining-astronaut-NASA-4-18x10.jpg 18w, https:\/\/www.sisinternational.com\/wp-content\/uploads\/2025\/08\/Space-mining-astronaut-NASA-4.jpg 1456w\" sizes=\"auto, (max-width: 1024px) 100vw, 1024px\" alt=\"\u00c9tudes de march\u00e9 et strat\u00e9gie internationales SIS\"><\/figure>\n\n\n\n<hr class=\"wp-block-separator has-alpha-channel-opacity is-style-dots\"\/>\n\n\n\n<p>L&#039;exploitation mini\u00e8re spatiale est un nouveau domaine. Il fait r\u00e9f\u00e9rence \u00e0 la collecte hypoth\u00e9tique de mati\u00e8res premi\u00e8res provenant d\u2019ast\u00e9ro\u00efdes et d\u2019autres plan\u00e8tes mineures. Nous pouvons utiliser les mat\u00e9riaux extraits pour la construction et \u00e0 d\u2019autres fins.<\/p>\n\n\n\n<p>L\u2019exploitation mini\u00e8re spatiale ne sera pas tr\u00e8s diff\u00e9rente de l\u2019exploitation mini\u00e8re sur Terre. Pourquoi? Parce que les mineurs utiliseront dans l\u2019espace des m\u00e9thodes similaires \u00e0 celles utilis\u00e9es sur Terre. La m\u00e9thode la plus courante consistera probablement \u00e0 gratter les mat\u00e9riaux n\u00e9cessaires sur les ast\u00e9ro\u00efdes. Un autre nom pour cette m\u00e9thode est l\u2019exploitation mini\u00e8re \u00e0 ciel ouvert. Les mineurs creuseront \u00e9galement des tunnels dans des veines de substances sp\u00e9cifiques. Les techniciens les transf\u00e9reront ensuite dans des tubes sp\u00e9ciaux.<\/p>\n\n\n\n<h2 class=\"wp-block-heading\">Pourquoi l\u2019exploitation mini\u00e8re spatiale est-elle importante ?<\/h2>\n\n\n\n<p>Using minerals from these sources will ease the pressure caused by producing them on Earth. These space rocks contain many minerals, like iron and platinum. Furthermore, the minerals of these rocks are infinite, and the resources on Earth are finite. Space ore is never-ending. Thus, asteroid <a href=\"https:\/\/www.sisinternational.com\/fr\/solutions\/ai-etudes-de-marche-et-conseil-en-strategie\/automatisation-des-ressources-naturelles-minieres-conseil-en-intelligence-artificielle\/\" title=\"Automatisation des mines et des ressources naturelles et conseil en IA\"  data-wpil-monitor-id=\"10042\">mining provides us with almost unlimited resources<\/a>, which will soon also cause those materials to become less scarce. The idea of running out of space ore is unlikely. Another use of space mining is to maintain human presence in, you guessed it, space. It can supply enough resources to Earth to maintain that presence.<\/p>\n\n\n\n<h3 class=\"wp-block-heading\">Autres avantages de l\u2019exploitation mini\u00e8re spatiale\u00a0:<\/h3>\n\n\n\n<ul class=\"wp-block-list\">\n<li>New ideas <a href=\"https:\/\/www.sisinternational.com\/fr\/solutions\/conseil-en-strategie\/objectifs-et-cadres-de-resultats-cles-etude-de-marche\/\" title=\"Objectifs et cadres de r\u00e9sultats cl\u00e9s \u00c9tude de march\u00e9\"  data-wpil-monitor-id=\"10043\">resulting from space research<\/a><\/li>\n\n\n\n<li>Emplois cr\u00e9\u00e9s par les programmes spatiaux<\/li>\n\n\n\n<li>Connaissance accrue du monde naturel<\/li>\n\n\n\n<li>De meilleurs soins de sant\u00e9<\/li>\n\n\n\n<li>Dynamisation de la science<\/li>\n\n\n\n<li>Une meilleure s\u00e9curit\u00e9 sur Terre<\/li>\n<\/ul>\n\n\n\n<h2 class=\"wp-block-heading\">Titres de poste cl\u00e9s<\/h2>\n\n\n\n<p>These jobs are some of the primary ones offered in the space field. There are astronauts, who go to outer space and explore it. There are also <a class=\"wpil_keyword_link\" href=\"https:\/\/www.sisinternational.com\/fr\/a-propos-de-la-recherche-internationale-sis\/carrieres-chez-sis-international\/\"   title=\"Carri\u00e8res chez SIS International\" data-wpil-keyword-link=\"linked\"  data-wpil-monitor-id=\"730\">careers<\/a> under Space Tech. This field deals with spacecraft, satellites, and space stations. It also handles hypothetical areas such as space warfare.<\/p>\n\n\n\n<h3 class=\"wp-block-heading\">Certains domaines d&#039;emploi dans l&#039;exploitation mini\u00e8re spatiale sont\u00a0:<\/h3>\n\n\n\n<ul class=\"wp-block-list\">\n<li>Ing\u00e9nieur a\u00e9rospatial<\/li>\n\n\n\n<li>Ing\u00e9nieur a\u00e9ronautique<\/li>\n\n\n\n<li>Astronome<\/li>\n\n\n\n<li>Technicien a\u00e9rospatial<\/li>\n\n\n\n<li>Scientifiques de l&#039;atmosph\u00e8re<\/li>\n<\/ul>\n\n\n\n<p>Ces scientifiques \u00e9tudient constamment davantage l\u2019espace et ce qu\u2019il contient. Chaque jour, la recherche se d\u00e9veloppe et le Space Mining progresse. Cela ouvre de nouveaux emplois et cr\u00e9e des entreprises.<\/p>\n\n\n\n<h2 class=\"wp-block-heading\">Pourquoi les entreprises ont-elles besoin du Space Mining ?<\/h2>\n\n\n\n<figure class=\"gb-block-image gb-block-image-152a0cd2\"><img loading=\"lazy\" decoding=\"async\" width=\"1456\" height=\"816\" class=\"gb-image gb-image-152a0cd2\" src=\"https:\/\/www.sisinternational.com\/wp-content\/uploads\/2025\/08\/Space-mining-astronaut-NASA-3.jpg\" alt=\"\u00c9tudes de march\u00e9 et strat\u00e9gie internationales SIS\" title=\"Space mining astronaut NASA (3)\" srcset=\"https:\/\/www.sisinternational.com\/wp-content\/uploads\/2025\/08\/Space-mining-astronaut-NASA-3.jpg 1456w, https:\/\/www.sisinternational.com\/wp-content\/uploads\/2025\/08\/Space-mining-astronaut-NASA-3-300x168.jpg 300w, https:\/\/www.sisinternational.com\/wp-content\/uploads\/2025\/08\/Space-mining-astronaut-NASA-3-1024x574.jpg 1024w, https:\/\/www.sisinternational.com\/wp-content\/uploads\/2025\/08\/Space-mining-astronaut-NASA-3-768x430.jpg 768w, https:\/\/www.sisinternational.com\/wp-content\/uploads\/2025\/08\/Space-mining-astronaut-NASA-3-18x10.jpg 18w\" sizes=\"auto, (max-width: 1456px) 100vw, 1456px\"><\/figure>\n\n\n\n<p><\/p>\n\n\n\n<p>Les entreprises se pr\u00e9parent \u00e0 d\u00e9marrer l\u2019exploitation mini\u00e8re spatiale pour s\u2019approvisionner en min\u00e9raux. Les ressources sur Terre sont limit\u00e9es et les min\u00e9raux extraits peuvent combler les lacunes des ressources m\u00e9talliques non renouvelables \u00e0 mesure que nous les \u00e9puisons.<\/p>\n\n\n\n<h2 class=\"wp-block-heading\">Facteurs cl\u00e9s de succ\u00e8s<\/h2>\n\n\n\n<p>L\u2019exploitation mini\u00e8re spatiale est devenue tr\u00e8s populaire parmi les scientifiques. Ils pensent que cela peut fournir des m\u00e9taux rentables pour une colonie lunaire et martienne. Ainsi, cela peut \u00e9tendre la race humaine, car nous avons besoin de plus de terres pour notre population en plein essor. Le Space Mining donne \u00e9galement aux humains un coup de pouce suppl\u00e9mentaire dans leur qu\u00eate d\u2019exploration de l\u2019espace.<\/p>\n\n\n\n<p>Le <a href=\"https:\/\/www.sisinternational.com\/fr\/competence\/les-industries\/etude-de-marche-des-metaux-des-terres-rares\/\" title=\"\u00c9tude de march\u00e9 sur les m\u00e9taux des terres rares\"  data-wpil-monitor-id=\"5186\">metal resources obtained will grow the Earth\u2019s<\/a> economy. We will <a href=\"https:\/\/www.sisinternational.com\/fr\/solutions\/innovation\/comment-faire-evoluer-une-entreprise\/\" title=\"Comment faire \u00e9voluer une entreprise | Atteindre une croissance exponentielle\"  data-wpil-monitor-id=\"10040\">achieve this growth<\/a> by using spacecraft that are cost-effective. Off-planet resources will also improve sustainability on Earth. Hence, people are planning to explore space on a larger scale in the future, which will create new jobs and businesses.<\/p>\n\n\n\n<p>Asteroid <a href=\"https:\/\/www.sisinternational.com\/fr\/venezuela-oil-mining-industry-potential-strategic-forecast-2026-2036\/\" title=\"Venezuela Oil &amp; Mining Industry Potential: Strategic Forecast 2026-2036\"  data-wpil-monitor-id=\"10045\">mining<\/a> will be a costly and exciting industry. It continues to get the attention of new investors. The mining of off-planet resources is risky, but the rewards can be significant.<\/p>\n\n\n\n<h2 class=\"wp-block-heading\">\u00c0 propos des \u00e9tudes de march\u00e9 sur l\u2019exploitation mini\u00e8re spatiale<\/h2>\n\n\n\n<p>Investments in space mining are becoming common with companies as it is very profitable. Although it is pricey, the results are likely to be consistent. Thus, it is an exciting new field. This field is also constantly expanding. If you want to join the space mining field, our company will help you start. We arrange focus groups that do strategic, qualitative, and quantitative research. Surveys are also not a problem. Moreover, we ensure that you get the results you want and that your business grows. Contact us now to start <a href=\"https:\/\/www.sisinternational.com\/fr\/publications\/etude-de-marche-sur-les-entreprises-evolutives-7-facons-de-creer-une-entreprise-evolutive\/\" title=\"\u00c9tude de march\u00e9 sur les entreprises \u00e9volutives\u00a0: 7 fa\u00e7ons de cr\u00e9er une entreprise \u00e9volutive\"  data-wpil-monitor-id=\"10041\">building your business<\/a> in the area you want. We are always ready to help.<\/p>\n\n\n\n<p><\/p>","protected":false},"excerpt":{"rendered":"<p>L&#039;exploitation mini\u00e8re spatiale est un nouveau domaine. Il fait r\u00e9f\u00e9rence \u00e0 la collecte hypoth\u00e9tique de mati\u00e8res premi\u00e8res provenant d\u2019ast\u00e9ro\u00efdes et d\u2019autres plan\u00e8tes mineures. Nous pouvons utiliser les mat\u00e9riaux extraits pour la construction et \u00e0 d\u2019autres fins.<\/p>","protected":false},"author":1,"featured_media":63877,"parent":14514,"menu_order":147,"comment_status":"closed","ping_status":"closed","template":"","meta":{"footnotes":""},"class_list":["post-40971","page","type-page","status-publish","has-post-thumbnail"],"_links":{"self":[{"href":"https:\/\/www.sisinternational.com\/fr\/wp-json\/wp\/v2\/pages\/40971","targetHints":{"allow":["GET"]}}],"collection":[{"href":"https:\/\/www.sisinternational.com\/fr\/wp-json\/wp\/v2\/pages"}],"about":[{"href":"https:\/\/www.sisinternational.com\/fr\/wp-json\/wp\/v2\/types\/page"}],"author":[{"embeddable":true,"href":"https:\/\/www.sisinternational.com\/fr\/wp-json\/wp\/v2\/users\/1"}],"replies":[{"embeddable":true,"href":"https:\/\/www.sisinternational.com\/fr\/wp-json\/wp\/v2\/comments?post=40971"}],"version-history":[{"count":6,"href":"https:\/\/www.sisinternational.com\/fr\/wp-json\/wp\/v2\/pages\/40971\/revisions"}],"predecessor-version":[{"id":81662,"href":"https:\/\/www.sisinternational.com\/fr\/wp-json\/wp\/v2\/pages\/40971\/revisions\/81662"}],"up":[{"embeddable":true,"href":"https:\/\/www.sisinternational.com\/fr\/wp-json\/wp\/v2\/pages\/14514"}],"wp:featuredmedia":[{"embeddable":true,"href":"https:\/\/www.sisinternational.com\/fr\/wp-json\/wp\/v2\/media\/63877"}],"wp:attachment":[{"href":"https:\/\/www.sisinternational.com\/fr\/wp-json\/wp\/v2\/media?parent=40971"}],"curies":[{"name":"wp","href":"https:\/\/api.w.org\/{rel}","templated":true}]}}