{"id":40968,"date":"2022-11-05T00:24:56","date_gmt":"2022-11-05T00:24:56","guid":{"rendered":"https:\/\/www.sisinternational.com\/?page_id=40968"},"modified":"2025-10-01T22:48:32","modified_gmt":"2025-10-02T02:48:32","slug":"etude-de-marche-sur-les-villes-intelligentes","status":"publish","type":"page","link":"https:\/\/www.sisinternational.com\/fr\/competence\/etude-de-marche-sur-les-villes-intelligentes\/","title":{"rendered":"\u00c9tude de march\u00e9 sur les villes intelligentes"},"content":{"rendered":"<h1 class=\"wp-block-heading\">\u00c9tude de march\u00e9 sur les villes intelligentes<\/h1>\n\n\n\n<figure class=\"gb-block-image gb-block-image-2781726f\"><img loading=\"lazy\" decoding=\"async\" width=\"1456\" height=\"816\" class=\"gb-image gb-image-2781726f\" src=\"https:\/\/www.sisinternational.com\/wp-content\/uploads\/2025\/08\/Smart-mobility-5.jpg\" alt=\"\u00c9tudes de march\u00e9 et strat\u00e9gie internationales SIS\" title=\"Smart mobility (5)\" srcset=\"https:\/\/www.sisinternational.com\/wp-content\/uploads\/2025\/08\/Smart-mobility-5.jpg 1456w, https:\/\/www.sisinternational.com\/wp-content\/uploads\/2025\/08\/Smart-mobility-5-300x168.jpg 300w, https:\/\/www.sisinternational.com\/wp-content\/uploads\/2025\/08\/Smart-mobility-5-1024x574.jpg 1024w, https:\/\/www.sisinternational.com\/wp-content\/uploads\/2025\/08\/Smart-mobility-5-768x430.jpg 768w, https:\/\/www.sisinternational.com\/wp-content\/uploads\/2025\/08\/Smart-mobility-5-18x10.jpg 18w\" sizes=\"auto, (max-width: 1456px) 100vw, 1456px\"><\/figure>\n\n\n\n<p><\/p>\n\n\n\n<h2 class=\"wp-block-heading\">Qu&#039;est-ce qu&#039;une ville intelligente<\/h2>\n\n\n\n<p>Une Smart City utilise la technologie pour am\u00e9liorer la vie de ses citoyens. Deux technologies principales permettent cela.<\/p>\n\n\n\n<h3 class=\"wp-block-heading\">Internet des objets (IoT)<\/h3>\n\n\n\n<p>L&#039;IoT est un concept informatique dans lequel des objets physiques se connectent \u00e0 Internet. Ces objets peuvent alors s&#039;identifier aux autres.<\/p>\n\n\n\n<h3 class=\"wp-block-heading\">Big Data<\/h3>\n\n\n\n<p>Les villes intelligentes produisent et analysent de grandes quantit\u00e9s de donn\u00e9es pour localiser des mod\u00e8les et des tendances. Ces mod\u00e8les aident \u00e0 trouver les causes des comportements humains.<\/p>\n\n\n\n<h2 class=\"wp-block-heading\">Pourquoi c&#039;est important<\/h2>\n\n\n\n<p>La technologie existe maintenant et elle se d\u00e9veloppe. Le terme \u00ab Smart City \u00bb est nouveau, mais l\u2019id\u00e9e existe depuis des ann\u00e9es. C&#039;est une autre fa\u00e7on pour les villes et les gouvernements d&#039;\u00e9conomiser des tonnes d&#039;argent.<\/p>\n\n\n\n<p>For example, one of the biggest problems affecting urban cities is wastage. Pollution is another. These problems can cost a pretty penny to fix. A <a href=\"https:\/\/www.sisinternational.com\/fr\/competence\/les-industries\/etude-de-marche-sur-les-capteurs-intelligents\/\" title=\"\u00c9tude de march\u00e9 sur les capteurs intelligents\"  data-wpil-monitor-id=\"8867\">Smart City will place sensors<\/a> along pipes and meters to detect leaks, alerting plumbers as fast as possible.<\/p>\n\n\n\n<h3 class=\"wp-block-heading\">Sant\u00e9 publique<\/h3>\n\n\n\n<p>Air Quality sensors help reduce emissions. For instance, the sensor could detect the exact source if a toxin fume made its way through the city. Authorities can then work to cut the emissions. This <a href=\"https:\/\/www.sisinternational.com\/fr\/etude-de-marche-sur-la-maison-intelligente\/\" title=\"\u00c9tude de march\u00e9 sur la maison intelligente\"  data-wpil-monitor-id=\"8872\">smart tech is also helpful in homes<\/a>. Patients can <a href=\"https:\/\/www.sisinternational.com\/fr\/solutions\/ai-etudes-de-marche-et-conseil-en-strategie\/automatisation-des-produits-de-soins-personnels-conseil-en-ia\/\" title=\"Automatisation des produits de soins personnels et conseil en IA\"  data-wpil-monitor-id=\"8877\">consult<\/a> with doctors via video calls and personal messaging. They can then receive life-saving health alerts.<\/p>\n\n\n\n<h3 class=\"wp-block-heading\">Infrastructure am\u00e9lior\u00e9e<\/h3>\n\n\n\n<p>Les routes, ponts, b\u00e2timents et autres structures n\u00e9cessitent d\u2019\u00e9normes investissements en cas de dommages. Les villes intelligentes utilisent l&#039;analyse pr\u00e9dictive pour r\u00e9soudre rapidement ces probl\u00e8mes. Des capteurs intelligents identifient l\u2019erreur de construction avant qu\u2019elle ne soit nuisible. Ainsi, cela sauve le b\u00e2timent et les personnes qui s\u2019y trouvent. L\u2019analyse pr\u00e9dictive permet d\u2019\u00e9conomiser des millions de dollars et de temps. Ces capteurs d\u00e9tectent les fissures et autres probl\u00e8mes. Ainsi, les villes intelligentes ont tendance \u00e0 avoir des routes, des ponts et des b\u00e2timents s\u00fbrs.<\/p>\n\n\n\n<h2 class=\"wp-block-heading\">Titres de postes cl\u00e9s<\/h2>\n\n\n\n<h2 class=\"wp-block-heading\">D\u00e9veloppeurs<\/h2>\n\n\n\n<p>Les villes intelligentes ont besoin de d\u00e9veloppeurs de logiciels, de bases de donn\u00e9es et de plateformes. Ils cr\u00e9ent des applications capables d\u2019effectuer des t\u00e2ches garantissant la s\u00e9curit\u00e9 des villes.<\/p>\n\n\n\n<h3 class=\"wp-block-heading\">Scientifique des donn\u00e9es<\/h3>\n\n\n\n<p>Les data scientists interpr\u00e8tent de grandes quantit\u00e9s de donn\u00e9es en informations vitales. Ces donn\u00e9es contribuent \u00e0 am\u00e9liorer la qualit\u00e9 de vie des citoyens.<\/p>\n\n\n\n<h3 class=\"wp-block-heading\">Facteurs cl\u00e9s de succ\u00e8s<\/h3>\n\n\n\n<p>Although the focus is technology, this is not the only feature of Smart Cities. Citizens must buy-in and use the tech for it to succeed. Without public input, it becomes just another city with tech advances. <a href=\"https:\/\/www.sisinternational.com\/fr\/solutions\/conseil-en-tourisme-de-voyage-et-en-hotellerie\/conseil-en-technologie-hoteliere-intelligente\/\" title=\"Conseil en technologie h\u00f4teli\u00e8re intelligente\"  data-wpil-monitor-id=\"8875\">Smart City technology<\/a> helps citizens have a say in the running of their city. They can use apps to talk to government officials about local issues. These apps also enable easier sharing of information within the community.<\/p>\n\n\n\n<h2 class=\"wp-block-heading\">Pourquoi les pays en ont besoin<\/h2>\n\n\n\n<h3 class=\"wp-block-heading\">Efficacit\u00e9 \u00e9nerg\u00e9tique am\u00e9lior\u00e9e<\/h3>\n\n\n\n<p>La consommation d&#039;\u00e9lectricit\u00e9 est tr\u00e8s \u00e9lev\u00e9e dans les villes. Les villes peuvent installer des capteurs dans les rues pour d\u00e9tecter les pi\u00e9tons. S\u2019il n\u2019y a personne \u00e0 proximit\u00e9, les capteurs peuvent r\u00e9duire l\u2019\u00e9clairage public. Cette action peut permettre \u00e0 la ville d&#039;\u00e9conomiser de l&#039;argent.<\/p>\n\n\n\n<h3 class=\"wp-block-heading\">R\u00e9duction des embouteillages<\/h3>\n\n\n\n<p>Gr\u00e2ce \u00e0 la technologie Smart City, les signaux intelligents contribuent \u00e0 r\u00e9duire le trafic. Cette technologie innovante conseille \u00e9galement sur les itin\u00e9raires alternatifs \u00e0 emprunter. Il indique aux conducteurs les moments o\u00f9 les routes sont moins fr\u00e9quent\u00e9es pour commencer un trajet. Les utilisateurs des transports en commun peuvent l&#039;utiliser pour suivre l&#039;emplacement de leurs trains et bus.<\/p>\n\n\n\n<h2 class=\"wp-block-heading\">Gestion intelligente du stationnement<\/h2>\n\n\n\n<p>Le stationnement intelligent peut \u00e9galement contribuer \u00e0 g\u00e9n\u00e9rer des revenus pour la ville. Personne n\u2019a envie de tourner beaucoup en rond \u00e0 la recherche de places de stationnement. Dans une Smart City, les conducteurs peuvent recevoir des alertes sur leurs appareils les informant de l&#039;ouverture d&#039;un appareil.<\/p>\n\n\n\n<h3 class=\"wp-block-heading\">Des villes plus s\u00fbres<\/h3>\n\n\n\n<p>Une Smart City est g\u00e9n\u00e9ralement s\u00fbre. Un taux de criminalit\u00e9 \u00e9lev\u00e9 n\u2019est bon pour aucune ville. Les cam\u00e9ras corporelles, les d\u00e9tecteurs de coups de feu, la reconnaissance des plaques d&#039;immatriculation et la d\u00e9tection vocale sont utiles. Les cam\u00e9ras qui d\u00e9tectent les portes d\u00e9verrouill\u00e9es et envoient des alertes aux propri\u00e9taires sont \u00e9galement utiles. Ce type de technologie d\u00e9couragera la criminalit\u00e9. Les forces de l&#039;ordre les utilisent pour rendre leur travail moins p\u00e9nible.<\/p>\n\n\n\n<h2 class=\"wp-block-heading\">\u00c0 propos de l\u2019\u00e9tude de march\u00e9 sur les villes intelligentes<\/h2>\n\n\n\n<p>The Smart <a href=\"https:\/\/www.sisinternational.com\/fr\/solutions\/groupes-de-discussion\/installations-de-groupe-de-discussion-a-new-york\/\" title=\"Installations des groupes de discussion de la ville de New York\"  data-wpil-monitor-id=\"8865\">City would have to involve Focus Groups<\/a>, Interviews, and Surveys. Cites must know how to increase the ease of living for their citizens. The <a href=\"https:\/\/www.sisinternational.com\/fr\/sis-application-of-quantitative-data-analytics-to-sensory-testing\/\" title=\"SIS Application of Quantitative Data Analytics to Sensory Testing\"  data-wpil-monitor-id=\"8870\">data gathered is both Qualitative and Quantitative<\/a>. Strategy Research is also important.<\/p>\n\n\n\n<p><\/p>","protected":false},"excerpt":{"rendered":"<p>Les villes intelligentes ont besoin de d\u00e9veloppeurs de logiciels, de bases de donn\u00e9es et de plateformes. Ils cr\u00e9ent des applications capables d\u2019effectuer des t\u00e2ches garantissant la s\u00e9curit\u00e9 des villes.<\/p>","protected":false},"author":1,"featured_media":64967,"parent":14514,"menu_order":148,"comment_status":"closed","ping_status":"closed","template":"","meta":{"footnotes":""},"class_list":["post-40968","page","type-page","status-publish","has-post-thumbnail"],"_links":{"self":[{"href":"https:\/\/www.sisinternational.com\/fr\/wp-json\/wp\/v2\/pages\/40968","targetHints":{"allow":["GET"]}}],"collection":[{"href":"https:\/\/www.sisinternational.com\/fr\/wp-json\/wp\/v2\/pages"}],"about":[{"href":"https:\/\/www.sisinternational.com\/fr\/wp-json\/wp\/v2\/types\/page"}],"author":[{"embeddable":true,"href":"https:\/\/www.sisinternational.com\/fr\/wp-json\/wp\/v2\/users\/1"}],"replies":[{"embeddable":true,"href":"https:\/\/www.sisinternational.com\/fr\/wp-json\/wp\/v2\/comments?post=40968"}],"version-history":[{"count":4,"href":"https:\/\/www.sisinternational.com\/fr\/wp-json\/wp\/v2\/pages\/40968\/revisions"}],"predecessor-version":[{"id":81490,"href":"https:\/\/www.sisinternational.com\/fr\/wp-json\/wp\/v2\/pages\/40968\/revisions\/81490"}],"up":[{"embeddable":true,"href":"https:\/\/www.sisinternational.com\/fr\/wp-json\/wp\/v2\/pages\/14514"}],"wp:featuredmedia":[{"embeddable":true,"href":"https:\/\/www.sisinternational.com\/fr\/wp-json\/wp\/v2\/media\/64967"}],"wp:attachment":[{"href":"https:\/\/www.sisinternational.com\/fr\/wp-json\/wp\/v2\/media?parent=40968"}],"curies":[{"name":"wp","href":"https:\/\/api.w.org\/{rel}","templated":true}]}}