{"id":40946,"date":"2022-10-28T01:26:25","date_gmt":"2022-10-28T01:26:25","guid":{"rendered":"https:\/\/www.sisinternational.com\/?page_id=40946"},"modified":"2025-10-01T22:35:17","modified_gmt":"2025-10-02T02:35:17","slug":"etude-de-marche-en-guyane","status":"publish","type":"page","link":"https:\/\/www.sisinternational.com\/fr\/couverture\/latin-america\/etude-de-marche-en-amerique-latine\/etude-de-marche-en-guyane\/","title":{"rendered":"Etude de march\u00e9 en Guyane"},"content":{"rendered":"<h1 class=\"wp-block-heading\">Etude de march\u00e9 en Guyane<\/h1>\n\n\n\n<figure class=\"gb-block-image gb-block-image-c096b9c7\"><img loading=\"lazy\" decoding=\"async\" width=\"1456\" height=\"816\" class=\"gb-image gb-image-c096b9c7\" src=\"https:\/\/www.sisinternational.com\/wp-content\/uploads\/2025\/09\/Guyana-5.jpg\" alt=\"\u00c9tudes de march\u00e9 et strat\u00e9gie internationales SIS\" title=\"Guyana (5)\" srcset=\"https:\/\/www.sisinternational.com\/wp-content\/uploads\/2025\/09\/Guyana-5.jpg 1456w, https:\/\/www.sisinternational.com\/wp-content\/uploads\/2025\/09\/Guyana-5-300x168.jpg 300w, https:\/\/www.sisinternational.com\/wp-content\/uploads\/2025\/09\/Guyana-5-1024x574.jpg 1024w, https:\/\/www.sisinternational.com\/wp-content\/uploads\/2025\/09\/Guyana-5-768x430.jpg 768w, https:\/\/www.sisinternational.com\/wp-content\/uploads\/2025\/09\/Guyana-5-18x10.jpg 18w\" sizes=\"auto, (max-width: 1456px) 100vw, 1456px\"><\/figure>\n\n\n\n<p><\/p>\n\n\n\n<hr class=\"wp-block-separator has-alpha-channel-opacity is-style-dots\"\/>\n\n\n\n<p>Le beau pays de la Guyane est connu dans le monde entier pour sa culture. De plus, la musique de la for\u00eat tropicale, la musique anglophone, le cricket et le calypso attirent les gens. La Guyane se situe le long de la c\u00f4te nord de l\u2019Am\u00e9rique du Sud. Le pays s&#039;est lib\u00e9r\u00e9 du Royaume-Uni le 26 mai 1966 et est devenu une r\u00e9publique le 23 f\u00e9vrier 1970. Apr\u00e8s avoir v\u00e9cu sous contr\u00f4le n\u00e9erlandais pendant de nombreuses ann\u00e9es, il a ensuite rejoint l&#039;Union des nations sud-am\u00e9ricaines en tant que membre fondateur. .<\/p>\n\n\n\n<p>Aujourd\u2019hui, le pays se d\u00e9marque parmi les nombreuses nations du continent. C\u2019est \u00e9galement le seul pays de cette r\u00e9gion o\u00f9 l\u2019anglais est la langue officielle. La Guyane est fi\u00e8re d&#039;\u00eatre membre de la Communaut\u00e9 des Cara\u00efbes (CARICOM). En outre, elle occupe le si\u00e8ge principal de la CARICOM dans sa capitale, Georgetown. Par ailleurs, la Guyane entretient d\u2019excellentes relations avec la Chine depuis les ann\u00e9es 1970. En fait, c\u2019\u00e9tait le premier pays des Cara\u00efbes anglophones \u00e0 entretenir de tels liens.<\/p>\n\n\n\n<p>Le pays a une histoire riche et mixte en tant que colonie britannique. La r\u00e9gion abrite des habitants d&#039;Afrique, d&#039;Inde, de France, des Pays-Bas et du Portugal. Bien s\u00fbr, il y a aussi ceux du patrimoine autochtone.<\/p>\n\n\n\n<h2 class=\"wp-block-heading\">Quartiers<\/h2>\n\n\n\n<p>Georgetown est la capitale et le principal centre manufacturier et commercial du pays. La ville poss\u00e8de de nombreux b\u00e2timents anciens de style britannique et hollandais. \u00c9tant la ville centrale, Georgetown a beaucoup de choses \u00e0 faire. Il y a toujours de nouvelles choses \u00e0 essayer et encore plus d&#039;endroits \u00e0 d\u00e9couvrir.<\/p>\n\n\n\n<p>Outre la capitale, il existe de nombreuses autres r\u00e9gions connues. Il s&#039;agit notamment de Demerara, Bush Lot et du tristement c\u00e9l\u00e8bre Jonestown (rendu c\u00e9l\u00e8bre par Jim Jones dans les ann\u00e9es 1970).<\/p>\n\n\n\n<h2 class=\"wp-block-heading\">Industries cl\u00e9s<\/h2>\n\n\n\n<p>Les principales industries du Guyana sont l&#039;agroalimentaire et l&#039;exploitation mini\u00e8re de l&#039;or et des diamants. Les produits issus de la transformation agroalimentaire proviennent du riz, du bois et de la noix de coco. Il existe \u00e9galement ici et l\u00e0 des secteurs de l\u2019industrie l\u00e9g\u00e8re, du textile et de la pharmacie. Des entreprises publiques et priv\u00e9es poss\u00e8dent ces entit\u00e9s.<\/p>\n\n\n\n<p>Pourtant, ses meilleurs atouts sont ses ressources naturelles. Certaines ressources naturelles sont les for\u00eats tropicales, les plantations de canne \u00e0 sucre et les rizi\u00e8res. Le pays poss\u00e8de \u00e9galement des r\u00e9serves de bauxite, de p\u00e9trole et d\u2019or.<\/p>\n\n\n\n<h2 class=\"wp-block-heading\">Les tendances<\/h2>\n\n\n\n<p>Le pays conna\u00eet actuellement la croissance la plus rapide au monde. Son PIB augmente en raison du d\u00e9veloppement rapide de son secteur p\u00e9trolier et gazier offshore.<\/p>\n\n\n\n<p>La croissance d\u00e9pend des ressources naturelles d&#039;un pays. L&#039;agriculture et l&#039;exploitation mini\u00e8re sont les activit\u00e9s les plus critiques du Guyana, mais le sucre, la bauxite, le riz et l&#039;or repr\u00e9sentent plus de la moiti\u00e9 des recettes d&#039;exportation.<\/p>\n\n\n\n<h2 class=\"wp-block-heading\">Base de consommateurs<\/h2>\n\n\n\n<p>Le pays regorge de travailleurs enthousiastes et ils adorent se d\u00e9tendre autour d\u2019une bonne f\u00eate autour de la nourriture. Ils appr\u00e9cient \u00e9galement des activit\u00e9s comme le cricket et les d\u00e9fil\u00e9s de rue. Les gens travaillent dur sur la terre et ailleurs pour gagner de l\u2019argent et profiter de leurs passe-temps et de leur vie en dehors du travail.<\/p>\n\n\n\n<h2 class=\"wp-block-heading\">Raisons de cr\u00e9er une entreprise en Guyane<\/h2>\n\n\n\n<p>\u00c0 mesure que le Guyana continue de cro\u00eetre, des voies plus ouvertes se dessinent. De plus, en raison de sa situation g\u00e9ographique en Am\u00e9rique du Sud, le pays entretient d\u2019excellentes relations avec les \u00c9tats-Unis. La qualit\u00e9 des biens et services est \u00e9lev\u00e9e. Cela motive les entreprises et les consommateurs \u00e0 continuer d\u2019acheter.<\/p>\n\n\n\n<h3 class=\"wp-block-heading\">D\u2019autres raisons de cr\u00e9er une entreprise en Guyane incluent\u00a0:<\/h3>\n\n\n\n<ul class=\"wp-block-list\">\n<li>March\u00e9s d&#039;investissement ouverts<\/li>\n\n\n\n<li>De nombreuses ressources naturelles<\/li>\n\n\n\n<li>L&#039;anglais est la langue officielle.<\/li>\n\n\n\n<li><a href=\"https:\/\/www.sisinternational.com\/fr\/transporteurs-low-cost-dans-lindustrie-aeronautique\/\" title=\"\u00c9tude de march\u00e9 sur les compagnies a\u00e9riennes \u00e0 bas prix\"  data-wpil-monitor-id=\"7692\">Faibles co\u00fbts d\u2019exploitation<\/a><\/li>\n<\/ul>\n\n\n\n<h2 class=\"wp-block-heading\">\u00c0 propos des \u00e9tudes de march\u00e9 en Guyane<\/h2>\n\n\n\n<p>Launching your new business is one of the best decisions you will make for yourself. Hence the reason our company is always here and always ready to offer help. Our <a href=\"https:\/\/www.sisinternational.com\/fr\/competence\/les-industries\/etude-de-marche-des-decideurs-dentreprise\/\" title=\"\u00c9tude de march\u00e9 des d\u00e9cideurs commerciaux\"  data-wpil-monitor-id=\"7698\">business<\/a> goes the extra mile to do the best research for you. We have focus groups that do qualitative, quantitative, and strategic research. We are keen to help the status of any business that seeks our help. Also, we <a href=\"https:\/\/www.sisinternational.com\/fr\/competence\/les-industries\/etude-de-marche-sur-les-entretiens-telephoniques-assistes-par-ordinateur\/\" title=\"\u00c9tude de march\u00e9 sur les entretiens t\u00e9l\u00e9phoniques assist\u00e9s par ordinateur\"  data-wpil-monitor-id=\"7695\">assist in survey making and interviews<\/a>. We\u2019d love to help you in whatever area you\u2019d like. Your company will leave with nothing but the best. Call us today!<\/p>\n\n\n\n<p><\/p>","protected":false},"excerpt":{"rendered":"<p>Le beau pays de la Guyane est connu dans le monde entier pour sa culture. De plus, la musique de la for\u00eat tropicale, la musique anglophone, le cricket et le calypso attirent les gens.<\/p>","protected":false},"author":1,"featured_media":66281,"parent":14351,"menu_order":23,"comment_status":"closed","ping_status":"closed","template":"","meta":{"footnotes":""},"class_list":["post-40946","page","type-page","status-publish","has-post-thumbnail"],"_links":{"self":[{"href":"https:\/\/www.sisinternational.com\/fr\/wp-json\/wp\/v2\/pages\/40946","targetHints":{"allow":["GET"]}}],"collection":[{"href":"https:\/\/www.sisinternational.com\/fr\/wp-json\/wp\/v2\/pages"}],"about":[{"href":"https:\/\/www.sisinternational.com\/fr\/wp-json\/wp\/v2\/types\/page"}],"author":[{"embeddable":true,"href":"https:\/\/www.sisinternational.com\/fr\/wp-json\/wp\/v2\/users\/1"}],"replies":[{"embeddable":true,"href":"https:\/\/www.sisinternational.com\/fr\/wp-json\/wp\/v2\/comments?post=40946"}],"version-history":[{"count":4,"href":"https:\/\/www.sisinternational.com\/fr\/wp-json\/wp\/v2\/pages\/40946\/revisions"}],"predecessor-version":[{"id":81298,"href":"https:\/\/www.sisinternational.com\/fr\/wp-json\/wp\/v2\/pages\/40946\/revisions\/81298"}],"up":[{"embeddable":true,"href":"https:\/\/www.sisinternational.com\/fr\/wp-json\/wp\/v2\/pages\/14351"}],"wp:featuredmedia":[{"embeddable":true,"href":"https:\/\/www.sisinternational.com\/fr\/wp-json\/wp\/v2\/media\/66281"}],"wp:attachment":[{"href":"https:\/\/www.sisinternational.com\/fr\/wp-json\/wp\/v2\/media?parent=40946"}],"curies":[{"name":"wp","href":"https:\/\/api.w.org\/{rel}","templated":true}]}}