{"id":40944,"date":"2022-10-28T00:36:41","date_gmt":"2022-10-28T00:36:41","guid":{"rendered":"https:\/\/www.sisinternational.com\/?page_id=40944"},"modified":"2025-10-01T22:32:59","modified_gmt":"2025-10-02T02:32:59","slug":"etude-de-marche-en-guyane-francaise","status":"publish","type":"page","link":"https:\/\/www.sisinternational.com\/fr\/couverture\/latin-america\/etude-de-marche-en-amerique-latine\/etude-de-marche-en-guyane-francaise\/","title":{"rendered":"Etude de march\u00e9 en Guyane fran\u00e7aise"},"content":{"rendered":"<h1 class=\"wp-block-heading\">Etude de march\u00e9 en Guyane fran\u00e7aise<\/h1>\n\n\n\n<figure class=\"gb-block-image gb-block-image-9f8994b5\"><img loading=\"lazy\" decoding=\"async\" width=\"1456\" height=\"816\" class=\"gb-image gb-image-9f8994b5\" src=\"https:\/\/www.sisinternational.com\/wp-content\/uploads\/2025\/09\/French-Guiana-3.jpg\" alt=\"\u00c9tudes de march\u00e9 et strat\u00e9gie internationales SIS\" title=\"French Guiana (3)\" srcset=\"https:\/\/www.sisinternational.com\/wp-content\/uploads\/2025\/09\/French-Guiana-3.jpg 1456w, https:\/\/www.sisinternational.com\/wp-content\/uploads\/2025\/09\/French-Guiana-3-300x168.jpg 300w, https:\/\/www.sisinternational.com\/wp-content\/uploads\/2025\/09\/French-Guiana-3-1024x574.jpg 1024w, https:\/\/www.sisinternational.com\/wp-content\/uploads\/2025\/09\/French-Guiana-3-768x430.jpg 768w, https:\/\/www.sisinternational.com\/wp-content\/uploads\/2025\/09\/French-Guiana-3-18x10.jpg 18w\" sizes=\"auto, (max-width: 1456px) 100vw, 1456px\"><\/figure>\n\n\n\n<p><\/p>\n\n\n\n<hr class=\"wp-block-separator has-alpha-channel-opacity is-style-dots\"\/>\n\n\n\n<p>French Guiana is a territory governed by France, located on the North Atlantic coast of the South American continent. Brazil borders it to the East and Suriname to the West. It is the second-largest land mass under French rule (after mainland France). Despite its deep connection to France, French Guiana\u2019s dependence on that country is starting to wane. One part of that process is growing its economy. The French Guianese are engaging in more and more trade, and any <a href=\"https:\/\/www.sisinternational.com\/fr\/publications\/etude-de-marche-sur-les-entreprises-evolutives-7-facons-de-creer-une-entreprise-evolutive\/\" title=\"\u00c9tude de march\u00e9 sur les entreprises \u00e9volutives\u00a0: 7 fa\u00e7ons de cr\u00e9er une entreprise \u00e9volutive\"  data-wpil-monitor-id=\"7706\">business<\/a> that wants to move into that market needs good info. And thus, it needs some good market research.<\/p>\n\n\n\n<h2 class=\"wp-block-heading\">Industries cl\u00e9s<\/h2>\n\n\n\n<p>En raison des vastes for\u00eats de la Guyane fran\u00e7aise, il existe de nombreuses scieries. Elle compte \u00e9galement de nombreuses usines de transformation du bois. Pourtant, les principales exportations de la r\u00e9gion sont l&#039;or et certains autres m\u00e9taux pr\u00e9cieux. La Guyane fran\u00e7aise poss\u00e8de une industrie spatiale qui contribue au PIB du pays depuis les ann\u00e9es 1960. Elle poss\u00e8de \u00e9galement une importante industrie de la p\u00eache. Ce n\u2019est pas une surprise car le pays poss\u00e8de un long littoral. La plupart des Guyanais vivent pr\u00e8s de la c\u00f4te en raison des nombreux avantages qu&#039;offre la vie pr\u00e8s de l&#039;eau. Par exemple, ils ont acc\u00e8s \u00e0 des fruits de mer frais, \u00e0 un temps plus doux et \u00e0 de magnifiques paysages. Les gens n\u2019aiment pas non plus vivre \u00e0 proximit\u00e9 d\u2019une for\u00eat dense avec ses innombrables animaux sauvages. Ainsi, les principales industries du pays se trouvent toutes \u00e0 proximit\u00e9 des ports.<\/p>\n\n\n\n<h2 class=\"wp-block-heading\">Quartiers<\/h2>\n\n\n\n<p>Rainforests cover most of the land in French Guiana because of its position near the equator and humid climate. The country is also the host to an array of flora and fauna, with over 5000 plant species native to French Guiana. It also boasts hundreds of different species of fish, mammals, birds, and amphibians. Despite the abundance of trees, the soil is poor for growing most crops. Most of the farming is around the Maroni river near the coast. So it\u2019s best for <a href=\"https:\/\/www.sisinternational.com\/fr\/competence\/les-industries\/etude-de-marche-sur-les-ressources-naturelles\/\" title=\"\u00c9tude de march\u00e9 sur les ressources naturelles\"  data-wpil-monitor-id=\"7693\">market entrants to focus their resources<\/a> where it\u2019s best to use them.<\/p>\n\n\n\n<h2 class=\"wp-block-heading\">Les tendances<\/h2>\n\n\n\n<p>Comme de nombreux pays d\u2019Am\u00e9rique du Sud, la Guyane fran\u00e7aise compte des habitants d\u2019horizons tr\u00e8s diff\u00e9rents. La plupart des r\u00e9sidents de Guyane fran\u00e7aise sont autochtones, le reste de la population \u00e9tant constitu\u00e9 d&#039;immigrants venus des pays voisins et de la France m\u00e9tropolitaine. Cette diversit\u00e9 conduit \u00e0 de nombreux \u00e9l\u00e9ments culturels uniques en Guyane fran\u00e7aise.<\/p>\n\n\n\n<p>Pour commencer, la culture guyanaise a de profondes influences cr\u00e9oles et am\u00e9rindiennes, et de nombreux b\u00e2timents arborent les caract\u00e9ristiques de cette architecture m\u00e9lang\u00e9e \u00e0 certains \u00e9l\u00e9ments occidentaux. Un autre point fort de la culture guyanaise est son carnaval. Comme dans de nombreux pays d\u2019Am\u00e9rique du Sud et des Cara\u00efbes, le Carnaval est une grande occasion. La passion et le talent artistique des gens sont expos\u00e9s. Les costumes voyants sont le point culminant de l&#039;ann\u00e9e. Tout comme la danse intense et la musique joyeuse.<\/p>\n\n\n\n<h2 class=\"wp-block-heading\">Avantages et atouts sur le march\u00e9 guyanais<\/h2>\n\n\n\n<p>From the 20th century onwards, there has been considerable growth in the economy of French Guiana. They have made strides to open themselves up to foreign businesses. Since most people live near the coast, most companies are there. Thus, a <a href=\"https:\/\/www.sisinternational.com\/fr\/creer-une-entreprise-en-turquie\/\" title=\"Cr\u00e9er une entreprise en Turquie\"  data-wpil-monitor-id=\"7702\">business looking to set<\/a> up in the area has easy access to the ports. It also has access to the consumers in the area. This location leads to quicker business growth. Why? Because it <a href=\"https:\/\/www.sisinternational.com\/fr\/etre-vert-ameliore-les-performances-en-cas-de-recession\/\" title=\"Comment r\u00e9duire les co\u00fbts dans votre entreprise\"  data-wpil-monitor-id=\"7696\">cuts the cost<\/a> of transport and communication.<\/p>\n\n\n\n<h3 class=\"wp-block-heading\">Base de consommateurs<\/h3>\n\n\n\n<p>Comme son nom l&#039;indique, la majeure partie de la population parle soit le fran\u00e7ais, soit le cr\u00e9ole fran\u00e7ais. C\u2019est important dans toute campagne marketing. Les gens l\u00e0-bas doivent comprendre la marque et elle doit avoir un impact sur eux. Il serait donc pr\u00e9f\u00e9rable pour une nouvelle entreprise d\u2019implanter ses op\u00e9rations dans des zones plus peupl\u00e9es et urbaines.<\/p>\n\n\n\n<h3 class=\"wp-block-heading\">Reasons to Grow Your Business in the French Guianese Market<\/h3>\n\n\n\n<p>For one, there are many young, ambitious people looking for jobs in the region. As a new business in the area, it\u2019s essential to have access to labor. Also, the territory is experiencing steady economic growth. Such growth means that many new industries are popping up. There are different spots in the market to fill. <a href=\"https:\/\/www.sisinternational.com\/fr\/competence\/cv-dexperience\/cv-dexperience-dans-lindustrie-des-boissons-de-restauration-rapide\/\" title=\"Exp\u00e9rience d\u2019\u00e9tude de march\u00e9 sur la restauration rapide et les boissons\"  data-wpil-monitor-id=\"7700\">Market entrants need to move in fast<\/a> to ensure that their competitors don\u2019t push them out.<\/p>\n\n\n\n<h2 class=\"wp-block-heading\">\u00c0 propos des \u00e9tudes de march\u00e9 en Guyane fran\u00e7aise<\/h2>\n\n\n\n<p>Lorsqu\u2019elles effectuent une \u00e9tude de march\u00e9, les nouvelles entreprises doivent \u00eatre approfondies dans leur enqu\u00eate. Il faut \u00e9galement bien conna\u00eetre les clients. Malgr\u00e9 certaines similitudes, la fa\u00e7on dont les gens communiquent peut \u00eatre tr\u00e8s diff\u00e9rente. Comprendre les nuances est important.<\/p>\n\n\n\n<p>French Guiana is under the direct jurisdiction of France, and the influence of that European country is very evident. Market entrants need to have locals that help them bridge the gap. They also need to use many data analysis <a href=\"https:\/\/www.sisinternational.com\/fr\/sampling-techniques-in-qualitative-research-the-complete-guide-to-choosing-the-right-method\/\" title=\"Sampling Techniques in Qualitative Research: The Complete Guide to Choosing the Right Method\"  data-wpil-monitor-id=\"7704\">methods to ensure that they get complete<\/a> data. That means using both Qualitative and Quantitative methods. Those methods will be helpful whenever they do Surveys, Focus Groups, and Interviews.<\/p>\n\n\n\n<p><\/p>","protected":false},"excerpt":{"rendered":"<p>\u00c0 partir du XXe si\u00e8cle, l\u2019\u00e9conomie guyanaise conna\u00eet une croissance consid\u00e9rable. Ils ont fait de grands progr\u00e8s pour s\u2019ouvrir aux entreprises \u00e9trang\u00e8res.<\/p>","protected":false},"author":1,"featured_media":66270,"parent":14351,"menu_order":22,"comment_status":"closed","ping_status":"closed","template":"","meta":{"footnotes":""},"class_list":["post-40944","page","type-page","status-publish","has-post-thumbnail"],"_links":{"self":[{"href":"https:\/\/www.sisinternational.com\/fr\/wp-json\/wp\/v2\/pages\/40944","targetHints":{"allow":["GET"]}}],"collection":[{"href":"https:\/\/www.sisinternational.com\/fr\/wp-json\/wp\/v2\/pages"}],"about":[{"href":"https:\/\/www.sisinternational.com\/fr\/wp-json\/wp\/v2\/types\/page"}],"author":[{"embeddable":true,"href":"https:\/\/www.sisinternational.com\/fr\/wp-json\/wp\/v2\/users\/1"}],"replies":[{"embeddable":true,"href":"https:\/\/www.sisinternational.com\/fr\/wp-json\/wp\/v2\/comments?post=40944"}],"version-history":[{"count":4,"href":"https:\/\/www.sisinternational.com\/fr\/wp-json\/wp\/v2\/pages\/40944\/revisions"}],"predecessor-version":[{"id":81299,"href":"https:\/\/www.sisinternational.com\/fr\/wp-json\/wp\/v2\/pages\/40944\/revisions\/81299"}],"up":[{"embeddable":true,"href":"https:\/\/www.sisinternational.com\/fr\/wp-json\/wp\/v2\/pages\/14351"}],"wp:featuredmedia":[{"embeddable":true,"href":"https:\/\/www.sisinternational.com\/fr\/wp-json\/wp\/v2\/media\/66270"}],"wp:attachment":[{"href":"https:\/\/www.sisinternational.com\/fr\/wp-json\/wp\/v2\/media?parent=40944"}],"curies":[{"name":"wp","href":"https:\/\/api.w.org\/{rel}","templated":true}]}}