{"id":40928,"date":"2022-09-20T23:28:33","date_gmt":"2022-09-20T23:28:33","guid":{"rendered":"https:\/\/www.sisinternational.com\/?page_id=40928"},"modified":"2026-01-26T16:57:06","modified_gmt":"2026-01-26T21:57:06","slug":"etude-de-marche-pour-les-marques-vieillissantes","status":"publish","type":"page","link":"https:\/\/www.sisinternational.com\/fr\/competence\/etude-de-marche-pour-les-marques-vieillissantes\/","title":{"rendered":"Etude de march\u00e9 pour les marques vieillissantes"},"content":{"rendered":"<h1 class=\"wp-block-heading\">Etude de march\u00e9 pour les marques vieillissantes<\/h1>\n\n\n\n<figure class=\"gb-block-image gb-block-image-1123b83b\"><img loading=\"lazy\" decoding=\"async\" width=\"1456\" height=\"816\" class=\"gb-image gb-image-1123b83b\" src=\"https:\/\/www.sisinternational.com\/wp-content\/uploads\/2025\/09\/Predictive-analytics-22.jpg\" alt=\"\u00c9tudes de march\u00e9 et strat\u00e9gie internationales SIS\" title=\"Predictive analytics (22)\" srcset=\"https:\/\/www.sisinternational.com\/wp-content\/uploads\/2025\/09\/Predictive-analytics-22.jpg 1456w, https:\/\/www.sisinternational.com\/wp-content\/uploads\/2025\/09\/Predictive-analytics-22-300x168.jpg 300w, https:\/\/www.sisinternational.com\/wp-content\/uploads\/2025\/09\/Predictive-analytics-22-1024x574.jpg 1024w, https:\/\/www.sisinternational.com\/wp-content\/uploads\/2025\/09\/Predictive-analytics-22-768x430.jpg 768w, https:\/\/www.sisinternational.com\/wp-content\/uploads\/2025\/09\/Predictive-analytics-22-18x10.jpg 18w\" sizes=\"auto, (max-width: 1456px) 100vw, 1456px\"><\/figure>\n\n\n\n<hr class=\"wp-block-separator has-alpha-channel-opacity is-style-dots\"\/>\n\n\n\n<p><\/p>\n\n\n\n<p>One can expect car design, computer operating systems, and clothing styles to change. Shouldn&#8217;t it be the same with the look of a brand? When is it time to give a brand an update? The first sign is a subtle change in what a <a href=\"https:\/\/www.sisinternational.com\/fr\/marche-de-la-publicite-numerique\/\" title=\"Marketing et publicit\u00e9 \u00e0 l&#039;\u00e8re num\u00e9rique\"  data-wpil-monitor-id=\"1812\">brand is \u201cabout.\u201d Market<\/a> research is a critical element in expressing the new brand. Well-executed <a href=\"https:\/\/www.sisinternational.com\/fr\/solutions\/solutions-de-branding-et-de-recherche-client\/etude-de-marche-sur-la-differenciation-des-marques\/\" title=\"\u00c9tude de march\u00e9 sur la diff\u00e9renciation des marques\"  data-wpil-monitor-id=\"2867\">\u00e9tude de march\u00e9<\/a> enables companies to redesign their brand. The end product should define what they do, who they are, and why people can count on them.<\/p>\n\n\n\n<h2 class=\"wp-block-heading\">Red\u00e9finir les marques dans une \u00e9conomie mondialis\u00e9e<\/h2>\n\n\n\n<p>Strong <a href=\"https:\/\/www.sisinternational.com\/fr\/competence\/les-industries\/etude-de-marche-de-marque\/\" title=\"\u00c9tude de march\u00e9 de marque\"  data-wpil-monitor-id=\"7072\">brands outpace the market<\/a> average. They also outstrip the financial markets index. Many businesses now reserve sizable portions of their marketing budgets for digital media. This digital budget is necessary to remain relevant in the marketplace. It also helps them to forge deeper connections with their customers.<\/p>\n\n\n\n<p>En outre, une nouvelle g\u00e9n\u00e9ration de marques mondiales \u00e9volue. Les marques plus anciennes devraient prendre note des strat\u00e9gies qu\u2019elles utilisent. Ces derni\u00e8res ann\u00e9es, il est devenu une priorit\u00e9 de construire une culture de marque solide et fiable. Les clients doivent \u00eatre capables de reconna\u00eetre la culture de la marque o\u00f9 qu\u2019elle se trouve dans le monde. L\u2019essor des canaux num\u00e9riques a d\u00e9plac\u00e9 l\u2019accent de la marque de la structure vers la culture.<\/p>\n\n\n\n<p>The upswing of digital has also transformed the way marketers communicate. Marketers now connect with their agency partners and customers using digital technology. The primary <a href=\"https:\/\/www.sisinternational.com\/fr\/le-marche-hors-taxes\/\" title=\"\u00c9tude de march\u00e9 hors taxes\"  data-wpil-monitor-id=\"6282\">duties and the central features of marketing<\/a> stay the same. The functions have had to increase in scope, though. The new tasks are to accommodate the shifting nature of the world in which brands operate.<\/p>\n\n\n\n<p>Le groupe Wyndham est un excellent exemple de marque qui se red\u00e9finit dans l\u2019\u00e9conomie mondiale. Wyndham est la plus grande soci\u00e9t\u00e9 h\u00f4teli\u00e8re au monde avec plus de 7 800 propri\u00e9t\u00e9s. L&#039;entreprise a r\u00e9cemment remani\u00e9 ses 16 marques. Elle a \u00e9galement investi dans les nouvelles technologies et modernis\u00e9 ses propri\u00e9t\u00e9s h\u00f4teli\u00e8res. En outre, le groupe a annonc\u00e9 de tout nouveaux partenariats et avantages pour servir les touristes soucieux d&#039;\u00e9conomie.<\/p>\n\n\n\n<h2 class=\"wp-block-heading\">Les marques plus anciennes doivent suivre le rythme des marques plus r\u00e9centes<\/h2>\n\n\n\n<p>Certaines entreprises vendent aujourd\u2019hui les m\u00eames produits qu\u2019en 1920. Comment font-elles ? Leurs offres sont aussi pr\u00e9cieuses et r\u00e9pandues qu\u2019elles l\u2019\u00e9taient il y a cent ans. Pourtant, ces entreprises savent que leurs besoins marketing correspondent \u00e0 leur public en constante \u00e9volution. Par exemple, LEGO a d\u00e9marr\u00e9 en 1939 en tant que petite entreprise fabriquant des jouets en bois au Danemark. La soci\u00e9t\u00e9 LEGO a r\u00e9cemment d\u00e9velopp\u00e9 un jeu vid\u00e9o pour PlayStation, Xbox et Nintendo.<\/p>\n\n\n\n<p>Un autre exemple est celui des macaronis au fromage Kraft. Kraft voulait exploiter le march\u00e9 des amateurs d&#039;aliments naturels, mais ne voulait pas effrayer les clients. L\u2019entreprise a d\u00e9ploy\u00e9 le nouveau produit sans tambour ni trompette. Ils ont ensuite lanc\u00e9 une campagne sur Twitter plusieurs mois plus tard. Cette tactique a donn\u00e9 aux gens suffisamment de temps pour conclure qu&#039;ils n&#039;avaient pas remarqu\u00e9 la diff\u00e9rence.<\/p>\n\n\n\n<p>Les marques qui s\u2019en tiennent \u00e0 leurs anciennes m\u00e9thodes perdront de leur pertinence. Ils doivent rester au courant des tendances changeantes. Kraft a exploit\u00e9 la tendance croissante vers des options alimentaires plus saines et un mode de vie propre. Les exp\u00e9riences jouent \u00e9galement un r\u00f4le important dans le mode de vie moderne. Les marques avis\u00e9es sont attentives \u00e0 ce nouveau d\u00e9veloppement. Ce concept est ce qui se cache derri\u00e8re LEGO&#039;S Legoland. La soci\u00e9t\u00e9 a lanc\u00e9 Legoland en 1968 et il est toujours populaire aujourd&#039;hui.<\/p>\n\n\n\n<h2 class=\"wp-block-heading\">Comment r\u00e9inventer les anciennes marques<\/h2>\n\n\n\n<p>Les marques doivent refl\u00e9ter le march\u00e9 existant \u00e0 mesure que les entreprises se d\u00e9veloppent et \u00e9voluent. Bref, la concurrence am\u00e9liorera sa marque. Il adoptera de nouveaux logos et d\u00e9veloppera de nouvelles fa\u00e7ons de se connecter avec le public. Si les entreprises d\u00e9cident de rester les m\u00eames, elles finiront par perdre leur avantage concurrentiel. Un rafra\u00eechissement de la marque indique au public que l&#039;entreprise est pertinente et moderne. Cela montre \u00e9galement le lien entre une entreprise et son industrie.<\/p>\n\n\n\n<p>L\u2019astuce pour r\u00e9inventer les anciennes marques est de garder un \u0153il attentif sur le client. Les entreprises doivent \u00eatre \u00e0 l&#039;\u00e9coute des d\u00e9sirs et des besoins du client. Ils doivent utiliser ces informations pour cr\u00e9er et maintenir la pertinence de la marque dans le monde d&#039;aujourd&#039;hui. Ils doivent \u00e9galement \u00eatre capables de raconter l\u2019histoire de la marque pour susciter l\u2019affinit\u00e9 et l\u2019intention d\u2019achat. Ce sont les secrets qui expliquent pourquoi certaines marques restent pertinentes, et d\u2019autres non. Les sp\u00e9cialistes du marketing feraient bien d\u2019y pr\u00eater attention et de toujours s\u2019efforcer d\u2019\u00eatre pertinents, quel que soit le march\u00e9.<\/p>\n\n\n\n<p><\/p>","protected":false},"excerpt":{"rendered":"<p>Une \u00e9tude de march\u00e9 bien ex\u00e9cut\u00e9e permet aux entreprises de repenser leur marque. Le produit final doit d\u00e9finir ce qu\u2019ils font, qui ils sont et pourquoi les gens peuvent compter sur eux.<\/p>","protected":false},"author":1,"featured_media":70175,"parent":14514,"menu_order":145,"comment_status":"closed","ping_status":"closed","template":"","meta":{"footnotes":""},"class_list":["post-40928","page","type-page","status-publish","has-post-thumbnail"],"_links":{"self":[{"href":"https:\/\/www.sisinternational.com\/fr\/wp-json\/wp\/v2\/pages\/40928","targetHints":{"allow":["GET"]}}],"collection":[{"href":"https:\/\/www.sisinternational.com\/fr\/wp-json\/wp\/v2\/pages"}],"about":[{"href":"https:\/\/www.sisinternational.com\/fr\/wp-json\/wp\/v2\/types\/page"}],"author":[{"embeddable":true,"href":"https:\/\/www.sisinternational.com\/fr\/wp-json\/wp\/v2\/users\/1"}],"replies":[{"embeddable":true,"href":"https:\/\/www.sisinternational.com\/fr\/wp-json\/wp\/v2\/comments?post=40928"}],"version-history":[{"count":7,"href":"https:\/\/www.sisinternational.com\/fr\/wp-json\/wp\/v2\/pages\/40928\/revisions"}],"predecessor-version":[{"id":80636,"href":"https:\/\/www.sisinternational.com\/fr\/wp-json\/wp\/v2\/pages\/40928\/revisions\/80636"}],"up":[{"embeddable":true,"href":"https:\/\/www.sisinternational.com\/fr\/wp-json\/wp\/v2\/pages\/14514"}],"wp:featuredmedia":[{"embeddable":true,"href":"https:\/\/www.sisinternational.com\/fr\/wp-json\/wp\/v2\/media\/70175"}],"wp:attachment":[{"href":"https:\/\/www.sisinternational.com\/fr\/wp-json\/wp\/v2\/media?parent=40928"}],"curies":[{"name":"wp","href":"https:\/\/api.w.org\/{rel}","templated":true}]}}