{"id":40923,"date":"2022-09-20T20:26:22","date_gmt":"2022-09-20T20:26:22","guid":{"rendered":"https:\/\/www.sisinternational.com\/?page_id=40923"},"modified":"2026-01-25T18:27:17","modified_gmt":"2026-01-25T23:27:17","slug":"etude-de-marche-juif","status":"publish","type":"page","link":"https:\/\/www.sisinternational.com\/fr\/competence\/etude-de-marche-juif\/","title":{"rendered":"\u00c9tude de march\u00e9 juif"},"content":{"rendered":"<h1 class=\"wp-block-heading\">\u00c9tude de march\u00e9 juif<\/h1>\n\n\n\n<figure class=\"gb-block-image gb-block-image-222a31c5\"><img loading=\"lazy\" decoding=\"async\" width=\"1456\" height=\"816\" class=\"gb-image gb-image-222a31c5\" src=\"https:\/\/www.sisinternational.com\/wp-content\/uploads\/2025\/08\/jewish-2.jpg\" alt=\"\u00c9tudes de march\u00e9 et strat\u00e9gie internationales SIS\" title=\"jewish (2)\" srcset=\"https:\/\/www.sisinternational.com\/wp-content\/uploads\/2025\/08\/jewish-2.jpg 1456w, https:\/\/www.sisinternational.com\/wp-content\/uploads\/2025\/08\/jewish-2-300x168.jpg 300w, https:\/\/www.sisinternational.com\/wp-content\/uploads\/2025\/08\/jewish-2-1024x574.jpg 1024w, https:\/\/www.sisinternational.com\/wp-content\/uploads\/2025\/08\/jewish-2-768x430.jpg 768w, https:\/\/www.sisinternational.com\/wp-content\/uploads\/2025\/08\/jewish-2-18x10.jpg 18w\" sizes=\"auto, (max-width: 1456px) 100vw, 1456px\"><\/figure>\n\n\n\n<p><\/p>\n\n\n\n<hr class=\"wp-block-separator has-alpha-channel-opacity is-style-dots\"\/>\n\n\n\n<div class=\"wp-block-columns has-global-color-9-color has-text-color has-background has-link-color wp-elements-19bd3eb280d23ab045a99d0ba0076b81 is-layout-flex wp-container-core-columns-is-layout-9d6595d7 wp-block-columns-is-layout-flex\" style=\"background-color:#f7f9fa6e\">\n<div class=\"wp-block-column is-layout-flow wp-block-column-is-layout-flow\" style=\"flex-basis:18%\"><\/div>\n\n\n\n<div class=\"wp-block-column is-vertically-aligned-center is-layout-flow wp-block-column-is-layout-flow\" style=\"flex-basis:71.28%\">\n<div class=\"wp-block-rank-math-toc-block aligncenter has-global-color-9-color has-text-color has-link-color wp-elements-c23447f18bb99ce33478826f14dabac9\" style=\"font-size:16px\" id=\"rank-math-toc\"><h2><br><strong>T<\/strong>able of Contents<\/h2><nav><ul><li class=\"\"><a href=\"#who-are-the-jewish\">Qui sont les juifs ?<\/a><\/li><li class=\"\"><a href=\"#why-are-the-jewish-important\">Pourquoi les Juifs sont-ils importants ?<\/a><\/li><li class=\"\"><a href=\"#key-job-titles\">Titres de poste cl\u00e9s<\/a><\/li><li class=\"\"><a href=\"#key-success-factors-of-the-jewish\">Facteurs cl\u00e9s de r\u00e9ussite du juif<\/a><\/li><li class=\"\"><a href=\"#why-is-jewish-market-research-important\">Pourquoi les \u00e9tudes de march\u00e9 juives sont-elles importantes<\/a><\/li><li class=\"\"><a href=\"#about-jewish-market-research\">\u00c0 propos des \u00e9tudes de march\u00e9 juives<\/a><\/li><\/ul><\/nav><\/div>\n<\/div>\n<\/div>\n\n\n\n<p><\/p>\n\n\n\n<h2 class=\"wp-block-heading\" id=\"who-are-the-jewish\">Qui sont les juifs ?<\/h2>\n\n\n\n<p>Selon la \u00ab loi juive \u00bb, un juif est une personne n\u00e9e de parents juifs ou quelqu&#039;un qui s&#039;est converti au juda\u00efsme. Toutes les personnes n\u00e9es de Juifs ne sont pas juives. Il faudrait que ledit enfant ait grandi avec les pratiques juives pour \u00eatre membre \u00e0 part enti\u00e8re.<\/p>\n\n\n\n<h2 class=\"wp-block-heading\" id=\"why-are-the-jewish-important\">Pourquoi les Juifs sont-ils importants ?<\/h2>\n\n\n\n<p>Les hommes et les femmes juifs ont apport\u00e9 certaines des contributions les plus significatives \u00e0 notre soci\u00e9t\u00e9. Celles-ci ont contribu\u00e9 \u00e0 changer la vie de nombreuses personnes aujourd\u2019hui dans les domaines de la science, de l\u2019artisanat, de l\u2019alimentation, de la danse et de la finance d\u2019entreprise. Ils ont \u00e9galement invent\u00e9 le ciment il y a des milliers d\u2019ann\u00e9es \u00e0 J\u00e9richo. \u00c0 l\u2019\u00e9poque m\u00e9di\u00e9vale, ils aidaient les Chinois \u00e0 cr\u00e9er du papier-monnaie.<\/p>\n\n\n\n<p>Les Juifs sont les cerveaux derri\u00e8re bon nombre de nos avanc\u00e9es m\u00e9dicales. Ils ont d\u00e9velopp\u00e9 des vaccins contre le chol\u00e9ra, la peste bubonique et la polio et sont \u00e9galement des pionniers du g\u00e9nie g\u00e9n\u00e9tique.<\/p>\n\n\n\n<h3 class=\"wp-block-heading\">Certaines inventions soutenues par des esprits juifs sont\u00a0:<\/h3>\n\n\n\n<ul class=\"wp-block-list\">\n<li>La cr\u00e9ation des premiers r\u00e9acteurs pour les fus\u00e9es de la NASA (Theodore von K\u00e1rm\u00e1n).<\/li>\n\n\n\n<li>Protocoles Internet et World Wide Web (Bob Kahn).<\/li>\n\n\n\n<li>Facebook (Marc Zuckerberg).<\/li>\n\n\n\n<li>La l\u00e9gende de la bande dessin\u00e9e Stan Lee a grandi dans une famille juive.<\/li>\n<\/ul>\n\n\n\n<h3 class=\"wp-block-heading\">Les Juifs constituent une population importante aux \u00c9tats-Unis. Ils repr\u00e9sentent 2,2% de la population totale.<\/h3>\n\n\n\n<p>Les Juifs constituent un groupe d\u00e9mographique important pour les sp\u00e9cialistes du marketing. Ils ont tendance \u00e0 \u00eatre plus instruits et plus riches que les autres groupes. Ils ont \u00e9galement une forte propension \u00e0 d\u00e9penser en produits de luxe. Une autre de leurs fortes traditions est la philanthropie. Cette tradition peut \u00e9galement conduire \u00e0 d&#039;autres dons de leur part.<\/p>\n\n\n\n<p>Le march\u00e9 juif est essentiel car il s\u2019agit d\u2019une minorit\u00e9 influente qui a beaucoup d\u2019argent \u00e0 d\u00e9penser. De plus, le fait qu\u2019elle soit pr\u00eate \u00e0 donner de l\u2019argent est une aubaine.<\/p>\n\n\n\n<h2 class=\"wp-block-heading\" id=\"key-job-titles\">Titres de poste cl\u00e9s<\/h2>\n\n\n\n<figure class=\"gb-block-image gb-block-image-835d0060\"><img loading=\"lazy\" decoding=\"async\" width=\"1456\" height=\"816\" class=\"gb-image gb-image-835d0060\" src=\"https:\/\/www.sisinternational.com\/wp-content\/uploads\/2025\/08\/jewish-1.jpg\" alt=\"\u00c9tudes de march\u00e9 et strat\u00e9gie internationales SIS\" title=\"jewish (1)\" srcset=\"https:\/\/www.sisinternational.com\/wp-content\/uploads\/2025\/08\/jewish-1.jpg 1456w, https:\/\/www.sisinternational.com\/wp-content\/uploads\/2025\/08\/jewish-1-300x168.jpg 300w, https:\/\/www.sisinternational.com\/wp-content\/uploads\/2025\/08\/jewish-1-1024x574.jpg 1024w, https:\/\/www.sisinternational.com\/wp-content\/uploads\/2025\/08\/jewish-1-768x430.jpg 768w, https:\/\/www.sisinternational.com\/wp-content\/uploads\/2025\/08\/jewish-1-18x10.jpg 18w\" sizes=\"auto, (max-width: 1456px) 100vw, 1456px\"><\/figure>\n\n\n\n<p><\/p>\n\n\n\n<p>La Bible juive autorise les gens \u00e0 pr\u00eater de l\u2019argent avec int\u00e9r\u00eats \u00e0 un \u00ab \u00e9tranger \u00bb. Mais il l\u2019interdit \u00e0 un \u00ab fr\u00e8re \u00bb (confr\u00e8re juif). Ainsi, les Juifs consid\u00e9raient le pr\u00eat d\u2019argent comme une entreprise offrant des profits \u00e9lev\u00e9s et peu de risques. De plus, des familles juives sont \u00e0 l\u2019origine de certains des noms les plus connus du secteur bancaire et financier. Il s\u2019agit notamment de Goldman Sachs, des Rothschild et de Lehman Brothers, aujourd\u2019hui disparu.<\/p>\n\n\n\n<p>En 1290, \u00c9douard Ier expulsa toute la population juive d&#039;Angleterre. A cause de cet exil, ils ne pouvaient pas acheter de terres et n\u2019avaient d\u2019autre moyen de vivre que le commerce. Le commerce est aujourd\u2019hui l\u2019un des facteurs les plus importants de la richesse juive. Beaucoup deviennent vendeurs pour perp\u00e9tuer la tradition.<\/p>\n\n\n\n<p>Puisque seulement 2,21 TP3T de la population am\u00e9ricaine sont juifs, il est incroyable que les marqueurs casher dominent autant. Cela peut s\u2019expliquer par les bienfaits des aliments casher pour la sant\u00e9.<\/p>\n\n\n\n<h2 class=\"wp-block-heading\" id=\"key-success-factors-of-the-jewish\">Facteurs cl\u00e9s de r\u00e9ussite du juif<\/h2>\n\n\n\n<p>Les Juifs constituent l\u2019un des groupes de personnes les plus riches au monde. Cette richesse est en partie due \u00e0 leur origine culturelle. Certains facteurs essentiels \u00e0 ce succ\u00e8s sont leur religion et leurs bonnes pratiques commerciales. Dans la Torah, les philosophes et dirigeants juifs expliquent comment un Juif doit g\u00e9rer son entreprise et sa maison.<\/p>\n\n\n\n<p>Les Juifs sont r\u00e9silients et capables de pers\u00e9v\u00e9rer dans des situations difficiles. Cette r\u00e9silience peut \u00eatre due \u00e0 leurs enseignements spirituels. L\u2019\u00e9chec ne les d\u00e9courage pas. Leurs difficult\u00e9s, comme on le voit dans l\u2019histoire, en sont des exemples. Lorsque les choses tournent mal dans les affaires, ce qui arrive presque toujours, ils ne se concentrent pas sur l&#039;\u00e9chec. Au lieu de cela, ils cherchent des moyens de s\u2019am\u00e9liorer afin de r\u00e9duire les risques que cela se reproduise.<\/p>\n\n\n\n<p>Les Juifs constituent le groupe religieux le plus instruit au monde. Les Juifs re\u00e7oivent en moyenne 13,4 ann\u00e9es de scolarit\u00e9 postsecondaire. Ils constituent \u00e9galement aujourd\u2019hui les groupes les plus qualifi\u00e9s au monde.<\/p>\n\n\n\n<p>Ils ont un lien particulier les uns avec les autres. Dans le juda\u00efsme, la richesse n\u2019est pas seulement destin\u00e9e \u00e0 l\u2019accumulation. Les gens doivent \u00e9galement le diffuser \u00e0 travers la communaut\u00e9 pour construire et b\u00e9n\u00e9ficier \u00e0 tous. Les Juifs ont \u00e9t\u00e9 l\u2019un des premiers \u00e0 utiliser la mondialisation et les r\u00e9seaux pour accro\u00eetre leur richesse.<\/p>\n\n\n\n<h2 class=\"wp-block-heading\" id=\"why-is-jewish-market-research-important\">Pourquoi les \u00e9tudes de march\u00e9 juives sont-elles importantes<\/h2>\n\n\n\n<p>Les Juifs font partie des groupes religieux les plus instruits. Ils sont travailleurs, r\u00e9silients et motiv\u00e9s par la foi. Ils sont \u00e9galement profond\u00e9ment enracin\u00e9s dans leur communaut\u00e9. Les valeurs fondamentales de la foi juive sont la justice, la gentillesse, la charit\u00e9 et la gu\u00e9rison. Le juda\u00efsme enseigne que chacun a un r\u00f4le \u00e0 jouer pour aider les personnes en situation de pauvret\u00e9.<\/p>\n\n\n\n<p>Les juifs et le juda\u00efsme partagent \u00e9galement un r\u00f4le important dans le d\u00e9veloppement du christianisme aujourd\u2019hui, et le juda\u00efsme a eu un impact sur certaines doctrines et id\u00e9es centrales. Les Juifs furent \u00e9galement parmi les premiers \u00e0 lutter contre les in\u00e9galit\u00e9s. La lutte juive a cr\u00e9\u00e9 un cadre r\u00e9volutionnaire. Ce cadre a \u00e9t\u00e9 transf\u00e9r\u00e9 \u00e0 la soci\u00e9t\u00e9 moderne d\u2019aujourd\u2019hui. La persistance des Juifs dans le pass\u00e9 \u00e0 lutter contre les in\u00e9galit\u00e9s est inspirante. Cela a inspir\u00e9 le monde d\u2019aujourd\u2019hui.<\/p>\n\n\n\n<p>Les Juifs constituaient \u00e0 un moment donn\u00e9 l\u2019un des groupes les plus opprim\u00e9s. Avec r\u00e9silience, ils se sont battus pour leur libert\u00e9. Ils constituent \u00e9galement un exemple pour tout groupe ou pays que la libert\u00e9 humaine est un droit. Leur histoire encourage les gens \u00e0 lutter contre les in\u00e9galit\u00e9s dans le monde.<\/p>\n\n\n\n<p><\/p>\n\n\n\n<!DOCTYPE html>\n<html lang=\"en\">\n<head>\n    <meta charset=\"UTF-8\">\n    <meta name=\"viewport\" content=\"width=device-width, initial-scale=1.0\">\n    <title>AI Blog Banner<\/title>\n    <style>\n        * {\n            margin: 0;\n            padding: 0;\n            box-sizing: border-box;\n        }\n\n        .banner {\n            position: relative;\n            width: 100%;\n            height: 350px;\n            overflow: hidden;\n            display: flex;\n            align-items: center;\n            justify-content: center;\n            font-family: 'Arial', sans-serif;\n            border-radius: 25px;\n        }\n\n        .animated-background {\n            position: absolute;\n            top: 0;\n            left: 0;\n            width: 100%;\n            height: 100%;\n            background: linear-gradient(45deg, #003f6b, #2d5a7b, #003f6b, #2d5a7b);\n            background-size: 400% 400%;\n            animation: gradientMove 8s ease-in-out infinite;\n        }\n\n        .ai-pattern {\n            position: absolute;\n            top: 0;\n            left: 0;\n            width: 100%;\n            height: 100%;\n            opacity: 0.1;\n            background-image: \n                radial-gradient(circle at 20% 20%, rgba(255,255,255,0.3) 2px, transparent 2px),\n                radial-gradient(circle at 80% 80%, rgba(255,255,255,0.2) 1px, transparent 1px),\n                radial-gradient(circle at 40% 60%, rgba(255,255,255,0.15) 1.5px, transparent 1.5px),\n                radial-gradient(circle at 60% 20%, rgba(255,255,255,0.25) 1px, transparent 1px),\n                radial-gradient(circle at 80% 40%, rgba(255,255,255,0.2) 2px, transparent 2px);\n            background-size: 100px 100px, 150px 150px, 80px 80px, 120px 120px, 90px 90px;\n            animation: patternFloat 12s linear infinite;\n        }\n\n        .neural-network {\n            position: absolute;\n            top: 0;\n            left: 0;\n            width: 100%;\n            height: 100%;\n            opacity: 0.08;\n        }\n\n        .neural-line {\n            position: absolute;\n            height: 1px;\n            background: linear-gradient(90deg, transparent, rgba(255,255,255,0.5), transparent);\n            animation: neuralPulse 6s ease-in-out infinite;\n        }\n\n        .neural-line:nth-child(1) {\n            top: 30%;\n            left: 0;\n            width: 60%;\n            animation-delay: 0s;\n        }\n\n        .neural-line:nth-child(2) {\n            top: 50%;\n            right: 0;\n            width: 70%;\n            animation-delay: 2s;\n        }\n\n        .neural-line:nth-child(3) {\n            top: 70%;\n            left: 20%;\n            width: 50%;\n            animation-delay: 4s;\n        }\n\n        .content {\n            position: relative;\n            z-index: 10;\n            text-align: center;\n            color: white !important;\n            max-width: 800px;\n            padding: 30px;\n        }\n\n        .content * {\n            color: white !important;\n        }\n\n        .cta-text {\n            font-size: 1.9rem;\n            font-weight: 700;\n            margin-bottom: 15px;\n            color: white !important;\n            background: linear-gradient(90deg, rgba(255,255,255,0.6), rgba(255,255,255,1), rgba(230,230,230,1), rgba(255,255,255,1), rgba(240,240,240,0.8), rgba(255,255,255,0.6));\n            background-size: 200% 100%;\n            -webkit-background-clip: text;\n            -webkit-text-fill-color: transparent;\n            background-clip: text;\n            animation: shineEffect 10s ease-in-out infinite;\n            line-height: 1.3;\n        }\n\n        .cta-subheading {\n            font-size: 1rem;\n            font-weight: 400;\n            margin-bottom: 25px;\n            color: white !important;\n            line-height: 1.6;\n            opacity: 0.95;\n        }\n\n        .cta-button {\n            background: linear-gradient(135deg, #8a6b0f, #bd9013, #d4a519);\n            border: 2px solid #8a6b0f;\n            color: white !important;\n            padding: 18px 40px;\n            font-size: 1.2rem;\n            font-weight: 600;\n            border-radius: 50px;\n            cursor: pointer;\n            transition: all 0.3s ease;\n            text-decoration: none;\n            display: inline-block;\n            position: relative;\n            overflow: hidden;\n        }\n\n        .cta-button::before {\n            content: '';\n            position: absolute;\n            top: 0;\n            left: -100%;\n            width: 100%;\n            height: 100%;\n            background: linear-gradient(90deg, \n                transparent 0%, \n                rgba(255, 255, 255, 0.3) 25%,\n                rgba(255, 255, 255, 0.6) 50%,\n                rgba(255, 255, 255, 0.3) 75%,\n                transparent 100%);\n            animation: shine 3s ease-in-out infinite;\n        }\n\n        .cta-button:hover {\n            transform: translateY(-3px);\n            box-shadow: 0 10px 25px rgba(0,0,0,0.2);\n            border-color: #bd9013;\n            background: linear-gradient(135deg, #bd9013, #d4a519, #e6b61f);\n        }\n\n        .floating-elements {\n            position: absolute;\n            top: 0;\n            left: 0;\n            width: 100%;\n            height: 100%;\n            pointer-events: none;\n        }\n\n        .floating-circle {\n            position: absolute;\n            border-radius: 50%;\n            background: rgba(255,255,255,0.1);\n            animation: float 8s ease-in-out infinite;\n        }\n\n        .floating-circle:nth-child(1) {\n            width: 80px;\n            height: 80px;\n            top: 20%;\n            left: 10%;\n            animation-delay: 0s;\n        }\n\n        .floating-circle:nth-child(2) {\n            width: 60px;\n            height: 60px;\n            top: 60%;\n            right: 15%;\n            animation-delay: 3s;\n        }\n\n        .floating-circle:nth-child(3) {\n            width: 40px;\n            height: 40px;\n            top: 80%;\n            left: 80%;\n            animation-delay: 6s;\n        }\n\n        .floating-circle:nth-child(4) {\n            width: 70px;\n            height: 70px;\n            top: 10%;\n            right: 20%;\n            animation-delay: 1.5s;\n        }\n\n        .floating-circle:nth-child(5) {\n            width: 50px;\n            height: 50px;\n            top: 75%;\n            left: 30%;\n            animation-delay: 4.5s;\n        }\n\n        @keyframes gradientMove {\n            0% { background-position: 0% 50%; }\n            25% { background-position: 100% 50%; }\n            50% { background-position: 100% 100%; }\n            75% { background-position: 0% 100%; }\n            100% { background-position: 0% 50%; }\n        }\n\n        @keyframes patternFloat {\n            0% { transform: translateX(0) translateY(0); }\n            33% { transform: translateX(30px) translateY(-20px); }\n            66% { transform: translateX(-20px) translateY(10px); }\n            100% { transform: translateX(0) translateY(0); }\n        }\n\n        @keyframes neuralPulse {\n            0%, 100% { opacity: 0.08; }\n            50% { opacity: 0.2; }\n        }\n\n        @keyframes shineEffect {\n            0% { background-position: 200% 0; }\n            100% { background-position: -200% 0; }\n        }\n\n        @keyframes shine {\n            0% {\n                left: -100%;\n            }\n            20%, 100% {\n                left: 100%;\n            }\n        }\n\n        @keyframes float {\n            0%, 100% { transform: translateY(0px) rotate(0deg); }\n            33% { transform: translateY(-30px) rotate(120deg); }\n            66% { transform: translateY(15px) rotate(240deg); }\n        }\n\n        @media (max-width: 768px) {\n            .banner {\n                height: 320px;\n                padding: 30px 0;\n            }\n            \n            .content {\n                padding: 40px 20px;\n            }\n            \n            .cta-text {\n                font-size: 1.3rem;\n                margin-bottom: 12px;\n            }\n            \n            .cta-subheading {\n                font-size: 0.85rem;\n                margin-bottom: 20px;\n            }\n            \n            .cta-button {\n                padding: 14px 28px;\n                font-size: 0.95rem;\n            }\n        }\n    <\/style>\n<\/head>\n<body>\n    <div class=\"banner\">\n        <div class=\"animated-background\"><\/div>\n        \n        <div class=\"ai-pattern\"><\/div>\n        \n        <div class=\"neural-network\">\n            <div class=\"neural-line\"><\/div>\n            <div class=\"neural-line\"><\/div>\n            <div class=\"neural-line\"><\/div>\n        <\/div>\n        \n        <div class=\"floating-elements\">\n            <div class=\"floating-circle\"><\/div>\n            <div class=\"floating-circle\"><\/div>\n            <div class=\"floating-circle\"><\/div>\n            <div class=\"floating-circle\"><\/div>\n            <div class=\"floating-circle\"><\/div>\n        <\/div>\n        \n        <div class=\"content\">\n            <div class=\"cta-text\">Ready to explore the insights that drive smarter decisions?<\/div>\n            <div class=\"cta-subheading\">Contact our Research experts today.<\/div>\n            <a href=\"mailto:Research@sisinternational.com\" class=\"cta-button\">Contact us now!<\/a>\n        <\/div>\n    <\/div>\n<\/body>\n<\/html>\n\n\n\n<p><\/p>\n\n\n\n<h2 class=\"wp-block-heading\" id=\"about-jewish-market-research\">\u00c0 propos des \u00e9tudes de march\u00e9 juives<\/h2>\n\n\n\n<p>The Jewish market is an important and fast-growing demographic to <a href=\"https:\/\/www.sisinternational.com\/fr\/competence\/les-industries\/etude-de-marche-du-vide\/\" title=\"\u00c9tude de march\u00e9 sur le vide\"  data-wpil-monitor-id=\"4883\">recherche<\/a>. For years, they have been an underserved group. With the growth of social media and online retail, there is more opportunity. Brands can now reach this demographic.<\/p>\n\n\n\n<p>Il est essentiel d&#039;utiliser la recherche quantitative et qualitative pour d\u00e9marrer ce processus. La recherche strat\u00e9gique est \u00e9galement vitale. Les entreprises ont \u00e9galement connu du succ\u00e8s gr\u00e2ce aux entretiens, aux enqu\u00eates et aux groupes de discussion.<\/p>\n\n\n<h2>Notre emplacement \u00e0 New York<\/h2>\n<p><!-- \/wp:post-content --> <!-- wp:html --> <iframe loading=\"lazy\" src=\"https:\/\/www.google.com\/maps\/embed?pb=!1m18!1m12!1m3!1d3022.976188376966!2d-73.99130312499956!3d40.740549471389315!2m3!1f0!2f0!3f0!3m2!1i1024!2i768!4f13.1!3m3!1m2!1s0x89c259a15798c731%3A0xd695d09bdd495f25!2s11%20E%2022nd%20St%20FL%202%2C%20New%20York%2C%20NY%2010010%2C%20USA!5e0!3m2!1sen!2spe!4v1726171763526!5m2!1sen!2spe\" width=\"600\" height=\"450\" allowfullscreen=\"allowfullscreen\" data-mce-fragment=\"1\"><\/iframe> <!-- \/wp:html --> <!-- wp:paragraph --><\/p>\n<h3 class=\"wp-block-heading\">11 E 22nd Street, \u00e9tage 2, New York, NY 10010 T\u00e9l. : +1(212) 505-6805<\/h3>\n<hr \/>\n<h2><span style=\"font-weight: 400;\">\u00c0 propos de SIS International<\/span><\/h2>\n<p><a href=\"https:\/\/www.sisinternational.com\/fr\/\"><span style=\"font-weight: 400;\">SIS International<\/span><\/a><span style=\"font-weight: 400;\"> propose des recherches quantitatives, qualitatives et strat\u00e9giques. Nous fournissons des donn\u00e9es, des outils, des strat\u00e9gies, des rapports et des informations pour la prise de d\u00e9cision. Nous menons \u00e9galement des entretiens, des enqu\u00eates, des groupes de discussion et d\u2019autres m\u00e9thodes et approches d\u2019\u00e9tudes de march\u00e9.<\/span><a href=\"https:\/\/www.sisinternational.com\/fr\/a-propos-de-la-recherche-internationale-sis\/contact-sis-international-market-research\/\"><span style=\"font-weight: 400;\"> Contactez nous<\/span><\/a><span style=\"font-weight: 400;\"> pour votre prochain projet d&#039;\u00e9tude de march\u00e9.<\/span><\/p>\n\n<!-- wp:paragraph -->\n<p><\/p>\n<!-- \/wp:paragraph -->","protected":false},"excerpt":{"rendered":"<p>Les hommes et les femmes juifs ont apport\u00e9 certaines des contributions les plus significatives \u00e0 notre soci\u00e9t\u00e9. Celles-ci ont contribu\u00e9 \u00e0 changer la vie de nombreuses personnes aujourd\u2019hui.<\/p>","protected":false},"author":1,"featured_media":63222,"parent":14514,"menu_order":144,"comment_status":"closed","ping_status":"closed","template":"","meta":{"footnotes":""},"class_list":["post-40923","page","type-page","status-publish","has-post-thumbnail"],"_links":{"self":[{"href":"https:\/\/www.sisinternational.com\/fr\/wp-json\/wp\/v2\/pages\/40923","targetHints":{"allow":["GET"]}}],"collection":[{"href":"https:\/\/www.sisinternational.com\/fr\/wp-json\/wp\/v2\/pages"}],"about":[{"href":"https:\/\/www.sisinternational.com\/fr\/wp-json\/wp\/v2\/types\/page"}],"author":[{"embeddable":true,"href":"https:\/\/www.sisinternational.com\/fr\/wp-json\/wp\/v2\/users\/1"}],"replies":[{"embeddable":true,"href":"https:\/\/www.sisinternational.com\/fr\/wp-json\/wp\/v2\/comments?post=40923"}],"version-history":[{"count":8,"href":"https:\/\/www.sisinternational.com\/fr\/wp-json\/wp\/v2\/pages\/40923\/revisions"}],"predecessor-version":[{"id":78820,"href":"https:\/\/www.sisinternational.com\/fr\/wp-json\/wp\/v2\/pages\/40923\/revisions\/78820"}],"up":[{"embeddable":true,"href":"https:\/\/www.sisinternational.com\/fr\/wp-json\/wp\/v2\/pages\/14514"}],"wp:featuredmedia":[{"embeddable":true,"href":"https:\/\/www.sisinternational.com\/fr\/wp-json\/wp\/v2\/media\/63222"}],"wp:attachment":[{"href":"https:\/\/www.sisinternational.com\/fr\/wp-json\/wp\/v2\/media?parent=40923"}],"curies":[{"name":"wp","href":"https:\/\/api.w.org\/{rel}","templated":true}]}}