{"id":40761,"date":"2022-06-27T08:20:54","date_gmt":"2022-06-27T08:20:54","guid":{"rendered":"https:\/\/www.sisinternational.com\/?page_id=40761"},"modified":"2025-10-01T20:46:57","modified_gmt":"2025-10-02T00:46:57","slug":"etude-de-marche-smartphones-nouveaux-appareils-mobiles","status":"publish","type":"page","link":"https:\/\/www.sisinternational.com\/fr\/competence\/etude-de-marche-smartphones-nouveaux-appareils-mobiles\/","title":{"rendered":"\u00c9tude de march\u00e9 sur les smartphones"},"content":{"rendered":"<h1 class=\"wp-block-heading\">Smartphone&nbsp;Market Research<\/h1>\n\n\n\n<p><\/p>\n\n\n\n<figure class=\"gb-block-image gb-block-image-fd551c05\"><img loading=\"lazy\" decoding=\"async\" width=\"1456\" height=\"816\" class=\"gb-image gb-image-fd551c05\" src=\"https:\/\/www.sisinternational.com\/wp-content\/uploads\/2025\/08\/Smarrtphone-5g-7.jpg\" alt=\"\u00c9tudes de march\u00e9 et strat\u00e9gie internationales SIS\" title=\"Smarrtphone 5g (7)\" srcset=\"https:\/\/www.sisinternational.com\/wp-content\/uploads\/2025\/08\/Smarrtphone-5g-7.jpg 1456w, https:\/\/www.sisinternational.com\/wp-content\/uploads\/2025\/08\/Smarrtphone-5g-7-300x168.jpg 300w, https:\/\/www.sisinternational.com\/wp-content\/uploads\/2025\/08\/Smarrtphone-5g-7-1024x574.jpg 1024w, https:\/\/www.sisinternational.com\/wp-content\/uploads\/2025\/08\/Smarrtphone-5g-7-768x430.jpg 768w, https:\/\/www.sisinternational.com\/wp-content\/uploads\/2025\/08\/Smarrtphone-5g-7-18x10.jpg 18w\" sizes=\"auto, (max-width: 1456px) 100vw, 1456px\"><\/figure>\n\n\n\n<hr class=\"wp-block-separator has-alpha-channel-opacity is-style-dots\"\/>\n\n\n\n<p>Le smartphone, un t\u00e9l\u00e9phone mobile dot\u00e9 d&#039;une meilleure connectivit\u00e9 et de capacit\u00e9s informatiques plus sophistiqu\u00e9es que les t\u00e9l\u00e9phones mobiles ordinaires, est entr\u00e9 sur le march\u00e9 grand public \u00e0 la fin des ann\u00e9es 1990, mais n&#039;a \u00e9t\u00e9 accept\u00e9 par le grand public qu&#039;avec l&#039;introduction du Blackberry par RIM en 2006. Apple Inc. a rejoint le smartphone. march\u00e9 en 2007 avec le premier mod\u00e8le d&#039;iPhone, et Samsung a suivi en juin 2008 avec l&#039;Instinct.<\/p>\n\n\n\n<p>In addition to the smartphone, the modern consumer has access to other devices, the most popular of which is the tablet computer, introduced in 2010. <a href=\"https:\/\/www.sisinternational.com\/fr\/solutions\/etude-de-marche-de-consommation\/\" title=\"Consumer Market Research Services for Smarter Business Decisions\"  data-wpil-monitor-id=\"8326\">Consumers and business<\/a> owners are using mobile devices in new ways every day around the world. This new technology has made it possible for everybody to connect and relate to what is happening at any given moment.<\/p>\n\n\n\n<h2 class=\"wp-block-heading\">L&#039;essor des smartphones et des appareils mobiles<\/h2>\n\n\n\n<p>Aux \u00c9tats-Unis, les gens passent beaucoup plus de temps sur leurs appareils mobiles que sur leurs ordinateurs de bureau. L\u2019un des facteurs \u00e0 l\u2019origine de l\u2019augmentation du temps pass\u00e9 sur les appareils mobiles sont les r\u00e9seaux sociaux exclusivement mobiles, par exemple Snapchat, dont la popularit\u00e9 conna\u00eet une croissance rapide. Les conclusions sont claires\u00a0: si les entreprises n&#039;offrent pas une exp\u00e9rience mobile ad\u00e9quate, ou si elles ne sont pas en mesure d&#039;atteindre le public via l&#039;affichage ou la recherche mobile, elles seront perdantes par rapport aux entreprises qui le font.<\/p>\n\n\n\n<p>Smartphones continue to increase, and their evolving use, along with that of other mobile devices, is resulting in new <a href=\"https:\/\/www.sisinternational.com\/fr\/publications\/comportement-de-lacheteur-apres-le-nouveau-consommateur-du-coronavirus\/\" title=\"Comportement des acheteurs apr\u00e8s le coronavirus \u2013 \u00c9tude de march\u00e9 de consommation\"  data-wpil-monitor-id=\"8327\">consumer expectations and behavior<\/a> when it comes to the purchase of goods and services and the consumption of information. Retailers are adjusting to shopping <a href=\"https:\/\/www.sisinternational.com\/fr\/telephone-intelligent\/\" title=\"\u00c9tude de march\u00e9 sur les smartphones\"  data-wpil-monitor-id=\"2877\">research on tablets and smartphones<\/a> and in-store mobile usage while organizing their websites to make the most of the mobile consumer and commerce experience.<\/p>\n\n\n\n<h2 class=\"wp-block-heading\">Utilisations pratiques des smartphones et des appareils mobiles dans les industries de produits et de services<\/h2>\n\n\n\n<p>Les utilisateurs de smartphones et d&#039;appareils peuvent naviguer sur Internet et rester connect\u00e9s m\u00eame lorsqu&#039;ils sont loin du WiFi. Ils peuvent \u00e9galement maintenir les utilisateurs connect\u00e9s aux r\u00e9seaux sociaux, leur permettant de publier des commentaires et des photos \u00e0 toute heure du jour ou de la nuit, quel que soit leur emplacement. En outre, ils permettent aux utilisateurs d&#039;\u00e9couter de la musique. Ils peuvent lire des fichiers mp3, ce qui en fait des lecteurs de musique portables performants.<\/p>\n\n\n\n<p>Les gens utilisent \u00e9galement leurs smartphones et leurs tablettes lorsqu&#039;ils souhaitent r\u00e9server un voyage, regarder des vid\u00e9os et acc\u00e9der \u00e0 des informations locales (telles que la note de ce nouveau restaurant et son emplacement exact). Ils utilisent \u00e9galement leurs appareils pour effectuer des recherches sur Google et lire des actualit\u00e9s et des potins sur les divertissements. Ils pr\u00e9f\u00e8rent le smartphone pour certaines activit\u00e9s, comme les recherches locales, et la tablette pour d\u2019autres, comme regarder des films.<\/p>\n\n\n\n<h2 class=\"wp-block-heading\">Importance de la conception<\/h2>\n\n\n\n<p>The mobile web has grown astronomically with the increase in mobile devices. The number of people using their tablets and smartphones to search the web has long exceeded the number using their desktops for that same purpose. Businesses should, therefore, optimize their websites for all devices: tablet and smartphones users in search of a <a href=\"https:\/\/www.sisinternational.com\/fr\/solutions\/test-de-gout\/services-de-test-de-produits-a-new-york\/\" title=\"Services de test de produits \u00e0 New York\"  data-wpil-monitor-id=\"8328\">product or service<\/a> (as in our earlier restaurant example) choose in only a few seconds whether or not to patronize an organization based on if their mobile website is easy to use \u2013 or not.<\/p>\n\n\n\n<p>The swift growth in usage and importance of mobile devices is not just an American phenomenon. Mobile device usage has grown drastically worldwide. People spend most of their time using different apps on their mobile devices. Increased app use has led to some concerns, for example, entry barriers for new, regional products, as well as less need for text messaging, dulling the <a href=\"https:\/\/www.sisinternational.com\/fr\/how-to-conduct-effective-quantitative-market-research\/\" title=\"How to Conduct Effective Quantitative Market Research\"  data-wpil-monitor-id=\"8329\">effect of SMS marketing<\/a>.<\/p>\n\n\n\n<h2 class=\"wp-block-heading\">How Market Research Can Be Useful<\/h2>\n\n\n\n<p>Les appareils mobiles donnent aux gens la libert\u00e9 de se d\u00e9placer partout, ouvrant ainsi de nouvelles possibilit\u00e9s passionnantes pour les entreprises. Les \u00e9tudes de march\u00e9 mobiles sont encore une tendance \u00e9mergente que les entreprises devraient adopter pour plusieurs raisons, notamment le fait qu&#039;elles sont pratiques et simples, et qu&#039;elles \u00e9liminent les interm\u00e9diaires. C\u2019est \u00e9galement le meilleur (et parfois le seul) moyen d\u2019atteindre les participants.<\/p>\n\n\n\n<p><\/p>","protected":false},"excerpt":{"rendered":"<p>Smartphone Market Research fournit des donn\u00e9es, des outils, des strat\u00e9gies, des rapports et des informations pour la prise de d\u00e9cision strat\u00e9gique.<\/p>","protected":false},"author":1,"featured_media":63115,"parent":14514,"menu_order":142,"comment_status":"closed","ping_status":"closed","template":"","meta":{"footnotes":""},"class_list":["post-40761","page","type-page","status-publish","has-post-thumbnail"],"_links":{"self":[{"href":"https:\/\/www.sisinternational.com\/fr\/wp-json\/wp\/v2\/pages\/40761","targetHints":{"allow":["GET"]}}],"collection":[{"href":"https:\/\/www.sisinternational.com\/fr\/wp-json\/wp\/v2\/pages"}],"about":[{"href":"https:\/\/www.sisinternational.com\/fr\/wp-json\/wp\/v2\/types\/page"}],"author":[{"embeddable":true,"href":"https:\/\/www.sisinternational.com\/fr\/wp-json\/wp\/v2\/users\/1"}],"replies":[{"embeddable":true,"href":"https:\/\/www.sisinternational.com\/fr\/wp-json\/wp\/v2\/comments?post=40761"}],"version-history":[{"count":6,"href":"https:\/\/www.sisinternational.com\/fr\/wp-json\/wp\/v2\/pages\/40761\/revisions"}],"predecessor-version":[{"id":81396,"href":"https:\/\/www.sisinternational.com\/fr\/wp-json\/wp\/v2\/pages\/40761\/revisions\/81396"}],"up":[{"embeddable":true,"href":"https:\/\/www.sisinternational.com\/fr\/wp-json\/wp\/v2\/pages\/14514"}],"wp:featuredmedia":[{"embeddable":true,"href":"https:\/\/www.sisinternational.com\/fr\/wp-json\/wp\/v2\/media\/63115"}],"wp:attachment":[{"href":"https:\/\/www.sisinternational.com\/fr\/wp-json\/wp\/v2\/media?parent=40761"}],"curies":[{"name":"wp","href":"https:\/\/api.w.org\/{rel}","templated":true}]}}