{"id":40736,"date":"2022-06-27T04:10:00","date_gmt":"2022-06-27T04:10:00","guid":{"rendered":"https:\/\/www.sisinternational.com\/?page_id=40736"},"modified":"2025-11-16T11:59:37","modified_gmt":"2025-11-16T16:59:37","slug":"k-beauty-tendances-coreennes-en-matiere-de-soins-de-la-peau-opportunites","status":"publish","type":"page","link":"https:\/\/www.sisinternational.com\/fr\/competence\/k-beauty-tendances-coreennes-en-matiere-de-soins-de-la-peau-opportunites\/","title":{"rendered":"K Beauty \u2013 Tendances et opportunit\u00e9s en mati\u00e8re de soins de la peau cor\u00e9ens"},"content":{"rendered":"<h1 class=\"wp-block-heading\">K Beauty \u2013 Tendances et opportunit\u00e9s en mati\u00e8re de soins de la peau cor\u00e9ens<\/h1>\n\n\n\n<figure class=\"gb-block-image gb-block-image-debb3f2d\"><img loading=\"lazy\" decoding=\"async\" width=\"1456\" height=\"816\" class=\"gb-image gb-image-debb3f2d\" src=\"https:\/\/www.sisinternational.com\/wp-content\/uploads\/2025\/08\/K-beauty-korean-3.jpg\" srcset=\"https:\/\/www.sisinternational.com\/wp-content\/uploads\/2025\/08\/K-beauty-korean-3.jpg 1456w, https:\/\/www.sisinternational.com\/wp-content\/uploads\/2025\/08\/K-beauty-korean-3-300x168.jpg 300w, https:\/\/www.sisinternational.com\/wp-content\/uploads\/2025\/08\/K-beauty-korean-3-1024x574.jpg 1024w, https:\/\/www.sisinternational.com\/wp-content\/uploads\/2025\/08\/K-beauty-korean-3-768x430.jpg 768w, https:\/\/www.sisinternational.com\/wp-content\/uploads\/2025\/08\/K-beauty-korean-3-18x10.jpg 18w\" sizes=\"auto, (max-width: 1456px) 100vw, 1456px\" alt=\"\u00c9tudes de march\u00e9 et strat\u00e9gie internationales SIS\"><\/figure>\n\n\n\n<p><\/p>\n\n\n\n<hr class=\"wp-block-separator has-alpha-channel-opacity is-style-dots\"\/>\n\n\n\n<p><\/p>\n\n\n\n<div class=\"wp-block-columns has-global-color-9-color has-text-color has-background has-link-color wp-elements-32302bd57431cb1e458a23ab4f14b035 is-layout-flex wp-container-core-columns-is-layout-9d6595d7 wp-block-columns-is-layout-flex\" style=\"background-color:#f7f9fa6e\">\n<div class=\"wp-block-column is-layout-flow wp-block-column-is-layout-flow\" style=\"flex-basis:18%\"><\/div>\n\n\n\n<div class=\"wp-block-column is-vertically-aligned-center is-layout-flow wp-block-column-is-layout-flow\" style=\"flex-basis:71.28%\">\n<div class=\"wp-block-rank-math-toc-block aligncenter has-global-color-9-color has-text-color has-link-color wp-elements-0ae369c09427529b2ef6243c99112c0e\" style=\"font-size:16px\" id=\"rank-math-toc\"><h2><br><strong>T<\/strong>able of Contents<\/h2><nav><ul><li class=\"\"><a href=\"#makeup-trend\">Makeup Trend<\/a><\/li><li class=\"\"><a href=\"#best-korean-skincare-brands\">Meilleures marques cor\u00e9ennes de soins de la peau<\/a><\/li><li class=\"\"><a href=\"#tony-moly\">Tony Moly<\/a><\/li><li class=\"\"><a href=\"#k-beauty-routine\">Routine K-Beaut\u00e9<\/a><\/li><li class=\"\"><a href=\"#k-beauty-reviews\">Avis sur K-Beauty<\/a><\/li><li class=\"\"><a href=\"#the-future-of-skincare\">L&#039;avenir des soins de la peau<\/a><\/li><\/ul><\/nav><\/div>\n<\/div>\n<\/div>\n\n\n\n<p><\/p>\n\n\n\n<h2 class=\"wp-block-heading\" id=\"makeup-trend\">Makeup Trend<\/h2>\n\n\n\n<p>Les produits de soins et de beaut\u00e9 cor\u00e9ens sont la nouvelle tendance qui devient un ph\u00e9nom\u00e8ne. Les femmes du monde entier tentent d\u2019obtenir l\u2019\u00e9clat lumineux associ\u00e9 \u00e0 la \u00ab K-beauty \u00bb. L\u2019une des tendances, pr\u00e9sente depuis 2016, se concentre sur le look \u00ab glass skin \u00bb, synonyme d\u2019\u00e9clat de bonne sant\u00e9. L\u2019id\u00e9e est d\u2019avoir une peau hydrat\u00e9e, sans pigments, et de ne pas trop se maquiller.<\/p>\n\n\n\n<p>La tendance maquillage K beauty de 2018 n\u2019est peut-\u00eatre pas du tout une tendance. La tendance \u00ab Cloudless skin \u00bb fait r\u00e9f\u00e9rence \u00e0 un teint clair et impeccable. Cela concerne \u00e9galement un rayonnement int\u00e9rieur sain. Alors, comment atteindre l\u2019id\u00e9al d\u2019une peau sans nuages ? Les passionn\u00e9s de beaut\u00e9 K obtiennent une peau sans nuages gr\u00e2ce \u00e0 des habitudes de vie saines. Ils utilisent \u00e9galement des produits de beaut\u00e9 K haut de gamme.<\/p>\n\n\n\n<h2 class=\"wp-block-heading\" id=\"best-korean-skincare-brands\">Meilleures marques cor\u00e9ennes de soins de la peau<\/h2>\n\n\n\n<h3 class=\"wp-block-heading\">Voici une liste de certaines des meilleures marques de K-beauty sur le march\u00e9\u00a0:<\/h3>\n\n\n\n<ul class=\"wp-block-list\">\n<li>Essence d&#039;origine apaisante Atoclassic Real Tonic\u00a0: Le ginseng, le chrysanth\u00e8me et la r\u00e9glisse sont les trois herbes traditionnelles qui composent cette essence puissante et apaisante pour la peau.<\/li>\n\n\n\n<li>Pierre classique de peau d&#039;avril. Cette \u00ab pierre magique \u00bb est appr\u00e9ci\u00e9e en Cor\u00e9e. Il contient du charbon de bois qui \u00e9limine l\u2019huile, la salet\u00e9 et autres impuret\u00e9s des pores. Il contient \u00e9galement de l&#039;acide hyaluronique, qui hydrate tout en d\u00e9toxifiant la peau.<\/li>\n\n\n\n<li>Klairs\u00a0: Cette marque enti\u00e8rement naturelle ne contient ni alcool, ni colorants, ni parfums artificiels, ni parab\u00e8nes. Les utilisateurs peuvent att\u00e9nuer les taches brunes et les cicatrices d\u2019acn\u00e9 avec leur s\u00e9rum quotidien Freshly Juiced Vitamin Drop, qui fournit \u00e9galement des nutriments et de l\u2019humidit\u00e9.<\/li>\n\n\n\n<li>Son &amp; Park : une peau \u00e9clatante et ros\u00e9e, voil\u00e0 ce qu&#039;est cette marque nationale. La cr\u00e8me filtrante beaut\u00e9 culte en Glow et le crayon \u00e0 l\u00e8vres sont fortement recommand\u00e9s.<\/li>\n<\/ul>\n\n\n\n<h2 class=\"wp-block-heading\" id=\"tony-moly\">Tony Moly<\/h2>\n\n\n\n<figure class=\"gb-block-image gb-block-image-6c5a1403\"><img loading=\"lazy\" decoding=\"async\" width=\"1456\" height=\"816\" class=\"gb-image gb-image-6c5a1403\" src=\"https:\/\/www.sisinternational.com\/wp-content\/uploads\/2025\/08\/Skincare-6-2.jpg\" alt=\"\u00c9tudes de march\u00e9 et strat\u00e9gie internationales SIS\" title=\"Skincare 6 (2)\" srcset=\"https:\/\/www.sisinternational.com\/wp-content\/uploads\/2025\/08\/Skincare-6-2.jpg 1456w, https:\/\/www.sisinternational.com\/wp-content\/uploads\/2025\/08\/Skincare-6-2-300x168.jpg 300w, https:\/\/www.sisinternational.com\/wp-content\/uploads\/2025\/08\/Skincare-6-2-1024x574.jpg 1024w, https:\/\/www.sisinternational.com\/wp-content\/uploads\/2025\/08\/Skincare-6-2-768x430.jpg 768w, https:\/\/www.sisinternational.com\/wp-content\/uploads\/2025\/08\/Skincare-6-2-18x10.jpg 18w\" sizes=\"auto, (max-width: 1456px) 100vw, 1456px\"><\/figure>\n\n\n\n<p><\/p>\n\n\n\n<p>Tony Moly est l&#039;une des marques de K-beauty les plus populaires du march\u00e9. La soci\u00e9t\u00e9 a \u00e9t\u00e9 cr\u00e9\u00e9e en 2006. Elle a ouvert des magasins \u00e0 Taiwan, au Japon, en Chine, \u00e0 Hong Kong, au Myanmar et au Vietnam en 2009. Kim Huonh Cheon est devenu le nouveau PDG en 2010 et, cette ann\u00e9e-l\u00e0, Tony Moly a ouvert son 200e magasin. Tony Moly compte d\u00e9sormais plus de 950 magasins dans 50 pays. Les emplacements incluent les Philippines, la Russie, l&#039;Indon\u00e9sie et New York.<\/p>\n\n\n\n<p>L\u2019industrie des soins de la peau attribue \u00e0 Tony Moly le lancement de la tendance beaut\u00e9 K. La marque est d\u00e9sormais devenue un leader mondial de la beaut\u00e9 cor\u00e9enne. Les clients am\u00e9ricains peuvent acheter les produits Tony Moly en ligne : la marque exp\u00e9die dans les 50 \u00c9tats. Tous leurs produits sont fabriqu\u00e9s en Cor\u00e9e et conviennent \u00e0 tous les types de peau.<\/p>\n\n\n\n<h2 class=\"wp-block-heading\" id=\"k-beauty-routine\">Routine K-Beaut\u00e9<\/h2>\n\n\n\n<figure class=\"gb-block-image gb-block-image-40bff92b\"><img loading=\"lazy\" decoding=\"async\" width=\"1456\" height=\"816\" class=\"gb-image gb-image-40bff92b\" src=\"https:\/\/www.sisinternational.com\/wp-content\/uploads\/2025\/08\/K-beauty-korean-4.jpg\" alt=\"\u00c9tudes de march\u00e9 et strat\u00e9gie internationales SIS\" title=\"K beauty korean (4)\" srcset=\"https:\/\/www.sisinternational.com\/wp-content\/uploads\/2025\/08\/K-beauty-korean-4.jpg 1456w, https:\/\/www.sisinternational.com\/wp-content\/uploads\/2025\/08\/K-beauty-korean-4-300x168.jpg 300w, https:\/\/www.sisinternational.com\/wp-content\/uploads\/2025\/08\/K-beauty-korean-4-1024x574.jpg 1024w, https:\/\/www.sisinternational.com\/wp-content\/uploads\/2025\/08\/K-beauty-korean-4-768x430.jpg 768w, https:\/\/www.sisinternational.com\/wp-content\/uploads\/2025\/08\/K-beauty-korean-4-18x10.jpg 18w\" sizes=\"auto, (max-width: 1456px) 100vw, 1456px\"><\/figure>\n\n\n\n<p><\/p>\n\n\n\n<p>La routine K-Beauty en 10 \u00e9tapes est l\u2019une des plus suivies au monde. Il s\u2019agit plut\u00f4t d\u2019un changement de mode de vie qui s\u2019est transform\u00e9 en un ph\u00e9nom\u00e8ne mondial. La routine commence par un double nettoyage de la peau. Les utilisateurs commencent avec un nettoyant \u00e0 base d\u2019huile et poursuivent avec une solution \u00e0 base d\u2019eau. Vient ensuite l\u2019exfoliation, suivie d\u2019une tonification.<\/p>\n\n\n\n<p>Le c\u0153ur de la routine K-beauty est l\u2019\u00e9tape 5 : l\u2019essence. L&#039;essence est un type d&#039;hybride toner\/s\u00e9rum con\u00e7u pour faciliter le renouvellement cellulaire et la r\u00e9paration de la peau, ainsi que pour hydrater. Apr\u00e8s l&#039;essence viennent les soins, suivis des masques en tissu. Vient ensuite la cr\u00e8me pour les yeux, suivie d\u2019une cr\u00e8me hydratante. La derni\u00e8re \u00e9tape est la protection solaire.<\/p>\n\n\n\n<p>L\u2019industrie cosm\u00e9tique traditionnelle adopte la K-Beauty. Les experts y voient plus qu\u2019une mode. Les ventes de cosm\u00e9tiques en Cor\u00e9e ont augment\u00e9 de plus de 50 % par rapport aux chiffres de 2014. Des soci\u00e9t\u00e9s am\u00e9ricaines comme Bain Capital Equity et Goldman Sachs obtiennent leur part du g\u00e2teau. Les deux soci\u00e9t\u00e9s ont annonc\u00e9 qu&#039;elles allaient acqu\u00e9rir une participation majoritaire dans une grande entreprise cor\u00e9enne de cosm\u00e9tiques. Amway a \u00e9galement construit son Beauty Innovation Center \u00e0 S\u00e9oul.<\/p>\n\n\n\n<h2 class=\"wp-block-heading\" id=\"k-beauty-reviews\">Avis sur K-Beauty<\/h2>\n\n\n\n<p>Les blogueurs et les passionn\u00e9s de soins de la peau donnent des critiques \u00e9logieuses \u00e0 K-Beauty. Plusieurs blogueurs ont essay\u00e9 la routine en 10 \u00e9tapes et ont publi\u00e9 des photos avant et apr\u00e8s. Certains de ces blogueurs sont des influenceurs. Leurs publications g\u00e9n\u00e8rent de nouveaux passionn\u00e9s. Les blogueurs s&#039;extasient \u00e9galement sur les produits cor\u00e9ens. Il est facile de trouver des listes des 10 meilleurs produits K-Beauty en ligne.<\/p>\n\n\n\n<p><\/p>\n\n\n\n<!DOCTYPE html>\n<html lang=\"en\">\n<head>\n    <meta charset=\"UTF-8\">\n    <meta name=\"viewport\" content=\"width=device-width, initial-scale=1.0\">\n    <title>AI Blog Banner<\/title>\n    <style>\n        * {\n            margin: 0;\n            padding: 0;\n            box-sizing: border-box;\n        }\n\n        .banner {\n            position: relative;\n            width: 100%;\n            height: 350px;\n            overflow: hidden;\n            display: flex;\n            align-items: center;\n            justify-content: center;\n            font-family: 'Arial', sans-serif;\n            border-radius: 25px;\n        }\n\n        .animated-background {\n            position: absolute;\n            top: 0;\n            left: 0;\n            width: 100%;\n            height: 100%;\n            background: linear-gradient(45deg, #003f6b, #2d5a7b, #003f6b, #2d5a7b);\n            background-size: 400% 400%;\n            animation: gradientMove 8s ease-in-out infinite;\n        }\n\n        .ai-pattern {\n            position: absolute;\n            top: 0;\n            left: 0;\n            width: 100%;\n            height: 100%;\n            opacity: 0.1;\n            background-image: \n                radial-gradient(circle at 20% 20%, rgba(255,255,255,0.3) 2px, transparent 2px),\n                radial-gradient(circle at 80% 80%, rgba(255,255,255,0.2) 1px, transparent 1px),\n                radial-gradient(circle at 40% 60%, rgba(255,255,255,0.15) 1.5px, transparent 1.5px),\n                radial-gradient(circle at 60% 20%, rgba(255,255,255,0.25) 1px, transparent 1px),\n                radial-gradient(circle at 80% 40%, rgba(255,255,255,0.2) 2px, transparent 2px);\n            background-size: 100px 100px, 150px 150px, 80px 80px, 120px 120px, 90px 90px;\n            animation: patternFloat 12s linear infinite;\n        }\n\n        .neural-network {\n            position: absolute;\n            top: 0;\n            left: 0;\n            width: 100%;\n            height: 100%;\n            opacity: 0.08;\n        }\n\n        .neural-line {\n            position: absolute;\n            height: 1px;\n            background: linear-gradient(90deg, transparent, rgba(255,255,255,0.5), transparent);\n            animation: neuralPulse 6s ease-in-out infinite;\n        }\n\n        .neural-line:nth-child(1) {\n            top: 30%;\n            left: 0;\n            width: 60%;\n            animation-delay: 0s;\n        }\n\n        .neural-line:nth-child(2) {\n            top: 50%;\n            right: 0;\n            width: 70%;\n            animation-delay: 2s;\n        }\n\n        .neural-line:nth-child(3) {\n            top: 70%;\n            left: 20%;\n            width: 50%;\n            animation-delay: 4s;\n        }\n\n        .content {\n            position: relative;\n            z-index: 10;\n            text-align: center;\n            color: white !important;\n            max-width: 800px;\n            padding: 30px;\n        }\n\n        .content * {\n            color: white !important;\n        }\n\n        .cta-text {\n            font-size: 1.9rem;\n            font-weight: 700;\n            margin-bottom: 15px;\n            color: white !important;\n            background: linear-gradient(90deg, rgba(255,255,255,0.6), rgba(255,255,255,1), rgba(230,230,230,1), rgba(255,255,255,1), rgba(240,240,240,0.8), rgba(255,255,255,0.6));\n            background-size: 200% 100%;\n            -webkit-background-clip: text;\n            -webkit-text-fill-color: transparent;\n            background-clip: text;\n            animation: shineEffect 10s ease-in-out infinite;\n            line-height: 1.3;\n        }\n\n        .cta-subheading {\n            font-size: 1rem;\n            font-weight: 400;\n            margin-bottom: 25px;\n            color: white !important;\n            line-height: 1.6;\n            opacity: 0.95;\n        }\n\n        .cta-button {\n            background: linear-gradient(135deg, #8a6b0f, #bd9013, #d4a519);\n            border: 2px solid #8a6b0f;\n            color: white !important;\n            padding: 18px 40px;\n            font-size: 1.2rem;\n            font-weight: 600;\n            border-radius: 50px;\n            cursor: pointer;\n            transition: all 0.3s ease;\n            text-decoration: none;\n            display: inline-block;\n            position: relative;\n            overflow: hidden;\n        }\n\n        .cta-button::before {\n            content: '';\n            position: absolute;\n            top: 0;\n            left: -100%;\n            width: 100%;\n            height: 100%;\n            background: linear-gradient(90deg, \n                transparent 0%, \n                rgba(255, 255, 255, 0.3) 25%,\n                rgba(255, 255, 255, 0.6) 50%,\n                rgba(255, 255, 255, 0.3) 75%,\n                transparent 100%);\n            animation: shine 3s ease-in-out infinite;\n        }\n\n        .cta-button:hover {\n            transform: translateY(-3px);\n            box-shadow: 0 10px 25px rgba(0,0,0,0.2);\n            border-color: #bd9013;\n            background: linear-gradient(135deg, #bd9013, #d4a519, #e6b61f);\n        }\n\n        .floating-elements {\n            position: absolute;\n            top: 0;\n            left: 0;\n            width: 100%;\n            height: 100%;\n            pointer-events: none;\n        }\n\n        .floating-circle {\n            position: absolute;\n            border-radius: 50%;\n            background: rgba(255,255,255,0.1);\n            animation: float 8s ease-in-out infinite;\n        }\n\n        .floating-circle:nth-child(1) {\n            width: 80px;\n            height: 80px;\n            top: 20%;\n            left: 10%;\n            animation-delay: 0s;\n        }\n\n        .floating-circle:nth-child(2) {\n            width: 60px;\n            height: 60px;\n            top: 60%;\n            right: 15%;\n            animation-delay: 3s;\n        }\n\n        .floating-circle:nth-child(3) {\n            width: 40px;\n            height: 40px;\n            top: 80%;\n            left: 80%;\n            animation-delay: 6s;\n        }\n\n        .floating-circle:nth-child(4) {\n            width: 70px;\n            height: 70px;\n            top: 10%;\n            right: 20%;\n            animation-delay: 1.5s;\n        }\n\n        .floating-circle:nth-child(5) {\n            width: 50px;\n            height: 50px;\n            top: 75%;\n            left: 30%;\n            animation-delay: 4.5s;\n        }\n\n        @keyframes gradientMove {\n            0% { background-position: 0% 50%; }\n            25% { background-position: 100% 50%; }\n            50% { background-position: 100% 100%; }\n            75% { background-position: 0% 100%; }\n            100% { background-position: 0% 50%; }\n        }\n\n        @keyframes patternFloat {\n            0% { transform: translateX(0) translateY(0); }\n            33% { transform: translateX(30px) translateY(-20px); }\n            66% { transform: translateX(-20px) translateY(10px); }\n            100% { transform: translateX(0) translateY(0); }\n        }\n\n        @keyframes neuralPulse {\n            0%, 100% { opacity: 0.08; }\n            50% { opacity: 0.2; }\n        }\n\n        @keyframes shineEffect {\n            0% { background-position: 200% 0; }\n            100% { background-position: -200% 0; }\n        }\n\n        @keyframes shine {\n            0% {\n                left: -100%;\n            }\n            20%, 100% {\n                left: 100%;\n            }\n        }\n\n        @keyframes float {\n            0%, 100% { transform: translateY(0px) rotate(0deg); }\n            33% { transform: translateY(-30px) rotate(120deg); }\n            66% { transform: translateY(15px) rotate(240deg); }\n        }\n\n        @media (max-width: 768px) {\n            .banner {\n                height: 320px;\n                padding: 30px 0;\n            }\n            \n            .content {\n                padding: 40px 20px;\n            }\n            \n            .cta-text {\n                font-size: 1.3rem;\n                margin-bottom: 12px;\n            }\n            \n            .cta-subheading {\n                font-size: 0.85rem;\n                margin-bottom: 20px;\n            }\n            \n            .cta-button {\n                padding: 14px 28px;\n                font-size: 0.95rem;\n            }\n        }\n    <\/style>\n<\/head>\n<body>\n    <div class=\"banner\">\n        <div class=\"animated-background\"><\/div>\n        \n        <div class=\"ai-pattern\"><\/div>\n        \n        <div class=\"neural-network\">\n            <div class=\"neural-line\"><\/div>\n            <div class=\"neural-line\"><\/div>\n            <div class=\"neural-line\"><\/div>\n        <\/div>\n        \n        <div class=\"floating-elements\">\n            <div class=\"floating-circle\"><\/div>\n            <div class=\"floating-circle\"><\/div>\n            <div class=\"floating-circle\"><\/div>\n            <div class=\"floating-circle\"><\/div>\n            <div class=\"floating-circle\"><\/div>\n        <\/div>\n        \n        <div class=\"content\">\n            <div class=\"cta-text\">Ready to explore the insights that drive smarter decisions?<\/div>\n            <div class=\"cta-subheading\">Contact our Research experts today.<\/div>\n            <a href=\"mailto:Research@sisinternational.com\" class=\"cta-button\">Contact us now!<\/a>\n        <\/div>\n    <\/div>\n<\/body>\n<\/html>\n\n\n\n<p><\/p>\n\n\n\n<h2 class=\"wp-block-heading\" id=\"the-future-of-skincare\">L&#039;avenir des soins de la peau<\/h2>\n\n\n\n<p><a name=\"_GoBack\"><\/a>Skincare remains the largest and most profitable sector of the beauty industry. South Korea maintains a lofty presence in the field of skin care development. Korea is the future. Western brands are adapting products for the Korean market. Korea also has the infrastructure to manufacture beauty products. The developers of these products have influencer and Internet marketing in mind. It\u2019s thus no wonder that K-Beauty is having such an impact on the international market.<\/p>\n\n\n<h2>Notre emplacement \u00e0 New York<\/h2>\n<p><!-- \/wp:post-content --> <!-- wp:html --> <iframe loading=\"lazy\" src=\"https:\/\/www.google.com\/maps\/embed?pb=!1m18!1m12!1m3!1d3022.976188376966!2d-73.99130312499956!3d40.740549471389315!2m3!1f0!2f0!3f0!3m2!1i1024!2i768!4f13.1!3m3!1m2!1s0x89c259a15798c731%3A0xd695d09bdd495f25!2s11%20E%2022nd%20St%20FL%202%2C%20New%20York%2C%20NY%2010010%2C%20USA!5e0!3m2!1sen!2spe!4v1726171763526!5m2!1sen!2spe\" width=\"600\" height=\"450\" allowfullscreen=\"allowfullscreen\" data-mce-fragment=\"1\"><\/iframe> <!-- \/wp:html --> <!-- wp:paragraph --><\/p>\n<h3 class=\"wp-block-heading\">11 E 22nd Street, \u00e9tage 2, New York, NY 10010 T\u00e9l. : +1(212) 505-6805<\/h3>\n<hr \/>\n<h2><span style=\"font-weight: 400;\">\u00c0 propos de SIS International<\/span><\/h2>\n<p><a href=\"https:\/\/www.sisinternational.com\/fr\/\"><span style=\"font-weight: 400;\">SIS International<\/span><\/a><span style=\"font-weight: 400;\"> propose des recherches quantitatives, qualitatives et strat\u00e9giques. Nous fournissons des donn\u00e9es, des outils, des strat\u00e9gies, des rapports et des informations pour la prise de d\u00e9cision. Nous menons \u00e9galement des entretiens, des enqu\u00eates, des groupes de discussion et d\u2019autres m\u00e9thodes et approches d\u2019\u00e9tudes de march\u00e9.<\/span><a href=\"https:\/\/www.sisinternational.com\/fr\/a-propos-de-la-recherche-internationale-sis\/contact-sis-international-market-research\/\"><span style=\"font-weight: 400;\"> Contactez nous<\/span><\/a><span style=\"font-weight: 400;\"> pour votre prochain projet d&#039;\u00e9tude de march\u00e9.<\/span><\/p>\n<p><!-- wp:paragraph --><\/p>\n<p><!-- \/wp:paragraph --><\/p>\n\n<!-- wp:paragraph -->\n<p><\/p>\n<!-- \/wp:paragraph -->","protected":false},"excerpt":{"rendered":"<p>La K-beauty est le dernier ph\u00e9nom\u00e8ne en mati\u00e8re de soins de la peau et incite les femmes du monde entier \u00e0 rechercher un \u00e9clat lumineux \u00ab peau de verre \u00bb.<\/p>","protected":false},"author":1,"featured_media":64727,"parent":14514,"menu_order":140,"comment_status":"closed","ping_status":"closed","template":"","meta":{"footnotes":""},"class_list":["post-40736","page","type-page","status-publish","has-post-thumbnail"],"_links":{"self":[{"href":"https:\/\/www.sisinternational.com\/fr\/wp-json\/wp\/v2\/pages\/40736","targetHints":{"allow":["GET"]}}],"collection":[{"href":"https:\/\/www.sisinternational.com\/fr\/wp-json\/wp\/v2\/pages"}],"about":[{"href":"https:\/\/www.sisinternational.com\/fr\/wp-json\/wp\/v2\/types\/page"}],"author":[{"embeddable":true,"href":"https:\/\/www.sisinternational.com\/fr\/wp-json\/wp\/v2\/users\/1"}],"replies":[{"embeddable":true,"href":"https:\/\/www.sisinternational.com\/fr\/wp-json\/wp\/v2\/comments?post=40736"}],"version-history":[{"count":8,"href":"https:\/\/www.sisinternational.com\/fr\/wp-json\/wp\/v2\/pages\/40736\/revisions"}],"predecessor-version":[{"id":73460,"href":"https:\/\/www.sisinternational.com\/fr\/wp-json\/wp\/v2\/pages\/40736\/revisions\/73460"}],"up":[{"embeddable":true,"href":"https:\/\/www.sisinternational.com\/fr\/wp-json\/wp\/v2\/pages\/14514"}],"wp:featuredmedia":[{"embeddable":true,"href":"https:\/\/www.sisinternational.com\/fr\/wp-json\/wp\/v2\/media\/64727"}],"wp:attachment":[{"href":"https:\/\/www.sisinternational.com\/fr\/wp-json\/wp\/v2\/media?parent=40736"}],"curies":[{"name":"wp","href":"https:\/\/api.w.org\/{rel}","templated":true}]}}