{"id":40729,"date":"2022-06-27T03:51:19","date_gmt":"2022-06-27T03:51:19","guid":{"rendered":"https:\/\/www.sisinternational.com\/?page_id=40729"},"modified":"2026-03-12T11:37:12","modified_gmt":"2026-03-12T15:37:12","slug":"groupes-de-discussion-industriels","status":"publish","type":"page","link":"https:\/\/www.sisinternational.com\/fr\/competence\/etude-de-marche-industriel\/groupes-de-discussion-industriels\/","title":{"rendered":"Groupes de discussion industriels"},"content":{"rendered":"<h1 class=\"wp-block-heading\">Groupes de discussion industriels<\/h1>\n\n\n\n<figure class=\"gb-block-image gb-block-image-f1283845\"><img loading=\"lazy\" decoding=\"async\" width=\"1456\" height=\"816\" class=\"gb-image gb-image-f1283845\" src=\"https:\/\/www.sisinternational.com\/wp-content\/uploads\/2025\/08\/Industrial-3.jpg\" alt=\"\u00c9tudes de march\u00e9 et strat\u00e9gie internationales SIS\" title=\"Industrial (3)\" srcset=\"https:\/\/www.sisinternational.com\/wp-content\/uploads\/2025\/08\/Industrial-3.jpg 1456w, https:\/\/www.sisinternational.com\/wp-content\/uploads\/2025\/08\/Industrial-3-300x168.jpg 300w, https:\/\/www.sisinternational.com\/wp-content\/uploads\/2025\/08\/Industrial-3-1024x574.jpg 1024w, https:\/\/www.sisinternational.com\/wp-content\/uploads\/2025\/08\/Industrial-3-768x430.jpg 768w, https:\/\/www.sisinternational.com\/wp-content\/uploads\/2025\/08\/Industrial-3-18x10.jpg 18w\" sizes=\"auto, (max-width: 1456px) 100vw, 1456px\"><\/figure>\n\n\n\n<hr class=\"wp-block-separator has-alpha-channel-opacity is-style-dots\"\/>\n\n\n\n<h2 class=\"wp-block-heading\">Que sont les groupes de discussion industriels\u00a0?<\/h2>\n\n\n\n<p>An industrial focus group is a marketing research device. It uses a small gathering of people to discuss relevant designated topics in a casual setting. The typical focus group consists of eight to ten individuals. The manufacturers of consumer products are the main users of <a href=\"https:\/\/www.sisinternational.com\/fr\/solutions\/test-de-gout\/new-product-focus-group-in-new-york\/\" title=\"Groupe de r\u00e9flexion sur les nouveaux produits \u00e0 New York\"  data-wpil-monitor-id=\"8323\">groupes de discussion<\/a>. They use this method to collect qualitative data from target groups of customers.<\/p>\n\n\n\n<h2 class=\"wp-block-heading\">Pourquoi le secteur industriel est-il important ?<\/h2>\n\n\n\n<p>\u00ab\u00a0Industrie\u00a0\u00bb fait r\u00e9f\u00e9rence \u00e0 la fabrication de biens. Le secteur industriel est vital pour le d\u00e9veloppement \u00e9conomique d&#039;un pays. Le d\u00e9veloppement industriel joue un r\u00f4le crucial dans le redressement \u00e9conomique. Cela r\u00e9duit la d\u00e9pendance \u00e0 l\u2019\u00e9gard des exportations agricoles pour se procurer des devises \u00e9trang\u00e8res indispensables. Le secteur industriel emploie une grande partie de la population.<\/p>\n\n\n\n<h2 class=\"wp-block-heading\">Secteurs industriels en croissance<\/h2>\n\n\n\n<h3 class=\"wp-block-heading\">Les secteurs qui connaissent la croissance la plus rapide sont\u00a0:<\/h3>\n\n\n\n<ul class=\"wp-block-list\">\n<li><strong>\u00c9nergie renouvelable.<\/strong> People are using green <a href=\"https:\/\/www.sisinternational.com\/fr\/autant-en-emporte-le-vent-la-crise-financiere-et-lenergie-eolienne\/\" title=\"Emport\u00e9 par le vent? La crise financi\u00e8re et l\u2019\u00e9nergie \u00e9olienne\"  data-wpil-monitor-id=\"7499\">energy options such as wind<\/a> and solar power. These have proven to be practical options for many businesses and countries. The price of these <a href=\"https:\/\/www.sisinternational.com\/fr\/competence\/les-industries\/etude-de-marche-sur-les-energies-renouvelables\/\" title=\"\u00c9tude de march\u00e9 sur les \u00e9nergies renouvelables\"  data-wpil-monitor-id=\"8324\">renewable forms of energy<\/a> has fallen in recent years. Households are taking advantage of their affordability.<\/li>\n\n\n\n<li><strong>La cyber-s\u00e9curit\u00e9.<\/strong> Cette industrie est plus critique que jamais. Il prot\u00e8ge les donn\u00e9es financi\u00e8res et autres des personnes contre les cyber-voleurs.<\/li>\n\n\n\n<li><strong>Biotechnologie.<\/strong> Alors que la population mondiale continue d\u2019augmenter, la biotechnologie est essentielle. Les techniciens agricoles peuvent l\u2019utiliser pour g\u00e9n\u00e9rer des rendements agricoles plus \u00e9lev\u00e9s. Les scientifiques m\u00e9dicaux utilisent \u00e9galement la biotechnologie pour manipuler les g\u00e8nes. La biotechnologie peut gu\u00e9rir les maladies, ce qui am\u00e9liore la qualit\u00e9 de vie de nombreuses personnes.<\/li>\n<\/ul>\n\n\n\n<h2 class=\"wp-block-heading\">Les groupes de discussion comme m\u00e9thode de recherche qualitative<\/h2>\n\n\n\n<p>The main benefit of <a href=\"https:\/\/www.sisinternational.com\/fr\/solutions\/groupes-de-discussion\/focus-group-on-personal-care-products\/\" title=\"Focus Group on Personal Care Products\"  data-wpil-monitor-id=\"8322\">groupes de discussion<\/a> is the opportunity to witness a lot of interaction and discussion about a company\u2019s product. This interaction takes place in a limited period, and it helps the manufacturer to understand consumers and their needs. <a href=\"https:\/\/www.sisinternational.com\/fr\/solutions\/etude-de-marche-en-groupe-de-discussion\/\" title=\"\u00c9tude de march\u00e9 par groupe de discussion\"  data-wpil-monitor-id=\"8320\">Focus groups rely on the researcher\u2019s<\/a> ability to assemble and direct the sessions. This control is also a drawback. It means that focus groups are in some sense unnatural social settings.<\/p>\n\n\n\n<p>Focus groups are also limited to self-reported data and verbal behavior. <a href=\"https:\/\/www.sisinternational.com\/fr\/competence\/les-industries\/etude-de-marche-automobile\/cliniques-automobiles-statiques-et-dynamiques\/\" title=\"Market Research Methods for Automotive Research &#8211; Static vs Dynamic Car Clinics\"  data-wpil-monitor-id=\"8325\">Researchers using this method<\/a> need to improve the naturalism of participant observation. Naturalism is especially pertinent if the goal is to gather data on other social actions.<\/p>\n\n\n\n<h2 class=\"wp-block-heading\">Opportunit\u00e9s, tendances et nouvelles technologies dans les groupes de discussion industriels<\/h2>\n\n\n\n<p>Industrial focus groups allow companies to conduct market research. This research helps in the creation of a marketing plan. The company can assign an employee to manage and administer the focus group, or it can hire a firm to direct the process. It is suitable for businesses developing new products and services. It enables them to get feedback from potential consumers.<\/p>\n\n\n\n<p><a href=\"https:\/\/www.sisinternational.com\/fr\/focus-group-solutions-the-modern-approach\/\" title=\"Focus Group Solutions: The Modern Approach\"  data-wpil-monitor-id=\"8318\">Modern focus groups<\/a> are trending toward digital. This type of focus group can be asynchronous, meaning members of the group don\u2019t have to participate at the same time. Companies can send questions to each member. The member then records the answers at his or her convenience. Alternatively, companies can arrange a Google Hangout for members. This setting enables them to interact with each other and with the moderator. Companies can also use tools like Survey Monkey. Such devices allow open-ended qualitative data collection and even quantitative questionnaires. Digital focus groups can also be in the forms of online forums and social media groups.<\/p>\n\n\n\n<p>Newer strategies tend to rely on technology. Smartphones can track shoppers as they make their way across a mall or store. This <a href=\"https:\/\/www.sisinternational.com\/fr\/quantitative-market-research-methods-and-techniques\/\" title=\"Quantitative Market Research Methods and Techniques\"  data-wpil-monitor-id=\"8319\">method gives instant feedback to market researchers<\/a>. One of the newest methods is scanning technology. Shoppers carry a scanner with them throughout the store. These scanners collect tremendous amounts of data. It tracks spending levels, consumer behavior, customer loyalty, and other types of reactions.<\/p>\n\n\n\n<h2 class=\"wp-block-heading\">Avantages de l&#039;utilisation de groupes de discussion dans les \u00e9tudes de march\u00e9 industrielles<\/h2>\n\n\n\n<p><a href=\"https:\/\/www.sisinternational.com\/fr\/couverture\/leurope-%ef%83%97\/etude-de-marche-liverpool-royaume-uni\/\" title=\"\u00c9tude de march\u00e9 \u00e0 Liverpool | Groupes de discussion et collecte de donn\u00e9es au Royaume-Uni\"  data-wpil-monitor-id=\"8321\">Focus groups can provide rich data<\/a>. They give companies a broader perspective on how people think. They show how they perceive products and brands. It also helps manufacturers understand what people expect and want from a depression. The online format has advantages, such as the ability to draw participants from a nationwide sample. The traditional method counters this by giving participants the ability to brainstorm. Participants can also hold meaningful discussions.<\/p>\n\n\n\n<p><\/p>","protected":false},"excerpt":{"rendered":"<p>Un groupe de discussion industriel est un dispositif de recherche marketing. Il utilise un petit rassemblement de personnes pour discuter de sujets pertinents d\u00e9sign\u00e9s avec d\u00e9sinvolture. <\/p>","protected":false},"author":1,"featured_media":62834,"parent":14181,"menu_order":138,"comment_status":"closed","ping_status":"closed","template":"","meta":{"footnotes":""},"class_list":["post-40729","page","type-page","status-publish","has-post-thumbnail"],"_links":{"self":[{"href":"https:\/\/www.sisinternational.com\/fr\/wp-json\/wp\/v2\/pages\/40729","targetHints":{"allow":["GET"]}}],"collection":[{"href":"https:\/\/www.sisinternational.com\/fr\/wp-json\/wp\/v2\/pages"}],"about":[{"href":"https:\/\/www.sisinternational.com\/fr\/wp-json\/wp\/v2\/types\/page"}],"author":[{"embeddable":true,"href":"https:\/\/www.sisinternational.com\/fr\/wp-json\/wp\/v2\/users\/1"}],"replies":[{"embeddable":true,"href":"https:\/\/www.sisinternational.com\/fr\/wp-json\/wp\/v2\/comments?post=40729"}],"version-history":[{"count":5,"href":"https:\/\/www.sisinternational.com\/fr\/wp-json\/wp\/v2\/pages\/40729\/revisions"}],"predecessor-version":[{"id":81395,"href":"https:\/\/www.sisinternational.com\/fr\/wp-json\/wp\/v2\/pages\/40729\/revisions\/81395"}],"up":[{"embeddable":true,"href":"https:\/\/www.sisinternational.com\/fr\/wp-json\/wp\/v2\/pages\/14181"}],"wp:featuredmedia":[{"embeddable":true,"href":"https:\/\/www.sisinternational.com\/fr\/wp-json\/wp\/v2\/media\/62834"}],"wp:attachment":[{"href":"https:\/\/www.sisinternational.com\/fr\/wp-json\/wp\/v2\/media?parent=40729"}],"curies":[{"name":"wp","href":"https:\/\/api.w.org\/{rel}","templated":true}]}}