{"id":40725,"date":"2022-06-27T03:41:22","date_gmt":"2022-06-27T03:41:22","guid":{"rendered":"https:\/\/www.sisinternational.com\/?page_id=40725"},"modified":"2025-10-01T21:32:23","modified_gmt":"2025-10-02T01:32:23","slug":"les-femmes-des-annees-70-et-80-ont-accede-a-la-haute-direction","status":"publish","type":"page","link":"https:\/\/www.sisinternational.com\/fr\/publications\/les-femmes-des-annees-70-et-80-ont-accede-a-la-haute-direction\/","title":{"rendered":"Comment les femmes des ann\u00e9es 70 et 80 ont acc\u00e9d\u00e9 \u00e0 la haute direction"},"content":{"rendered":"<h1 class=\"wp-block-heading\"><span lang=\"en-US\">Comment les femmes des ann\u00e9es 70 et 80 ont acc\u00e9d\u00e9 \u00e0 la haute direction<\/span><\/h1>\n\n\n\n<figure class=\"gb-block-image gb-block-image-0edef3af\"><img loading=\"lazy\" decoding=\"async\" width=\"1024\" height=\"574\" class=\"gb-image gb-image-0edef3af\" src=\"https:\/\/www.sisinternational.com\/wp-content\/uploads\/2025\/08\/CEO-woman-business-woman-5-1024x574.jpg\" alt=\"\u00c9tudes de march\u00e9 et strat\u00e9gie internationales SIS\" title=\"CEO woman business woman (5)\" srcset=\"https:\/\/www.sisinternational.com\/wp-content\/uploads\/2025\/08\/CEO-woman-business-woman-5-1024x574.jpg 1024w, https:\/\/www.sisinternational.com\/wp-content\/uploads\/2025\/08\/CEO-woman-business-woman-5-300x168.jpg 300w, https:\/\/www.sisinternational.com\/wp-content\/uploads\/2025\/08\/CEO-woman-business-woman-5-768x430.jpg 768w, https:\/\/www.sisinternational.com\/wp-content\/uploads\/2025\/08\/CEO-woman-business-woman-5-18x10.jpg 18w, https:\/\/www.sisinternational.com\/wp-content\/uploads\/2025\/08\/CEO-woman-business-woman-5.jpg 1456w\" sizes=\"auto, (max-width: 1024px) 100vw, 1024px\"><\/figure>\n\n\n\n<p><\/p>\n\n\n\n<hr class=\"wp-block-separator has-alpha-channel-opacity is-style-dots\"\/>\n\n\n\n<p><span lang=\"en-US\">De la fin des ann\u00e9es 1970 au d\u00e9but du XXIe si\u00e8cle, la participation des femmes \u00e0 la population active a commenc\u00e9 \u00e0 augmenter r\u00e9guli\u00e8rement. Qu\u2019y avait-il de remarquable \u00e0 cette \u00e9poque ? Le nombre de femmes actives ayant un enfant de moins d&#039;un an est pass\u00e9 de 20 \u00e0 62 pour cent.<\/span><\/p>\n\n\n\n<p><span lang=\"en-US\">Dans le m\u00eame temps, les jeunes femmes \u00e0 la fin de l\u2019adolescence ont commenc\u00e9 \u00e0 modifier leurs attentes en mati\u00e8re de carri\u00e8re. Les mentalit\u00e9s ont chang\u00e9 et les femmes ont commenc\u00e9 \u00e0 s\u2019attendre \u00e0 des carri\u00e8res longues et ininterrompues. Le mariage et les enfants n&#039;interrompraient plus leurs professions. \u00c0 son tour, cette \u00e9volution les a motiv\u00e9s \u00e0 investir davantage dans leur \u00e9ducation. Un nombre croissant d\u2019entre eux sont all\u00e9s \u00e0 l\u2019universit\u00e9 et au-del\u00e0. Cela les pr\u00e9parait \u00e0 des carri\u00e8res qui leur donnaient un prestige plus proche de celui des hommes sur le lieu de travail.<\/span><\/p>\n\n\n\n<p><span lang=\"en-US\">Ensuite, les femmes ont commenc\u00e9 \u00e0 retarder le mariage et la procr\u00e9ation. Cela s\u2019explique en partie par la popularit\u00e9 croissante de la pilule contraceptive. Ce contraceptif fiable permettait aux femmes de contr\u00f4ler le moment de la procr\u00e9ation. Les femmes ont commenc\u00e9 \u00e0 voir leur identit\u00e9 et leur vie diff\u00e9remment. Leur personnalit\u00e9 professionnelle est devenue aussi cruciale que leur famille.<\/span><\/p>\n\n\n\n<p><span lang=\"en-US\">Les experts ont not\u00e9 une tendance int\u00e9ressante dans la participation des femmes au march\u00e9 du travail. Dans les ann\u00e9es 1970, un seul revenu ne permettait plus de vivre confortablement. C\u2019est un besoin \u00e9conomique, et non une opportunit\u00e9, qui a pouss\u00e9 les femmes \u00e0 travailler. La mont\u00e9e de la discrimination positive a contraint les entreprises \u00e0 placer des femmes dans des postes non traditionnels. Cette exp\u00e9rience forc\u00e9e a \u00e9galement contribu\u00e9 \u00e0 changer la mentalit\u00e9 culturelle.<\/span><\/p>\n\n\n\n<h2 class=\"wp-block-heading\"><span lang=\"en-US\">Les femmes occupant des postes de direction<\/span><\/h2>\n\n\n\n<figure class=\"gb-block-image gb-block-image-7bb9fe7b\"><img loading=\"lazy\" decoding=\"async\" width=\"1456\" height=\"816\" class=\"gb-image gb-image-7bb9fe7b\" src=\"https:\/\/www.sisinternational.com\/wp-content\/uploads\/2025\/08\/CEO-woman-business-woman-7.jpg\" alt=\"\u00c9tudes de march\u00e9 et strat\u00e9gie internationales SIS\" title=\"CEO woman business woman (7)\" srcset=\"https:\/\/www.sisinternational.com\/wp-content\/uploads\/2025\/08\/CEO-woman-business-woman-7.jpg 1456w, https:\/\/www.sisinternational.com\/wp-content\/uploads\/2025\/08\/CEO-woman-business-woman-7-300x168.jpg 300w, https:\/\/www.sisinternational.com\/wp-content\/uploads\/2025\/08\/CEO-woman-business-woman-7-1024x574.jpg 1024w, https:\/\/www.sisinternational.com\/wp-content\/uploads\/2025\/08\/CEO-woman-business-woman-7-768x430.jpg 768w, https:\/\/www.sisinternational.com\/wp-content\/uploads\/2025\/08\/CEO-woman-business-woman-7-18x10.jpg 18w\" sizes=\"auto, (max-width: 1456px) 100vw, 1456px\"><\/figure>\n\n\n\n<p><\/p>\n\n\n\n<p><span lang=\"en-US\">La toute premi\u00e8re femme PDG d&#039;une entreprise Fortune 500 \u00e9tait Katharine Graham. Elle est devenue PDG de la soci\u00e9t\u00e9 m\u00e8re du Washington Post en 1972, brisant une nouvelle barri\u00e8re, et \u00e9tait souvent la seule femme dans la salle de r\u00e9daction. D\u2019autres femmes ont pris de l\u2019importance dans les ann\u00e9es 70 et 80. Il convient de noter Marion Sandler de Golden West Financial et Linda Wachner de Warnaco Group Inc. <\/span><\/p>\n\n\n\n<p><span lang=\"en-US\">En 1980, aucune femme n\u2019avait atteint les plus hauts postes de direction du classement Fortune 100. En 2001, onze pour cent de ces dirigeants d\u2019entreprise \u00e9taient des femmes. Le nombre d\u2019entreprises dirig\u00e9es par des femmes PDG a plus que sextupl\u00e9. <\/span><\/p>\n\n\n\n<p><span lang=\"en-US\">Since 1980, American <a href=\"https:\/\/www.sisinternational.com\/fr\/solutions\/conseil-en-strategie\/cabinets-de-conseil-en-gestion\/\" title=\"Cabinet mondial de conseil en gestion\"  data-wpil-monitor-id=\"10060\">firms have created almost 4.5 million management<\/a> positions. Women occupy 2.6 million of these positions. Unfortunately, the gender wage gap has kept step with these statistics. Women\u2019s increasing representation in management is in \u201cfeminized\u201d fields. The gender wage gaps are the most extreme in those fields. But the lowest gaps are in occupations with the lowest proportions of women. For example, engineering and architecture have small wage gaps. <\/span><\/p>\n\n\n\n<h2 class=\"wp-block-heading\"><span lang=\"en-US\">Obstacles fond\u00e9s sur le sexe \u00e0 la haute direction<\/span><\/h2>\n\n\n\n<p><span lang=\"en-US\">La plupart des Am\u00e9ricains trouvent les femmes aussi innovantes et intelligentes que les hommes. Pourtant, tr\u00e8s peu de femmes acc\u00e8dent aux postes de direction. Pourquoi si peu de femmes acc\u00e8dent-elles aux postes de direction ? Les femmes qui souhaitent acc\u00e9der aux plus hauts niveaux du monde des affaires sont \u00e9galement confront\u00e9es \u00e0 deux poids, deux mesures. Ils doivent \u00e9clipser les m\u00e2les s\u2019ils veulent faire leurs preuves.<\/span><\/p>\n\n\n\n<p><span lang=\"en-US\">Entrez dans le concept du \u00ab plafond de verre \u00bb. Le minist\u00e8re am\u00e9ricain du Travail a d\u00e9crit en 1991 le plafond de verre comme un ensemble d&#039;obstacles artificiels fond\u00e9s sur l&#039;arbitraire. Ils emp\u00eachent les personnes qualifi\u00e9es d&#039;acc\u00e9der \u00e0 des postes de direction dans leur organisation. Le chemin que doivent emprunter les femmes pour acc\u00e9der au niveau de direction est complexe et comporte divers obstacles. <\/span><\/p>\n\n\n\n<p><span lang=\"en-US\">Pourtant, la diversit\u00e9 sur le lieu de travail est bonne pour les affaires. La nouvelle \u00e9conomie de services repose sur des comp\u00e9tences facilement accessibles aux femmes. Par exemple, cette \u00e9conomie exige une attention aux d\u00e9tails, de la d\u00e9termination et une r\u00e9flexion mesur\u00e9e. Les probl\u00e8mes li\u00e9s aux obstacles auxquels sont confront\u00e9es les femmes sont cr\u00e9\u00e9s par l\u2019homme. Les organisations et la soci\u00e9t\u00e9 doivent faire davantage pour donner \u00e0 toutes les femmes la chance d\u2019acc\u00e9der aux sommets.<\/span><\/p>\n\n\n\n<p><span lang=\"en-US\">La perception erron\u00e9e de l\u2019\u00e9galit\u00e9 des sexes limite les opportunit\u00e9s des femmes en tant que groupe. Pourquoi? Parce que cela cr\u00e9e un faux optimisme. Cela \u00e9limine \u00e9galement le besoin per\u00e7u d\u2019am\u00e9liorer les choses. Les articles de presse vantent parfois des exemples de femmes qui ont r\u00e9ussi. Ils les exhibent comme la preuve que le plafond de verre n\u2019existe plus. Quelques femmes ont acc\u00e9d\u00e9 \u00e0 des postes de pouvoir. Pourtant, de nombreuses in\u00e9galit\u00e9s subsistent dans la repr\u00e9sentation des femmes aux postes de direction.<\/span><\/p>\n\n\n\n<p><span lang=\"en-US\">La plupart des PDG et membres des conseils d\u2019administration en exercice sont des hommes. Ils donnent le ton et la culture pour d\u00e9terminer qui est apte \u00e0 r\u00e9ussir. En outre, la situation en mati\u00e8re de garde d&#039;enfants d&#039;une femme est un d\u00e9terminant important pour qu&#039;elle acc\u00e8de au rang de PDG. Trouver des services de garde d\u2019enfants de qualit\u00e9 et abordables reste un d\u00e9fi. Au moment o\u00f9 elle devient PDG, une femme aurait d\u00fb endurer beaucoup de choses. <\/span><\/p>\n\n\n\n<p><span lang=\"en-US\">Les exigences de la vie familiale ont \u00e9galement augment\u00e9. \u00catre m\u00e8re est devenu plus intense. Les m\u00e8res qui travaillent aujourd\u2019hui passent autant de temps avec leurs enfants que les m\u00e8res au foyer dans les ann\u00e9es 1970.<\/span><\/p>\n\n\n\n<h2 class=\"wp-block-heading\"><span lang=\"en-US\">Combler l\u2019\u00e9cart entre les sexes<\/span><\/h2>\n\n\n\n<p><span lang=\"en-US\">Les entreprises ont fait des progr\u00e8s dans l&#039;avancement des carri\u00e8res des femmes. Il leur reste encore un long chemin \u00e0 parcourir pour parvenir \u00e0 une v\u00e9ritable \u00e9galit\u00e9 des sexes sur le lieu de travail. Pourtant, tout le monde profite de la r\u00e9duction de l\u2019\u00e9cart entre les sexes. Les clients en profitent, tout comme les \u00e9quipes, et m\u00eame les r\u00e9sultats des entreprises. Les femmes ont fait de grands progr\u00e8s dans les ann\u00e9es 1970 et 1980 en entrant sur le march\u00e9 du travail. Il est temps de tirer parti de ces acquis et de rendre la suite C plus accueillante pour les femmes.<\/span><\/p>\n\n\n<h2>Notre emplacement \u00e0 New York<\/h2>\n<p><!-- \/wp:post-content --> <!-- wp:html --> <iframe loading=\"lazy\" src=\"https:\/\/www.google.com\/maps\/embed?pb=!1m18!1m12!1m3!1d3022.976188376966!2d-73.99130312499956!3d40.740549471389315!2m3!1f0!2f0!3f0!3m2!1i1024!2i768!4f13.1!3m3!1m2!1s0x89c259a15798c731%3A0xd695d09bdd495f25!2s11%20E%2022nd%20St%20FL%202%2C%20New%20York%2C%20NY%2010010%2C%20USA!5e0!3m2!1sen!2spe!4v1726171763526!5m2!1sen!2spe\" width=\"600\" height=\"450\" allowfullscreen=\"allowfullscreen\" data-mce-fragment=\"1\"><\/iframe> <!-- \/wp:html --> <!-- wp:paragraph --><\/p>\n<h3 class=\"wp-block-heading\">11 E 22nd Street, \u00e9tage 2, New York, NY 10010 T\u00e9l. : +1(212) 505-6805<\/h3>\n<hr \/>\n<h2><span style=\"font-weight: 400;\">\u00c0 propos de SIS International<\/span><\/h2>\n<p><a href=\"https:\/\/www.sisinternational.com\/fr\/\"><span style=\"font-weight: 400;\">SIS International<\/span><\/a><span style=\"font-weight: 400;\"> offers Quantitative, Qualitative, and Strategy Research. We provide data, tools, strategies, reports, and insights for decision-making. We also conduct interviews, surveys, focus groups, and other <a href=\"https:\/\/www.sisinternational.com\/fr\/quantitative-market-research-methods-and-techniques\/\" title=\"Quantitative Market Research Methods and Techniques\"  data-wpil-monitor-id=\"10056\">Market Research methods<\/a> and approaches.<\/span><a href=\"https:\/\/www.sisinternational.com\/fr\/a-propos-de-la-recherche-internationale-sis\/contact-sis-international-market-research\/\"><span style=\"font-weight: 400;\"> Contactez nous<\/span><\/a><span style=\"font-weight: 400;\"> pour votre prochain projet d&#039;\u00e9tude de march\u00e9.<\/span><\/p>\n<p><!-- wp:heading --><\/p>\n<h2 id=\"about-sis-international\" class=\"wp-block-heading\">\u00a0<\/h2>\n<p><!-- \/wp:heading --><\/p>","protected":false},"excerpt":{"rendered":"<p>Les entreprises ont fait des progr\u00e8s dans l&#039;avancement des carri\u00e8res des femmes. L\u2019\u00e9galit\u00e9 des sexes sur le lieu de travail a encore un long chemin \u00e0 parcourir.<\/p>","protected":false},"author":1,"featured_media":64875,"parent":20148,"menu_order":13,"comment_status":"closed","ping_status":"closed","template":"","meta":{"footnotes":""},"class_list":["post-40725","page","type-page","status-publish","has-post-thumbnail"],"_links":{"self":[{"href":"https:\/\/www.sisinternational.com\/fr\/wp-json\/wp\/v2\/pages\/40725","targetHints":{"allow":["GET"]}}],"collection":[{"href":"https:\/\/www.sisinternational.com\/fr\/wp-json\/wp\/v2\/pages"}],"about":[{"href":"https:\/\/www.sisinternational.com\/fr\/wp-json\/wp\/v2\/types\/page"}],"author":[{"embeddable":true,"href":"https:\/\/www.sisinternational.com\/fr\/wp-json\/wp\/v2\/users\/1"}],"replies":[{"embeddable":true,"href":"https:\/\/www.sisinternational.com\/fr\/wp-json\/wp\/v2\/comments?post=40725"}],"version-history":[{"count":6,"href":"https:\/\/www.sisinternational.com\/fr\/wp-json\/wp\/v2\/pages\/40725\/revisions"}],"predecessor-version":[{"id":70468,"href":"https:\/\/www.sisinternational.com\/fr\/wp-json\/wp\/v2\/pages\/40725\/revisions\/70468"}],"up":[{"embeddable":true,"href":"https:\/\/www.sisinternational.com\/fr\/wp-json\/wp\/v2\/pages\/20148"}],"wp:featuredmedia":[{"embeddable":true,"href":"https:\/\/www.sisinternational.com\/fr\/wp-json\/wp\/v2\/media\/64875"}],"wp:attachment":[{"href":"https:\/\/www.sisinternational.com\/fr\/wp-json\/wp\/v2\/media?parent=40725"}],"curies":[{"name":"wp","href":"https:\/\/api.w.org\/{rel}","templated":true}]}}