{"id":40708,"date":"2022-06-26T02:05:55","date_gmt":"2022-06-26T02:05:55","guid":{"rendered":"https:\/\/www.sisinternational.com\/?page_id=40708"},"modified":"2026-03-12T12:36:12","modified_gmt":"2026-03-12T16:36:12","slug":"etude-de-marche-des-groupes-de-discussion-sur-les-soins-de-sante","status":"publish","type":"page","link":"https:\/\/www.sisinternational.com\/fr\/solutions\/etudes-de-marche-sur-les-biotechnologies-et-les-produits-pharmaceutiques-en-matiere-de-soins-de-sante-medicaux\/etude-de-marche-des-groupes-de-discussion-sur-les-soins-de-sante\/","title":{"rendered":"\u00c9tude de march\u00e9 sur les groupes de discussion sur les soins de sant\u00e9"},"content":{"rendered":"<h1 class=\"wp-block-heading\">\u00c9tude de march\u00e9 sur les groupes de discussion sur les soins de sant\u00e9<\/h1>\n\n\n\n<figure class=\"gb-block-image gb-block-image-786280e2\"><img loading=\"lazy\" decoding=\"async\" width=\"1456\" height=\"816\" class=\"gb-image gb-image-786280e2\" src=\"https:\/\/www.sisinternational.com\/wp-content\/uploads\/2025\/08\/Healthcare-11.jpg\" alt=\"\u00c9tudes de march\u00e9 et strat\u00e9gie internationales SIS\" title=\"Healthcare (11)\" srcset=\"https:\/\/www.sisinternational.com\/wp-content\/uploads\/2025\/08\/Healthcare-11.jpg 1456w, https:\/\/www.sisinternational.com\/wp-content\/uploads\/2025\/08\/Healthcare-11-300x168.jpg 300w, https:\/\/www.sisinternational.com\/wp-content\/uploads\/2025\/08\/Healthcare-11-1024x574.jpg 1024w, https:\/\/www.sisinternational.com\/wp-content\/uploads\/2025\/08\/Healthcare-11-768x430.jpg 768w, https:\/\/www.sisinternational.com\/wp-content\/uploads\/2025\/08\/Healthcare-11-18x10.jpg 18w\" sizes=\"auto, (max-width: 1456px) 100vw, 1456px\"><\/figure>\n\n\n\n<hr class=\"wp-block-separator has-alpha-channel-opacity is-style-dots\"\/>\n\n\n\n<h3 class=\"wp-block-heading\">Gr\u00e2ce \u00e0 ces groupes de discussion cibl\u00e9s, les entreprises du secteur de la sant\u00e9 obtiennent des informations qui fa\u00e7onnent tout, du d\u00e9veloppement de produits aux initiatives de soins aux patients.<\/h3>\n\n\n\n<p>Vous souhaitez comprendre les besoins des patients ou am\u00e9liorer les services de sant\u00e9 ? L&#039;organisation de groupes de discussion sur les soins de sant\u00e9 offre une occasion unique d&#039;obtenir des informations de premi\u00e8re main aupr\u00e8s des patients, des prestataires de soins de sant\u00e9 et des parties prenantes, aidant ainsi les organisations \u00e0 s&#039;orienter dans les complexit\u00e9s du paysage des soins de sant\u00e9.<\/p>\n\n\n\n<h2 class=\"wp-block-heading\"><strong>Qu\u2019est-ce qu\u2019un groupe de discussion sur les soins de sant\u00e9 et pourquoi est-il essentiel\u00a0?<\/strong><\/h2>\n\n\n\n<p>A healthcare focus group is a specialized market research method that brings patients, healthcare providers, and other stakeholders to explore critical issues, such as patient satisfaction, treatment experiences, and service needs.&nbsp;Healthcare focus groups allow organizations to move beyond quantitative data, capturing the nuanced perspectives that drive impactful change in healthcare.<\/p>\n\n\n\n<p>Gr\u00e2ce \u00e0 cette recherche, les entreprises peuvent mieux comprendre les facteurs \u00e9motionnels, logistiques et exp\u00e9rientiels qui influencent les choix des patients et les pratiques des professionnels de la sant\u00e9. Cette perspective unique aide les prestataires de soins de sant\u00e9 et les entreprises \u00e0 affiner leurs offres, \u00e0 cr\u00e9er des solutions centr\u00e9es sur le patient et \u00e0 r\u00e9pondre efficacement aux probl\u00e8mes complexes auxquels le secteur de la sant\u00e9 est confront\u00e9 aujourd&#039;hui.<\/p>\n\n\n\n<h2 class=\"wp-block-heading\">Importance des groupes de discussion comme m\u00e9thode qualitative<\/h2>\n\n\n\n<p>Focus groups are becoming a central means of conducting qualitative <a href=\"https:\/\/www.sisinternational.com\/fr\/etudes-de-marche-sur-les-biotechnologies-et-les-produits-pharmaceutiques-en-matiere-de-soins-de-sante-medicaux\/\" title=\"\u00c9tudes de march\u00e9 pharmaceutique et de sant\u00e9\"  data-wpil-monitor-id=\"6632\">research in healthcare<\/a>. They allow researchers to collect data about participants&#8217; beliefs and give insights into their opinions and values. They are well-suited for tackling cultural characteristics that influence people&#8217;s health status.<\/p>\n\n\n\n<p>Ce type de recherche peut aider les professionnels de la sant\u00e9 \u00e0 \u00e9laborer des programmes de formation. Ces programmes sont devenus importants \u00e0 mesure que de plus en plus de pays adoptent la diversit\u00e9 culturelle. Ils aident \u00e9galement les chercheurs \u00e0 mieux comprendre les besoins des minorit\u00e9s. Les groupes de discussion sont une aubaine pour d\u2019autres groupes vuln\u00e9rables confront\u00e9s \u00e0 des disparit\u00e9s en mati\u00e8re de soins de sant\u00e9.<\/p>\n\n\n\n<h2 class=\"wp-block-heading\">Mont\u00e9e des technologies de la sant\u00e9 et perturbation num\u00e9rique<\/h2>\n\n\n\n<figure class=\"gb-block-image gb-block-image-23a95a05\"><img loading=\"lazy\" decoding=\"async\" width=\"1456\" height=\"816\" class=\"gb-image gb-image-23a95a05\" src=\"https:\/\/www.sisinternational.com\/wp-content\/uploads\/2025\/08\/Healthcare-9.jpg\" alt=\"\u00c9tudes de march\u00e9 et strat\u00e9gie internationales SIS\" title=\"Healthcare (9)\" srcset=\"https:\/\/www.sisinternational.com\/wp-content\/uploads\/2025\/08\/Healthcare-9.jpg 1456w, https:\/\/www.sisinternational.com\/wp-content\/uploads\/2025\/08\/Healthcare-9-300x168.jpg 300w, https:\/\/www.sisinternational.com\/wp-content\/uploads\/2025\/08\/Healthcare-9-1024x574.jpg 1024w, https:\/\/www.sisinternational.com\/wp-content\/uploads\/2025\/08\/Healthcare-9-768x430.jpg 768w, https:\/\/www.sisinternational.com\/wp-content\/uploads\/2025\/08\/Healthcare-9-18x10.jpg 18w\" sizes=\"auto, (max-width: 1456px) 100vw, 1456px\"><\/figure>\n\n\n\n<p><\/p>\n\n\n\n<p>La sant\u00e9 num\u00e9rique, ou health tech, utilise la technologie pour am\u00e9liorer la prestation des soins et accro\u00eetre la consommation et le paiement des soins. La health tech est utile pour des sous-secteurs tels que les assurances, les h\u00f4pitaux et les praticiens. Elle est \u00e9galement essentielle pour les secteurs pharmaceutique, des services aux consommateurs et du gouvernement. Le potentiel du partenariat entre la sant\u00e9 et la technologie est \u00e9vident.<\/p>\n\n\n\n<p>Le secteur de la sant\u00e9 a connu de nombreuses avanc\u00e9es scientifiques au cours des derni\u00e8res ann\u00e9es. L&#039;une des principales tendances qui bouleverse le secteur est la technologie intelligente. Elle permet un fonctionnement fluide et r\u00e9duit le travail fastidieux des administrateurs d&#039;h\u00f4pitaux. L&#039;Internet des objets m\u00e9dicaux (IoMT) est un autre perturbateur. L&#039;IoMT int\u00e8gre des appareils et des applications m\u00e9dicales et permet le transfert d&#039;informations m\u00e9dicales sur des r\u00e9seaux s\u00e9curis\u00e9s. Le troisi\u00e8me perturbateur est la t\u00e9l\u00e9sant\u00e9. Il s&#039;agit d&#039;une combinaison de partage de documents, de technologie mobile et de t\u00e9l\u00e9conf\u00e9rence.<\/p>\n\n\n\n<h2 class=\"wp-block-heading\"><strong>Notre analyse actuelle du march\u00e9 et nos recommandations<\/strong><\/h2>\n\n\n\n<p>Nous pensons que les groupes de discussion sur les soins de sant\u00e9 sont particuli\u00e8rement efficaces dans les r\u00e9gions o\u00f9 les syst\u00e8mes de sant\u00e9 sont complexes, o\u00f9 les caract\u00e9ristiques d\u00e9mographiques sont diverses et o\u00f9 l\u2019acc\u00e8s aux soins est in\u00e9gal. En se concentrant sur ces groupes de discussion, les organisations peuvent d\u00e9couvrir des informations essentielles sur le parcours du patient et adapter leurs offres en cons\u00e9quence, contribuant ainsi \u00e0 combler les lacunes en mati\u00e8re de soins et \u00e0 s\u2019aligner sur les attentes r\u00e9gionales.<\/p>\n\n\n\n<p>De plus, nous consid\u00e9rons qu&#039;il est essentiel d&#039;utiliser des groupes de discussion sur les soins de sant\u00e9 pour identifier et s&#039;adapter aux nouvelles tendances r\u00e9gionales en mati\u00e8re de sant\u00e9, telles que l&#039;essor de la t\u00e9l\u00e9m\u00e9decine ou des approches de soins pr\u00e9ventifs. Ces informations favorisent des solutions sur mesure qui r\u00e9pondent aux besoins r\u00e9els des patients et s&#039;alignent sur les r\u00e9glementations et normes locales en mati\u00e8re de soins de sant\u00e9, positionnant ainsi les prestataires de soins de sant\u00e9 pour un impact \u00e0 long terme et une confiance dans la communaut\u00e9.<\/p>\n\n\n\n<h2 class=\"wp-block-heading\">\u00c0 qui servons-nous ?<\/h2>\n\n\n\n<p>SIS International organise des groupes de discussion avec des m\u00e9decins, des leaders d&#039;opinion et des sp\u00e9cialistes. Nous organisons \u00e9galement des groupes pour les responsables des achats, les administrateurs d&#039;h\u00f4pitaux et les chefs de cabinet. Nous servons les cadres sup\u00e9rieurs des h\u00f4pitaux et des dispositifs m\u00e9dicaux. Nos services s&#039;adressent \u00e9galement aux coordinateurs de soins aux patients et aux soignants.<\/p>\n\n\n\n<h2 class=\"wp-block-heading\">Avantages des groupes de discussion<\/h2>\n\n\n\n<figure class=\"gb-block-image gb-block-image-d5945247\"><img loading=\"lazy\" decoding=\"async\" width=\"1456\" height=\"816\" class=\"gb-image gb-image-d5945247\" src=\"https:\/\/www.sisinternational.com\/wp-content\/uploads\/2025\/08\/Healthcare-18.jpg\" alt=\"\u00c9tudes de march\u00e9 et strat\u00e9gie internationales SIS\" title=\"Healthcare (18)\" srcset=\"https:\/\/www.sisinternational.com\/wp-content\/uploads\/2025\/08\/Healthcare-18.jpg 1456w, https:\/\/www.sisinternational.com\/wp-content\/uploads\/2025\/08\/Healthcare-18-300x168.jpg 300w, https:\/\/www.sisinternational.com\/wp-content\/uploads\/2025\/08\/Healthcare-18-1024x574.jpg 1024w, https:\/\/www.sisinternational.com\/wp-content\/uploads\/2025\/08\/Healthcare-18-768x430.jpg 768w, https:\/\/www.sisinternational.com\/wp-content\/uploads\/2025\/08\/Healthcare-18-18x10.jpg 18w\" sizes=\"auto, (max-width: 1456px) 100vw, 1456px\"><\/figure>\n\n\n\n<p><\/p>\n\n\n\n<p>Un groupe de discussion permet aux prestataires de soins de sant\u00e9 d\u2019\u00e9valuer la r\u00e9ponse des consommateurs. Les groupes de discussion proposent des id\u00e9es instantan\u00e9es pour am\u00e9liorer certains produits ou concepts. Ils aident \u00e9galement \u00e0 identifier les exigences produit de l\u2019utilisateur final. Ils alertent les prestataires sur d\u2019autres besoins auxquels ils ne r\u00e9pondent pas. Les autres avantages incluent\u00a0:<\/p>\n\n\n\n<ul class=\"wp-block-list\">\n<li><span style=\"color: #0b5d95;\">Lancements de nouveaux produits.<\/span> It\u2019s hard to know whether consumers like a new product or service or how well it will sell. <a href=\"https:\/\/www.sisinternational.com\/fr\/etude-de-marche-sur-la-sante-emea\/\" title=\"Etude de march\u00e9 des soins de sant\u00e9 en Europe\"  data-wpil-monitor-id=\"6696\">Healthcare providers can engage a research<\/a> company to test an offering. They can carry out this test with a sample of potential consumers before it goes to market. Focus groups give honest feedback about what they like about a product or service. Providers can use this feedback to improve the design of the product or service.<\/li>\n\n\n\n<li><span style=\"color: #0b5d95;\">Tests d&#039;application et d&#039;utilisabilit\u00e9.<\/span> Ce type de test est diff\u00e9rent des groupes de discussion. Au lieu d&#039;\u00e9valuer ce que disent les utilisateurs, la m\u00e9thode consiste \u00e0 observer la fa\u00e7on dont les gens utilisent un produit. Le testeur attribue des t\u00e2ches essentielles aux utilisateurs et analyse leurs performances et leur exp\u00e9rience. Les fournisseurs peuvent l&#039;utiliser pour voir si un nouveau produit ou service fonctionne. Contrairement aux groupes de discussion, les chercheurs effectuent des tests en groupe de discussion en t\u00eate-\u00e0-t\u00eate.<\/li>\n\n\n\n<li><span style=\"color: #0b5d95;\">Explorer la volont\u00e9 de payer.<\/span> Les groupes de discussion peuvent permettre de d\u00e9terminer si les consommateurs sont pr\u00eats \u00e0 payer pour de nouvelles proc\u00e9dures m\u00e9dicales. Le groupe peut discuter de la n\u00e9cessit\u00e9 de la proc\u00e9dure et de son utilit\u00e9. Cet exercice peut avoir une influence positive sur les prix, rendant les proc\u00e9dures m\u00e9dicales plus abordables.<\/li>\n<\/ul>\n\n\n\n<h2 class=\"wp-block-heading\">Groupes de discussion en ligne<\/h2>\n\n\n\n<p>Les groupes de discussion se sont d\u00e9velopp\u00e9s en ligne. Ce type de groupe pr\u00e9sente des avantages \u00e9vidents, comme le gain de temps dans un monde o\u00f9 tout va tr\u00e8s vite. Les groupes de discussion en ligne sont une aubaine pour les patients participants. De nombreux participants re\u00e7oivent des traitements qui limitent leur mobilit\u00e9. Un autre avantage est que les participants se sentent plus \u00e0 l&#039;aise chez eux et sont donc plus susceptibles de s&#039;ouvrir.<\/p>\n\n\n\n<p>Le groupe de discussion en ligne offre un acc\u00e8s aux r\u00e9pondants issus de populations marginalis\u00e9es et peu \u00e9tudi\u00e9es. Cet acc\u00e8s est essentiel pour la recherche sur les maladies \u00e0 faible taux d&#039;incidence. Le groupe de discussion en ligne est une v\u00e9ritable merveille qui a fait progresser le domaine de la recherche m\u00e9dicale.<\/p>\n\n\n\n<h3 class=\"wp-block-heading\"><strong>Facteurs moteurs du march\u00e9 pour les groupes de discussion sur les soins de sant\u00e9<\/strong><\/h3>\n\n\n\n<p><span style=\"background-color: var(--base-3); color: var(--contrast-2);\">Une s\u00e9rie de facteurs critiques fa\u00e7onnent la demande de&nbsp;<\/span>groupes de discussion sur les soins de sant\u00e9,<span style=\"background-color: var(--base-3); color: var(--contrast-2);\"> mettant en \u00e9vidence<\/span> la valeur des connaissances des patients et des prestataires de soins dans un paysage de soins de sant\u00e9 en constante \u00e9volution. Ces facteurs d\u00e9montrent collectivement pourquoi les groupes de discussion sur les soins de sant\u00e9 sont devenus essentiels pour les entreprises qui souhaitent prendre des d\u00e9cisions \u00e9clair\u00e9es et centr\u00e9es sur le patient.<\/p>\n\n\n<div class=\"wp-block-image\">\n<figure class=\"aligncenter\"><img loading=\"lazy\" decoding=\"async\" width=\"840\" height=\"506\" src=\"https:\/\/www.sisinternational.com\/wp-content\/uploads\/2024\/10\/Healthcare-focus-group-3.png\" alt=\"\u00c9tudes de march\u00e9 et strat\u00e9gie internationales SIS\" class=\"wp-image-53823\" srcset=\"https:\/\/www.sisinternational.com\/wp-content\/uploads\/2024\/10\/Healthcare-focus-group-3.png 840w, https:\/\/www.sisinternational.com\/wp-content\/uploads\/2024\/10\/Healthcare-focus-group-3-300x181.png 300w, https:\/\/www.sisinternational.com\/wp-content\/uploads\/2024\/10\/Healthcare-focus-group-3-768x463.png 768w, https:\/\/www.sisinternational.com\/wp-content\/uploads\/2024\/10\/Healthcare-focus-group-3-18x12.png 18w\" sizes=\"auto, (max-width: 840px) 100vw, 840px\" \/><\/figure>\n<\/div>\n\n\n<p><\/p>\n\n\n\n<p><strong>Mod\u00e8les de soins de sant\u00e9 centr\u00e9s sur le patient<\/strong><br>With healthcare shifting toward patient-centered models, healthcare focus groups provide essential insights into patient needs, preferences, and experiences, helping organizations develop resonant solutions.<\/p>\n\n\n\n<p><strong>Demande croissante de services de sant\u00e9 mentale<\/strong><br>\u00c0 mesure que la sensibilisation \u00e0 la sant\u00e9 mentale augmente, les groupes de discussion permettent aux prestataires de soins de sant\u00e9 de comprendre les perceptions des patients et les obstacles aux soins, \u00e9clairant ainsi les strat\u00e9gies qui am\u00e9liorent l\u2019acc\u00e8s aux services de sant\u00e9 mentale.<\/p>\n\n\n\n<p><strong>Acc\u00e9l\u00e9ration de l\u2019adoption de la t\u00e9l\u00e9m\u00e9decine<\/strong><br>L\u2019expansion rapide de la t\u00e9l\u00e9m\u00e9decine fait des groupes de discussion sur les soins de sant\u00e9 un outil pr\u00e9cieux pour recueillir des commentaires sur les exp\u00e9riences de soins de sant\u00e9 num\u00e9riques. Cela permet aux entreprises d\u2019affiner les offres de soins virtuels pour une satisfaction maximale des patients.<\/p>\n\n\n\n<p><strong>Conformit\u00e9 r\u00e9glementaire et normes<\/strong><br>Les groupes de discussion aident les prestataires de soins de sant\u00e9 \u00e0 s\u2019orienter dans des r\u00e9glementations complexes en recueillant les commentaires directs des patients et des prestataires sur des questions li\u00e9es \u00e0 la conformit\u00e9, telles que la confidentialit\u00e9 des donn\u00e9es et le consentement \u00e9clair\u00e9.<\/p>\n\n\n\n<p><strong>Importance croissante de la litt\u00e9ratie en sant\u00e9<\/strong><br>En mettant davantage l\u2019accent sur la litt\u00e9ratie en sant\u00e9, les groupes de discussion permettent aux organisations d\u2019\u00e9valuer la compr\u00e9hension des patients en mati\u00e8re de traitements, de m\u00e9dicaments et de soins pr\u00e9ventifs, les aidant ainsi \u00e0 \u00e9laborer des ressources \u00e9ducatives plus accessibles.<\/p>\n\n\n\n<p><strong>Demande de m\u00e9decine personnalis\u00e9e<\/strong><br>\u00c0 mesure que la m\u00e9decine personnalis\u00e9e se d\u00e9veloppe, les groupes de discussion sur les soins de sant\u00e9 offrent un aper\u00e7u des pr\u00e9f\u00e9rences des patients en mati\u00e8re d\u2019options de traitement individualis\u00e9es, aidant les prestataires \u00e0 aligner leurs services sur les besoins uniques des patients.<\/p>\n\n\n\n<p><strong>Sensibilit\u00e9 culturelle et variations r\u00e9gionales<\/strong><br>Les groupes de discussion sur les soins de sant\u00e9 facilitent une meilleure compr\u00e9hension des diff\u00e9rences culturelles et r\u00e9gionales dans les croyances et les pratiques en mati\u00e8re de sant\u00e9, permettant aux prestataires de concevoir des solutions de soins de sant\u00e9 plus adapt\u00e9es \u00e0 la culture et \u00e0 la r\u00e9gion.<\/p>\n\n\n\n<h2 class=\"wp-block-heading\"><strong>Pourquoi SIS International Research est-elle la meilleure soci\u00e9t\u00e9 d&#039;\u00e9tudes de march\u00e9 pour les groupes de discussion sur les soins de sant\u00e9 ?<\/strong><\/h2>\n\n\n\n<p>With deep expertise and a reputation for precision, SIS International stands out as a leading <a href=\"https:\/\/www.sisinternational.com\/fr\/cybersecurite-soins-de-sante\/\" title=\"\u00c9tude de march\u00e9 sur la cybers\u00e9curit\u00e9 dans le secteur de la sant\u00e9\"  data-wpil-monitor-id=\"1934\">market research firm for healthcare<\/a> focus groups. We help healthcare organizations and pharmaceutical companies gather valuable insights into patient experiences, physician perspectives, and industry trends. Here are seven reasons why SIS International is the top choice for <a href=\"https:\/\/www.sisinternational.com\/fr\/tendances-du-marche-du-bien-etre-et-de-la-sante-en-europe\/\" title=\"\u00c9tude de march\u00e9 sur la sant\u00e9 et le bien-\u00eatre en Europe\"  data-wpil-monitor-id=\"7651\">healthcare focus group research<\/a>:<\/p>\n\n\n\n<p><strong>1. Connaissances sp\u00e9cialis\u00e9es des besoins en mati\u00e8re de soins de sant\u00e9<\/strong><br><a href=\"https:\/\/www.linkedin.com\/company\/sisinternationalresearch\/\" target=\"_blank\" rel=\"noopener\"><span style=\"font-weight: 400;\">SIS International<\/span><\/a> dispose d&#039;une \u00e9quipe d&#039;experts qui comprennent les d\u00e9fis sp\u00e9cifiques au secteur de la sant\u00e9, des soins centr\u00e9s sur le patient et des retours sur les produits m\u00e9dicaux \u00e0 la conformit\u00e9. Cette sp\u00e9cialisation garantit que nos groupes de discussion sur les soins de sant\u00e9 sont con\u00e7us pour recueillir les informations les plus pertinentes, adapt\u00e9es aux objectifs de chaque client.<\/p>\n\n\n\n<p><strong>2. Acc\u00e8s \u00e0 des participants diversifi\u00e9s et cibl\u00e9s<\/strong><br>Notre vaste r\u00e9seau nous permet de recruter des participants diversifi\u00e9s, notamment des patients, des professionnels de la sant\u00e9, des soignants et des intervenants. En ciblant pr\u00e9cis\u00e9ment les groupes de participants, <a href=\"https:\/\/twitter.com\/SISIntlResearch\" target=\"_blank\" rel=\"noopener\"><span style=\"font-weight: 400;\">SIS<\/span><\/a> garantit que les groupes de discussion sur les soins de sant\u00e9 refl\u00e8tent avec pr\u00e9cision une gamme de perspectives, am\u00e9liorant ainsi la pertinence des informations recueillies.<\/p>\n\n\n\n<p><strong>3. Exp\u00e9rience dans les domaines sensibles et la confidentialit\u00e9 des patients<\/strong><br>Les discussions sur les soins de sant\u00e9 portent souvent sur des sujets sensibles, ce qui rend la confidentialit\u00e9 et le traitement des donn\u00e9es critiques. SIS International adh\u00e8re \u00e0 des normes de confidentialit\u00e9 strictes et \u00e0 des pratiques exemplaires, instaurant ainsi un climat de confiance avec les participants et les clients. Cet engagement en mati\u00e8re de confidentialit\u00e9 encourage les r\u00e9ponses ouvertes et honn\u00eates dans les groupes de discussion sur les soins de sant\u00e9.<\/p>\n\n\n\n<p><strong>4. Compr\u00e9hension compl\u00e8te des exigences r\u00e9glementaires<\/strong><br>L&#039;expertise de SIS International s&#039;\u00e9tend \u00e0 la gestion des r\u00e9glementations complexes en mati\u00e8re de sant\u00e9, de la loi HIPAA aux \u00c9tats-Unis au RGPD en Europe. Nous veillons \u00e0 ce que nos groupes de r\u00e9flexion sur les soins de sant\u00e9 r\u00e9pondent \u00e0 toutes les exigences de conformit\u00e9, offrant ainsi aux clients la tranquillit\u00e9 d&#039;esprit de savoir que leurs recherches sont conformes aux normes du secteur.<\/p>\n\n\n\n<p><strong>5. Des informations bas\u00e9es sur les donn\u00e9es pour le d\u00e9veloppement de produits et de services<\/strong><br>Nos groupes de r\u00e9flexion sur les soins de sant\u00e9 fournissent des informations exploitables qui soutiennent le d\u00e9veloppement de produits, l&#039;am\u00e9lioration des services et la planification des politiques. Qu&#039;il s&#039;agisse de commentaires sur un nouveau dispositif m\u00e9dical ou de la satisfaction des patients, SIS International fournit des donn\u00e9es qui orientent la prise de d\u00e9cision strat\u00e9gique dans le domaine des soins de sant\u00e9.<\/p>\n\n\n\n<p><strong>6. Une port\u00e9e mondiale avec une compr\u00e9hension localis\u00e9e<\/strong><br>Avec une pr\u00e9sence mondiale, SIS International comprend les nuances des syst\u00e8mes de sant\u00e9 r\u00e9gionaux, des r\u00e9glementations et des pr\u00e9f\u00e9rences culturelles. Cette connaissance locale renforce la valeur de nos services. <em>groupes de discussion sur les soins de sant\u00e9<\/em>, fournissant des informations pertinentes \u00e0 l\u2019\u00e9chelle mondiale et exploitables au niveau local.<\/p>\n\n\n\n<p><strong>7. Exp\u00e9rience av\u00e9r\u00e9e avec des marques de soins de sant\u00e9 de premier plan<\/strong><br>SIS International est un partenaire de confiance pour les principaux prestataires de soins de sant\u00e9, les soci\u00e9t\u00e9s pharmaceutiques et les fabricants de dispositifs m\u00e9dicaux. Nos clients appr\u00e9cient notre expertise dans la r\u00e9alisation de recherches fiables et de haute qualit\u00e9 avec des groupes de discussion sur les soins de sant\u00e9 qui saisissent des perspectives critiques et am\u00e9liorent leur planification strat\u00e9gique.<\/p>\n\n\n\n<h2 class=\"wp-block-heading\">\u00c0 propos de SIS International<\/h2>\n\n\n\n<p><a href=\"https:\/\/www.sisinternational.com\/fr\/\">SIS International<\/a> propose des recherches quantitatives, qualitatives et strat\u00e9giques. Nous fournissons des donn\u00e9es, des outils, des strat\u00e9gies, des rapports et des informations pour la prise de d\u00e9cision. Nous menons \u00e9galement des entretiens, des enqu\u00eates, des groupes de discussion et d\u2019autres m\u00e9thodes et approches d\u2019\u00e9tudes de march\u00e9.<a href=\"https:\/\/www.sisinternational.com\/fr\/a-propos-de-la-recherche-internationale-sis\/contact-sis-international-market-research\/\"> Contactez nous<\/a> pour votre prochain projet d&#039;\u00e9tude de march\u00e9.<\/p>\n\n\n\n<p><\/p>","protected":false},"excerpt":{"rendered":"<p>L\u2019\u00e9tude de march\u00e9 sur les groupes de discussion sur les soins de sant\u00e9 aide les fournisseurs \u00e0 identifier les commentaires sur les produits ou les concepts, les exigences des utilisateurs finaux et les besoins non satisfaits.<\/p>","protected":false},"author":1,"featured_media":62429,"parent":11294,"menu_order":136,"comment_status":"closed","ping_status":"closed","template":"","meta":{"footnotes":""},"class_list":["post-40708","page","type-page","status-publish","has-post-thumbnail"],"_links":{"self":[{"href":"https:\/\/www.sisinternational.com\/fr\/wp-json\/wp\/v2\/pages\/40708","targetHints":{"allow":["GET"]}}],"collection":[{"href":"https:\/\/www.sisinternational.com\/fr\/wp-json\/wp\/v2\/pages"}],"about":[{"href":"https:\/\/www.sisinternational.com\/fr\/wp-json\/wp\/v2\/types\/page"}],"author":[{"embeddable":true,"href":"https:\/\/www.sisinternational.com\/fr\/wp-json\/wp\/v2\/users\/1"}],"replies":[{"embeddable":true,"href":"https:\/\/www.sisinternational.com\/fr\/wp-json\/wp\/v2\/comments?post=40708"}],"version-history":[{"count":8,"href":"https:\/\/www.sisinternational.com\/fr\/wp-json\/wp\/v2\/pages\/40708\/revisions"}],"predecessor-version":[{"id":81274,"href":"https:\/\/www.sisinternational.com\/fr\/wp-json\/wp\/v2\/pages\/40708\/revisions\/81274"}],"up":[{"embeddable":true,"href":"https:\/\/www.sisinternational.com\/fr\/wp-json\/wp\/v2\/pages\/11294"}],"wp:featuredmedia":[{"embeddable":true,"href":"https:\/\/www.sisinternational.com\/fr\/wp-json\/wp\/v2\/media\/62429"}],"wp:attachment":[{"href":"https:\/\/www.sisinternational.com\/fr\/wp-json\/wp\/v2\/media?parent=40708"}],"curies":[{"name":"wp","href":"https:\/\/api.w.org\/{rel}","templated":true}]}}