{"id":40706,"date":"2022-06-26T01:34:59","date_gmt":"2022-06-26T01:34:59","guid":{"rendered":"https:\/\/www.sisinternational.com\/?page_id=40706"},"modified":"2026-02-15T16:42:29","modified_gmt":"2026-02-15T21:42:29","slug":"etude-de-marche-des-boissons-alimentaires","status":"publish","type":"page","link":"https:\/\/www.sisinternational.com\/fr\/competence\/etude-de-marche-des-boissons-alimentaires\/","title":{"rendered":"\u00c9tude de march\u00e9 sur les aliments et les boissons"},"content":{"rendered":"<h1 class=\"wp-block-heading\">\u00c9tude de march\u00e9 sur les aliments et les boissons<\/h1>\n\n\n\n<figure class=\"gb-block-image gb-block-image-e5859696\"><img loading=\"lazy\" decoding=\"async\" width=\"1456\" height=\"816\" class=\"gb-image gb-image-e5859696\" src=\"https:\/\/www.sisinternational.com\/wp-content\/uploads\/2025\/08\/Alcoholic-beverage-3.jpg\" alt=\"\u00c9tudes de march\u00e9 et strat\u00e9gie internationales SIS\" title=\"Alcoholic beverage (3)\" srcset=\"https:\/\/www.sisinternational.com\/wp-content\/uploads\/2025\/08\/Alcoholic-beverage-3.jpg 1456w, https:\/\/www.sisinternational.com\/wp-content\/uploads\/2025\/08\/Alcoholic-beverage-3-300x168.jpg 300w, https:\/\/www.sisinternational.com\/wp-content\/uploads\/2025\/08\/Alcoholic-beverage-3-1024x574.jpg 1024w, https:\/\/www.sisinternational.com\/wp-content\/uploads\/2025\/08\/Alcoholic-beverage-3-768x430.jpg 768w, https:\/\/www.sisinternational.com\/wp-content\/uploads\/2025\/08\/Alcoholic-beverage-3-18x10.jpg 18w\" sizes=\"auto, (max-width: 1456px) 100vw, 1456px\"><\/figure>\n\n\n\n<p><\/p>\n\n\n\n<hr class=\"wp-block-separator has-alpha-channel-opacity is-style-dots\"\/>\n\n\n\n<p>L\u2019industrie agroalimentaire est en pleine mutation. Plusieurs facteurs cr\u00e9ent des changements dans l\u2019industrie. Ces facteurs comprennent l\u2019urbanisation, l\u2019augmentation de la croissance d\u00e9mographique et l\u2019\u00e9volution des tendances de consommation. La tendance vers des aliments et des boissons \u00e0 base d\u2019\u00e9l\u00e9ments naturels est en hausse dans le monde entier. La tendance \u00e0 la livraison de nourriture en ligne est \u00e9galement en croissance, ce qui fera l&#039;objet de ce rapport.<\/p>\n\n\n\n<h2 class=\"wp-block-heading\">Livraison de nourriture<\/h2>\n\n\n\n<p><a name=\"_GoBack\"><\/a>Consumers can now order from a broad selection of eateries with a single tap of their mobile phones. Online food delivery platforms continue to increase accessibility and choice. New <a title=\"\u00c9tude de march\u00e9 sur les plateformes automobiles en ligne\" data-wpil-monitor-id=\"8312\" href=\"https:\/\/www.sisinternational.com\/fr\/competence\/les-industries\/etude-de-marche-sur-une-plateforme-automobile-en-ligne\/\">online platforms<\/a> are racing to capture consumers and new markets. Platforms are springing up across Asia, <a class=\"wpil_keyword_link\" title=\"Les Am\u00e9riques\" data-wpil-keyword-link=\"linked\" data-wpil-monitor-id=\"408\" href=\"https:\/\/www.sisinternational.com\/fr\/couverture\/les-ameriques\/\">the Americas<\/a>, the Middle East, and Europe. The industry that transports restaurant meals to homes is experiencing rapid change.<\/p>\n\n\n\n<h2 class=\"wp-block-heading\">Analyse du march\u00e9 des applications de livraison de nourriture en ligne<\/h2>\n\n\n\n<p>Convenience is the primary factor driving the <a href=\"https:\/\/www.sisinternational.com\/fr\/transporteurs-low-cost-dans-lindustrie-aeronautique\/\" title=\"\u00c9tude de march\u00e9 sur les compagnies a\u00e9riennes \u00e0 bas prix\" data-wpil-monitor-id=\"8310\">global online food delivery app market<\/a>. The Americas are the most extensive online on-demand <a href=\"https:\/\/www.sisinternational.com\/fr\/competence\/les-industries\/etude-de-marche-des-aliments-surgeles\/\" title=\"\u00c9tude de march\u00e9 des aliments surgel\u00e9s\" data-wpil-monitor-id=\"8313\">food delivery services market<\/a>. This demand is due to the high penetration of smartphones. The <a href=\"https:\/\/www.sisinternational.com\/fr\/solutions\/recherche-de-conseil-en-strategie-fintech\/etude-de-marche-sur-les-services-financiers\/\" title=\"\u00c9tude de march\u00e9 sur les services financiers\" data-wpil-monitor-id=\"8314\">market for these services<\/a> is also growing in South America. In that region, several startups are building successful on-demand solutions for food delivery. These startups are taking advantage of South America&#8217;s well-connected population.<\/p>\n\n\n\n<p>Par rapport \u00e0 l\u2019appel d\u2019un restaurant, l\u2019application de livraison de nourriture est une solution int\u00e9ressante. Les restaurants mettent les consommateurs en attente pendant de longues p\u00e9riodes. Les consommateurs trouvent \u00e9galement fastidieux le processus consistant \u00e0 demander les informations de leur carte de cr\u00e9dit. Les applications permettent aux consommateurs d&#039;essayer de nouveaux aliments et de nouveaux restaurants. L\u2019inconv\u00e9nient est qu\u2019ils r\u00e9duisent les contacts entre humains.<\/p>\n\n\n\n<h3 class=\"wp-block-heading\"><span style=\"color: #cda349;\">Uber mange<\/span><\/h3>\n\n\n\n<p>Uber Eats is now a significant player in the <a href=\"https:\/\/www.sisinternational.com\/fr\/competence\/les-industries\/etude-de-marche-sur-les-aliments-pour-animaux-de-compagnie\/\" title=\"\u00c9tude de march\u00e9 sur les aliments pour animaux de compagnie\" data-wpil-monitor-id=\"8315\">food delivery app market<\/a>. Being featured in the app is a boon for restaurateurs. Loyal customers can enjoy that restaurant more often, and new clients can discover it. It\u2019s a <a href=\"https:\/\/www.sisinternational.com\/fr\/competence\/cv-dexperience\/cv-dexperience-dans-lindustrie-des-boissons-de-restauration-rapide\/\" title=\"Exp\u00e9rience d\u2019\u00e9tude de march\u00e9 sur la restauration rapide et les boissons\" data-wpil-monitor-id=\"8316\">fast and reliable way to get food<\/a> to customers. It\u2019s also easy to set up. Uber promotes the menu and supplies the drivers to take food from the restaurant to the consumer.<\/p>\n\n\n\n<p>Le <a href=\"https:\/\/www.sisinternational.com\/fr\/competence\/les-industries\/conseil-en-strategie-detudes-de-marche-alimentaire-d2c\/\" title=\"D2C \u00c9tudes de march\u00e9 alimentaire et conseil en strat\u00e9gie\" data-wpil-monitor-id=\"8317\">food delivery app market<\/a> is also providing employment. It\u2019s easy to sign up as an Uber Eats driver, and deliver using a car, bike, or scooter. Other food delivery app platforms are hiring drivers as well. The glut in delivery jobs is excellent news for people who wish to supplement their income.<\/p>\n\n\n\n<p>Le processus est simple. Les consommateurs passent une commande aupr\u00e8s de leur restaurant pr\u00e9f\u00e9r\u00e9 via l&#039;application Uber Eats. L&#039;application informe le chauffeur Uber Eats. Il r\u00e9cup\u00e8re ensuite la demande au restaurant et la livre au consommateur.<\/p>\n\n\n\n<h3 class=\"wp-block-heading\"><span style=\"color: #cda349;\">Autres soci\u00e9t\u00e9s de livraison de nourriture en ligne<\/span><\/h3>\n\n\n\n<p>Outre Uber Eats, il existe plusieurs autres soci\u00e9t\u00e9s de livraison de nourriture en ligne. L\u2019un des plus populaires est DoorDash, qui livrera partout o\u00f9 se trouvent les consommateurs. Comme Uber Eats, DoorDash offre des opportunit\u00e9s d&#039;emploi aux chauffeurs. Ces chauffeurs fonctionnent selon leurs horaires et conditions. Comme cela est courant dans le secteur de la livraison de nourriture en ligne, DoorDash fournit la plateforme. Il suffit au restaurateur de s&#039;inscrire et de payer les frais et commissions requis.<\/p>\n\n\n\n<p>Postmates est une autre solution de livraison de nourriture en ligne. Outre la nourriture, ils livrent \u00e9galement des boissons, des produits d&#039;\u00e9picerie et d&#039;autres produits de consommation. Leur mod\u00e8le est diff\u00e9rent de celui des autres entreprises de livraison de nourriture car elles facturent des frais annuels forfaitaires pour les livraisons. Postmates est le plus grand r\u00e9seau de livraison \u00e0 la demande du pays.<\/p>\n\n\n\n<h2 class=\"wp-block-heading\">Pourquoi s&#039;associer \u00e0 une entreprise de livraison de nourriture ?<\/h2>\n\n\n\n<p>S&#039;associer \u00e0 une entreprise de livraison de nourriture pr\u00e9sente plusieurs avantages. Il permet aux restaurateurs d&#039;\u00e9largir leur march\u00e9, leur donnant acc\u00e8s \u00e0 l&#039;ensemble de la ville. Ce march\u00e9 est bien plus important que les quelques p\u00e2t\u00e9s de maisons entourant leur \u00e9tablissement. Cela leur permet \u00e9galement de gagner de nouveaux clients. Une fois qu\u2019une application de livraison de nourriture dominante pr\u00e9sente le restaurant, elle augmente sa visibilit\u00e9.<\/p>\n\n\n\n<p>Restaurateurs are turning to food delivery as a method to boost declining traffic. Food delivery apps are a secret weapon in the fight to induce more patrons to eat out. Food delivery sales have grown in recent years, while restaurant traffic has flatlined. Uber Eats, DoorDash, and other mobile ordering apps are aiding this growth. It\u2019s easy to see that delivery apps are a significant turning point in the <a href=\"https:\/\/www.sisinternational.com\/fr\/competence\/cv-dexperience\/nourriture-et-boissons-en-asie-pacifique\/\" title=\"\u00c9tude de march\u00e9 sur les aliments et les boissons en Asie\" data-wpil-monitor-id=\"8311\">food and beverage market<\/a>. They are lifelines in an otherwise lackluster industry.<\/p>\n\n\n\n<p><\/p>","protected":false},"excerpt":{"rendered":"<p>Les applications de livraison de nourriture en ligne sont principalement motiv\u00e9es par la commodit\u00e9. Les Am\u00e9riques dominent le march\u00e9 des services de livraison de nourriture \u00e0 la demande.<\/p>","protected":false},"author":1,"featured_media":63164,"parent":14514,"menu_order":135,"comment_status":"closed","ping_status":"closed","template":"","meta":{"footnotes":""},"class_list":["post-40706","page","type-page","status-publish","has-post-thumbnail"],"_links":{"self":[{"href":"https:\/\/www.sisinternational.com\/fr\/wp-json\/wp\/v2\/pages\/40706","targetHints":{"allow":["GET"]}}],"collection":[{"href":"https:\/\/www.sisinternational.com\/fr\/wp-json\/wp\/v2\/pages"}],"about":[{"href":"https:\/\/www.sisinternational.com\/fr\/wp-json\/wp\/v2\/types\/page"}],"author":[{"embeddable":true,"href":"https:\/\/www.sisinternational.com\/fr\/wp-json\/wp\/v2\/users\/1"}],"replies":[{"embeddable":true,"href":"https:\/\/www.sisinternational.com\/fr\/wp-json\/wp\/v2\/comments?post=40706"}],"version-history":[{"count":5,"href":"https:\/\/www.sisinternational.com\/fr\/wp-json\/wp\/v2\/pages\/40706\/revisions"}],"predecessor-version":[{"id":82698,"href":"https:\/\/www.sisinternational.com\/fr\/wp-json\/wp\/v2\/pages\/40706\/revisions\/82698"}],"up":[{"embeddable":true,"href":"https:\/\/www.sisinternational.com\/fr\/wp-json\/wp\/v2\/pages\/14514"}],"wp:featuredmedia":[{"embeddable":true,"href":"https:\/\/www.sisinternational.com\/fr\/wp-json\/wp\/v2\/media\/63164"}],"wp:attachment":[{"href":"https:\/\/www.sisinternational.com\/fr\/wp-json\/wp\/v2\/media?parent=40706"}],"curies":[{"name":"wp","href":"https:\/\/api.w.org\/{rel}","templated":true}]}}