{"id":40692,"date":"2022-06-25T01:57:26","date_gmt":"2022-06-25T01:57:26","guid":{"rendered":"https:\/\/www.sisinternational.com\/?page_id=40692"},"modified":"2026-01-24T20:50:49","modified_gmt":"2026-01-25T01:50:49","slug":"etude-de-marche-pour-une-entreprise-de-design","status":"publish","type":"page","link":"https:\/\/www.sisinternational.com\/fr\/competence\/etude-de-marche-pour-une-entreprise-de-design\/","title":{"rendered":"\u00c9tude de march\u00e9 des entreprises de conception"},"content":{"rendered":"<h1 class=\"wp-block-heading\">\u00c9tude de march\u00e9 des entreprises de conception<\/h1>\n\n\n\n<figure class=\"gb-block-image gb-block-image-6a60835a\"><img loading=\"lazy\" decoding=\"async\" width=\"1456\" height=\"816\" class=\"gb-image gb-image-6a60835a\" src=\"https:\/\/www.sisinternational.com\/wp-content\/uploads\/2025\/09\/Predictive-analytics-146.jpg\" alt=\"\u00c9tudes de march\u00e9 et strat\u00e9gie internationales SIS\" title=\"Predictive analytics (146)\" srcset=\"https:\/\/www.sisinternational.com\/wp-content\/uploads\/2025\/09\/Predictive-analytics-146.jpg 1456w, https:\/\/www.sisinternational.com\/wp-content\/uploads\/2025\/09\/Predictive-analytics-146-300x168.jpg 300w, https:\/\/www.sisinternational.com\/wp-content\/uploads\/2025\/09\/Predictive-analytics-146-1024x574.jpg 1024w, https:\/\/www.sisinternational.com\/wp-content\/uploads\/2025\/09\/Predictive-analytics-146-768x430.jpg 768w, https:\/\/www.sisinternational.com\/wp-content\/uploads\/2025\/09\/Predictive-analytics-146-18x10.jpg 18w\" sizes=\"auto, (max-width: 1456px) 100vw, 1456px\"><\/figure>\n\n\n\n<hr class=\"wp-block-separator has-alpha-channel-opacity is-style-dots\"\/>\n\n\n\n<h2 class=\"wp-block-heading\">L\u2019essor des entreprises d\u2019innovation et de design<\/h2>\n\n\n\n<p>The term \u201cinnovation\u201d only came into everyday use at the start of the twentieth century. Since then, it has become symbolic of contemporary society. Dedicated innovation and design firms are one of the features of modern business. Some larger firms offer these <a href=\"https:\/\/www.sisinternational.com\/fr\/solutions\/recherche-de-conseil-en-strategie-fintech\/conseil-en-gestion-de-transactions-de-services-financiers\/\" title=\"Conseil en gestion des transactions de services financiers\"  data-wpil-monitor-id=\"8295\">services as part of management consulting<\/a>. Others select either innovation or design as their only focus. They provide expertise in this essential area.<\/p>\n\n\n\n<p>Les entreprises de design aident les entreprises \u00e0 cr\u00e9er de nouveaux produits. Ils d\u00e9veloppent des prototypes qu\u2019ils peuvent tester gr\u00e2ce \u00e0 des \u00e9tudes de march\u00e9. Ces entreprises contribuent \u00e0 cr\u00e9er une gamme illimit\u00e9e de produits. Des appareils \u00e9lectrom\u00e9nagers aux meubles en passant par les fournitures pour animaux de compagnie, ils ont tout couvert. Ils aident \u00e0 l\u2019invention, au brevetage, \u00e0 l\u2019image de marque et \u00e0 l\u2019emballage. Ils effectuent \u00e9galement la conception m\u00e9canique, l\u2019ing\u00e9nierie et les tests de produits.<\/p>\n\n\n\n<p>Design firms often use storytelling to communicate consumer insights to their clients. <a href=\"https:\/\/www.sisinternational.com\/fr\/solutions\/solutions-de-branding-et-de-recherche-client\/etude-de-marche-narrative\/\" title=\"\u00c9tude de march\u00e9 sur le storytelling\"  data-wpil-monitor-id=\"8296\">Telling the story<\/a> of a brand is a critical part of building it. Science has confirmed an innate desire in humans for stories. A good story is universal, and it makes consumers feel something. Forbes has dubbed storytelling \u201cthe new strategic imperative of business.\u201d According to author Seth Godin, marketing is no longer about the stuff that you make. It is about the stories that you tell.<\/p>\n\n\n\n<h2 class=\"wp-block-heading\">Les entreprises de conception ont besoin d\u2019\u00e9tudes de march\u00e9 qualitatives<\/h2>\n\n\n\n<p>Design firms use Ethnography, a form of Qualitative Research, to gain design insights. Design Ethnographers visit participants to observe and interview them. With Design Ethnography, the <a href=\"https:\/\/www.sisinternational.com\/fr\/competence\/les-industries\/etude-de-marche-sur-les-peuples-autochtones\/\" title=\"\u00c9tude de march\u00e9 sur les peuples autochtones\"  data-wpil-monitor-id=\"8300\">researcher does not only ask people<\/a> what they want. He or she also tries to find out why people desire those things. They answer questions like, what goals are users trying to achieve? How do they do it at present? What parts do they like or dislike?<\/p>\n\n\n\n<p>Another form of Qualitative <a href=\"https:\/\/www.sisinternational.com\/fr\/le-role-du-developpement-de-processus-et-de-systemes-dans-la-reussite-organisationnelle\/\" title=\"\u00c9tude de march\u00e9 sur la conception organisationnelle\"  data-wpil-monitor-id=\"2939\">Research that design<\/a> firms use is Focus Groups. These groups tell the designers what they like or dislike about their product. It\u2019s best to observe these groups in real-life situations. For example, don&#8217;t show participants an artist\u2019s rendering of the design concept. Instead, let them look at a prototype of the product. After that, all the researchers need to do is to ask the right questions. In that way, they will gain the insight required to fuel the design process.<\/p>\n\n\n\n<p>A third method is Customer Interviews. Taking the time to interview prospective users or customers is beneficial. <a href=\"https:\/\/www.sisinternational.com\/fr\/competence\/cv-dexperience\/etude-de-marche-sur-les-produits-de-soins-personnels\/\" title=\"\u00c9tude de march\u00e9 sur les produits de soins personnels\"  data-wpil-monitor-id=\"8299\">Researchers can talk to interviewees in person<\/a> or over the phone. These discussions help design firms to understand consumer needs. It\u2019s a chance to move away from the company\u2019s internal views and perceptions of how things are. Consumer Interviews can be quite simple. However, if they show how consumers think or behave, they can shape the direction of a project.<\/p>\n\n\n\n<h2 class=\"wp-block-heading\">Avantages de la recherche en conception<\/h2>\n\n\n\n<h3 class=\"wp-block-heading\">La recherche en design pr\u00e9sente plusieurs avantages. Ceux-ci inclus:<\/h3>\n\n\n\n<ul class=\"wp-block-list\">\n<li><span style=\"color: #0b5d95;\"><a href=\"https:\/\/www.sisinternational.com\/fr\/solutions\/solutions-de-branding-et-de-recherche-client\/etude-de-marche-sur-les-tests-de-produits\/new-product-concept-testing-methods\/\" title=\"New Product Concept Testing Methods\"  data-wpil-monitor-id=\"8294\">Tester de nouveaux concepts de produits<\/a><\/span><\/li>\n\n\n\n<li><span style=\"color: #0b5d95;\">Comprendre les besoins non satisfaits des clients<\/span><\/li>\n\n\n\n<li><span style=\"color: #0b5d95;\">Comprendre les exigences d&#039;utilisabilit\u00e9<\/span><\/li>\n\n\n\n<li><span style=\"color: #0b5d95;\">Comprendre les besoins \u00e9motionnels et fonctionnels des clients<\/span><\/li>\n\n\n\n<li><span style=\"color: #0b5d95;\">\u201cCustomer Discovery\u201d <a href=\"https:\/\/www.sisinternational.com\/fr\/solutions\/connaissance-du-client\/\" title=\"Connaissance du client\"  data-wpil-monitor-id=\"8297\">insights<\/a>. Companies can understand their best customers and what their lifestyles are like<\/span><\/li>\n<\/ul>\n\n\n\n<h2 class=\"wp-block-heading\">SIS International Research fournit des services de recrutement<\/h2>\n\n\n\n<p><a name=\"_GoBack\"><\/a>We provide the recruitment of participants for market research studies. We recruit from our database consisting of more than _____ individuals. We also recruit Ethnography respondents. These respondents help design firms understand specific groups. Ethnographic respondents show how different <a href=\"https:\/\/www.sisinternational.com\/fr\/solutions\/groupes-de-discussion\/professional-focus-group-services\/\" title=\"Professional Focus Group Services\"  data-wpil-monitor-id=\"8298\">groups use a product or service<\/a>. Another recruitment service that we provide is participants for customer interviews. Design firms can get interviewees targeted by demographics or geography. We also offer interviewees targeted by profession or any other criteria.<\/p>\n\n\n\n<p>SIS International provides respondents from around the world. These respondents provide insight and reactions to new products. Our focus is to give our clients respondents even in hard-to-reach demographics. We can provide insights from smaller countries. We also gain <a href=\"https:\/\/www.sisinternational.com\/fr\/focus-groups-that-deliver-real-voices-real-insight-real-advantage\/\" title=\"Focus Groups That Deliver Real Voices, Real Insight, Real Advantage\"  data-wpil-monitor-id=\"8301\">insights from difficult target groups<\/a>. These groups include teens, males, and Hispanics. Our reach ensures that you are speaking to a diverse sample. We always ensure that your cross-section is representative of your global users.<\/p>\n\n\n\n<p><\/p>","protected":false},"excerpt":{"rendered":"<p>Les entreprises de design cr\u00e9ent de nouveaux produits et les testent gr\u00e2ce \u00e0 des \u00e9tudes de march\u00e9. Ils couvrent une large gamme de produits, d\u2019aliments et d\u2019appareils \u00e9lectrom\u00e9nagers.<\/p>","protected":false},"author":1,"featured_media":70233,"parent":14514,"menu_order":133,"comment_status":"closed","ping_status":"closed","template":"","meta":{"footnotes":""},"class_list":["post-40692","page","type-page","status-publish","has-post-thumbnail"],"_links":{"self":[{"href":"https:\/\/www.sisinternational.com\/fr\/wp-json\/wp\/v2\/pages\/40692","targetHints":{"allow":["GET"]}}],"collection":[{"href":"https:\/\/www.sisinternational.com\/fr\/wp-json\/wp\/v2\/pages"}],"about":[{"href":"https:\/\/www.sisinternational.com\/fr\/wp-json\/wp\/v2\/types\/page"}],"author":[{"embeddable":true,"href":"https:\/\/www.sisinternational.com\/fr\/wp-json\/wp\/v2\/users\/1"}],"replies":[{"embeddable":true,"href":"https:\/\/www.sisinternational.com\/fr\/wp-json\/wp\/v2\/comments?post=40692"}],"version-history":[{"count":5,"href":"https:\/\/www.sisinternational.com\/fr\/wp-json\/wp\/v2\/pages\/40692\/revisions"}],"predecessor-version":[{"id":81392,"href":"https:\/\/www.sisinternational.com\/fr\/wp-json\/wp\/v2\/pages\/40692\/revisions\/81392"}],"up":[{"embeddable":true,"href":"https:\/\/www.sisinternational.com\/fr\/wp-json\/wp\/v2\/pages\/14514"}],"wp:featuredmedia":[{"embeddable":true,"href":"https:\/\/www.sisinternational.com\/fr\/wp-json\/wp\/v2\/media\/70233"}],"wp:attachment":[{"href":"https:\/\/www.sisinternational.com\/fr\/wp-json\/wp\/v2\/media?parent=40692"}],"curies":[{"name":"wp","href":"https:\/\/api.w.org\/{rel}","templated":true}]}}