{"id":40688,"date":"2022-06-25T00:49:55","date_gmt":"2022-06-25T00:49:55","guid":{"rendered":"https:\/\/www.sisinternational.com\/?page_id=40688"},"modified":"2025-10-01T19:33:11","modified_gmt":"2025-10-01T23:33:11","slug":"conseil-en-visualisation-de-donnees","status":"publish","type":"page","link":"https:\/\/www.sisinternational.com\/fr\/competence\/conseil-en-visualisation-de-donnees\/","title":{"rendered":"Conseil en visualisation de donn\u00e9es"},"content":{"rendered":"<h1 class=\"wp-block-heading\">Conseil en visualisation de donn\u00e9es<\/h1>\n\n\n\n<figure class=\"gb-block-image gb-block-image-c677d547\"><img loading=\"lazy\" decoding=\"async\" width=\"1456\" height=\"816\" class=\"gb-image gb-image-c677d547\" src=\"https:\/\/www.sisinternational.com\/wp-content\/uploads\/2025\/09\/Predictive-analytics-44.jpg\" alt=\"\u00c9tudes de march\u00e9 et strat\u00e9gie internationales SIS\" title=\"Predictive analytics (44)\" srcset=\"https:\/\/www.sisinternational.com\/wp-content\/uploads\/2025\/09\/Predictive-analytics-44.jpg 1456w, https:\/\/www.sisinternational.com\/wp-content\/uploads\/2025\/09\/Predictive-analytics-44-300x168.jpg 300w, https:\/\/www.sisinternational.com\/wp-content\/uploads\/2025\/09\/Predictive-analytics-44-1024x574.jpg 1024w, https:\/\/www.sisinternational.com\/wp-content\/uploads\/2025\/09\/Predictive-analytics-44-768x430.jpg 768w, https:\/\/www.sisinternational.com\/wp-content\/uploads\/2025\/09\/Predictive-analytics-44-18x10.jpg 18w\" sizes=\"auto, (max-width: 1456px) 100vw, 1456px\"><\/figure>\n\n\n\n<p><\/p>\n\n\n\n<p>L\u2019obtention d\u2019informations ou de donn\u00e9es n\u2019est plus un processus lent et fastidieux. Les donn\u00e9es ne se trouvent plus uniquement dans les encyclop\u00e9dies ou les livres de la biblioth\u00e8que communautaire. Nous sommes d\u00e9sormais dans une \u00e9poque o\u00f9 de nombreuses donn\u00e9es ou informations sont disponibles \u00e0 port\u00e9e de main. Nous risquons une surcharge d\u2019informations. Nous devons trouver des moyens de trier, compresser et utiliser ce nouveau volume d\u2019informations. Il existe plusieurs m\u00e9thodes pour transformer ces donn\u00e9es. Nous pouvons les transformer en informations exploitables, m\u00e9morisables et utilisables. L&#039;une de ces m\u00e9thodes est la visualisation des donn\u00e9es.<\/p>\n\n\n\n<h2 class=\"wp-block-heading\">Qu\u2019est-ce que la visualisation de donn\u00e9es ?<\/h2>\n\n\n\n<p>Les experts d\u00e9crivent la visualisation des donn\u00e9es comme repr\u00e9sentant les donn\u00e9es graphiquement ou visuellement. C&#039;est un moyen de permettre au cerveau de saisir les informations plus rapidement. La visualisation des donn\u00e9es montre les relations. Il montre comment les informations pr\u00e9sent\u00e9es se rapportent au r\u00e9sultat d\u2019un objectif ou d\u2019un objectif sp\u00e9cifique. \u00c0 son tour, cela permet d\u2019effectuer l\u2019analyse des donn\u00e9es plus rapidement.<\/p>\n\n\n\n<h2 class=\"wp-block-heading\">Cat\u00e9gories de visualisation de donn\u00e9es<\/h2>\n\n\n\n<h3 class=\"wp-block-heading\">Les cinq principales cat\u00e9gories de visualisation de donn\u00e9es sont les suivantes\u00a0:<\/h3>\n\n\n\n<ul class=\"wp-block-list\">\n<li><strong>Hi\u00e9rarchique\u00a0: <\/strong>utilis\u00e9 pour afficher des groupes d\u2019informations provenant d\u2019une seule source. Les exemples courants utilis\u00e9s sont les diagrammes en anneaux, les diagrammes en arbre et en rayon de soleil.<\/li>\n\n\n\n<li><strong>Temporel: <\/strong>Ce type de visualisation est unidimensionnel et lin\u00e9aire. Cette cat\u00e9gorie pr\u00e9sente des lignes qui se chevauchent ou qui sont autonomes. Les nuages de points, les graphiques lin\u00e9aires et les chronologies entrent tous dans cette cat\u00e9gorie.<\/li>\n\n\n\n<li><strong>Multidimensionnel: <\/strong>Ces visualisations ont tendance \u00e0 afficher des donn\u00e9es comportant deux variables ou plus. Ce sont g\u00e9n\u00e9ralement les m\u00e9thodes les plus attrayantes ou les plus accrocheuses. Les exemples incluent les diagrammes de Venn, les histogrammes et les graphiques \u00e0 barres empil\u00e9es.<\/li>\n\n\n\n<li><strong>R\u00e9seau: <\/strong>Montrer comment un ensemble de donn\u00e9es se connecte ou se rapporte \u00e0 d\u2019autres \u00e9l\u00e9ments d\u2019information. Ce type utilise peu ou pas de mots pour montrer les relations. Les graphiques matriciels, les nuages de mots et les diagrammes n\u0153uds-liens montrent la connexion entre les r\u00e9seaux.<\/li>\n\n\n\n<li><strong>G\u00e9ospatial\u00a0: <\/strong>This category shows changes in sales over a specific period. It can show other changes, such as demographics or even acquisitions. <a href=\"https:\/\/www.sisinternational.com\/fr\/couverture\/leurope-%ef%83%97\/etude-de-marche-liverpool-royaume-uni\/\" title=\"\u00c9tude de march\u00e9 \u00e0 Liverpool | Groupes de discussion et collecte de donn\u00e9es au Royaume-Uni\"  data-wpil-monitor-id=\"7731\">Researchers drape familiar maps with different data<\/a> points. These points represent real-time physical locations. Examples include Flow maps, Density maps, and heat maps.<\/li>\n<\/ul>\n\n\n\n<h2 class=\"wp-block-heading\">Pourquoi les managers ont besoin de visualisation dans le monde en \u00e9volution rapide d&#039;aujourd&#039;hui<\/h2>\n\n\n\n<p>To be effective, managers <a href=\"https:\/\/www.sisinternational.com\/fr\/analysis-b2b\/\" title=\"What Business Leaders Need to Know Right Now\"  data-wpil-monitor-id=\"7735\">need<\/a> to understand information about their specific business. They also need the ability to manipulate this data into actionable information. One of these ways is mastering Data Visualization techniques. Placing complex data into a visual presentation has many advantages. It allows managers and their teams to comprehend the current state of the <a href=\"https:\/\/www.sisinternational.com\/fr\/couverture\/les-ameriques\/etude-de-marche-dans-les-caraibes\/societe-de-conseil-en-gestion-des-caraibes\/\" title=\"Soci\u00e9t\u00e9 carib\u00e9enne de conseil en gestion\"  data-wpil-monitor-id=\"7732\">company<\/a>. It assists in pinpointing patterns that are detrimental to the business. Data Visualization can also help executives in making informed decisions. They can come up with better strategies geared towards the success of the <a href=\"https:\/\/www.sisinternational.com\/fr\/couverture\/les-ameriques\/etude-de-marche-dans-les-caraibes\/societe-de-conseil-en-strategie-caribeenne\/\" title=\"Soci\u00e9t\u00e9 de conseil en strat\u00e9gie carib\u00e9enne\"  data-wpil-monitor-id=\"7733\">company<\/a>.<\/p>\n\n\n\n<h2 class=\"wp-block-heading\">Can Data Visualization Consulting make businesses more productive?<\/h2>\n\n\n\n<p>Information is power. What good is a power that you can&#8217;t use? Data <a href=\"https:\/\/www.sisinternational.com\/fr\/solutions\/etude-de-marche-sur-la-transformation-des-entreprises\/\" title=\"\u00c9tude de march\u00e9 sur la transformation des entreprises\"  data-wpil-monitor-id=\"7734\">transformed<\/a> into actionable information can take a business to new, effective heights. Data Visualization lets you know where your <a href=\"https:\/\/www.sisinternational.com\/fr\/solutions\/conseil-en-tourisme-de-voyage-et-en-hotellerie\/etude-de-marche-dune-entreprise-de-guides-touristiques\/\" title=\"\u00c9tude de march\u00e9 sur les soci\u00e9t\u00e9s de guides touristiques\"  data-wpil-monitor-id=\"7730\">company stands in the market<\/a> world. It allows you to paint a picture of your future goals. It will assist not only management but also staff to work together to achieve the shared goals.<\/p>\n\n\n\n<p><a name=\"_GoBack\"><\/a>La visualisation des donn\u00e9es s\u2019\u00e9loigne de la voix morne et monotone habituelle lors d\u2019une r\u00e9union. Cela conduit \u00e0 l\u2019engagement, \u00e0 la contribution et aux actions de la part des autres membres de votre \u00e9quipe. Cela permet aux gens de s\u2019impliquer davantage dans le r\u00e9sultat plut\u00f4t que d\u2019\u00eatre distants et indiff\u00e9rents. Il met en avant des informations qui ne sont pas faciles \u00e0 traiter. Il \u00e9limine la grande pile de documents et de chiffres et s\u2019adresse \u00e0 une population plus large.<\/p>\n\n\n\n<p>La visualisation des donn\u00e9es est la prochaine \u00e9tape logique si vous avez besoin d&#039;absorber rapidement des informations. Il vous permet de tracer votre prochaine \u00e9tape vers l\u2019efficacit\u00e9 en vous aidant \u00e0 relier les points. Il permet \u00e9galement d\u2019agir sur les informations pr\u00e9sent\u00e9es. Pourquoi? Parce que cela r\u00e9duit le temps n\u00e9cessaire \u00e0 la compr\u00e9hension des donn\u00e9es pr\u00e9sent\u00e9es.<\/p>\n\n\n\n<h2 class=\"wp-block-heading\">Conseil en SIS et visualisation de donn\u00e9es<\/h2>\n\n\n\n<p>We at <a href=\"https:\/\/www.sisinternational.com\/fr\/sis-devoile-une-plateforme-de-science-des-donnees-et-danalyse-quantitative\/\" title=\"SIS d\u00e9voile sa plateforme de science des donn\u00e9es et d&#039;analyse quantitative\"  data-wpil-monitor-id=\"7729\">SIS<\/a> will ensure that you present your data well. We want you to be effective when giving complex data to your target groups. We will use the best type of visualization to encourage engagement: our methods aid fast decision-making and prompt responses from your target audiences.<\/p>\n\n\n\n<p><\/p>","protected":false},"excerpt":{"rendered":"<p>Il existe plusieurs m\u00e9thodes pour transformer les donn\u00e9es en informations exploitables, m\u00e9morisables et utilisables. L&#039;une de ces m\u00e9thodes est la visualisation des donn\u00e9es.<\/p>","protected":false},"author":1,"featured_media":70260,"parent":14514,"menu_order":132,"comment_status":"closed","ping_status":"closed","template":"","meta":{"footnotes":""},"class_list":["post-40688","page","type-page","status-publish","has-post-thumbnail"],"_links":{"self":[{"href":"https:\/\/www.sisinternational.com\/fr\/wp-json\/wp\/v2\/pages\/40688","targetHints":{"allow":["GET"]}}],"collection":[{"href":"https:\/\/www.sisinternational.com\/fr\/wp-json\/wp\/v2\/pages"}],"about":[{"href":"https:\/\/www.sisinternational.com\/fr\/wp-json\/wp\/v2\/types\/page"}],"author":[{"embeddable":true,"href":"https:\/\/www.sisinternational.com\/fr\/wp-json\/wp\/v2\/users\/1"}],"replies":[{"embeddable":true,"href":"https:\/\/www.sisinternational.com\/fr\/wp-json\/wp\/v2\/comments?post=40688"}],"version-history":[{"count":4,"href":"https:\/\/www.sisinternational.com\/fr\/wp-json\/wp\/v2\/pages\/40688\/revisions"}],"predecessor-version":[{"id":81302,"href":"https:\/\/www.sisinternational.com\/fr\/wp-json\/wp\/v2\/pages\/40688\/revisions\/81302"}],"up":[{"embeddable":true,"href":"https:\/\/www.sisinternational.com\/fr\/wp-json\/wp\/v2\/pages\/14514"}],"wp:featuredmedia":[{"embeddable":true,"href":"https:\/\/www.sisinternational.com\/fr\/wp-json\/wp\/v2\/media\/70260"}],"wp:attachment":[{"href":"https:\/\/www.sisinternational.com\/fr\/wp-json\/wp\/v2\/media?parent=40688"}],"curies":[{"name":"wp","href":"https:\/\/api.w.org\/{rel}","templated":true}]}}