{"id":40680,"date":"2022-06-24T23:31:25","date_gmt":"2022-06-24T23:31:25","guid":{"rendered":"https:\/\/www.sisinternational.com\/?page_id=40680"},"modified":"2026-01-25T16:41:17","modified_gmt":"2026-01-25T21:41:17","slug":"externalisation-de-lanalyse-des-donnees","status":"publish","type":"page","link":"https:\/\/www.sisinternational.com\/fr\/competence\/externalisation-de-lanalyse-des-donnees\/","title":{"rendered":"Externalisation des \u00e9tudes de march\u00e9 en mati\u00e8re de donn\u00e9es et d\u2019analyses"},"content":{"rendered":"<h1 class=\"wp-block-heading\">Externalisation des \u00e9tudes de march\u00e9 en mati\u00e8re de donn\u00e9es et d\u2019analyses<\/h1>\n\n\n\n<figure class=\"gb-block-image gb-block-image-061f912c\"><img loading=\"lazy\" decoding=\"async\" width=\"1456\" height=\"816\" class=\"gb-image gb-image-061f912c\" src=\"https:\/\/www.sisinternational.com\/wp-content\/uploads\/2025\/09\/Predictive-analytics-80.jpg\" alt=\"\u00c9tudes de march\u00e9 et strat\u00e9gie internationales SIS\" title=\"Predictive analytics (80)\" srcset=\"https:\/\/www.sisinternational.com\/wp-content\/uploads\/2025\/09\/Predictive-analytics-80.jpg 1456w, https:\/\/www.sisinternational.com\/wp-content\/uploads\/2025\/09\/Predictive-analytics-80-300x168.jpg 300w, https:\/\/www.sisinternational.com\/wp-content\/uploads\/2025\/09\/Predictive-analytics-80-1024x574.jpg 1024w, https:\/\/www.sisinternational.com\/wp-content\/uploads\/2025\/09\/Predictive-analytics-80-768x430.jpg 768w, https:\/\/www.sisinternational.com\/wp-content\/uploads\/2025\/09\/Predictive-analytics-80-18x10.jpg 18w\" sizes=\"auto, (max-width: 1456px) 100vw, 1456px\"><\/figure>\n\n\n\n<hr class=\"wp-block-separator has-alpha-channel-opacity is-style-dots\"\/>\n\n\n\n<h2 class=\"wp-block-heading\">Votre entreprise a-t-elle besoin de <span lang=\"en-US\">D<\/span>\u00e0 <span lang=\"en-US\">UN<\/span>analytique ?<\/h2>\n\n\n\n<p>Vous sentez que votre entreprise manque d&#039;efficacit\u00e9, mais vous ne savez pas o\u00f9 est le probl\u00e8me ? Avoir l&#039;accompagnement d&#039;un professionnel <span lang=\"en-US\">D<\/span>\u00e0 &amp; <span lang=\"en-US\">UN<\/span>L&#039;\u00e9quipe nalytics est votre meilleur pari. Cela peut am\u00e9liorer l\u2019efficacit\u00e9 et la rentabilit\u00e9 de votre entreprise.<\/p>\n\n\n\n<p><span lang=\"en-US\">However, setting up an internal <a href=\"https:\/\/www.sisinternational.com\/fr\/competence\/les-industries\/conseil-en-analyse-de-science-des-donnees\/\" title=\"Conseil en science des donn\u00e9es et analytique\"  data-wpil-monitor-id=\"3687\">Data &amp; Analytics<\/a> team is an expensive and challenging task. Furthermore, it will take time for the new team to become productive. Until then, it will not add value to the organization.<\/p>\n\n\n\n<p><span lang=\"en-US\">Have you considered outsourcing your <a href=\"https:\/\/www.sisinternational.com\/fr\/solutions\/conseil-en-strategie\/analyse-des-donnees\/\" title=\"Soci\u00e9t\u00e9 d&#039;analyse de donn\u00e9es\"  data-wpil-monitor-id=\"10051\">Data &amp; Analytics<\/a> department? A professional consultancy office can provide you with the necessary analysis and reports. They can do so in a cost-effective manner. By outsourcing <span lang=\"en-US\">D<\/span>\u00e0 <span lang=\"en-US\">UN<\/span>nanalyse, vous recevrez \u00e9galement rapidement les rapports requis.<\/p>\n\n\n\n<p>Chez SIS Research, notre <span lang=\"en-US\">rapports<\/span> sont clairs et faciles \u00e0 dig\u00e9rer. Nous avons des agents exp\u00e9riment\u00e9s. Ils peuvent collecter et analyser vos donn\u00e9es beaucoup plus rapidement qu\u2019une \u00e9quipe interne ne pourrait le faire.<\/p>\n\n\n\n<p>Notre <a href=\"https:\/\/www.sisinternational.com\/fr\/solutions\/recherche-de-conseil-en-strategie-fintech\/etude-de-marche-sur-lanalyse-des-donnees-bancaires\/\" title=\"\u00c9tude de march\u00e9 sur l\u2019analyse des donn\u00e9es bancaires\"  data-wpil-monitor-id=\"10053\">Data &amp; Analytics<\/a> outsourcing teams know many analytical techniques. We can create insight into all your business processes. With more awareness, decision-making becomes more natural and more effective. You will lead your department or company in the right direction.<\/p>\n\n\n\n<h2 class=\"wp-block-heading\"><span lang=\"en-US\">Chez SIS Research, nous vous proposons<\/span>il suit <span lang=\"en-US\">prestations de service:<\/span><\/h2>\n\n\n\n<ul class=\"wp-block-list\">\n<li>Cr\u00e9er un <span lang=\"en-US\">D<\/span>\u00e0 <span lang=\"en-US\">V<\/span>actualisation et <span lang=\"en-US\">T<\/span>ableau. Cet outil montre vos r\u00e9sultats de mani\u00e8re graphique, facile \u00e0 dig\u00e9rer et \u00e0 comprendre. Nous pouvons le r\u00e9aliser selon vos exigences et vos souhaits.<\/li>\n\n\n\n<li>R\u00e9gression <span lang=\"en-US\">UN<\/span>L\u2019analyse montre la relation entre deux ou plusieurs variables. Cet outil vous aide \u00e0 comprendre comment les composants du syst\u00e8me sont li\u00e9s les uns aux autres. Il montre les \u00e9l\u00e9ments \u00e0 am\u00e9liorer pour cr\u00e9er un impact positif sur l\u2019organisation.<\/li>\n\n\n\n<li>With the Conjoint Analysis, you check how your <a href=\"https:\/\/www.sisinternational.com\/fr\/solutions\/test-de-gout\/services-de-test-de-produits-a-new-york\/\" title=\"Services de test de produits \u00e0 New York\"  data-wpil-monitor-id=\"10062\">products and services<\/a> perform. You also see how your customers perceive them. It breaks down the different components and features of your products and services. Customers can thus rate separate parts. This rating will provide valuable <a href=\"https:\/\/www.sisinternational.com\/fr\/competence\/les-industries\/directeur-de-linformation-cio-etudes-de-marche\/\" title=\"\u00c9tude de march\u00e9 du directeur de l\u2019information (CIO)\"  data-wpil-monitor-id=\"10061\">information to marketing<\/a> teams.<\/li>\n\n\n\n<li>Predictive Analytics predict <a href=\"https:\/\/www.sisinternational.com\/fr\/tendances-futures-des-etudes-de-marche-qualitatives\/\" title=\"Tendances futures en mati\u00e8re d&#039;\u00e9tudes de march\u00e9 qualitatives\"  data-wpil-monitor-id=\"10055\">future patterns and trends<\/a>. By analyzing historical data, we can predict future outcomes.<\/li>\n\n\n\n<li>L&#039;analyse de variance (ANOVA) compare la diff\u00e9rence entre plus de deux variables. Pour \u00eatre plus pr\u00e9cis, il examine la variation au sein des groupes. Il analyse \u00e9galement le changement entre les groupes. L&#039;ANOVA est un outil utile pour comprendre des ensembles de donn\u00e9es plus complexes.<\/li>\n\n\n\n<li>Montecarlo <a href=\"https:\/\/www.sisinternational.com\/fr\/solutions\/ai-etudes-de-marche-et-conseil-en-strategie\/analyse-detude-de-marche-sur-le-sentiment-ai\/\" title=\"Analyse de l\u2019\u00e9tude de march\u00e9 sur le sentiment d\u2019IA\"  data-wpil-monitor-id=\"10050\">Analysis allows researchers<\/a> to run several trials. Thus, we can define all possible outcomes of an event or investment.<\/li>\n\n\n\n<li>Donn\u00e9es <span lang=\"en-US\">M.<\/span>odeling examine les concepts pour lesquels vous souhaitez suivre les donn\u00e9es et ils deviennent les tables d&#039;une base de donn\u00e9es.<\/li>\n\n\n\n<li>SQL &amp; Python est un autre outil d&#039;analyse qui offre de nombreuses options aux data scientists. Cet outil facilite le traitement, l&#039;interrogation et l&#039;utilisation des donn\u00e9es collect\u00e9es.<\/li>\n\n\n\n<li>Nous proposons des analyses ROA et ROE. ROA <span lang=\"en-US\">repr\u00e9sente<\/span> Retour sur les actifs, et ROE est le retour sur capitaux propres.<\/li>\n\n\n\n<li>UN <span lang=\"en-US\">D<\/span>saisonnier <span lang=\"en-US\">R.<\/span>C&#039;est dans ce rapport que nous supprimons vos donn\u00e9es de leurs tendances saisonni\u00e8res.<\/li>\n<\/ul>\n\n\n\n<h3 class=\"wp-block-heading\">Nous proposons \u00e9galement un <span lang=\"en-US\">C<\/span>complet <span lang=\"en-US\">UN<\/span>analyse <span lang=\"en-US\">P.<\/span>paquet. Il comprend les \u00e9l\u00e9ments suivants\u00a0:<\/h3>\n\n\n\n<ul class=\"wp-block-list\">\n<li><span style=\"color: #0b5d95;\">Analyse de bo\u00eete<\/span><\/li>\n\n\n\n<li><span style=\"color: #0b5d95;\">Intervalles de confiance<\/span><\/li>\n\n\n\n<li><span style=\"color: #0b5d95;\">Analyse des valeurs aberrantes<\/span><\/li>\n\n\n\n<li><span style=\"color: #0b5d95;\">Distribution, asym\u00e9trie et aplatissement <span lang=\"en-US\">UN<\/span>analyse<\/span><\/li>\n\n\n\n<li><span style=\"color: #0b5d95;\">Alpha, F-stat, valeur p, etc.<\/span><\/li>\n<\/ul>\n\n\n\n<p><a name=\"_GoBack\"><\/a>Une soci\u00e9t\u00e9 d\u2019\u00e9tudes de march\u00e9 peut fournir \u00e0 votre entreprise les types d\u2019analyses ci-dessus, qui permettront de cr\u00e9er une compr\u00e9hension plus approfondie de votre entreprise, de vos produits et de vos services. Cela peut \u00e9galement vous aider avec vos finances, votre efficacit\u00e9 et bien plus encore. Donn\u00e9es &amp; <span lang=\"en-US\">UN<\/span>nalytics outsourcing is low-cost, efficient, and reliable, and it&#8217;s the way to a better understanding of your operation. Of course, these <a href=\"https:\/\/www.sisinternational.com\/fr\/sampling-techniques-in-qualitative-research-the-complete-guide-to-choosing-the-right-method\/\" title=\"Sampling Techniques in Qualitative Research: The Complete Guide to Choosing the Right Method\"  data-wpil-monitor-id=\"10059\">techniques are only a small sample<\/a>. You can expect much more from a professional <a href=\"https:\/\/www.sisinternational.com\/fr\/competence\/cv-dexperience\/cv-dexperience-dans-lindustrie-automobile\/\" title=\"Soci\u00e9t\u00e9 d\u2019\u00e9tudes de march\u00e9 pour l\u2019industrie automobile\"  data-wpil-monitor-id=\"10048\">market research company<\/a>.<\/p>\n\n\n\n<p>UN <a href=\"https:\/\/www.sisinternational.com\/fr\/solutions\/etude-de-marche-sur-les-cheques-en-magasin\/\" title=\"\u00c9tude de march\u00e9 sur le contr\u00f4le des magasins\"  data-wpil-monitor-id=\"2157\">market research company will check<\/a> the efficiency of your business processes. It will also look at the products\/services you offer. It examine<span lang=\"en-US\">s<\/span> les relations entre les diff\u00e9rentes composantes de l&#039;entreprise, facilite le processus de prise de d\u00e9cision et le rend plus efficace. Les analyses et les rapports de haute qualit\u00e9 guideront vos d\u00e9cisions.<\/p>\n\n\n\n<p><\/p>","protected":false},"excerpt":{"rendered":"<p>L\u2019externalisation des \u00e9tudes de march\u00e9 sur les donn\u00e9es et les analyses fournit des outils, des strat\u00e9gies et des rapports pour la prise de d\u00e9cision.<\/p>","protected":false},"author":1,"featured_media":70296,"parent":14514,"menu_order":130,"comment_status":"closed","ping_status":"closed","template":"","meta":{"footnotes":""},"class_list":["post-40680","page","type-page","status-publish","has-post-thumbnail"],"_links":{"self":[{"href":"https:\/\/www.sisinternational.com\/fr\/wp-json\/wp\/v2\/pages\/40680","targetHints":{"allow":["GET"]}}],"collection":[{"href":"https:\/\/www.sisinternational.com\/fr\/wp-json\/wp\/v2\/pages"}],"about":[{"href":"https:\/\/www.sisinternational.com\/fr\/wp-json\/wp\/v2\/types\/page"}],"author":[{"embeddable":true,"href":"https:\/\/www.sisinternational.com\/fr\/wp-json\/wp\/v2\/users\/1"}],"replies":[{"embeddable":true,"href":"https:\/\/www.sisinternational.com\/fr\/wp-json\/wp\/v2\/comments?post=40680"}],"version-history":[{"count":6,"href":"https:\/\/www.sisinternational.com\/fr\/wp-json\/wp\/v2\/pages\/40680\/revisions"}],"predecessor-version":[{"id":81663,"href":"https:\/\/www.sisinternational.com\/fr\/wp-json\/wp\/v2\/pages\/40680\/revisions\/81663"}],"up":[{"embeddable":true,"href":"https:\/\/www.sisinternational.com\/fr\/wp-json\/wp\/v2\/pages\/14514"}],"wp:featuredmedia":[{"embeddable":true,"href":"https:\/\/www.sisinternational.com\/fr\/wp-json\/wp\/v2\/media\/70296"}],"wp:attachment":[{"href":"https:\/\/www.sisinternational.com\/fr\/wp-json\/wp\/v2\/media?parent=40680"}],"curies":[{"name":"wp","href":"https:\/\/api.w.org\/{rel}","templated":true}]}}