{"id":40678,"date":"2022-06-24T23:25:04","date_gmt":"2022-06-24T23:25:04","guid":{"rendered":"https:\/\/www.sisinternational.com\/?page_id=40678"},"modified":"2026-03-13T01:00:09","modified_gmt":"2026-03-13T05:00:09","slug":"psychologie-du-consommateur-covid-19","status":"publish","type":"page","link":"https:\/\/www.sisinternational.com\/fr\/consumer-market-research-page\/psychologie-du-consommateur-covid-19\/","title":{"rendered":"Psychologie du consommateur et COVID-19"},"content":{"rendered":"<h1 class=\"wp-block-heading\"><span lang=\"en-US\">Psychologie du consommateur et COVID-19<\/span><\/h1>\n\n\n\n<figure class=\"gb-block-image gb-block-image-29eebeeb\"><img loading=\"lazy\" decoding=\"async\" width=\"1456\" height=\"816\" class=\"gb-image gb-image-29eebeeb\" src=\"https:\/\/www.sisinternational.com\/wp-content\/uploads\/2025\/08\/Consumer-electronics-1.jpg\" alt=\"\u00c9tudes de march\u00e9 et strat\u00e9gie internationales SIS\" title=\"Consumer electronics (1)\" srcset=\"https:\/\/www.sisinternational.com\/wp-content\/uploads\/2025\/08\/Consumer-electronics-1.jpg 1456w, https:\/\/www.sisinternational.com\/wp-content\/uploads\/2025\/08\/Consumer-electronics-1-300x168.jpg 300w, https:\/\/www.sisinternational.com\/wp-content\/uploads\/2025\/08\/Consumer-electronics-1-1024x574.jpg 1024w, https:\/\/www.sisinternational.com\/wp-content\/uploads\/2025\/08\/Consumer-electronics-1-768x430.jpg 768w, https:\/\/www.sisinternational.com\/wp-content\/uploads\/2025\/08\/Consumer-electronics-1-18x10.jpg 18w\" sizes=\"auto, (max-width: 1456px) 100vw, 1456px\"><\/figure>\n\n\n\n<p><\/p>\n\n\n\n<hr class=\"wp-block-separator has-alpha-channel-opacity is-style-dots\"\/>\n\n\n\n<p><span lang=\"en-US\">Nous \u00e9duquons, socialisons et faisons de l\u2019exercice de mani\u00e8re nouvelle et diff\u00e9rente, gr\u00e2ce au COVID-19. Le nouveau coronavirus semble avoir modifi\u00e9 tous les aspects de nos vies. L\u2019une des perturbations les plus courantes a \u00e9t\u00e9 l\u2019impact sur nos habitudes d\u2019achat et d\u2019achat. La distanciation sociale, les p\u00e9nuries et les demandes en constante \u00e9volution ont modifi\u00e9 notre fa\u00e7on de faire nos achats. Nous achetons des produits du quotidien, de la nourriture et tout le reste de mani\u00e8re nouvelle et diff\u00e9rente.<\/span><\/p>\n\n\n\n<h2 class=\"wp-block-heading\"><span lang=\"en-US\">Facteurs psychologiques<\/span><\/h2>\n\n\n\n<p><span lang=\"en-US\">Many psychological factors affect our buying decisions during the pandemic. The lockdown has forced more family interaction, but there is not much social cohesion. Communities are experiencing social disruption as cultural norms change. Loneliness may affect the decisions of those who live outside of a family unit. Some families are going through periods of bereavement as they bury members stricken by the disease. The environment is another <a href=\"https:\/\/www.sisinternational.com\/fr\/solutions\/solutions-de-recherche-qualitative-et-quantitative\/etude-de-marche-sur-les-facteurs-humains\/\" title=\"\u00c9tude de march\u00e9 sur les facteurs humains\"  data-wpil-monitor-id=\"10025\">factor that marketers<\/a> need to take into consideration. So are social status and social integration.<\/span><\/p>\n\n\n\n<h2 class=\"wp-block-heading\"><span lang=\"en-US\">Comportements psychologiques du coronavirus<\/span><\/h2>\n\n\n\n<h3 class=\"wp-block-heading\"><span lang=\"en-US\" style=\"color: #0b5d95;\">Palissade<\/span><\/h3>\n\n\n\n<p><span lang=\"en-US\">Les gens attribuent de la valeur aux articles moins disponibles, comme le papier toilette. Peu de temps apr\u00e8s l\u2019annonce de la pand\u00e9mie, nous avons vu la raret\u00e9 contre l\u2019abondance. Les gens se sont livr\u00e9s \u00e0 des comportements de surachat. La th\u00e9saurisation est un comportement adaptatif naturel. Il intervient \u00e0 chaque fois qu&#039;il y a un approvisionnement irr\u00e9gulier en ressources. Il est dans la programmation de notre cerveau de s&#039;approvisionner lorsque la nouvelle provoque la panique et que les magasins manquent de nourriture.<\/span><\/p>\n\n\n\n<h3 class=\"wp-block-heading\"><span lang=\"en-US\" style=\"color: #0b5d95;\">Ruptures de stock<\/span><\/h3>\n\n\n\n<p><span lang=\"en-US\">Dans les grandes villes, le COVID-19 limite les loisirs. Les autorit\u00e9s municipales d\u00e9conseillent l&#039;utilisation des bus et du m\u00e9tro. Ainsi, des centaines de milliers d\u2019Am\u00e9ricains ach\u00e8tent d\u00e9sormais des v\u00e9los. Au d\u00e9but de la pand\u00e9mie, il \u00e9tait \u00e9galement difficile de trouver du riz, des p\u00e2tes, des lingettes, du thon en conserve et du d\u00e9sinfectant pour les mains. Certains magasins imposaient des limites au nombre d\u2019articles que les consommateurs pouvaient acheter.<\/span><\/p>\n\n\n\n<h3 class=\"wp-block-heading\"><span lang=\"en-US\" style=\"color: #0b5d95;\">Traumatisme<\/span><\/h3>\n\n\n\n<p><span lang=\"en-US\">La COVID-19 a \u00e9t\u00e9 un coup \u00e9motionnel soudain, inattendu, bouleversant et intense. Cela a entra\u00een\u00e9 la cr\u00e9ation de lignes d\u2019assistance sociale hors de la 5e Avenue et des traumatismes sociaux, \u00e9conomiques et sanitaires. De nombreuses personnes ont fait \u00e9tat de sentiments de trahison, d\u2019impuissance et de stigmatisation. Il a activ\u00e9 la r\u00e9action de combat ou de fuite chez les gens. Ils le ressentent lorsque les cha\u00eenes de t\u00e9l\u00e9vision annoncent chaque nouvelle menace. La pand\u00e9mie a montr\u00e9 que nous devons cr\u00e9er des environnements s\u00fbrs. Ces environnements aident \u00e0 contrecarrer les effets \u00e0 long terme du stress chronique.<\/span><\/p>\n\n\n\n<h3 class=\"wp-block-heading\"><span lang=\"en-US\" style=\"color: #0b5d95;\">Stress physiologique<\/span><\/h3>\n\n\n\n<p><span lang=\"en-US\">Le COVID-19 se manifeste \u00e9galement par des troubles anxieux et paniques. Cela augmente le cortisol des gens et provoque une privation de sommeil. Le manque d\u2019exercice fait chuter les niveaux d\u2019endorphines. Ainsi, les gens n\u2019ont aucune protection contre le stress. Ils consomment davantage de conserves et moins de l\u00e9gumes frais. Par cons\u00e9quent, une diminution de la nutrition et des vitamines essentielles peut affecter leur humeur. Vous pouvez reprendre le contr\u00f4le en prenant soin de votre sant\u00e9 \u00e9motionnelle. Prenez le temps de vous d\u00e9tendre et de vous connecter avec les autres.<\/span><\/p>\n\n\n\n<h3 class=\"wp-block-heading\"><span lang=\"en-US\" style=\"color: #0b5d95;\">Th\u00e9orie de l\u2019impuissance acquise<\/span><\/h3>\n\n\n\n<p><span lang=\"en-US\">Lorsqu\u2019aucune de vos actions ne fonctionne, peu importe ce que vous faites, vous pouvez d\u00e9cider de ne rien faire. L&#039;impuissance acquise est une th\u00e9orie de la d\u00e9pression. Il stipule que lorsque rien ne fonctionne, une personne arr\u00eate d\u2019essayer. C&#039;est pourquoi nous constatons le d\u00e9sespoir dans des zones sensibles comme la Floride et la Californie. Certaines personnes peuvent choisir de ne pas quitter les environnements infect\u00e9s. Ils restent donc, m\u00eame s\u2019il est rationnel de partir. Comment peut-on rem\u00e9dier \u00e0 l\u2019impuissance acquise ? Seulement en reprenant la ma\u00eetrise et en s\u2019autonomisant.<\/span><\/p>\n\n\n\n<h3 class=\"wp-block-heading\"><span lang=\"en-US\" style=\"color: #0b5d95;\">Psychologie anormale<\/span><\/h3>\n\n\n\n<p><span lang=\"en-US\">De nombreuses personnes se sentent en s\u00e9curit\u00e9 chez elles pendant la pand\u00e9mie. Pourtant, ils font \u00e9tat de solitude, de niveaux \u00e9lev\u00e9s de peur, de col\u00e8re et d\u2019ennui. Le manque d\u2019autorit\u00e9 provoque le d\u00e9sespoir chez beaucoup. Les gens affichent un comportement antisocial et l&#039;activit\u00e9 des gangs augmente \u00e0 New York. Malgr\u00e9 ces \u00e9volutions inqui\u00e9tantes, il est essentiel de garder du recul. Nous devons faire preuve de compassion envers nous-m\u00eames lorsque les choses ne se passent pas comme pr\u00e9vu.<\/span><\/p>\n\n\n\n<h2 class=\"wp-block-heading\"><span lang=\"en-US\">Fini la consommation ostentatoire<\/span><\/h2>\n\n\n\n<p><span lang=\"en-US\">Luxury goods were the first <a href=\"https:\/\/www.sisinternational.com\/fr\/competence\/les-industries\/etude-de-marche-sur-lexperience-client-numerique\/\" title=\"\u00c9tude de march\u00e9 sur l\u2019exp\u00e9rience client num\u00e9rique (CX)\"  data-wpil-monitor-id=\"10028\">customer segment to experience<\/a> cutbacks due to the pandemic. It might be the last to recover since this segment is the most discretionary of all consumer purchases. The shutdown in the lifestyles of affluent consumers has given them downtime. They can now reassess their priorities. It\u2019s because the <a href=\"https:\/\/www.sisinternational.com\/fr\/competence\/les-industries\/etude-de-marche-sur-lhotellerie-de-luxe\/\" title=\"\u00c9tude de march\u00e9 sur les h\u00f4tels de luxe\"  data-wpil-monitor-id=\"10032\">market for luxury<\/a> items thrives on the psychology of wealthy buyers. If they feel good about themselves, they splurge. If they don\u2019t, they won\u2019t.<\/span><\/p>\n\n\n\n<p><span lang=\"en-US\">COVID-19 has breached the consumer\u2019s mind and psychology, which may upset his or her ways of buying. Brands have to use new ways of communicating. It\u2019s the best way to reduce the psychological impact on <a href=\"https:\/\/www.sisinternational.com\/fr\/analyse-de-la-satisfaction-client\/\" title=\"8 fa\u00e7ons d&#039;augmenter la satisfaction des clients dans le commerce de d\u00e9tail\"  data-wpil-monitor-id=\"10019\">consumers<\/a>. Meanwhile, technology companies are coming up with new offerings. It may open new avenues to brands, enabling them to influence consumer behavior.<\/span><\/p>\n\n\n\n<p><span lang=\"en-US\">Les d\u00e9taillants doivent comprendre la psychologie des acheteurs. Ils peuvent ensuite utiliser ces informations pour influencer leur comportement d\u2019achat. Mais il est difficile d\u2019\u00e9valuer le potentiel \u00e0 long terme du comportement des consommateurs. Les d\u00e9taillants ont n\u00e9anmoins le pouvoir d\u2019influencer les d\u00e9cisions d\u2019achat de leurs consommateurs. Ils peuvent \u00e9galement profiter de l\u2019occasion pour assurer une pr\u00e9sence en ligne significative. Ils peuvent \u00eatre l\u00e0 pour les clients qui ne peuvent pas entrer dans leurs magasins.<\/span><\/p>\n\n\n<h2>Notre emplacement \u00e0 New York<\/h2>\n<p><!-- \/wp:post-content --> <!-- wp:html --> <iframe loading=\"lazy\" src=\"https:\/\/www.google.com\/maps\/embed?pb=!1m18!1m12!1m3!1d3022.976188376966!2d-73.99130312499956!3d40.740549471389315!2m3!1f0!2f0!3f0!3m2!1i1024!2i768!4f13.1!3m3!1m2!1s0x89c259a15798c731%3A0xd695d09bdd495f25!2s11%20E%2022nd%20St%20FL%202%2C%20New%20York%2C%20NY%2010010%2C%20USA!5e0!3m2!1sen!2spe!4v1726171763526!5m2!1sen!2spe\" width=\"600\" height=\"450\" allowfullscreen=\"allowfullscreen\" data-mce-fragment=\"1\"><\/iframe> <!-- \/wp:html --> <!-- wp:paragraph --><\/p>\n<h3 class=\"wp-block-heading\">11 E 22nd Street, \u00e9tage 2, New York, NY 10010 T\u00e9l. : +1(212) 505-6805<\/h3>\n<hr \/>\n<h2><span style=\"font-weight: 400;\">\u00c0 propos de SIS International<\/span><\/h2>\n<p><a href=\"https:\/\/www.sisinternational.com\/fr\/\"><span style=\"font-weight: 400;\">SIS International<\/span><\/a><span style=\"font-weight: 400;\"> offers Quantitative, Qualitative, and Strategy Research. We provide data, tools, strategies, reports, and insights for decision-making. We also conduct interviews, surveys, focus groups, and other <a href=\"https:\/\/www.sisinternational.com\/fr\/quantitative-market-research-methods-and-techniques\/\" title=\"Quantitative Market Research Methods and Techniques\"  data-wpil-monitor-id=\"10022\">Market Research methods<\/a> and approaches.<\/span><a href=\"https:\/\/www.sisinternational.com\/fr\/a-propos-de-la-recherche-internationale-sis\/contact-sis-international-market-research\/\"><span style=\"font-weight: 400;\"> Contactez nous<\/span><\/a><span style=\"font-weight: 400;\"> pour votre prochain projet d&#039;\u00e9tude de march\u00e9.<\/span><\/p>\n<p><!-- wp:heading --><\/p>\n<h2 id=\"about-sis-international\" class=\"wp-block-heading\">\u00a0<\/h2>\n<p><!-- \/wp:heading --><\/p>","protected":false},"excerpt":{"rendered":"<p>Le COVID-19 a modifi\u00e9 tous les aspects de nos vies. Cela a chang\u00e9 notre fa\u00e7on d\u2019\u00e9duquer, de socialiser, de faire de l\u2019exercice et de faire nos courses.<\/p>","protected":false},"author":1,"featured_media":64245,"parent":84529,"menu_order":12,"comment_status":"closed","ping_status":"closed","template":"","meta":{"footnotes":""},"class_list":["post-40678","page","type-page","status-publish","has-post-thumbnail"],"_links":{"self":[{"href":"https:\/\/www.sisinternational.com\/fr\/wp-json\/wp\/v2\/pages\/40678","targetHints":{"allow":["GET"]}}],"collection":[{"href":"https:\/\/www.sisinternational.com\/fr\/wp-json\/wp\/v2\/pages"}],"about":[{"href":"https:\/\/www.sisinternational.com\/fr\/wp-json\/wp\/v2\/types\/page"}],"author":[{"embeddable":true,"href":"https:\/\/www.sisinternational.com\/fr\/wp-json\/wp\/v2\/users\/1"}],"replies":[{"embeddable":true,"href":"https:\/\/www.sisinternational.com\/fr\/wp-json\/wp\/v2\/comments?post=40678"}],"version-history":[{"count":6,"href":"https:\/\/www.sisinternational.com\/fr\/wp-json\/wp\/v2\/pages\/40678\/revisions"}],"predecessor-version":[{"id":81658,"href":"https:\/\/www.sisinternational.com\/fr\/wp-json\/wp\/v2\/pages\/40678\/revisions\/81658"}],"up":[{"embeddable":true,"href":"https:\/\/www.sisinternational.com\/fr\/wp-json\/wp\/v2\/pages\/84529"}],"wp:featuredmedia":[{"embeddable":true,"href":"https:\/\/www.sisinternational.com\/fr\/wp-json\/wp\/v2\/media\/64245"}],"wp:attachment":[{"href":"https:\/\/www.sisinternational.com\/fr\/wp-json\/wp\/v2\/media?parent=40678"}],"curies":[{"name":"wp","href":"https:\/\/api.w.org\/{rel}","templated":true}]}}