{"id":40657,"date":"2022-06-24T20:55:03","date_gmt":"2022-06-24T20:55:03","guid":{"rendered":"https:\/\/www.sisinternational.com\/?page_id=40657"},"modified":"2026-01-26T14:24:02","modified_gmt":"2026-01-26T19:24:02","slug":"etude-de-marche-sur-le-cloud-computing","status":"publish","type":"page","link":"https:\/\/www.sisinternational.com\/fr\/competence\/etude-de-marche-sur-le-cloud-computing\/","title":{"rendered":"\u00c9tude de march\u00e9 sur le cloud computing"},"content":{"rendered":"<h1 class=\"wp-block-heading\">\u00c9tude de march\u00e9 sur le cloud computing<\/h1>\n\n\n\n<figure class=\"gb-block-image gb-block-image-4b310d80\"><img loading=\"lazy\" decoding=\"async\" width=\"1456\" height=\"816\" class=\"gb-image gb-image-4b310d80\" src=\"https:\/\/www.sisinternational.com\/wp-content\/uploads\/2025\/08\/Cloud-5-3.jpg\" alt=\"\u00c9tudes de march\u00e9 et strat\u00e9gie internationales SIS\" title=\"Cloud 5 (3)\" srcset=\"https:\/\/www.sisinternational.com\/wp-content\/uploads\/2025\/08\/Cloud-5-3.jpg 1456w, https:\/\/www.sisinternational.com\/wp-content\/uploads\/2025\/08\/Cloud-5-3-300x168.jpg 300w, https:\/\/www.sisinternational.com\/wp-content\/uploads\/2025\/08\/Cloud-5-3-1024x574.jpg 1024w, https:\/\/www.sisinternational.com\/wp-content\/uploads\/2025\/08\/Cloud-5-3-768x430.jpg 768w, https:\/\/www.sisinternational.com\/wp-content\/uploads\/2025\/08\/Cloud-5-3-18x10.jpg 18w\" sizes=\"auto, (max-width: 1456px) 100vw, 1456px\"><\/figure>\n\n\n\n<hr class=\"wp-block-separator has-alpha-channel-opacity is-style-dots\"\/>\n\n\n\n<h2 class=\"wp-block-heading\">Qu\u2019est-ce que le cloud computing ?<\/h2>\n\n\n\n<p>In simple words, cloud computing refers to on-demand services that provide software and storage, as well as servers. As a matter of fact, the \u201ccloud\u201d gives faster, more flexible, and state-of-the-art resources through the internet and offers economies of scale. Another feature is that companies only pay for the cloud services that they use. This structure further allows them to lower their business costs. They can also <a href=\"https:\/\/www.sisinternational.com\/fr\/solutions\/innovation\/comment-faire-evoluer-une-entreprise\/\" title=\"Comment faire \u00e9voluer une entreprise | Atteindre une croissance exponentielle\"  data-wpil-monitor-id=\"10083\">scale when their business<\/a> needs to.<\/p>\n\n\n\n<p>What\u2019s another great thing about Cloud Computing? It allows efficient use of hardware. For example, companies no longer have to own a computing setup or even data centers. Instead, they rent access to a cloud. Furthermore, the cloud storage providers offer many options, from storage to applications.<\/p>\n\n\n\n<h2 class=\"wp-block-heading\">Pourquoi le cloud computing est-il important ?<\/h2>\n\n\n\n<p>Cloud Computing is advanced tech when compared to the usual <a href=\"https:\/\/www.sisinternational.com\/fr\/publications\/etude-de-marche-sur-les-entreprises-evolutives-7-facons-de-creer-une-entreprise-evolutive\/\" title=\"\u00c9tude de march\u00e9 sur les entreprises \u00e9volutives\u00a0: 7 fa\u00e7ons de cr\u00e9er une entreprise \u00e9volutive\"  data-wpil-monitor-id=\"10086\">way of doing business<\/a>. It is important in this era, first because of costs. Firms no longer have to bear the cost of owning hardware and software. Nor do they have to pay for setting up and running on-demand data centers.<\/p>\n\n\n\n<h3 class=\"wp-block-heading\">Vitesse<\/h3>\n\n\n\n<p>Providers offer several cloud computing services on demand. They also provide self-service. Thus, companies have access to loads of computing data within a short time \u2013 often with only a few mouse clicks.\u00a0It also opens them to a global stage, because Cloud computing has the potential for elastic scaling.<\/p>\n\n\n\n<p>Le cloud computing supprime le besoin de centres de donn\u00e9es sur site. Un autre point cl\u00e9 est que l\u2019\u00e9quipe informatique peut consacrer la plupart de son temps \u00e0 atteindre les objectifs commerciaux.<\/p>\n\n\n\n<p>Le Cloud rend la sauvegarde, la restauration et la continuit\u00e9 des activit\u00e9s moins co\u00fbteuses. De plus, il peut r\u00e9pliquer ses donn\u00e9es sur diff\u00e9rents sites.<\/p>\n\n\n\n<h3 class=\"wp-block-heading\">S\u00e9curit\u00e9<\/h3>\n\n\n\n<p>La plupart des fournisseurs de services cloud proposent un ensemble complet de technologies et de politiques. De plus, ils offrent des contr\u00f4les qui renforcent votre s\u00e9curit\u00e9. Ainsi, ils prot\u00e8gent votre infrastructure, vos applications et vos donn\u00e9es contre les menaces potentielles.<\/p>\n\n\n\n<h2 class=\"wp-block-heading\">Titres de poste cl\u00e9s<\/h2>\n\n\n\n<h3 class=\"wp-block-heading\">Certains titres d&#039;emploi li\u00e9s au cloud computing incluent\u00a0:<\/h3>\n\n\n\n<ul class=\"wp-block-list\">\n<li><a href=\"https:\/\/www.sisinternational.com\/fr\/competence\/les-industries\/directeur-de-linformation-cio-etudes-de-marche\/\" title=\"\u00c9tude de march\u00e9 du directeur de l\u2019information (CIO)\"  data-wpil-monitor-id=\"10087\">Directeur du Cloud<\/a><\/li>\n\n\n\n<li>Charg\u00e9e de comp\u00e9tences num\u00e9riques<\/li>\n\n\n\n<li>Professionnel de la s\u00e9curit\u00e9 du cloud<\/li>\n\n\n\n<li>Architecte cloud<\/li>\n\n\n\n<li>Ing\u00e9nieur cloud<\/li>\n\n\n\n<li>D\u00e9veloppeur cloud<\/li>\n\n\n\n<li>Administrateur cloud<\/li>\n<\/ul>\n\n\n\n<h2 class=\"wp-block-heading\">Pourquoi les entreprises ont-elles besoin du cloud computing ?<\/h2>\n\n\n\n<h3 class=\"wp-block-heading\">Les entreprises doivent adopter le cloud pour les raisons suivantes\u00a0:<\/h3>\n\n\n\n<p><strong>It lowers cost<\/strong><\/p>\n\n\n\n<p>Le Cloud Computing n&#039;est pas comme la cr\u00e9ation et la gestion d&#039;un centre de donn\u00e9es. Au lieu de cela, les entreprises ne doivent payer que pour les services qu\u2019elles utilisent. Le cloud computing est donc bon march\u00e9.<\/p>\n\n\n\n<p>Le cloud est \u00e9galement flexible, ce qui constitue une autre raison pour laquelle les entreprises adoptent le cloud computing. Et au moins, vos employ\u00e9s peuvent travailler ensemble, m\u00eame lorsqu&#039;ils se trouvent dans des endroits diff\u00e9rents.<\/p>\n\n\n\n<p><strong>Un large \u00e9ventail d&#039;options<\/strong><\/p>\n\n\n\n<p>C&#039;est <span lang=\"en-US\">en haut <\/span>to you to choose the best cloud services. But, it offers users a wide range of options.&nbsp;The use of cloud computing also brings teamwork to life. Staff members can share data with ease, so it\u2019s not difficult to work together.<\/p>\n\n\n\n<h2 class=\"wp-block-heading\">Facteurs critiques de succ\u00e8s du cloud computing<\/h2>\n\n\n\n<h3 class=\"wp-block-heading\">Avec le cloud, vous pouvez vous attendre \u00e0\u00a0:<\/h3>\n\n\n\n<ul class=\"wp-block-list\">\n<li>Co\u00fbts r\u00e9duits<\/li>\n\n\n\n<li>Fiabilit\u00e9<\/li>\n\n\n\n<li>\u00c9volutivit\u00e9<\/li>\n\n\n\n<li>Efficacit\u00e9<\/li>\n<\/ul>\n\n\n\n<h2 class=\"wp-block-heading\">\u00c0 propos du cloud computing<\/h2>\n\n\n\n<p>Quantitatif <a href=\"https:\/\/www.sisinternational.com\/fr\/solutions\/ai-etudes-de-marche-et-conseil-en-strategie\/etude-de-marche-sur-lia-en-vision-par-ordinateur\/\" title=\"\u00c9tude de march\u00e9 sur l\u2019IA en vision par ordinateur\"  data-wpil-monitor-id=\"2764\">research has revealed interesting data on cloud<\/a> computing services. Focus groups, coupled with interviews, surveys, and strategy <a href=\"https:\/\/www.sisinternational.com\/fr\/solutions\/solutions-de-branding-et-de-recherche-client\/etude-de-marche-narrative\/\" title=\"\u00c9tude de march\u00e9 sur le storytelling\"  data-wpil-monitor-id=\"5959\">research tell the same story<\/a>. They have shown that this service is on an upward trend. In fact, many <a href=\"https:\/\/www.sisinternational.com\/fr\/solutions\/conseil-en-strategie\/analyse-des-donnees\/\" title=\"Soci\u00e9t\u00e9 d&#039;analyse de donn\u00e9es\"  data-wpil-monitor-id=\"10084\">companies are outsourcing their data<\/a> services. Yet, qualitative <a href=\"https:\/\/www.sisinternational.com\/fr\/solutions\/solutions-de-recherche-qualitative-et-quantitative\/etude-de-marche-sur-les-facteurs-humains\/\" title=\"\u00c9tude de march\u00e9 sur les facteurs humains\"  data-wpil-monitor-id=\"10089\">research has pointed out a high-risk factor<\/a>. Cloud computing can lead to security threats.&nbsp;Still, the benefits of the cloud outweigh the risks, and it is an excellent way for companies to save money while having access to first-class data storage services.<\/p>\n\n\n\n<p><\/p>","protected":false},"excerpt":{"rendered":"<p>Le Cloud Computing est une option rentable par rapport aux m\u00e9thodes commerciales formelles, \u00e9liminant le besoin de poss\u00e9der du mat\u00e9riel, des logiciels et des centres de donn\u00e9es.<\/p>","protected":false},"author":1,"featured_media":64202,"parent":14514,"menu_order":129,"comment_status":"closed","ping_status":"closed","template":"","meta":{"footnotes":""},"class_list":["post-40657","page","type-page","status-publish","has-post-thumbnail"],"_links":{"self":[{"href":"https:\/\/www.sisinternational.com\/fr\/wp-json\/wp\/v2\/pages\/40657","targetHints":{"allow":["GET"]}}],"collection":[{"href":"https:\/\/www.sisinternational.com\/fr\/wp-json\/wp\/v2\/pages"}],"about":[{"href":"https:\/\/www.sisinternational.com\/fr\/wp-json\/wp\/v2\/types\/page"}],"author":[{"embeddable":true,"href":"https:\/\/www.sisinternational.com\/fr\/wp-json\/wp\/v2\/users\/1"}],"replies":[{"embeddable":true,"href":"https:\/\/www.sisinternational.com\/fr\/wp-json\/wp\/v2\/comments?post=40657"}],"version-history":[{"count":6,"href":"https:\/\/www.sisinternational.com\/fr\/wp-json\/wp\/v2\/pages\/40657\/revisions"}],"predecessor-version":[{"id":81668,"href":"https:\/\/www.sisinternational.com\/fr\/wp-json\/wp\/v2\/pages\/40657\/revisions\/81668"}],"up":[{"embeddable":true,"href":"https:\/\/www.sisinternational.com\/fr\/wp-json\/wp\/v2\/pages\/14514"}],"wp:featuredmedia":[{"embeddable":true,"href":"https:\/\/www.sisinternational.com\/fr\/wp-json\/wp\/v2\/media\/64202"}],"wp:attachment":[{"href":"https:\/\/www.sisinternational.com\/fr\/wp-json\/wp\/v2\/media?parent=40657"}],"curies":[{"name":"wp","href":"https:\/\/api.w.org\/{rel}","templated":true}]}}