{"id":40652,"date":"2022-06-24T17:56:41","date_gmt":"2022-06-24T17:56:41","guid":{"rendered":"https:\/\/www.sisinternational.com\/?page_id=40652"},"modified":"2026-01-26T18:18:01","modified_gmt":"2026-01-26T23:18:01","slug":"comportement-de-lacheteur-apres-le-nouveau-consommateur-du-coronavirus","status":"publish","type":"page","link":"https:\/\/www.sisinternational.com\/fr\/publications\/comportement-de-lacheteur-apres-le-nouveau-consommateur-du-coronavirus\/","title":{"rendered":"Comportement des acheteurs apr\u00e8s le coronavirus \u2013 \u00c9tude de march\u00e9 de consommation"},"content":{"rendered":"<h1 class=\"wp-block-heading\">Comportement des acheteurs apr\u00e8s le coronavirus \u2013 \u00c9tude de march\u00e9 de consommation<\/h1>\n\n\n\n<figure class=\"gb-block-image gb-block-image-87e22311\"><img loading=\"lazy\" decoding=\"async\" width=\"1024\" height=\"574\" class=\"gb-image gb-image-87e22311\" src=\"https:\/\/www.sisinternational.com\/wp-content\/uploads\/2025\/09\/DNA-Genetics-18-1024x574.jpg\" alt=\"\u00c9tudes de march\u00e9 et strat\u00e9gie internationales SIS\" title=\"DNA Genetics (18)\" srcset=\"https:\/\/www.sisinternational.com\/wp-content\/uploads\/2025\/09\/DNA-Genetics-18-1024x574.jpg 1024w, https:\/\/www.sisinternational.com\/wp-content\/uploads\/2025\/09\/DNA-Genetics-18-300x168.jpg 300w, https:\/\/www.sisinternational.com\/wp-content\/uploads\/2025\/09\/DNA-Genetics-18-768x430.jpg 768w, https:\/\/www.sisinternational.com\/wp-content\/uploads\/2025\/09\/DNA-Genetics-18-18x10.jpg 18w, https:\/\/www.sisinternational.com\/wp-content\/uploads\/2025\/09\/DNA-Genetics-18.jpg 1456w\" sizes=\"auto, (max-width: 1024px) 100vw, 1024px\"><\/figure>\n\n\n\n<p><\/p>\n\n\n\n<hr class=\"wp-block-separator has-alpha-channel-opacity is-style-dots\"\/>\n\n\n\n<p>La pand\u00e9mie de COVID-19 a chang\u00e9 le monde tel que nous le connaissons. En l\u2019espace de quelques semaines seulement, le virus a remodel\u00e9 en temps r\u00e9el l\u2019industrie des biens de consommation. Il a acc\u00e9l\u00e9r\u00e9 les tendances sous-jacentes \u00e0 long terme. Les entreprises devraient \u00e9tudier les tendances qui se dessinent \u00e0 mesure que cette calamit\u00e9 progresse. Nous pouvons r\u00e9fl\u00e9chir \u00e0 ce que les entreprises de biens de consommation devraient faire aujourd\u2019hui pour se pr\u00e9parer \u00e0 l\u2019avenir\u00a0:<\/p>\n\n\n\n<h2 class=\"wp-block-heading\">\u00c9tape 1\u00a0: Effectuer une analyse des facteurs du march\u00e9<\/h2>\n\n\n\n<h3 class=\"wp-block-heading\">Les entreprises peuvent utiliser le principe PESTLE. Cela les aide \u00e0 voir quelles opportunit\u00e9s et quelles menaces existent.<\/h3>\n\n\n\n<p><span style=\"color: #cda349;\"><strong>P.<\/strong><\/span> - Politique. Les entreprises peuvent examiner la politique gouvernementale, la stabilit\u00e9 politique et la politique commerciale ext\u00e9rieure. Ils peuvent \u00e9galement prendre en compte la politique fiscale, le droit du travail, les restrictions commerciales et la politique budg\u00e9taire. M\u00eame le terrorisme et les consid\u00e9rations militaires comptent. Il en va de m\u00eame pour les lois environnementales, les subventions et d\u2019autres initiatives.<\/p>\n\n\n\n<p><span style=\"color: #cda349;\"><strong>E<\/strong><\/span> \u2013 \u00c9conomie. Ici, les entreprises peuvent prendre en compte la croissance \u00e9conomique, les taux d\u2019int\u00e9r\u00eat et les taux de change. Ils doivent \u00e9galement tenir compte de l\u2019inflation et du revenu disponible de l\u2019entreprise et de ses consommateurs. La fiscalit\u00e9 est essentielle, y compris les taxes inter\u00e9tatiques. Les entreprises doivent \u00e9galement tenir compte des taux de salaire et de leurs capacit\u00e9s financi\u00e8res.<\/p>\n\n\n\n<p><span style=\"color: #cda349;\"><strong>S<\/strong><\/span> \u2013 Consid\u00e9rations sociales. Les facteurs que les entreprises doivent prendre en compte ici incluent la croissance d\u00e9mographique. Ils doivent \u00e9galement garder \u00e0 l\u2019esprit la r\u00e9partition par \u00e2ge et la conscience de leur sant\u00e9. Ils doivent \u00e9galement tenir compte des attitudes professionnelles, de la culture et des tendances d\u2019achat des clients. Les donn\u00e9es d\u00e9mographiques sont \u00e9galement importantes, tout comme les analyses industrielles et la confiance des consommateurs. Les entreprises doivent \u00e9galement d\u00e9velopper une image organisationnelle.<\/p>\n\n\n\n<p><span style=\"color: #cda349;\"><strong>T<\/strong> <\/span>- Technologie. Ce facteur concerne la production r\u00e9elle de biens et de services. Pour traverser la pand\u00e9mie, les entreprises devront peut-\u00eatre se tourner vers les technologies \u00e9mergentes. Le COVID-19 n\u00e9cessite un haut niveau de maturit\u00e9 technologique pour permettre une distribution efficace des biens et des services. Les entreprises doivent pouvoir communiquer avec leur march\u00e9 cible. Ils doivent \u00e9galement examiner les \u00e9ventuelles zones probl\u00e9matiques. Un exemple est la violation potentielle du droit d\u2019auteur. Le virus ne montre aucun signe de ralentissement, les entreprises devront donc peut-\u00eatre suivre davantage de formations pour utiliser l\u2019innovation. La technologie est un facteur essentiel. Mais les entreprises doivent examiner le retour sur investissement potentiel avant de r\u00e9aliser des investissements importants.<\/p>\n\n\n\n<p><span style=\"color: #cda349;\"><strong>L<\/strong> <\/span>- Consid\u00e9rations l\u00e9gales. Dans ce contexte, les entreprises doivent examiner les normes de sant\u00e9 et de s\u00e9curit\u00e9. Ils doivent garantir l\u2019\u00e9galit\u00e9 des chances en mati\u00e8re d\u2019emploi et de publicit\u00e9 et prendre en compte les droits des consommateurs, les lois et l\u2019\u00e9tiquetage des produits. Les lois du travail sont une consid\u00e9ration essentielle, tout comme la l\u00e9gislation future et concurrentielle.<\/p>\n\n\n\n<p><span style=\"color: #cda349;\"><strong>E<\/strong><\/span> - Environnement. Ce facteur concerne la situation g\u00e9ographique et l\u2019accessibilit\u00e9. Il prend en compte la diminution des mati\u00e8res premi\u00e8res, de la pollution et des \u00e9missions de gaz \u00e0 effet de serre, et appelle \u00e0 une r\u00e9duction de l&#039;empreinte carbone. Il promeut une \u00e9thique commerciale positive et la durabilit\u00e9. Il prend en compte le climat et la m\u00e9t\u00e9o et traite de la l\u00e9gislation environnementale.<\/p>\n\n\n\n<h2 class=\"wp-block-heading\">\u00c9tape 2\u00a0:\u00a0Comprendre la psychologie de l&#039;acheteur et les besoins des clients<\/h2>\n\n\n\n<p>Cette \u00e9tape implique une recherche qualitative, qui traite des donn\u00e9es non num\u00e9riques. Il s&#039;inscrit dans la hi\u00e9rarchie des besoins de Maslow pour comprendre les motivations des consommateurs. La hi\u00e9rarchie de Maslow commence par les besoins physiologiques comme l&#039;eau, l&#039;air, la nourriture et un abri. Ces besoins se situent au bas de la pyramide. Il passe ensuite aux besoins de s\u00e9curit\u00e9 comme l&#039;emploi, la sant\u00e9 et la propri\u00e9t\u00e9. Le prochain dans la hi\u00e9rarchie est l&#039;amour et l&#039;appartenance, qui incluent l&#039;amiti\u00e9 et la famille. Ensuite, vous devez r\u00e9pondre \u00e0 l&#039;estime de votre consommateur : respect, statut et reconnaissance. La r\u00e9alisation de soi, ou le d\u00e9sir d\u2019\u00eatre le meilleur possible, se situe au sommet de la hi\u00e9rarchie.<\/p>\n\n\n\n<p>Pour comprendre la psychologie de l&#039;acheteur, la th\u00e9orie des dimensions culturelles de Hofstede est utile. Il quantifie les diff\u00e9rences culturelles, ce qui les rend plus faciles \u00e0 mesurer. Il mesure la distance de pouvoir, allant des \u00e9galitaires \u00e0 ceux qui embrassent la hi\u00e9rarchie. Il mesure \u00e9galement le collectivisme par rapport \u00e0 l&#039;individualisme sur les march\u00e9s. Vous pouvez consulter l&#039;indice d&#039;\u00e9vitement de l&#039;incertitude des acheteurs, leur f\u00e9minit\u00e9 par rapport \u00e0 leur masculinit\u00e9, leur orientation \u00e0 court ou \u00e0 long terme et leurs opinions sur la retenue par rapport \u00e0 l&#039;indulgence.<\/p>\n\n\n\n<p>L\u2019\u00e9conomie comportementale est vitale en temps de crise. Le marketing de votre entreprise doit changer. Par exemple, il est pr\u00e9f\u00e9rable de n\u2019avoir qu\u2019un seul message marketing clair. Moins c\u2019est plus en ce moment. Vous pouvez vous lancer dans le Chunking, en apportant de petites modifications simples \u00e0 des \u00e9l\u00e9ments tels que votre palette de couleurs. Ces ajustements peuvent am\u00e9liorer les performances de l\u2019ensemble de votre message marketing. D&#039;autres aspects de l&#039;\u00e9conomie comportementale incluent la perception des prix, l&#039;architecture des choix, l&#039;aversion aux pertes et le cadrage. Il existe \u00e9galement l&#039;actualisation temporelle ou la valeur actuelle temporelle. Le temps a d\u00e9sormais de la valeur, c\u2019est pourquoi de nombreux consommateurs se lancent dans des achats impulsifs.<\/p>\n\n\n\n<p>Le quatri\u00e8me principe de l\u2019\u00e9conomie comportementale est freudien. Il traite de la prise de d\u00e9cision consciente et inconsciente. Vous devez examiner les signaux non verbaux que vous donnent vos consommateurs. Vous devez \u00e9galement savoir comment orienter vos efforts de marketing. Faut-il viser l\u2019Id, qui traite des instincts inconscients ? Ou devriez-vous opter pour l\u2019Ego, qui regarde la r\u00e9alit\u00e9, ou le Surmoi, qui s\u2019occupe de la moralit\u00e9 ?<\/p>\n\n\n\n<p>Some <a href=\"https:\/\/www.sisinternational.com\/fr\/competence\/les-industries\/etude-de-marche-sensorielle\/\" title=\"\u00c9tude de march\u00e9 sensorielle\"  data-wpil-monitor-id=\"6833\">marketers go into Sensory<\/a> Models, for example, the Customer Empathy model. It\u2019s important to know what consumers think, feel, hear, and see, and what they say or do. You should know their pain points, as it will give you an idea of their fears and barriers. Marketers need to understand the principle behind Mapping the Customer Journey. They can go through the stages from Awareness to Consideration to Acquisition. Once you\u2019ve acquired the customer, you can give them the Service that ensures their Loyalty.<\/p>\n\n\n\n<p>Vous pouvez utiliser ces strat\u00e9gies de leadership \u00e9clair\u00e9 pour comprendre la psychologie des acheteurs et les besoins des clients. Les entreprises utilisent souvent la recherche qualitative \u00e0 cette fin. Si vous disposez d&#039;une \u00e9quipe diversifi\u00e9e, vous pouvez d\u00e9ployer des groupes de discussion en ligne et r\u00e9aliser des \u00e9tudes d&#039;ethnographie mobile. Ainsi, vous pouvez vous engager en immersion lors de la conduite d\u2019\u00e9tudes ethnographiques. Posez les questions \u00ab\u00a0Et si\u00a0\u00bb et faites un brainstorming afin de pouvoir affiner votre concentration. Vous pouvez \u00e9galement faire du prototypage et des tests.<\/p>\n\n\n\n<h2 class=\"wp-block-heading\">\u00c9tape 3\u00a0: Mesurer, tester et valider<\/h2>\n\n\n\n<p>Cette \u00e9tape implique des m\u00e9thodes de recherche quantitatives, qui traitent des statistiques et des donn\u00e9es num\u00e9riques. Il comprend des tests de concepts de produits ou des prototypes de tests. Pour cette \u00e9tape, nous utilisons des enqu\u00eates, des entretiens approfondis, des sprints agiles et la segmentation du march\u00e9. Ce type de recherche est fiable et objectif. Certaines entreprises pr\u00e9f\u00e8rent l\u2019utiliser car il est plus rapide, plus cibl\u00e9 et plus scientifique.<\/p>\n\n\n\n<h2 class=\"wp-block-heading\">\u00c9tape 4\u00a0:\u00a0Strat\u00e9gie de mise sur le march\u00e9<\/h2>\n\n\n\n<p>Ce sont des moments inhabituels. Il est essentiel d&#039;avoir une strat\u00e9gie d&#039;entreprise pour l&#039;acquisition et la fid\u00e9lisation des clients. Votre entreprise doit savoir comment elle va g\u00e9rer la concurrence et la cha\u00eene d&#039;approvisionnement. Il faudra peut-\u00eatre d\u00e9cider s&#039;il va conclure des partenariats ou des alliances. Vous devriez avoir une id\u00e9e de la mani\u00e8re dont vous allez d\u00e9ployer vos ressources (personnel, technologie, installations et capital). Votre strat\u00e9gie de march\u00e9 d\u00e9termine \u00e9galement vos prix, votre promotion et votre placement de produit.<\/p>\n\n\n\n<p>Les commandes en ligne ont caus\u00e9 beaucoup de souffrance aux acheteurs au d\u00e9but de la pand\u00e9mie, car ils ont \u00e9t\u00e9 confront\u00e9s \u00e0 des retards de commande en raison de l\u2019augmentation de la demande. Il y avait des articles en rupture de stock et des rapports d&#039;inventaire d\u00e9form\u00e9s. Ces situations sont toutes frustrantes dans des circonstances normales et elles se sont amplifi\u00e9es lors de la crise. Les entreprises devraient profiter de cette p\u00e9riode d\u2019incertitude comme d\u2019une opportunit\u00e9. Ils peuvent \u00e9valuer les parcours des clients et les rendre significatifs et rentables.<\/p>\n\n\n<h2>Notre emplacement \u00e0 New York<\/h2>\n<p><!-- \/wp:post-content --> <!-- wp:html --> <iframe loading=\"lazy\" src=\"https:\/\/www.google.com\/maps\/embed?pb=!1m18!1m12!1m3!1d3022.976188376966!2d-73.99130312499956!3d40.740549471389315!2m3!1f0!2f0!3f0!3m2!1i1024!2i768!4f13.1!3m3!1m2!1s0x89c259a15798c731%3A0xd695d09bdd495f25!2s11%20E%2022nd%20St%20FL%202%2C%20New%20York%2C%20NY%2010010%2C%20USA!5e0!3m2!1sen!2spe!4v1726171763526!5m2!1sen!2spe\" width=\"600\" height=\"450\" allowfullscreen=\"allowfullscreen\" data-mce-fragment=\"1\"><\/iframe> <!-- \/wp:html --> <!-- wp:paragraph --><\/p>\n<h3 class=\"wp-block-heading\">11 E 22nd Street, \u00e9tage 2, New York, NY 10010 T\u00e9l. : +1(212) 505-6805<\/h3>\n<hr \/>\n<h2><span style=\"font-weight: 400;\">\u00c0 propos de SIS International<\/span><\/h2>\n<p><a href=\"https:\/\/www.sisinternational.com\/fr\/\"><span style=\"font-weight: 400;\">SIS International<\/span><\/a><span style=\"font-weight: 400;\"> propose des recherches quantitatives, qualitatives et strat\u00e9giques. Nous fournissons des donn\u00e9es, des outils, des strat\u00e9gies, des rapports et des informations pour la prise de d\u00e9cision. Nous menons \u00e9galement des entretiens, des enqu\u00eates, des groupes de discussion et d\u2019autres m\u00e9thodes et approches d\u2019\u00e9tudes de march\u00e9.<\/span><a href=\"https:\/\/www.sisinternational.com\/fr\/a-propos-de-la-recherche-internationale-sis\/contact-sis-international-market-research\/\"><span style=\"font-weight: 400;\"> Contactez nous<\/span><\/a><span style=\"font-weight: 400;\"> pour votre prochain projet d&#039;\u00e9tude de march\u00e9.<\/span><\/p>\n<p><!-- wp:heading --><\/p>\n<h2 id=\"about-sis-international\" class=\"wp-block-heading\">\u00a0<\/h2>\n<p><!-- \/wp:heading --><\/p>","protected":false},"excerpt":{"rendered":"<p>Comprendre le comportement des acheteurs apr\u00e8s le coronavirus gr\u00e2ce \u00e0 une \u00e9tude de march\u00e9 de consommation.<\/p>","protected":false},"author":1,"featured_media":69943,"parent":20148,"menu_order":11,"comment_status":"closed","ping_status":"closed","template":"","meta":{"footnotes":""},"class_list":["post-40652","page","type-page","status-publish","has-post-thumbnail"],"_links":{"self":[{"href":"https:\/\/www.sisinternational.com\/fr\/wp-json\/wp\/v2\/pages\/40652","targetHints":{"allow":["GET"]}}],"collection":[{"href":"https:\/\/www.sisinternational.com\/fr\/wp-json\/wp\/v2\/pages"}],"about":[{"href":"https:\/\/www.sisinternational.com\/fr\/wp-json\/wp\/v2\/types\/page"}],"author":[{"embeddable":true,"href":"https:\/\/www.sisinternational.com\/fr\/wp-json\/wp\/v2\/users\/1"}],"replies":[{"embeddable":true,"href":"https:\/\/www.sisinternational.com\/fr\/wp-json\/wp\/v2\/comments?post=40652"}],"version-history":[{"count":5,"href":"https:\/\/www.sisinternational.com\/fr\/wp-json\/wp\/v2\/pages\/40652\/revisions"}],"predecessor-version":[{"id":80409,"href":"https:\/\/www.sisinternational.com\/fr\/wp-json\/wp\/v2\/pages\/40652\/revisions\/80409"}],"up":[{"embeddable":true,"href":"https:\/\/www.sisinternational.com\/fr\/wp-json\/wp\/v2\/pages\/20148"}],"wp:featuredmedia":[{"embeddable":true,"href":"https:\/\/www.sisinternational.com\/fr\/wp-json\/wp\/v2\/media\/69943"}],"wp:attachment":[{"href":"https:\/\/www.sisinternational.com\/fr\/wp-json\/wp\/v2\/media?parent=40652"}],"curies":[{"name":"wp","href":"https:\/\/api.w.org\/{rel}","templated":true}]}}