{"id":40636,"date":"2022-06-16T17:02:34","date_gmt":"2022-06-16T17:02:34","guid":{"rendered":"https:\/\/www.sisinternational.com\/?page_id=40636"},"modified":"2025-09-25T00:59:40","modified_gmt":"2025-09-25T04:59:40","slug":"blockchain-dans-le-conseil-en-strategie-de-sante","status":"publish","type":"page","link":"https:\/\/www.sisinternational.com\/fr\/solutions\/conseil-en-blockchain-sis\/blockchain-dans-le-conseil-en-strategie-de-sante\/","title":{"rendered":"Blockchain dans le conseil en strat\u00e9gie de sant\u00e9"},"content":{"rendered":"<h1 class=\"gb-headline gb-headline-0ed72a78 gb-headline-text\">Blockchain dans le conseil en strat\u00e9gie de sant\u00e9<\/h1>\n\n\n\n<figure class=\"gb-block-image gb-block-image-22fa9d03\"><img loading=\"lazy\" decoding=\"async\" width=\"1456\" height=\"816\" class=\"gb-image gb-image-22fa9d03\" src=\"https:\/\/www.sisinternational.com\/wp-content\/uploads\/2025\/08\/Healthcare-16.jpg\" alt=\"\u00c9tudes de march\u00e9 et strat\u00e9gie internationales SIS\" title=\"Healthcare (16)\" srcset=\"https:\/\/www.sisinternational.com\/wp-content\/uploads\/2025\/08\/Healthcare-16.jpg 1456w, https:\/\/www.sisinternational.com\/wp-content\/uploads\/2025\/08\/Healthcare-16-300x168.jpg 300w, https:\/\/www.sisinternational.com\/wp-content\/uploads\/2025\/08\/Healthcare-16-1024x574.jpg 1024w, https:\/\/www.sisinternational.com\/wp-content\/uploads\/2025\/08\/Healthcare-16-768x430.jpg 768w, https:\/\/www.sisinternational.com\/wp-content\/uploads\/2025\/08\/Healthcare-16-18x10.jpg 18w\" sizes=\"auto, (max-width: 1456px) 100vw, 1456px\"><\/figure>\n\n\n\n<p><\/p>\n\n\n\n<hr class=\"wp-block-separator has-alpha-channel-opacity is-style-dots\"\/>\n\n\n\n<blockquote class=\"wp-block-quote is-layout-flow wp-block-quote-is-layout-flow\">\n<p>The healthcare industry is undergoing a <strong>digital revolution<\/strong>, et <strong>blockchain technology<\/strong> is at the forefront of this transformation.<\/p>\n<\/blockquote>\n\n\n\n<p>Blockchain in healthcare strategy consulting is helping healthcare organizations improve data security, patient privacy, interoperability, and operational efficiency.<\/p>\n\n\n\n<p>At SIS International Research, we provide strategic insights into how healthcare providers, pharmaceutical companies, and insurers can leverage blockchain to address key industry challenges and drive innovation.<\/p>\n\n\n\n<h2 class=\"wp-block-heading\">Qu\u2019est-ce que la Blockchain dans le domaine de la sant\u00e9 ?<\/h2>\n\n\n\n<p>Blockchain in <a href=\"https:\/\/www.sisinternational.com\/fr\/industry-forecast\/healthcare-industry-forecast\/\" title=\"Healthcare Industry Forecast\"  data-wpil-monitor-id=\"10095\">healthcare<\/a> can solve many of the problems the industry faces. Such issues include medical research, medical supply chain, drug integrity, and medical data. Blockchain also addresses the obstacles of interoperability, accessibility, and security. Because of its ability to produce fantastic data efficiency, Blockchain can disrupt healthcare. It can ensure flexible data access, transparency, interconnection, and better security. It is important to note that healthcare and technology are inseparable.<\/p>\n\n\n\n<h2 class=\"wp-block-heading\"><strong>Why Blockchain in Healthcare Matters<\/strong><\/h2>\n\n\n\n<figure class=\"gb-block-image gb-block-image-8a8fe947\"><img loading=\"lazy\" decoding=\"async\" width=\"1024\" height=\"574\" class=\"gb-image gb-image-8a8fe947\" src=\"https:\/\/www.sisinternational.com\/wp-content\/uploads\/2025\/08\/Healthcare-8-1024x574.jpg\" alt=\"\u00c9tudes de march\u00e9 et strat\u00e9gie internationales SIS\" title=\"Healthcare (8)\" srcset=\"https:\/\/www.sisinternational.com\/wp-content\/uploads\/2025\/08\/Healthcare-8-1024x574.jpg 1024w, https:\/\/www.sisinternational.com\/wp-content\/uploads\/2025\/08\/Healthcare-8-300x168.jpg 300w, https:\/\/www.sisinternational.com\/wp-content\/uploads\/2025\/08\/Healthcare-8-768x430.jpg 768w, https:\/\/www.sisinternational.com\/wp-content\/uploads\/2025\/08\/Healthcare-8-18x10.jpg 18w, https:\/\/www.sisinternational.com\/wp-content\/uploads\/2025\/08\/Healthcare-8.jpg 1456w\" sizes=\"auto, (max-width: 1024px) 100vw, 1024px\"><\/figure>\n\n\n\n<p><\/p>\n\n\n\n<p>The healthcare sector faces significant challenges, including <strong>data breaches, inefficiencies, fraud, and lack of transparency<\/strong>. Blockchain offers a <strong>decentralized, secure, and tamper-proof solution<\/strong> that enhances patient care and streamlines processes.<\/p>\n\n\n\n<p>\u2705 Securing patient records and preventing data breaches&nbsp;<br>\u2705 Improving interoperability between healthcare providers&nbsp;<br>\u2705 Eliminating inefficiencies in medical billing and insurance claims&nbsp;<br>\u2705 Ensuring pharmaceutical supply chain integrity&nbsp;<br>\u2705 Enhancing clinical trial transparency and data integ<strong>rity<\/strong>&nbsp;<\/p>\n\n\n\n<h2 class=\"wp-block-heading\"><strong>Key Use Cases of Blockchain in Healthcare<\/strong><\/h2>\n\n\n\n<h3 class=\"wp-block-heading\"><strong>1. Securing Electronic Health Records (EHRs)<\/strong><\/h3>\n\n\n\n<p>UN <strong>decentralized health record system<\/strong> ensures that only authorized users can access patient data, reducing fraud and enhancing security.<\/p>\n\n\n\n<p>\ud83d\udccc <strong>Impact:<\/strong> Patients gain control over their records while healthcare providers access real-time, verified data.<\/p>\n\n\n\n<h3 class=\"wp-block-heading\"><strong>2. Interoperability and Seamless Data Sharing<\/strong><\/h3>\n\n\n\n<p>UN <strong>secure, standardized system<\/strong> that allows hospitals, insurers, and laboratories to seamlessly share patient data.<\/p>\n\n\n\n<p>\ud83d\udccc <strong>Impact:<\/strong> Faster diagnoses, reduced errors, and improved patient care coordination.<\/p>\n\n\n\n<h3 class=\"wp-block-heading\"><strong>3. Medical Billing and Insurance Claims Processing<\/strong><\/h3>\n\n\n\n<p><strong>Smart contracts<\/strong> can automate insurance claim verifications and payments, eliminating <strong>fraud and reducing delays<\/strong>.<\/p>\n\n\n\n<p>\ud83d\udccc <strong>Impact:<\/strong> Faster claims processing, lower administrative costs, and improved patient trust.<\/p>\n\n\n\n<h3 class=\"wp-block-heading\"><strong>4. Pharmaceutical Supply Chain Transparency<\/strong><\/h3>\n\n\n\n<p><strong>Real-time tracking<\/strong> of drugs from manufacturer to pharmacy, ensuring authenticity and preventing fraud.<\/p>\n\n\n\n<p>\ud83d\udccc <strong>Impact:<\/strong> Improved drug safety, regulatory compliance, and efficient recalls.<\/p>\n\n\n\n<h3 class=\"wp-block-heading\"><strong>5. Clinical Trials and Research Data Integrity<\/strong><\/h3>\n\n\n\n<p>UN <strong>tamper-proof, timestamped ledger<\/strong> ensures the integrity of trial <a href=\"https:\/\/www.sisinternational.com\/fr\/couverture\/leurope-%ef%83%97\/etude-de-marche-liverpool-royaume-uni\/\" title=\"\u00c9tude de march\u00e9 \u00e0 Liverpool | Groupes de discussion et collecte de donn\u00e9es au Royaume-Uni\"  data-wpil-monitor-id=\"10092\">data and research<\/a> findings.<\/p>\n\n\n\n<p>\ud83d\udccc <strong>Impact:<\/strong> Increased credibility, regulatory compliance, and patient safety.<\/p>\n\n\n\n<h2 class=\"wp-block-heading\">Technologie<\/h2>\n\n\n\n<p>La blockchain est un enregistrement partag\u00e9 de transactions. Avec Blockchain, les prestataires ne stockent plus les dossiers de sant\u00e9 sur un seul ordinateur piratable. Les m\u00e9decins et les assureurs peuvent conserver ces m\u00eames dossiers sur de nombreux ordinateurs. Cette m\u00e9thode rend tr\u00e8s difficile la falsification des donn\u00e9es. Une compagnie d&#039;assurance peut appeler un cabinet m\u00e9dical pour v\u00e9rifier une adresse. La beaut\u00e9 de la Blockchain est que si elle met \u00e0 jour le record, tous les membres de l\u2019alliance verront le changement.<\/p>\n\n\n\n<h2 class=\"wp-block-heading\">Les d\u00e9fis des soins de sant\u00e9 aujourd\u2019hui<\/h2>\n\n\n\n<p>De nombreux \u00e9tablissements m\u00e9dicaux utilisent des m\u00e9thodes peu pratiques et obsol\u00e8tes pour conserver les donn\u00e9es m\u00e9dicales, notamment celles relatives aux m\u00e9dicaments sur ordonnance et aux dossiers m\u00e9dicaux. Il comprend \u00e9galement les donn\u00e9es m\u00e9dicales des patients et les informations sur l&#039;assurance. Une mauvaise gestion des donn\u00e9es peut nuire au traitement des patients. Cela peut \u00e9galement ralentir le r\u00e9tablissement du patient. Pire encore, de nombreux \u00e9tablissements m\u00e9dicaux ont d\u00e9velopp\u00e9 leurs propres syst\u00e8mes de tenue de dossiers.<\/p>\n\n\n\n<p>Ces circonstances ont conduit \u00e0 un manque de transparence. Les \u00e9tablissements m\u00e9dicaux et les agences d\u2019assurance fonctionnent dans le vide. Leur mode de fonctionnement est au d\u00e9triment des patients. Ils ouvrent la voie \u00e0 de graves erreurs m\u00e9dicales. De telles erreurs constituent la principale cause de d\u00e9c\u00e8s chez les patients atteints de cancer et de maladies cardiaques aux \u00c9tats-Unis.<\/p>\n\n\n\n<p>Ce syst\u00e8me obsol\u00e8te diffuse les donn\u00e9es m\u00e9dicales des patients dans divers \u00e9tablissements m\u00e9dicaux. Les m\u00e9decins et les compagnies d\u2019assurance tiennent des registres s\u00e9par\u00e9s. Dans le monde d\u2019aujourd\u2019hui, les ant\u00e9c\u00e9dents m\u00e9dicaux et les dossiers des patients sont comme des \u00e9nigmes. Cette jonglerie entre les donn\u00e9es entre diff\u00e9rentes entit\u00e9s est terrible et entra\u00eene une perte d\u2019exactitude et d\u2019int\u00e9grit\u00e9. C&#039;est une pr\u00e9occupation particuli\u00e8re lorsqu&#039;il s&#039;agit de diagnostics et de prescriptions de m\u00e9dicaments. Tous ces \u00e9l\u00e9ments peuvent avoir un impact sur l\u2019efficacit\u00e9 du traitement des patients.<\/p>\n\n\n\n<h2 class=\"wp-block-heading\">Avantages de la blockchain dans le domaine de la sant\u00e9<\/h2>\n\n\n\n<ul class=\"wp-block-list\">\n<li>La technologie blockchain dans le secteur de la sant\u00e9 peut faire une diff\u00e9rence significative. Il permet une gestion efficace des donn\u00e9es. Cette technologie permet un \u00e9change s\u00e9curis\u00e9 et transparent de donn\u00e9es m\u00e9dicales. Les fournisseurs peuvent d\u00e9sormais \u00e9changer des donn\u00e9es entre diff\u00e9rents secteurs.<\/li>\n\n\n\n<li>Avec la technologie blockchain, il est facile d\u2019\u00e9tablir un dossier m\u00e9dical. Le syst\u00e8me \u00e9limine les frais administratifs inutiles. Cela permet \u00e9galement une utilisation efficace des soins de sant\u00e9. De plus, cette technologie supprime le besoin de diff\u00e9rents interm\u00e9diaires.<\/li>\n\n\n\n<li>La blockchain dans le domaine de la sant\u00e9 peut grandement contribuer \u00e0 simplifier le travail des prestataires. Ils disposent de plus de temps pour s&#039;acquitter de leur responsabilit\u00e9 premi\u00e8re, qui est d&#039;am\u00e9liorer la sant\u00e9 des patients. Les prestataires peuvent \u00e9galement avoir acc\u00e8s \u00e0 l\u2019image compl\u00e8te du dossier m\u00e9dical de n\u2019importe quel patient. Toutes les donn\u00e9es de sant\u00e9 ant\u00e9rieures sont immuables dans le syst\u00e8me de sant\u00e9. Les modifications apport\u00e9es aux donn\u00e9es peuvent \u00eatre visibles.<\/li>\n\n\n\n<li>Une bonne gestion des informations m\u00e9dicales est l\u2019un des avantages les plus importants de la Blockchain. Cela \u00e9limine la plupart des probl\u00e8mes auxquels le secteur de la sant\u00e9 est confront\u00e9. La fraude et la perte de donn\u00e9es en cas de catastrophe appartiennent d\u00e9sormais au pass\u00e9. Il am\u00e9liore \u00e9galement la compl\u00e9tion et l\u2019interop\u00e9rabilit\u00e9 des donn\u00e9es.<\/li>\n<\/ul>\n\n\n\n<h2 class=\"wp-block-heading\"><strong>The Future of Blockchain in Healthcare<\/strong><\/h2>\n\n\n\n<figure class=\"gb-block-image gb-block-image-dbadcb41\"><img loading=\"lazy\" decoding=\"async\" width=\"1456\" height=\"816\" class=\"gb-image gb-image-dbadcb41\" src=\"https:\/\/www.sisinternational.com\/wp-content\/uploads\/2025\/09\/Medicine-1.jpg\" alt=\"\u00c9tudes de march\u00e9 et strat\u00e9gie internationales SIS\" title=\"Medicine (1)\" srcset=\"https:\/\/www.sisinternational.com\/wp-content\/uploads\/2025\/09\/Medicine-1.jpg 1456w, https:\/\/www.sisinternational.com\/wp-content\/uploads\/2025\/09\/Medicine-1-300x168.jpg 300w, https:\/\/www.sisinternational.com\/wp-content\/uploads\/2025\/09\/Medicine-1-1024x574.jpg 1024w, https:\/\/www.sisinternational.com\/wp-content\/uploads\/2025\/09\/Medicine-1-768x430.jpg 768w, https:\/\/www.sisinternational.com\/wp-content\/uploads\/2025\/09\/Medicine-1-18x10.jpg 18w\" sizes=\"auto, (max-width: 1456px) 100vw, 1456px\"><\/figure>\n\n\n\n<p><\/p>\n\n\n\n<p>The next wave of blockchain-driven healthcare innovations will include:<\/p>\n\n\n\n<p><strong>AI + Blockchain integration<\/strong> for <a href=\"https:\/\/www.sisinternational.com\/fr\/predictive-analytics\/\" title=\"Predictive Analytics: Your Crystal Ball for Business Success\"  data-wpil-monitor-id=\"10091\">predictive<\/a> healthcare analytics&nbsp;<br><strong>Decentralized identity management<\/strong> for secure patient authentication&nbsp;<br><strong>Tokenized healthcare models<\/strong> for incentivized patient engagement&nbsp;<br><strong>Increased partnerships between healthcare and blockchain startups<\/strong>&nbsp;<\/p>\n\n\n\n<h2 class=\"wp-block-heading\"><strong>Final Thoughts from Ruth Stanat, CEO of SIS International Research<\/strong><\/h2>\n\n\n\n<p>\u00c0 <a href=\"https:\/\/www.linkedin.com\/company\/sisinternationalresearch\/posts\/?feedView=all\" target=\"_blank\" rel=\"noopener\"><strong>Recherche internationale SIS<\/strong><\/a>, we provide blockchain market intelligence, regulatory insights, and strategic consulting to help healthcare organizations implement scalable blockchain solutions.<\/p>\n\n\n\n<h2 class=\"wp-block-heading\">Pourquoi le conseil en strat\u00e9gie est utile<\/h2>\n\n\n\n<p>Blockchain continues to evolve. Thus, providers and insurers will have to <a href=\"https:\/\/www.sisinternational.com\/fr\/solutions\/recherche-de-conseil-en-strategie-fintech\/services-financiers-gestion-du-changement-etudes-de-marche-conseil-en-strategie\/\" title=\"Gestion du changement dans les services financiers \u00c9tudes de march\u00e9 et conseil en strat\u00e9gie\" data-wpil-monitor-id=\"10093\">change their strategies<\/a> from time to time. <a href=\"https:\/\/www.sisinternational.com\/fr\/contacter-sis-etude-de-marche-internationale\/\" title=\"Contactez-nous\" data-wpil-monitor-id=\"10085\">Recherche internationale SIS<\/a> understands the Blockchain space. We are familiar with the security frameworks for regulatory needs and legal compliance. Thus, we are best suited to help companies <a href=\"https:\/\/www.sisinternational.com\/fr\/solutions\/conseil-en-strategie\/conseil-en-execution-de-developpement-de-strategie\/\" title=\"Conseil en d\u00e9veloppement et ex\u00e9cution de strat\u00e9gies\" data-wpil-monitor-id=\"10090\">develop and maintain a Blockchain strategy<\/a>. With Blockchain, it&#8217;s easy to stand out among the competition. <a href=\"https:\/\/www.sisinternational.com\/fr\/solutions\/test-de-gout\/services-de-test-alimentaire-sis-a-new-york\/\" title=\"Services de test alimentaire SIS \u00e0 New York\" data-wpil-monitor-id=\"10094\">SIS&#8217;s consulting services<\/a> help to make that happen.<\/p>\n\n\n\n<h2 class=\"wp-block-heading\">Notre emplacement \u00e0 New York<\/h2>\n\n\n\n<p>\n\n\n\n<iframe loading=\"lazy\" src=\"https:\/\/www.google.com\/maps\/embed?pb=!1m18!1m12!1m3!1d3022.976188376966!2d-73.99130312499956!3d40.740549471389315!2m3!1f0!2f0!3f0!3m2!1i1024!2i768!4f13.1!3m3!1m2!1s0x89c259a15798c731%3A0xd695d09bdd495f25!2s11%20E%2022nd%20St%20FL%202%2C%20New%20York%2C%20NY%2010010%2C%20USA!5e0!3m2!1sen!2spe!4v1726171763526!5m2!1sen!2spe\" width=\"600\" height=\"450\" allowfullscreen=\"allowfullscreen\" data-mce-fragment=\"1\"><\/iframe>\n\n\n\n<\/p>\n\n\n\n<h3 class=\"wp-block-heading\">11 E 22nd Street, \u00e9tage 2, New York, NY 10010 T\u00e9l. : +1(212) 505-6805<\/h3>\n\n\n\n<hr class=\"wp-block-separator has-alpha-channel-opacity\"\/>\n\n\n\n<h2 class=\"wp-block-heading\"><span style=\"font-weight: 400;\">\u00c0 propos de SIS International<\/span><\/h2>\n\n\n\n<p><a href=\"https:\/\/www.sisinternational.com\/fr\/\"><span style=\"font-weight: 400;\">SIS International<\/span><\/a><span style=\"font-weight: 400;\"> offers Quantitative, Qualitative, and Strategy Research. We provide data, tools, strategies, reports, and insights for decision-making. We also conduct interviews, surveys, focus groups, and other <a href=\"https:\/\/www.sisinternational.com\/fr\/quantitative-market-research-methods-and-techniques\/\" title=\"Quantitative Market Research Methods and Techniques\" data-wpil-monitor-id=\"10088\">Market Research methods<\/a> and approaches.<\/span><a href=\"https:\/\/www.sisinternational.com\/fr\/a-propos-de-la-recherche-internationale-sis\/contact-sis-international-market-research\/\"><span style=\"font-weight: 400;\"> Contactez nous<\/span><\/a><span style=\"font-weight: 400;\"> pour votre prochain projet d&#039;\u00e9tude de march\u00e9.\u00a0<\/span><\/p>\n\n\n\n<p><\/p>","protected":false},"excerpt":{"rendered":"<p>Blockchain in Healthcare Strategy Consulting The healthcare industry is undergoing a digital revolution, and blockchain technology is at the forefront of this transformation. Blockchain in healthcare strategy consulting is helping healthcare organizations improve data security, patient privacy, interoperability, and operational efficiency. At SIS International Research, we provide strategic insights into how healthcare providers, pharmaceutical companies, &#8230; <a title=\"Blockchain dans le conseil en strat\u00e9gie de sant\u00e9\" class=\"read-more\" href=\"https:\/\/www.sisinternational.com\/fr\/solutions\/conseil-en-blockchain-sis\/blockchain-dans-le-conseil-en-strategie-de-sante\/\" aria-label=\"En savoir plus sur Blockchain in Healthcare Strategy Consulting\">Lire plus<\/a><\/p>","protected":false},"author":1,"featured_media":62434,"parent":32590,"menu_order":1,"comment_status":"closed","ping_status":"closed","template":"","meta":{"footnotes":""},"class_list":["post-40636","page","type-page","status-publish","has-post-thumbnail"],"_links":{"self":[{"href":"https:\/\/www.sisinternational.com\/fr\/wp-json\/wp\/v2\/pages\/40636","targetHints":{"allow":["GET"]}}],"collection":[{"href":"https:\/\/www.sisinternational.com\/fr\/wp-json\/wp\/v2\/pages"}],"about":[{"href":"https:\/\/www.sisinternational.com\/fr\/wp-json\/wp\/v2\/types\/page"}],"author":[{"embeddable":true,"href":"https:\/\/www.sisinternational.com\/fr\/wp-json\/wp\/v2\/users\/1"}],"replies":[{"embeddable":true,"href":"https:\/\/www.sisinternational.com\/fr\/wp-json\/wp\/v2\/comments?post=40636"}],"version-history":[{"count":7,"href":"https:\/\/www.sisinternational.com\/fr\/wp-json\/wp\/v2\/pages\/40636\/revisions"}],"predecessor-version":[{"id":81670,"href":"https:\/\/www.sisinternational.com\/fr\/wp-json\/wp\/v2\/pages\/40636\/revisions\/81670"}],"up":[{"embeddable":true,"href":"https:\/\/www.sisinternational.com\/fr\/wp-json\/wp\/v2\/pages\/32590"}],"wp:featuredmedia":[{"embeddable":true,"href":"https:\/\/www.sisinternational.com\/fr\/wp-json\/wp\/v2\/media\/62434"}],"wp:attachment":[{"href":"https:\/\/www.sisinternational.com\/fr\/wp-json\/wp\/v2\/media?parent=40636"}],"curies":[{"name":"wp","href":"https:\/\/api.w.org\/{rel}","templated":true}]}}