{"id":40631,"date":"2022-06-16T16:44:42","date_gmt":"2022-06-16T16:44:42","guid":{"rendered":"https:\/\/www.sisinternational.com\/?page_id=40631"},"modified":"2026-03-12T13:29:38","modified_gmt":"2026-03-12T17:29:38","slug":"etude-de-marche-sur-les-boissons-alimentaires-blockchain","status":"publish","type":"page","link":"https:\/\/www.sisinternational.com\/fr\/solutions\/etude-de-marche-sur-lindustrie-des-boissons-alimentaires\/etude-de-marche-sur-les-boissons-alimentaires-blockchain\/","title":{"rendered":"Blockchain dans les \u00e9tudes de march\u00e9 sur les aliments et les boissons"},"content":{"rendered":"<h1 class=\"gb-headline gb-headline-ca213229 gb-headline-text\">Blockchain dans les \u00e9tudes de march\u00e9 sur les aliments et les boissons<\/h1>\n\n\n\n<figure class=\"gb-block-image gb-block-image-3a2759bd\"><img loading=\"lazy\" decoding=\"async\" width=\"1456\" height=\"816\" class=\"gb-image gb-image-3a2759bd\" src=\"https:\/\/www.sisinternational.com\/wp-content\/uploads\/2025\/08\/Alcoholic-beverage-4.jpg\" alt=\"\u00c9tudes de march\u00e9 et strat\u00e9gie internationales SIS\" title=\"Alcoholic beverage (4)\" srcset=\"https:\/\/www.sisinternational.com\/wp-content\/uploads\/2025\/08\/Alcoholic-beverage-4.jpg 1456w, https:\/\/www.sisinternational.com\/wp-content\/uploads\/2025\/08\/Alcoholic-beverage-4-300x168.jpg 300w, https:\/\/www.sisinternational.com\/wp-content\/uploads\/2025\/08\/Alcoholic-beverage-4-1024x574.jpg 1024w, https:\/\/www.sisinternational.com\/wp-content\/uploads\/2025\/08\/Alcoholic-beverage-4-768x430.jpg 768w, https:\/\/www.sisinternational.com\/wp-content\/uploads\/2025\/08\/Alcoholic-beverage-4-18x10.jpg 18w\" sizes=\"auto, (max-width: 1456px) 100vw, 1456px\"><\/figure>\n\n\n\n<p><\/p>\n\n\n\n<hr class=\"wp-block-separator has-alpha-channel-opacity is-style-dots\"\/>\n\n\n\n<blockquote class=\"wp-block-quote is-layout-flow wp-block-quote-is-layout-flow\">\n<p>Blockchain technology addresses these concerns by <strong>creating a secure, tamper-proof ledger<\/strong> that ensures <strong>authenticity, quality control, and accurate data tracking.<\/strong><\/p>\n<\/blockquote>\n\n\n\n<p>Blockchain in food and beverage market research delivers unparalleled transparency, authenticity verification, and real-time insights into consumer preferences. At SIS International Research, we explore how blockchain is enhancing food safety, supply chain tracking, and data-driven decision-making in the food and beverage sector.<\/p>\n\n\n\n<h2 class=\"wp-block-heading\">La communaut\u00e9 des utilisateurs de Blockchain a parcouru un long chemin.<\/h2>\n\n\n\n<p>On ne se concentre plus uniquement sur la cryptographie. Les gens ont d\u00e9sormais une compr\u00e9hension plus large des diff\u00e9rentes m\u00e9thodes permettant d\u2019exploiter la technologie blockchain. Il est d\u00e9sormais utilis\u00e9 quotidiennement dans les industries alimentaires. La blockchain permet d\u2019avoir un registre partag\u00e9 des transactions. Ce grand livre se propage sur divers r\u00e9seaux d\u00e9centralis\u00e9s.<\/p>\n\n\n\n<p>Dans l\u2019industrie agroalimentaire, un tel registre est tr\u00e8s important. Cela permet de suivre la source de diff\u00e9rents produits alimentaires. Les enqu\u00eateurs peuvent partir du point de production. Ils peuvent voir tout le trajet emprunt\u00e9 par les aliments, jusqu\u2019aux rayons du supermarch\u00e9. En cas de contamination ou de maladie alimentaire\u00a0; il sera plus simple et plus rapide de trouver la source.<\/p>\n\n\n\n<p>Alors que les masses continuent d\u2019utiliser la Blockchain, celle-ci a fa\u00e7onn\u00e9 l\u2019industrie alimentaire et des boissons. Cette industrie est devenue une destination importante pour la technologie Blockchain.<\/p>\n\n\n\n<h2 class=\"wp-block-heading\"><strong>Why Blockchain Matters in Food and Beverage Market Research<\/strong><\/h2>\n\n\n\n<figure class=\"gb-block-image gb-block-image-8affd00d\"><img loading=\"lazy\" decoding=\"async\" width=\"1456\" height=\"816\" class=\"gb-image gb-image-8affd00d\" src=\"https:\/\/www.sisinternational.com\/wp-content\/uploads\/2025\/08\/Alcoholic-beverage-3.jpg\" alt=\"\u00c9tudes de march\u00e9 et strat\u00e9gie internationales SIS\" title=\"Alcoholic beverage (3)\" srcset=\"https:\/\/www.sisinternational.com\/wp-content\/uploads\/2025\/08\/Alcoholic-beverage-3.jpg 1456w, https:\/\/www.sisinternational.com\/wp-content\/uploads\/2025\/08\/Alcoholic-beverage-3-300x168.jpg 300w, https:\/\/www.sisinternational.com\/wp-content\/uploads\/2025\/08\/Alcoholic-beverage-3-1024x574.jpg 1024w, https:\/\/www.sisinternational.com\/wp-content\/uploads\/2025\/08\/Alcoholic-beverage-3-768x430.jpg 768w, https:\/\/www.sisinternational.com\/wp-content\/uploads\/2025\/08\/Alcoholic-beverage-3-18x10.jpg 18w\" sizes=\"auto, (max-width: 1456px) 100vw, 1456px\"><\/figure>\n\n\n\n<p><\/p>\n\n\n\n<p>Traditional food and beverage supply chains face significant challenges, including:<\/p>\n\n\n\n<p>\u2705 <strong>Lack of transparency<\/strong> in ingredient sourcing&nbsp;<br>\u2705 <strong>Food safety concerns<\/strong> due to contamination risks&nbsp;<br>\u2705 <strong>Counterfeit products &amp; mislabeling<\/strong> causing consumer distrust&nbsp;<br>\u2705 <strong>Slow and inefficient recall processes<\/strong>&nbsp;<\/p>\n\n\n\n<h2 class=\"wp-block-heading\">Blockchain in Food and Beverage Market Research Uses in the food supply industry<\/h2>\n\n\n\n<p>Alors, qu\u2019est-ce qui rend la technologie Blockchain si attrayante pour l\u2019industrie agroalimentaire ?<\/p>\n\n\n\n<ul class=\"wp-block-list\">\n<li><strong>Suivi des maladies d&#039;origine alimentaire\u00a0:<\/strong> Les maladies contract\u00e9es \u00e0 la suite d\u2019aliments contamin\u00e9s restent une pr\u00e9occupation majeure. La situation est pr\u00e9occupante non seulement pour les gouvernements mais aussi pour chacun d\u2019entre nous. Des centaines de millions de personnes sont infect\u00e9es chaque ann\u00e9e par des aliments contamin\u00e9s. Ce probl\u00e8me a attir\u00e9 l&#039;attention des gouvernements. Cela affecte les entreprises alimentaires et les consommateurs du monde entier. Le potentiel de contamination dans la cha\u00eene d\u2019approvisionnement est \u00e9lev\u00e9. Pourquoi? En raison de la mondialisation croissante du commerce et de la distribution alimentaires. La blockchain permet de traquer la source de toute contamination. Les parties prenantes peuvent g\u00e9rer la situation avant qu\u2019elle ne devienne incontr\u00f4lable.<\/li>\n\n\n\n<li><strong>Cha\u00eene d&#039;approvisionnement:<\/strong> La blockchain est vitale pour toute cha\u00eene d\u2019approvisionnement num\u00e9ris\u00e9e. Il permet aux entreprises en d\u00e9marrage et aux clients de suivre n&#039;importe quel produit. Les parties prenantes peuvent suivre les produits depuis l\u2019heure de ramassage jusqu\u2019au moment o\u00f9 les produits arrivent au consommateur final. L\u2019utilisation de la Blockchain a permis de sauver les registres num\u00e9riques. Il est d\u00e9sormais possible de partager des informations avec des parties et d&#039;effectuer des transactions en toute s\u00e9curit\u00e9. La blockchain dans la cha\u00eene d&#039;approvisionnement r\u00e9duit les erreurs, la fraude et les frais de suivi.<\/li>\n\n\n\n<li><strong>Sources de croissance :<\/strong> Les avantages de la Blockchain peuvent permettre aux entreprises d&#039;\u00e9conomiser du temps, de l&#039;argent et des efforts. Les cybercriminels ne peuvent pas p\u00e9n\u00e9trer dans les entreprises qui utilisent la technologie blockchain. Pour les propri\u00e9taires d\u2019entreprise, il est essentiel d\u2019obtenir les commentaires de leurs clients. Ils utilisent ces commentaires pour am\u00e9liorer leurs biens et services, renfor\u00e7ant ainsi leur croissance. La blockchain aide les moyennes et grandes organisations \u00e0 \u00e9viter les probl\u00e8mes de communication. Associ\u00e9 au conseil en strat\u00e9gie, il r\u00e9duit la fraude. L\u2019ensemble du syst\u00e8me d\u2019approvisionnement progresse. Les parties prenantes constateront \u00e9galement une meilleure transparence entre les entreprises et les consommateurs.<\/li>\n<\/ul>\n\n\n\n<h2 class=\"wp-block-heading\"><strong>Key Applications of Blockchain in Food and Beverage Market Research<\/strong><\/h2>\n\n\n\n<p><\/p>\n\n\n\n<h3 class=\"wp-block-heading\"><strong>1. Supply Chain Transparency &amp; Traceability<\/strong><\/h3>\n\n\n\n<p>Blockchain enhances food traceability by recording every supply chain step\u2014from farm to fork.<\/p>\n\n\n\n<p>\ud83d\udd39 <strong>Avantages:<\/strong><\/p>\n\n\n\n<ul class=\"wp-block-list\">\n<li><p>Real-time tracking of ingredients and product origins&nbsp;<\/p><\/li>\n\n\n\n<li><p>Verification of organic and ethically sourced products&nbsp;<\/p><\/li>\n\n\n\n<li><p>Instant recall capability in case of contamination&nbsp;<\/p><\/li>\n<\/ul>\n\n\n\n<h3 class=\"wp-block-heading\"><strong>2. Consumer Behavior and Product Authenticity<\/strong><\/h3>\n\n\n\n<p>Blockchain-backed food and <a class=\"wpil_keyword_link\" href=\"https:\/\/www.sisinternational.com\/fr\/competence\/les-industries\/etude-de-marche-des-boissons\/\"   title=\"\u00c9tude de march\u00e9 des boissons\" data-wpil-keyword-link=\"linked\"  data-wpil-monitor-id=\"731\">\u00e9tude de march\u00e9 des boissons<\/a> provides real-time insights into consumer buying behaviors and preferences.<\/p>\n\n\n\n<p>\ud83d\udd39 <strong>How it works:<\/strong><\/p>\n\n\n\n<ul class=\"wp-block-list\">\n<li><p>Smart labels and QR codes allow consumers to access verified product data&nbsp;<\/p><\/li>\n\n\n\n<li><p>Companies can track purchasing patterns for data-driven decision-making&nbsp;<\/p><\/li>\n\n\n\n<li><p>Authenticity verification prevents food fraud and counterfeit goods&nbsp;<\/p><\/li>\n<\/ul>\n\n\n\n<h3 class=\"wp-block-heading\"><strong>3. Sustainable and Ethical Sourcing<\/strong><\/h3>\n\n\n\n<p>Blockchain ensures ethical sourcing by verifying labor practices, carbon footprint tracking, and fair trade certification.<\/p>\n\n\n\n<p>\ud83d\udd39 <strong>Blockchain\u2019s role in sustainability:<\/strong><\/p>\n\n\n\n<ul class=\"wp-block-list\">\n<li><p>Transparent tracking of sustainability efforts&nbsp;<\/p><\/li>\n\n\n\n<li><p>Certification of ethically sourced ingredients&nbsp;<\/p><\/li>\n\n\n\n<li><p>Verification of carbon-neutral supply chain initiatives&nbsp;<\/p><\/li>\n<\/ul>\n\n\n\n<h3 class=\"wp-block-heading\"><strong>4. Food Safety and Quality Assurance<\/strong><\/h3>\n\n\n\n<p>Blockchain prevents contamination, reduces foodborne illness risks, and ensures compliance with global food safety standards.<\/p>\n\n\n\n<p>\ud83d\udd39 <strong>Key advantages:<\/strong><\/p>\n\n\n\n<ul class=\"wp-block-list\">\n<li><p>Immediate identification of contamination sources&nbsp;<\/p><\/li>\n\n\n\n<li><p>AI-enhanced blockchain solutions predict food safety risks&nbsp;<\/p><\/li>\n\n\n\n<li><p>Smart contracts automate compliance and certification processes&nbsp;<\/p><\/li>\n<\/ul>\n\n\n\n<h2 class=\"wp-block-heading\"><strong>The Future of Blockchain in Food and Beverage Market Research<\/strong><\/h2>\n\n\n\n<figure class=\"gb-block-image gb-block-image-0e23a2be\"><img loading=\"lazy\" decoding=\"async\" width=\"1456\" height=\"816\" class=\"gb-image gb-image-0e23a2be\" src=\"https:\/\/www.sisinternational.com\/wp-content\/uploads\/2025\/08\/Food-taste-testing-17.jpg\" alt=\"\u00c9tudes de march\u00e9 et strat\u00e9gie internationales SIS\" title=\"Food taste testing (17)\" srcset=\"https:\/\/www.sisinternational.com\/wp-content\/uploads\/2025\/08\/Food-taste-testing-17.jpg 1456w, https:\/\/www.sisinternational.com\/wp-content\/uploads\/2025\/08\/Food-taste-testing-17-300x168.jpg 300w, https:\/\/www.sisinternational.com\/wp-content\/uploads\/2025\/08\/Food-taste-testing-17-1024x574.jpg 1024w, https:\/\/www.sisinternational.com\/wp-content\/uploads\/2025\/08\/Food-taste-testing-17-768x430.jpg 768w, https:\/\/www.sisinternational.com\/wp-content\/uploads\/2025\/08\/Food-taste-testing-17-18x10.jpg 18w\" sizes=\"auto, (max-width: 1456px) 100vw, 1456px\"><\/figure>\n\n\n\n<p><\/p>\n\n\n\n<p>The next wave of blockchain-powered food and beverage research will include:<\/p>\n\n\n\n<p>\u2705 <strong>AI-driven blockchain insights<\/strong> for consumer trends and market analysis&nbsp;<br>\u2705 <strong>IoT and smart sensors<\/strong> enhancing real-time food safety tracking&nbsp;<br>\u2705 <strong>Tokenized reward programs<\/strong> incentivizing consumers for ethical purchases&nbsp;<br>\u2705 <strong>Cross-border supply chain interoperability<\/strong> for international food trade&nbsp;<\/p>\n\n\n\n<h2 class=\"wp-block-heading\"><strong>Final Thoughts from Ruth Stanat, CEO of SIS International Research<\/strong><\/h2>\n\n\n\n<p>Blockchain is revolutionizing <a href=\"https:\/\/www.sisinternational.com\/fr\/competence\/les-industries\/etude-de-marche-sur-les-boissons-et-les-aliments-pour-le-diner\/\" title=\"\u00c9tude de march\u00e9 sur les aliments et boissons pour le d\u00eener\"  data-wpil-monitor-id=\"7177\">food and beverage market research<\/a>, offering an unprecedented level of transparency, security, and trust. Companies that invest in blockchain-powered insights and real-time data tracking will dominate the future of the food industry.<\/p>\n\n\n\n<p>\u00c0 <a href=\"https:\/\/www.linkedin.com\/company\/sisinternationalresearch\/posts\/?feedView=all\" target=\"_blank\" rel=\"noopener\"><strong>Recherche internationale SIS<\/strong><\/a>, we provide in-depth market intelligence, blockchain adoption strategies, and industry insights to help food and beverage companies stay ahead of trends and disruptions.<\/p>\n\n\n\n<h2 class=\"wp-block-heading\">Notre emplacement \u00e0 New York<\/h2>\n\n\n\n<p>\n\n\n\n<iframe loading=\"lazy\" src=\"https:\/\/www.google.com\/maps\/embed?pb=!1m18!1m12!1m3!1d3022.976188376966!2d-73.99130312499956!3d40.740549471389315!2m3!1f0!2f0!3f0!3m2!1i1024!2i768!4f13.1!3m3!1m2!1s0x89c259a15798c731%3A0xd695d09bdd495f25!2s11%20E%2022nd%20St%20FL%202%2C%20New%20York%2C%20NY%2010010%2C%20USA!5e0!3m2!1sen!2spe!4v1726171763526!5m2!1sen!2spe\" width=\"600\" height=\"450\" allowfullscreen=\"allowfullscreen\" data-mce-fragment=\"1\"><\/iframe>\n\n\n\n<\/p>\n\n\n\n<h3 class=\"wp-block-heading\">11 E 22nd Street, \u00e9tage 2, New York, NY 10010 T\u00e9l. : +1(212) 505-6805<\/h3>\n\n\n\n<hr class=\"wp-block-separator has-alpha-channel-opacity\"\/>\n\n\n\n<h2 class=\"wp-block-heading\"><span style=\"font-weight: 400;\">\u00c0 propos de SIS International<\/span><\/h2>\n\n\n\n<p><a href=\"https:\/\/www.sisinternational.com\/fr\/\"><span style=\"font-weight: 400;\">SIS International<\/span><\/a><span style=\"font-weight: 400;\"> propose des recherches quantitatives, qualitatives et strat\u00e9giques. Nous fournissons des donn\u00e9es, des outils, des strat\u00e9gies, des rapports et des informations pour la prise de d\u00e9cision. Nous menons \u00e9galement des entretiens, des enqu\u00eates, des groupes de discussion et d\u2019autres m\u00e9thodes et approches d\u2019\u00e9tudes de march\u00e9.<\/span><a href=\"https:\/\/www.sisinternational.com\/fr\/a-propos-de-la-recherche-internationale-sis\/contact-sis-international-market-research\/\"><span style=\"font-weight: 400;\"> Contactez nous<\/span><\/a><span style=\"font-weight: 400;\"> pour votre prochain projet d&#039;\u00e9tude de march\u00e9.<\/span><\/p>\n\n\n\n<p><\/p>\n\n\n\n<h2 class=\"wp-block-heading\">&nbsp;<\/h2>","protected":false},"excerpt":{"rendered":"<p>La blockchain dans les \u00e9tudes de march\u00e9 sur les aliments et les boissons peut aider \u00e0 d\u00e9bloquer de nouvelles opportunit\u00e9s de march\u00e9 transformatrices.<\/p>","protected":false},"author":1,"featured_media":63158,"parent":22018,"menu_order":128,"comment_status":"closed","ping_status":"closed","template":"","meta":{"footnotes":""},"class_list":["post-40631","page","type-page","status-publish","has-post-thumbnail"],"_links":{"self":[{"href":"https:\/\/www.sisinternational.com\/fr\/wp-json\/wp\/v2\/pages\/40631","targetHints":{"allow":["GET"]}}],"collection":[{"href":"https:\/\/www.sisinternational.com\/fr\/wp-json\/wp\/v2\/pages"}],"about":[{"href":"https:\/\/www.sisinternational.com\/fr\/wp-json\/wp\/v2\/types\/page"}],"author":[{"embeddable":true,"href":"https:\/\/www.sisinternational.com\/fr\/wp-json\/wp\/v2\/users\/1"}],"replies":[{"embeddable":true,"href":"https:\/\/www.sisinternational.com\/fr\/wp-json\/wp\/v2\/comments?post=40631"}],"version-history":[{"count":11,"href":"https:\/\/www.sisinternational.com\/fr\/wp-json\/wp\/v2\/pages\/40631\/revisions"}],"predecessor-version":[{"id":80742,"href":"https:\/\/www.sisinternational.com\/fr\/wp-json\/wp\/v2\/pages\/40631\/revisions\/80742"}],"up":[{"embeddable":true,"href":"https:\/\/www.sisinternational.com\/fr\/wp-json\/wp\/v2\/pages\/22018"}],"wp:featuredmedia":[{"embeddable":true,"href":"https:\/\/www.sisinternational.com\/fr\/wp-json\/wp\/v2\/media\/63158"}],"wp:attachment":[{"href":"https:\/\/www.sisinternational.com\/fr\/wp-json\/wp\/v2\/media?parent=40631"}],"curies":[{"name":"wp","href":"https:\/\/api.w.org\/{rel}","templated":true}]}}