{"id":40596,"date":"2022-06-08T04:45:44","date_gmt":"2022-06-08T04:45:44","guid":{"rendered":"https:\/\/www.sisinternational.com\/?page_id=40596"},"modified":"2026-03-12T11:54:07","modified_gmt":"2026-03-12T15:54:07","slug":"etude-de-marche-sur-les-groupes-de-discussion-automobiles","status":"publish","type":"page","link":"https:\/\/www.sisinternational.com\/fr\/competence\/etude-de-marche-automobile\/etude-de-marche-sur-les-groupes-de-discussion-automobiles\/","title":{"rendered":"\u00c9tude de march\u00e9 sur les groupes de discussion automobiles"},"content":{"rendered":"<h1 class=\"wp-block-heading\">\u00c9tude de march\u00e9 sur les groupes de discussion automobiles<\/h1>\n\n\n\n<figure class=\"gb-block-image gb-block-image-9bdfcf23\"><img loading=\"lazy\" decoding=\"async\" width=\"1456\" height=\"816\" class=\"gb-image gb-image-9bdfcf23\" src=\"https:\/\/www.sisinternational.com\/wp-content\/uploads\/2025\/08\/Automotive-4.jpg\" alt=\"\u00c9tudes de march\u00e9 et strat\u00e9gie internationales SIS\" title=\"Automotive (4)\" srcset=\"https:\/\/www.sisinternational.com\/wp-content\/uploads\/2025\/08\/Automotive-4.jpg 1456w, https:\/\/www.sisinternational.com\/wp-content\/uploads\/2025\/08\/Automotive-4-300x168.jpg 300w, https:\/\/www.sisinternational.com\/wp-content\/uploads\/2025\/08\/Automotive-4-1024x574.jpg 1024w, https:\/\/www.sisinternational.com\/wp-content\/uploads\/2025\/08\/Automotive-4-768x430.jpg 768w, https:\/\/www.sisinternational.com\/wp-content\/uploads\/2025\/08\/Automotive-4-18x10.jpg 18w\" sizes=\"auto, (max-width: 1456px) 100vw, 1456px\"><\/figure>\n\n\n\n<p><\/p>\n\n\n\n<hr class=\"wp-block-separator has-alpha-channel-opacity is-style-dots\"\/>\n\n\n\n<p><\/p>\n\n\n\n<div class=\"wp-block-columns has-global-color-9-color has-text-color has-background has-link-color wp-elements-5de8ffe9834c7f31737ff8ba72473d50 is-layout-flex wp-container-core-columns-is-layout-9d6595d7 wp-block-columns-is-layout-flex\" style=\"background-color:#f7f9fa6e\">\n<div class=\"wp-block-column is-layout-flow wp-block-column-is-layout-flow\" style=\"flex-basis:18%\"><\/div>\n\n\n\n<div class=\"wp-block-column is-vertically-aligned-center is-layout-flow wp-block-column-is-layout-flow\" style=\"flex-basis:71.28%\">\n<div class=\"wp-block-rank-math-toc-block aligncenter has-global-color-9-color has-text-color has-link-color wp-elements-e1c1eb8fd3c3c5e1a311142cc01193d4\" style=\"font-size:16px\" id=\"rank-math-toc\"><h2><br><strong>T<\/strong>able of Contents<\/h2><nav><ul><li class=\"\"><a href=\"#importance-of-automotive-focus-group-market-research\">Importance des \u00e9tudes de march\u00e9 sur les groupes de discussion automobiles<\/a><\/li><li class=\"\"><a href=\"#focus-groups-in-the-automotive-industry\">Groupes de discussion dans l&#039;industrie automobile<\/a><\/li><li class=\"\"><a href=\"#the-rise-of-digital-disruption-in-automotive-research\">La mont\u00e9e de la rupture num\u00e9rique dans la recherche automobile<\/a><\/li><li class=\"\"><a href=\"#what-are-car-clinics\">Que sont les cliniques automobiles ?<\/a><\/li><li class=\"\"><a href=\"#the-rise-of-new-methodologies\">L&#039;essor de nouvelles m\u00e9thodologies<\/a><\/li><li class=\"\"><a href=\"#benefits-of-using-automotive-focus-groups-market-research\">Avantages de l\u2019utilisation des \u00e9tudes de march\u00e9 sur les groupes de discussion automobiles<\/a><\/li><\/ul><\/nav><\/div>\n<\/div>\n<\/div>\n\n\n\n<p>&nbsp;<\/p>\n\n\n\n<h2 class=\"wp-block-heading\" id=\"importance-of-automotive-focus-group-market-research\">Importance des \u00e9tudes de march\u00e9 sur les groupes de discussion automobiles<\/h2>\n\n\n\n<p>L\u2019industrie automobile a connu une croissance radicale apr\u00e8s 2016. Les caract\u00e9ristiques simples des anciennes voitures \u00e0 quatre roues se sont transform\u00e9es en v\u00e9hicules connect\u00e9s. L\u2019industrie a vu plusieurs nouvelles technologies ces derniers temps. Ces d\u00e9veloppements incluent le Big Data, le cloud computing et l\u2019Internet des objets. Ces \u00e9volutions ont conduit \u00e0 plusieurs innovations dans les voitures du futur.<\/p>\n\n\n\n<p>Malgr\u00e9 les innovations, le besoin d\u2019\u00e9tudes de march\u00e9 est rest\u00e9 constant. Les constructeurs automobiles doivent encore pr\u00e9dire les pr\u00e9f\u00e9rences et les tendances des consommateurs. L\u2019industrie d\u00e9pend de ces tendances et de ces go\u00fbts. La principale source de revenus des constructeurs automobiles r\u00e9side dans les ventes aux consommateurs. Les \u00e9tudes de march\u00e9 sur le comportement des consommateurs constituent donc une priorit\u00e9 majeure pour les acteurs du secteur.<\/p>\n\n\n\n<h2 class=\"wp-block-heading\" id=\"focus-groups-in-the-automotive-industry\">Groupes de discussion dans l&#039;industrie automobile<\/h2>\n\n\n\n<p>A focus group is an excellent method of <a class=\"wpil_keyword_link\" href=\"https:\/\/www.sisinternational.com\/fr\/solutions\/solutions-de-recherche-qualitative-et-quantitative\/etude-de-marche-qualitative\/\"   title=\"\u00c9tude de march\u00e9 qualitative\" data-wpil-keyword-link=\"linked\"  data-wpil-monitor-id=\"735\">\u00e9tude de march\u00e9 qualitative<\/a> for the industry. This method is an efficient and inexpensive way to reach a large number of consumers. The researcher can also use it for other types of data gathering, such as polls and surveys. This can generate even more discussion, as participants debate or justify their rankings.<\/p>\n\n\n\n<h2 class=\"wp-block-heading\" id=\"the-rise-of-digital-disruption-in-automotive-research\">La mont\u00e9e de la rupture num\u00e9rique dans la recherche automobile<\/h2>\n\n\n\n<figure class=\"gb-block-image gb-block-image-8ec1f73d\"><img loading=\"lazy\" decoding=\"async\" width=\"1456\" height=\"816\" class=\"gb-image gb-image-8ec1f73d\" src=\"https:\/\/www.sisinternational.com\/wp-content\/uploads\/2025\/09\/Automotive-Market-Research-in-Europe-4.jpg\" alt=\"\u00c9tudes de march\u00e9 et strat\u00e9gie internationales SIS\" title=\"Automotive Market Research in Europe (4)\" srcset=\"https:\/\/www.sisinternational.com\/wp-content\/uploads\/2025\/09\/Automotive-Market-Research-in-Europe-4.jpg 1456w, https:\/\/www.sisinternational.com\/wp-content\/uploads\/2025\/09\/Automotive-Market-Research-in-Europe-4-300x168.jpg 300w, https:\/\/www.sisinternational.com\/wp-content\/uploads\/2025\/09\/Automotive-Market-Research-in-Europe-4-1024x574.jpg 1024w, https:\/\/www.sisinternational.com\/wp-content\/uploads\/2025\/09\/Automotive-Market-Research-in-Europe-4-768x430.jpg 768w, https:\/\/www.sisinternational.com\/wp-content\/uploads\/2025\/09\/Automotive-Market-Research-in-Europe-4-18x10.jpg 18w\" sizes=\"auto, (max-width: 1456px) 100vw, 1456px\"><\/figure>\n\n\n\n<p><\/p>\n\n\n\n<p>La connectivit\u00e9 et la technologie posent la question de savoir s&#039;il est indispensable de poss\u00e9der un v\u00e9hicule. Le covoiturage en est un exemple \u00e9vident. Les consommateurs paient pour l&#039;utilisation d&#039;une voiture uniquement en cas de besoin. Cependant, ils sacrifient les avantages (et les responsabilit\u00e9s) de la propri\u00e9t\u00e9 individuelle. Un autre perturbateur num\u00e9rique concerne les v\u00e9hicules autonomes, qui pointent \u00e0 l\u2019horizon. Tous ces v\u00e9hicules seront \u00e9quip\u00e9s de technologies intelligentes. Les constructeurs automobiles devront s&#039;appuyer sur la recherche pour r\u00e9pondre aux besoins changeants de leurs consommateurs.<\/p>\n\n\n\n<h2 class=\"wp-block-heading\" id=\"what-are-car-clinics\">Que sont les cliniques automobiles ?<\/h2>\n\n\n\n<p>Decision Analyst d\u00e9crit les cliniques automobiles comme un concours de beaut\u00e9 pour les v\u00e9hicules. Dans ce concours de beaut\u00e9, les consommateurs font office de juges. Le constructeur automobile pr\u00e9sente au consommateur entre quatre et huit marques et mod\u00e8les concurrents. Ces v\u00e9hicules sont plac\u00e9s dans une salle d&#039;exposition pour que les consommateurs puissent les voir et donner leur avis.<\/p>\n\n\n\n<p>Les constructeurs automobiles organisent des cliniques automobiles \u00e0 diff\u00e9rents moments et \u00e0 des fins diverses. L\u2019objectif le plus courant est d\u2019\u00e9valuer et d\u2019apprendre \u00e0 am\u00e9liorer de nouveaux mod\u00e8les. Un autre objectif de la r\u00e9alisation d\u2019une clinique automobile est l\u2019optimisation de la gamme de produits. Ici, le constructeur automobile pr\u00e9sente tous les diff\u00e9rents mod\u00e8les d&#039;une marque pour que le consommateur puisse les tester.<\/p>\n\n\n\n<h2 class=\"wp-block-heading\" id=\"the-rise-of-new-methodologies\">L&#039;essor de nouvelles m\u00e9thodologies<\/h2>\n\n\n\n<figure class=\"gb-block-image gb-block-image-5896267c\"><img loading=\"lazy\" decoding=\"async\" width=\"1456\" height=\"816\" class=\"gb-image gb-image-5896267c\" src=\"https:\/\/www.sisinternational.com\/wp-content\/uploads\/2025\/08\/Automotive-2.jpg\" alt=\"\u00c9tudes de march\u00e9 et strat\u00e9gie internationales SIS\" title=\"Automotive (2)\" srcset=\"https:\/\/www.sisinternational.com\/wp-content\/uploads\/2025\/08\/Automotive-2.jpg 1456w, https:\/\/www.sisinternational.com\/wp-content\/uploads\/2025\/08\/Automotive-2-300x168.jpg 300w, https:\/\/www.sisinternational.com\/wp-content\/uploads\/2025\/08\/Automotive-2-1024x574.jpg 1024w, https:\/\/www.sisinternational.com\/wp-content\/uploads\/2025\/08\/Automotive-2-768x430.jpg 768w, https:\/\/www.sisinternational.com\/wp-content\/uploads\/2025\/08\/Automotive-2-18x10.jpg 18w\" sizes=\"auto, (max-width: 1456px) 100vw, 1456px\"><\/figure>\n\n\n\n<p><\/p>\n\n\n\n<p>Les progr\u00e8s technologiques ont permis de mettre en ligne des recherches sur des groupes de discussion. Le Web 2.0 et les nouvelles plateformes technologiques permettent aux constructeurs automobiles d&#039;atteindre les consommateurs difficiles \u00e0 contacter. Les constructeurs automobiles disposent \u00e9galement de nouveaux outils. Ils peuvent former des groupes avec des configurations nouvelles et diff\u00e9rentes. Ils peuvent \u00e9galement utiliser des outils collaboratifs en ligne. Ces outils ne sont pas toujours disponibles dans les groupes en pr\u00e9sentiel.<\/p>\n\n\n\n<p>Another new method is eye tracking, which produces gaze trails and heat maps. Eye tracking provides valuable information on which products consumers are looking at.&nbsp; Some research companies are stepping it up a notch. They are conducting eye-tracking exercises in virtual reality environments. Such a setting makes it easier to record participants\u2019 physiological responses to products. Reactions include electrodermal activity, brain state, and so forth.<\/p>\n\n\n\n<p><\/p>\n\n\n\n<!DOCTYPE html>\n<html lang=\"en\">\n<head>\n    <meta charset=\"UTF-8\">\n    <meta name=\"viewport\" content=\"width=device-width, initial-scale=1.0\">\n    <title>AI Blog Banner<\/title>\n    <style>\n        * {\n            margin: 0;\n            padding: 0;\n            box-sizing: border-box;\n        }\n\n        .banner {\n            position: relative;\n            width: 100%;\n            height: 350px;\n            overflow: hidden;\n            display: flex;\n            align-items: center;\n            justify-content: center;\n            font-family: 'Arial', sans-serif;\n            border-radius: 25px;\n        }\n\n        .animated-background {\n            position: absolute;\n            top: 0;\n            left: 0;\n            width: 100%;\n            height: 100%;\n            background: linear-gradient(45deg, #003f6b, #2d5a7b, #003f6b, #2d5a7b);\n            background-size: 400% 400%;\n            animation: gradientMove 8s ease-in-out infinite;\n        }\n\n        .ai-pattern {\n            position: absolute;\n            top: 0;\n            left: 0;\n            width: 100%;\n            height: 100%;\n            opacity: 0.1;\n            background-image: \n                radial-gradient(circle at 20% 20%, rgba(255,255,255,0.3) 2px, transparent 2px),\n                radial-gradient(circle at 80% 80%, rgba(255,255,255,0.2) 1px, transparent 1px),\n                radial-gradient(circle at 40% 60%, rgba(255,255,255,0.15) 1.5px, transparent 1.5px),\n                radial-gradient(circle at 60% 20%, rgba(255,255,255,0.25) 1px, transparent 1px),\n                radial-gradient(circle at 80% 40%, rgba(255,255,255,0.2) 2px, transparent 2px);\n            background-size: 100px 100px, 150px 150px, 80px 80px, 120px 120px, 90px 90px;\n            animation: patternFloat 12s linear infinite;\n        }\n\n        .neural-network {\n            position: absolute;\n            top: 0;\n            left: 0;\n            width: 100%;\n            height: 100%;\n            opacity: 0.08;\n        }\n\n        .neural-line {\n            position: absolute;\n            height: 1px;\n            background: linear-gradient(90deg, transparent, rgba(255,255,255,0.5), transparent);\n            animation: neuralPulse 6s ease-in-out infinite;\n        }\n\n        .neural-line:nth-child(1) {\n            top: 30%;\n            left: 0;\n            width: 60%;\n            animation-delay: 0s;\n        }\n\n        .neural-line:nth-child(2) {\n            top: 50%;\n            right: 0;\n            width: 70%;\n            animation-delay: 2s;\n        }\n\n        .neural-line:nth-child(3) {\n            top: 70%;\n            left: 20%;\n            width: 50%;\n            animation-delay: 4s;\n        }\n\n        .content {\n            position: relative;\n            z-index: 10;\n            text-align: center;\n            color: white !important;\n            max-width: 800px;\n            padding: 30px;\n        }\n\n        .content * {\n            color: white !important;\n        }\n\n        .cta-text {\n            font-size: 1.9rem;\n            font-weight: 700;\n            margin-bottom: 15px;\n            color: white !important;\n            background: linear-gradient(90deg, rgba(255,255,255,0.6), rgba(255,255,255,1), rgba(230,230,230,1), rgba(255,255,255,1), rgba(240,240,240,0.8), rgba(255,255,255,0.6));\n            background-size: 200% 100%;\n            -webkit-background-clip: text;\n            -webkit-text-fill-color: transparent;\n            background-clip: text;\n            animation: shineEffect 10s ease-in-out infinite;\n            line-height: 1.3;\n        }\n\n        .cta-subheading {\n            font-size: 1rem;\n            font-weight: 400;\n            margin-bottom: 25px;\n            color: white !important;\n            line-height: 1.6;\n            opacity: 0.95;\n        }\n\n        .cta-button {\n            background: linear-gradient(135deg, #8a6b0f, #bd9013, #d4a519);\n            border: 2px solid #8a6b0f;\n            color: white !important;\n            padding: 18px 40px;\n            font-size: 1.2rem;\n            font-weight: 600;\n            border-radius: 50px;\n            cursor: pointer;\n            transition: all 0.3s ease;\n            text-decoration: none;\n            display: inline-block;\n            position: relative;\n            overflow: hidden;\n        }\n\n        .cta-button::before {\n            content: '';\n            position: absolute;\n            top: 0;\n            left: -100%;\n            width: 100%;\n            height: 100%;\n            background: linear-gradient(90deg, \n                transparent 0%, \n                rgba(255, 255, 255, 0.3) 25%,\n                rgba(255, 255, 255, 0.6) 50%,\n                rgba(255, 255, 255, 0.3) 75%,\n                transparent 100%);\n            animation: shine 3s ease-in-out infinite;\n        }\n\n        .cta-button:hover {\n            transform: translateY(-3px);\n            box-shadow: 0 10px 25px rgba(0,0,0,0.2);\n            border-color: #bd9013;\n            background: linear-gradient(135deg, #bd9013, #d4a519, #e6b61f);\n        }\n\n        .floating-elements {\n            position: absolute;\n            top: 0;\n            left: 0;\n            width: 100%;\n            height: 100%;\n            pointer-events: none;\n        }\n\n        .floating-circle {\n            position: absolute;\n            border-radius: 50%;\n            background: rgba(255,255,255,0.1);\n            animation: float 8s ease-in-out infinite;\n        }\n\n        .floating-circle:nth-child(1) {\n            width: 80px;\n            height: 80px;\n            top: 20%;\n            left: 10%;\n            animation-delay: 0s;\n        }\n\n        .floating-circle:nth-child(2) {\n            width: 60px;\n            height: 60px;\n            top: 60%;\n            right: 15%;\n            animation-delay: 3s;\n        }\n\n        .floating-circle:nth-child(3) {\n            width: 40px;\n            height: 40px;\n            top: 80%;\n            left: 80%;\n            animation-delay: 6s;\n        }\n\n        .floating-circle:nth-child(4) {\n            width: 70px;\n            height: 70px;\n            top: 10%;\n            right: 20%;\n            animation-delay: 1.5s;\n        }\n\n        .floating-circle:nth-child(5) {\n            width: 50px;\n            height: 50px;\n            top: 75%;\n            left: 30%;\n            animation-delay: 4.5s;\n        }\n\n        @keyframes gradientMove {\n            0% { background-position: 0% 50%; }\n            25% { background-position: 100% 50%; }\n            50% { background-position: 100% 100%; }\n            75% { background-position: 0% 100%; }\n            100% { background-position: 0% 50%; }\n        }\n\n        @keyframes patternFloat {\n            0% { transform: translateX(0) translateY(0); }\n            33% { transform: translateX(30px) translateY(-20px); }\n            66% { transform: translateX(-20px) translateY(10px); }\n            100% { transform: translateX(0) translateY(0); }\n        }\n\n        @keyframes neuralPulse {\n            0%, 100% { opacity: 0.08; }\n            50% { opacity: 0.2; }\n        }\n\n        @keyframes shineEffect {\n            0% { background-position: 200% 0; }\n            100% { background-position: -200% 0; }\n        }\n\n        @keyframes shine {\n            0% {\n                left: -100%;\n            }\n            20%, 100% {\n                left: 100%;\n            }\n        }\n\n        @keyframes float {\n            0%, 100% { transform: translateY(0px) rotate(0deg); }\n            33% { transform: translateY(-30px) rotate(120deg); }\n            66% { transform: translateY(15px) rotate(240deg); }\n        }\n\n        @media (max-width: 768px) {\n            .banner {\n                height: 320px;\n                padding: 30px 0;\n            }\n            \n            .content {\n                padding: 40px 20px;\n            }\n            \n            .cta-text {\n                font-size: 1.3rem;\n                margin-bottom: 12px;\n            }\n            \n            .cta-subheading {\n                font-size: 0.85rem;\n                margin-bottom: 20px;\n            }\n            \n            .cta-button {\n                padding: 14px 28px;\n                font-size: 0.95rem;\n            }\n        }\n    <\/style>\n<\/head>\n<body>\n    <div class=\"banner\">\n        <div class=\"animated-background\"><\/div>\n        \n        <div class=\"ai-pattern\"><\/div>\n        \n        <div class=\"neural-network\">\n            <div class=\"neural-line\"><\/div>\n            <div class=\"neural-line\"><\/div>\n            <div class=\"neural-line\"><\/div>\n        <\/div>\n        \n        <div class=\"floating-elements\">\n            <div class=\"floating-circle\"><\/div>\n            <div class=\"floating-circle\"><\/div>\n            <div class=\"floating-circle\"><\/div>\n            <div class=\"floating-circle\"><\/div>\n            <div class=\"floating-circle\"><\/div>\n        <\/div>\n        \n        <div class=\"content\">\n            <div class=\"cta-text\">Ready to explore the insights that drive smarter decisions?<\/div>\n            <div class=\"cta-subheading\">Contact our Research experts today.<\/div>\n            <a href=\"mailto:Research@sisinternational.com\" class=\"cta-button\">Contact us now!<\/a>\n        <\/div>\n    <\/div>\n<\/body>\n<\/html>\n\n\n\n<p><\/p>\n\n\n\n<h2 class=\"wp-block-heading\" id=\"benefits-of-using-automotive-focus-groups-market-research\">Avantages de l\u2019utilisation des \u00e9tudes de march\u00e9 sur les groupes de discussion automobiles<\/h2>\n\n\n\n<p>Les principaux avantages du recours aux groupes de discussion sont les suivants\u00a0:<\/p>\n\n\n\n<ul class=\"wp-block-list\">\n<li>Le temps et l\u2019argent \u00e9conomis\u00e9s (par rapport aux entretiens individuels)<\/li>\n\n\n\n<li>Ils sont pr\u00e9cieux pour obtenir des informations sur les opinions de groupe et personnelles.<\/li>\n\n\n\n<li>Ils offrent aux participants la possibilit\u00e9 de demander des \u00e9claircissements<\/li>\n\n\n\n<li>Ils peuvent fournir un plus large \u00e9ventail d\u2019informations<\/li>\n\n\n\n<li>Ils proposent du mat\u00e9riel utile tel que des citations pour des pr\u00e9sentations et des publications de relations publiques.<\/li>\n<\/ul>\n\n\n\n<p>Les groupes de discussion \u00e9tant condens\u00e9s, les constructeurs automobiles peuvent les utiliser pour recueillir de nombreux points de vue. Ils peuvent \u00e9galement \u00e9valuer les r\u00e9actions \u00e0 diverses caract\u00e9ristiques d\u2019un produit. Le constructeur automobile peut faire tout cela sans le processus fastidieux des entretiens individuels. Gagner du temps dans la phase de recherche du d\u00e9veloppement de produits est essentiel. Cela est particuli\u00e8rement vrai dans le secteur automobile en d\u00e9veloppement rapide. Un groupe de discussion permet \u00e0 un constructeur automobile d\u2019acc\u00e9l\u00e9rer le parcours d\u2019un v\u00e9hicule vers le march\u00e9.<\/p>\n\n\n<h2>Notre emplacement \u00e0 New York<\/h2>\n<p><!-- \/wp:post-content --> <!-- wp:html --> <iframe loading=\"lazy\" src=\"https:\/\/www.google.com\/maps\/embed?pb=!1m18!1m12!1m3!1d3022.976188376966!2d-73.99130312499956!3d40.740549471389315!2m3!1f0!2f0!3f0!3m2!1i1024!2i768!4f13.1!3m3!1m2!1s0x89c259a15798c731%3A0xd695d09bdd495f25!2s11%20E%2022nd%20St%20FL%202%2C%20New%20York%2C%20NY%2010010%2C%20USA!5e0!3m2!1sen!2spe!4v1726171763526!5m2!1sen!2spe\" width=\"600\" height=\"450\" allowfullscreen=\"allowfullscreen\" data-mce-fragment=\"1\"><\/iframe> <!-- \/wp:html --> <!-- wp:paragraph --><\/p>\n<h3 class=\"wp-block-heading\">11 E 22nd Street, \u00e9tage 2, New York, NY 10010 T\u00e9l. : +1(212) 505-6805<\/h3>\n<hr \/>\n<h2><span style=\"font-weight: 400;\">\u00c0 propos de SIS International<\/span><\/h2>\n<p><a href=\"https:\/\/www.sisinternational.com\/fr\/\"><span style=\"font-weight: 400;\">SIS International<\/span><\/a><span style=\"font-weight: 400;\"> propose des recherches quantitatives, qualitatives et strat\u00e9giques. Nous fournissons des donn\u00e9es, des outils, des strat\u00e9gies, des rapports et des informations pour la prise de d\u00e9cision. Nous menons \u00e9galement des entretiens, des enqu\u00eates, des groupes de discussion et d\u2019autres m\u00e9thodes et approches d\u2019\u00e9tudes de march\u00e9.<\/span><a href=\"https:\/\/www.sisinternational.com\/fr\/a-propos-de-la-recherche-internationale-sis\/contact-sis-international-market-research\/\"><span style=\"font-weight: 400;\"> Contactez nous<\/span><\/a><span style=\"font-weight: 400;\"> pour votre prochain projet d&#039;\u00e9tude de march\u00e9.<\/span><\/p>\n<p><!-- wp:heading --><\/p>\n<h2 id=\"about-sis-international\" class=\"wp-block-heading\">\u00a0<\/h2><!-- \/wp:heading -->","protected":false},"excerpt":{"rendered":"<p>L&#039;industrie automobile a \u00e9volu\u00e9 gr\u00e2ce aux nouvelles technologies telles que le big data, le cloud computing et l&#039;Internet des objets.<\/p>","protected":false},"author":1,"featured_media":62609,"parent":11155,"menu_order":126,"comment_status":"closed","ping_status":"closed","template":"","meta":{"footnotes":""},"class_list":["post-40596","page","type-page","status-publish","has-post-thumbnail"],"_links":{"self":[{"href":"https:\/\/www.sisinternational.com\/fr\/wp-json\/wp\/v2\/pages\/40596","targetHints":{"allow":["GET"]}}],"collection":[{"href":"https:\/\/www.sisinternational.com\/fr\/wp-json\/wp\/v2\/pages"}],"about":[{"href":"https:\/\/www.sisinternational.com\/fr\/wp-json\/wp\/v2\/types\/page"}],"author":[{"embeddable":true,"href":"https:\/\/www.sisinternational.com\/fr\/wp-json\/wp\/v2\/users\/1"}],"replies":[{"embeddable":true,"href":"https:\/\/www.sisinternational.com\/fr\/wp-json\/wp\/v2\/comments?post=40596"}],"version-history":[{"count":9,"href":"https:\/\/www.sisinternational.com\/fr\/wp-json\/wp\/v2\/pages\/40596\/revisions"}],"predecessor-version":[{"id":75152,"href":"https:\/\/www.sisinternational.com\/fr\/wp-json\/wp\/v2\/pages\/40596\/revisions\/75152"}],"up":[{"embeddable":true,"href":"https:\/\/www.sisinternational.com\/fr\/wp-json\/wp\/v2\/pages\/11155"}],"wp:featuredmedia":[{"embeddable":true,"href":"https:\/\/www.sisinternational.com\/fr\/wp-json\/wp\/v2\/media\/62609"}],"wp:attachment":[{"href":"https:\/\/www.sisinternational.com\/fr\/wp-json\/wp\/v2\/media?parent=40596"}],"curies":[{"name":"wp","href":"https:\/\/api.w.org\/{rel}","templated":true}]}}