{"id":40293,"date":"2022-05-03T05:45:48","date_gmt":"2022-05-03T05:45:48","guid":{"rendered":"https:\/\/www.sisinternational.com\/?page_id=40293"},"modified":"2025-09-24T23:56:51","modified_gmt":"2025-09-25T03:56:51","slug":"etude-de-marche-sur-lile-de-man","status":"publish","type":"page","link":"https:\/\/www.sisinternational.com\/fr\/couverture\/leurope-%ef%83%97\/etude-de-marche-sur-lile-de-man\/","title":{"rendered":"Etude de march\u00e9 sur l&#039;\u00cele de Man"},"content":{"rendered":"<h1 class=\"gb-headline gb-headline-c6e58e32 gb-headline-text\">Etude de march\u00e9 sur l&#039;\u00cele de Man<\/h1>\n\n\n\n<figure class=\"gb-block-image gb-block-image-9a1285c7\"><img loading=\"lazy\" decoding=\"async\" width=\"1456\" height=\"816\" class=\"gb-image gb-image-9a1285c7\" src=\"https:\/\/www.sisinternational.com\/wp-content\/uploads\/2025\/09\/the-Isle-of-Man-Europe-2.jpg\" alt=\"\u00c9tudes de march\u00e9 et strat\u00e9gie internationales SIS\" title=\"the Isle of Man Europe (2)\" srcset=\"https:\/\/www.sisinternational.com\/wp-content\/uploads\/2025\/09\/the-Isle-of-Man-Europe-2.jpg 1456w, https:\/\/www.sisinternational.com\/wp-content\/uploads\/2025\/09\/the-Isle-of-Man-Europe-2-300x168.jpg 300w, https:\/\/www.sisinternational.com\/wp-content\/uploads\/2025\/09\/the-Isle-of-Man-Europe-2-1024x574.jpg 1024w, https:\/\/www.sisinternational.com\/wp-content\/uploads\/2025\/09\/the-Isle-of-Man-Europe-2-768x430.jpg 768w, https:\/\/www.sisinternational.com\/wp-content\/uploads\/2025\/09\/the-Isle-of-Man-Europe-2-18x10.jpg 18w\" sizes=\"auto, (max-width: 1456px) 100vw, 1456px\"><\/figure>\n\n\n\n<hr class=\"wp-block-separator has-alpha-channel-opacity is-style-dots\"\/>\n\n\n\n<p>Between Ireland and Great Britain lies The Isle of Man, a self-governing dependency of the British Crown. Also known as Mann, the Isle of Man is an excellent place to do business. Market research will aid potential investors in finding a niche market. They can then focus on this niche and provide goods and <a href=\"https:\/\/www.sisinternational.com\/fr\/solutions\/recherche-de-conseil-en-strategie-fintech\/etude-de-marche-sur-les-services-financiers\/\" title=\"\u00c9tude de march\u00e9 sur les services financiers\"  data-wpil-monitor-id=\"10073\">services to fill the market\u2019s<\/a> needs. This research helps <a href=\"https:\/\/www.sisinternational.com\/fr\/competence\/les-industries\/solutions-detudes-de-marche-dans-le-domaine-de-la-sante\/\" title=\"Soci\u00e9t\u00e9 d&#039;\u00e9tudes de march\u00e9 dans le domaine de la sant\u00e9\"  data-wpil-monitor-id=\"10077\">firms<\/a> to find the gaps within the market. So, business is about filling this gap to meet the desires and needs of the <a href=\"https:\/\/www.sisinternational.com\/fr\/top-5-benefits-of-qualitative-market-research-for-businesses\/\" title=\"Top 5 Benefits of Qualitative Market Research for Businesses\"  data-wpil-monitor-id=\"10078\">market<\/a>.<\/p>\n\n\n\n<h2 class=\"wp-block-heading\">Industries cl\u00e9s<\/h2>\n\n\n\n<p>Les principales industries de l&#039;\u00eele de Man sont l&#039;aviation, le tourisme et la finance. L&#039;\u00eele fournit \u00e9galement des services manufacturiers.<\/p>\n\n\n\n<ul class=\"wp-block-list\">\n<li>Aviation \u2013 cette \u00eele poss\u00e8de un registre d&#039;avions, fond\u00e9 en 2007. Le but \u00e9tait d&#039;attirer les propri\u00e9taires d&#039;avions priv\u00e9s et non commerciaux en Europe. Depuis ses d\u00e9buts, l\u2019\u00eele est devenue tr\u00e8s importante dans le domaine de l\u2019aviation.<\/li>\n\n\n\n<li>Finance \u2013 l\u2019\u00eele de Man est en train de devenir un centre financier mondial. Il existe une Autorit\u00e9 des services financiers qui met en \u0153uvre et g\u00e8re les r\u00e8gles efficaces sur l&#039;\u00eele et prot\u00e8ge et renforce son image et sa r\u00e9putation.<\/li>\n\n\n\n<li>Tourisme \u2013 un autre secteur cl\u00e9 est celui des services touristiques. Avec un secteur touristique en pleine croissance, l\u2019\u00eele a jug\u00e9 opportun de d\u00e9velopper des int\u00e9r\u00eats et des \u00e9v\u00e9nements particuliers. Ceux-ci inclus; Festival TT et \u00e9v\u00e9nements de sports m\u00e9caniques. De plus, des am\u00e9liorations de qualit\u00e9 ont \u00e9t\u00e9 apport\u00e9es au b\u00e2timent et \u00e0 l&#039;espace de vie.<\/li>\n\n\n\n<li>Fabrication \u2013 ce secteur est le principal pourvoyeur d\u2019emplois sur l\u2019\u00eele. Il repr\u00e9sente \u00e9galement la part du lion du produit int\u00e9rieur brut de l&#039;\u00eele.<\/li>\n<\/ul>\n\n\n\n<h2 class=\"wp-block-heading\">Quartiers<\/h2>\n\n\n\n<p>Mann is in the middle of the <a href=\"https:\/\/www.sisinternational.com\/fr\/couverture\/leurope-%ef%83%97\/etude-de-marche-irlande-du-nord-royaume-uni\/\" title=\"Etude de march\u00e9 en Irlande du Nord\"  data-wpil-monitor-id=\"10076\">northern Irish Sea between Ireland<\/a> and Great Britain. England is to the east and Northern Ireland to the west. Scotland is to the north, whereas Wales is to the south of The Isle of Man. The island is home to more than 84,000 people, of which about 27,000 live in the capital city, Douglas. Douglas is the leading tourism and trading area on the island. Many ancient sites have origins from times past, when the island was still one of the Viking Kingdoms. The largest town is Onchan which is at the top of Douglas Bay next to Douglas, the capital. This city comprises gorgeous homes, cafes, and shops.<\/p>\n\n\n\n<h2 class=\"wp-block-heading\">Les tendances<\/h2>\n\n\n\n<p>L&#039;\u00eele de Man est une immense destination touristique. Il existe des endroits fantastiques, par exemple Laxey Wheel, Cregneash et Fairy Bridge. En outre, on peut parcourir le parcours de la course TT tout en profitant des kippers manx. Ces harengs constituent un point fort de la cuisine de l&#039;\u00eele de Man.<\/p>\n\n\n\n<h2 class=\"wp-block-heading\">&nbsp;Avantages et atouts sur le march\u00e9<\/h2>\n\n\n\n<p>The Isle of Man\u2019s economy is reliant on financial services. The government charges very few taxes. It also offers incentives to financial services companies and other high-tech firms on the island. As a result, it has created employment within the various industries.<\/p>\n\n\n\n<p>Furthermore, another strength of the Isle of Man is the e-gaming and gambling industry. These sectors constitute the bulk of the country\u2019s Gross domestic product.<\/p>\n\n\n\n<h2 class=\"wp-block-heading\">Base de consommateurs<\/h2>\n\n\n\n<figure class=\"gb-block-image gb-block-image-bea2386a\"><img loading=\"lazy\" decoding=\"async\" width=\"1456\" height=\"816\" class=\"gb-image gb-image-bea2386a\" src=\"https:\/\/www.sisinternational.com\/wp-content\/uploads\/2025\/09\/the-Isle-of-Man-Europe-3.jpg\" alt=\"\u00c9tudes de march\u00e9 et strat\u00e9gie internationales SIS\" title=\"the Isle of Man Europe (3)\" srcset=\"https:\/\/www.sisinternational.com\/wp-content\/uploads\/2025\/09\/the-Isle-of-Man-Europe-3.jpg 1456w, https:\/\/www.sisinternational.com\/wp-content\/uploads\/2025\/09\/the-Isle-of-Man-Europe-3-300x168.jpg 300w, https:\/\/www.sisinternational.com\/wp-content\/uploads\/2025\/09\/the-Isle-of-Man-Europe-3-1024x574.jpg 1024w, https:\/\/www.sisinternational.com\/wp-content\/uploads\/2025\/09\/the-Isle-of-Man-Europe-3-768x430.jpg 768w, https:\/\/www.sisinternational.com\/wp-content\/uploads\/2025\/09\/the-Isle-of-Man-Europe-3-18x10.jpg 18w\" sizes=\"auto, (max-width: 1456px) 100vw, 1456px\"><\/figure>\n\n\n\n<p><\/p>\n\n\n\n<p>The Isle of Man is a very wealthy country known for its low taxes. It\u2019s also famous for its financial <a href=\"https:\/\/www.sisinternational.com\/fr\/solutions\/recherche-de-conseil-en-strategie-fintech\/etude-de-marche-sur-le-secteur-des-services-financiers\/\" title=\"\u00c9tude de march\u00e9 sur le secteur des services financiers\"  data-wpil-monitor-id=\"10075\">services and online gambling industries<\/a>. The island boasts a low unemployment rate. As a result, most households can afford to pay for essential goods and services.<\/p>\n\n\n\n<h2 class=\"wp-block-heading\">\u00a0Reasons to grow your business in the Isle of Man<\/h2>\n\n\n\n<p>L&#039;\u00eele de Man est une communaut\u00e9 tr\u00e8s accueillante pour les nouvelles entreprises.<\/p>\n\n\n\n<p>Un avantage important de faire des affaires sur l\u2019\u00eele de Man est qu\u2019elle n\u2019a pas d\u2019imp\u00f4t sur les plus-values ni d\u2019imp\u00f4t sur la fortune. Il n\u2019y a pas non plus de droit de timbre ni de droits de succession. Certaines entreprises b\u00e9n\u00e9ficient de la fiscalit\u00e9 0%. Ces all\u00e8gements fiscaux r\u00e9duisent les frais g\u00e9n\u00e9raux des entreprises, leur permettant ainsi de devenir plus rentables. Ces entreprises peuvent ainsi accro\u00eetre leur activit\u00e9 \u00e9conomique.<\/p>\n\n\n\n<p><a href=\"https:\/\/www.sisinternational.com\/fr\/competence\/les-industries\/etude-de-marche-pour-une-entreprise-de-design\/\" title=\"\u00c9tude de march\u00e9 des entreprises de conception\"  data-wpil-monitor-id=\"10074\">Firms must understand the market<\/a> within the Isle of Man. The process of starting a new business feels very supportive. The government nurtures new business ideas. It offers many options for firms looking to do business in the Isle of Man. For instance, there is the Department for Enterprise and Micro Business Grant Scheme. This scheme provides financing and training for firms to kick start business.<\/p>\n\n\n\n<h2 class=\"wp-block-heading\">Notre emplacement \u00e0 New York<\/h2>\n\n\n\n<p>  <iframe loading=\"lazy\" src=\"https:\/\/www.google.com\/maps\/embed?pb=!1m18!1m12!1m3!1d3022.976188376966!2d-73.99130312499956!3d40.740549471389315!2m3!1f0!2f0!3f0!3m2!1i1024!2i768!4f13.1!3m3!1m2!1s0x89c259a15798c731%3A0xd695d09bdd495f25!2s11%20E%2022nd%20St%20FL%202%2C%20New%20York%2C%20NY%2010010%2C%20USA!5e0!3m2!1sen!2spe!4v1726171763526!5m2!1sen!2spe\" width=\"600\" height=\"450\" allowfullscreen=\"allowfullscreen\" data-mce-fragment=\"1\"><\/iframe>  <\/p>\n\n\n\n<h3 class=\"wp-block-heading\">11 E 22nd Street, \u00e9tage 2, New York, NY 10010 T\u00e9l. : +1(212) 505-6805<\/h3>\n\n\n\n<hr class=\"wp-block-separator has-alpha-channel-opacity\"\/>\n\n\n\n<h2 class=\"wp-block-heading\"><span style=\"font-weight: 400;\">\u00c0 propos de SIS International<\/span><\/h2>\n\n\n\n<p><a href=\"https:\/\/www.sisinternational.com\/fr\/\"><span style=\"font-weight: 400;\">SIS International<\/span><\/a><span style=\"font-weight: 400;\"> offers Quantitative, Qualitative, and Strategy Research. We provide data, tools, strategies, reports, and insights for decision-making. We also conduct interviews, surveys, focus groups, and other <a href=\"https:\/\/www.sisinternational.com\/fr\/quantitative-market-research-methods-and-techniques\/\" title=\"Quantitative Market Research Methods and Techniques\"  data-wpil-monitor-id=\"10072\">Market Research methods<\/a> and approaches.<\/span><a href=\"https:\/\/www.sisinternational.com\/fr\/a-propos-de-la-recherche-internationale-sis\/contact-sis-international-market-research\/\"><span style=\"font-weight: 400;\"> Contactez nous<\/span><\/a><span style=\"font-weight: 400;\"> pour votre prochain projet d&#039;\u00e9tude de march\u00e9.<\/span><\/p>\n\n\n\n<p><\/p>\n\n\n\n<p><\/p>","protected":false},"excerpt":{"rendered":"<p>Les \u00e9tudes de march\u00e9 sur l&#039;\u00eele de Man offrent aux entreprises une approche globale pour comprendre ce march\u00e9 et offrent des opportunit\u00e9s int\u00e9ressantes pour les entreprises. <\/p>","protected":false},"author":1,"featured_media":66084,"parent":14510,"menu_order":57,"comment_status":"closed","ping_status":"closed","template":"","meta":{"footnotes":""},"class_list":["post-40293","page","type-page","status-publish","has-post-thumbnail"],"_links":{"self":[{"href":"https:\/\/www.sisinternational.com\/fr\/wp-json\/wp\/v2\/pages\/40293","targetHints":{"allow":["GET"]}}],"collection":[{"href":"https:\/\/www.sisinternational.com\/fr\/wp-json\/wp\/v2\/pages"}],"about":[{"href":"https:\/\/www.sisinternational.com\/fr\/wp-json\/wp\/v2\/types\/page"}],"author":[{"embeddable":true,"href":"https:\/\/www.sisinternational.com\/fr\/wp-json\/wp\/v2\/users\/1"}],"replies":[{"embeddable":true,"href":"https:\/\/www.sisinternational.com\/fr\/wp-json\/wp\/v2\/comments?post=40293"}],"version-history":[{"count":6,"href":"https:\/\/www.sisinternational.com\/fr\/wp-json\/wp\/v2\/pages\/40293\/revisions"}],"predecessor-version":[{"id":81669,"href":"https:\/\/www.sisinternational.com\/fr\/wp-json\/wp\/v2\/pages\/40293\/revisions\/81669"}],"up":[{"embeddable":true,"href":"https:\/\/www.sisinternational.com\/fr\/wp-json\/wp\/v2\/pages\/14510"}],"wp:featuredmedia":[{"embeddable":true,"href":"https:\/\/www.sisinternational.com\/fr\/wp-json\/wp\/v2\/media\/66084"}],"wp:attachment":[{"href":"https:\/\/www.sisinternational.com\/fr\/wp-json\/wp\/v2\/media?parent=40293"}],"curies":[{"name":"wp","href":"https:\/\/api.w.org\/{rel}","templated":true}]}}