{"id":40291,"date":"2022-05-03T05:39:32","date_gmt":"2022-05-03T05:39:32","guid":{"rendered":"https:\/\/www.sisinternational.com\/?page_id=40291"},"modified":"2025-09-24T23:57:41","modified_gmt":"2025-09-25T03:57:41","slug":"etude-de-marche-aux-iles-feroe","status":"publish","type":"page","link":"https:\/\/www.sisinternational.com\/fr\/couverture\/leurope-%ef%83%97\/etude-de-marche-aux-iles-feroe\/","title":{"rendered":"Etude de march\u00e9 aux \u00celes F\u00e9ro\u00e9"},"content":{"rendered":"<h1 class=\"gb-headline gb-headline-00645ff9 gb-headline-text\">Etude de march\u00e9 aux \u00celes F\u00e9ro\u00e9<\/h1>\n\n\n\n<p><\/p>\n\n\n\n<figure class=\"gb-block-image gb-block-image-be89ccbd\"><img loading=\"lazy\" decoding=\"async\" width=\"1456\" height=\"816\" class=\"gb-image gb-image-be89ccbd\" src=\"https:\/\/www.sisinternational.com\/wp-content\/uploads\/2025\/09\/the-Faroe-Islands-4.jpg\" alt=\"\u00c9tudes de march\u00e9 et strat\u00e9gie internationales SIS\" title=\"the Faroe Islands (4)\" srcset=\"https:\/\/www.sisinternational.com\/wp-content\/uploads\/2025\/09\/the-Faroe-Islands-4.jpg 1456w, https:\/\/www.sisinternational.com\/wp-content\/uploads\/2025\/09\/the-Faroe-Islands-4-300x168.jpg 300w, https:\/\/www.sisinternational.com\/wp-content\/uploads\/2025\/09\/the-Faroe-Islands-4-1024x574.jpg 1024w, https:\/\/www.sisinternational.com\/wp-content\/uploads\/2025\/09\/the-Faroe-Islands-4-768x430.jpg 768w, https:\/\/www.sisinternational.com\/wp-content\/uploads\/2025\/09\/the-Faroe-Islands-4-18x10.jpg 18w\" sizes=\"auto, (max-width: 1456px) 100vw, 1456px\"><\/figure>\n\n\n\n<hr class=\"wp-block-separator has-alpha-channel-opacity is-style-dots\"\/>\n\n\n\n<p>Les \u00eeles F\u00e9ro\u00e9 sont un archipel situ\u00e9 au milieu de l&#039;oc\u00e9an Atlantique Nord. Comme le Groenland, ces \u00eeles sont un pays autonome constituant le Royaume du Danemark. De plus, ces \u00eeles sont le paradis des randonneurs et des amoureux de la nature qui profitent d\u2019un terrain accident\u00e9. Ils trouveront une flore et une faune uniques sur les \u00eeles.<\/p>\n\n\n\n<h2 class=\"wp-block-heading\">Industries cl\u00e9s<\/h2>\n\n\n\n<p>La plupart des F\u00e9ro\u00efens vivent de l\u2019industrie de la p\u00eache. Cette situation rend l&#039;\u00eele sujette \u00e0 des probl\u00e8mes. Par exemple, les insulaires souffrent de famine et de taux d&#039;emploi de f\u00eate. Ils n&#039;ont du travail que lorsque le poisson est abondant.<\/p>\n\n\n\n<p>Pourtant, les \u00eeles F\u00e9ro\u00e9 restent l\u2019un des principaux acteurs de l\u2019industrie de l\u2019\u00e9levage du saumon. La chasse \u00e0 la baleine fait \u00e9galement partie de la culture du peuple f\u00e9ro\u00efen depuis des si\u00e8cles.<\/p>\n\n\n\n<p>Les \u00eeles F\u00e9ro\u00e9 re\u00e7oivent chaque ann\u00e9e une aide financi\u00e8re du Danemark. Cette aide contribue au PIB du pays.<\/p>\n\n\n\n<h2 class=\"wp-block-heading\">Quartiers<\/h2>\n\n\n\n<p><\/p>\n\n\n\n<figure class=\"gb-block-image gb-block-image-2f8b8940\"><img loading=\"lazy\" decoding=\"async\" width=\"1456\" height=\"816\" class=\"gb-image gb-image-2f8b8940\" src=\"https:\/\/www.sisinternational.com\/wp-content\/uploads\/2025\/09\/the-Faroe-Islands-2.jpg\" alt=\"\u00c9tudes de march\u00e9 et strat\u00e9gie internationales SIS\" title=\"the Faroe Islands (2)\" srcset=\"https:\/\/www.sisinternational.com\/wp-content\/uploads\/2025\/09\/the-Faroe-Islands-2.jpg 1456w, https:\/\/www.sisinternational.com\/wp-content\/uploads\/2025\/09\/the-Faroe-Islands-2-300x168.jpg 300w, https:\/\/www.sisinternational.com\/wp-content\/uploads\/2025\/09\/the-Faroe-Islands-2-1024x574.jpg 1024w, https:\/\/www.sisinternational.com\/wp-content\/uploads\/2025\/09\/the-Faroe-Islands-2-768x430.jpg 768w, https:\/\/www.sisinternational.com\/wp-content\/uploads\/2025\/09\/the-Faroe-Islands-2-18x10.jpg 18w\" sizes=\"auto, (max-width: 1456px) 100vw, 1456px\"><\/figure>\n\n\n\n<p><\/p>\n\n\n\n<p>The Faroes consist of many different Islands. Each is home to various attributes and features of nature. For example, hikers may prefer some islands because of their rugged terrain. On other islands, or rather parts of the island, you may find more natural flora and fauna. The islands are home to many animals, such as sheep. The sheep roam free, walking the roadside as vehicles pass them. They are the base for many meals, such as the famous dish skeripikj\u00f8t. The islanders age the mutton for this chewy dish and dry it in the wind.<\/p>\n\n\n\n<p>La situation des \u00eeles dans l&#039;Atlantique Nord les soumet \u00e0 un climat froid. Les temp\u00e9ratures des \u00eeles F\u00e9ro\u00e9 varient entre quatre et dix degr\u00e9s Celsius.<\/p>\n\n\n\n<p>La capitale des \u00eeles F\u00e9ro\u00e9 est T\u00f3rshavn, qui compte plus de vingt et un mille habitants. Les Scandinaves l&#039;ont \u00e9tabli en 850 apr\u00e8s JC.<\/p>\n\n\n\n<h2 class=\"wp-block-heading\">Les tendances<\/h2>\n\n\n\n<p>De nombreux insulaires consid\u00e8rent la chasse \u00e0 la baleine comme faisant partie int\u00e9grante de leur culture. Cette tradition est une source de controverse car de nombreux groupes de d\u00e9fense des droits des animaux estiment que cette pratique est horrible et cruelle.<\/p>\n\n\n\n<p>The Faroe Islands have been subject to brain drain.&nbsp;The younger generations have been fleeing to mainland Denmark for further education.&nbsp;Moreover, many remain there, where they can get high-paying jobs.&nbsp;They leave behind the older, less tech-savvy generations on the island.&nbsp;Thus, the Faroe Islands has vacancies&nbsp;in the tech industry.<\/p>\n\n\n\n<h2 class=\"wp-block-heading\">Avantages et atouts sur le march\u00e9<\/h2>\n\n\n\n<p><\/p>\n\n\n\n<figure class=\"gb-block-image gb-block-image-cfd52fed\"><img loading=\"lazy\" decoding=\"async\" width=\"1456\" height=\"816\" class=\"gb-image gb-image-cfd52fed\" src=\"https:\/\/www.sisinternational.com\/wp-content\/uploads\/2025\/09\/the-Faroe-Islands-3.jpg\" alt=\"\u00c9tudes de march\u00e9 et strat\u00e9gie internationales SIS\" title=\"the Faroe Islands (3)\" srcset=\"https:\/\/www.sisinternational.com\/wp-content\/uploads\/2025\/09\/the-Faroe-Islands-3.jpg 1456w, https:\/\/www.sisinternational.com\/wp-content\/uploads\/2025\/09\/the-Faroe-Islands-3-300x168.jpg 300w, https:\/\/www.sisinternational.com\/wp-content\/uploads\/2025\/09\/the-Faroe-Islands-3-1024x574.jpg 1024w, https:\/\/www.sisinternational.com\/wp-content\/uploads\/2025\/09\/the-Faroe-Islands-3-768x430.jpg 768w, https:\/\/www.sisinternational.com\/wp-content\/uploads\/2025\/09\/the-Faroe-Islands-3-18x10.jpg 18w\" sizes=\"auto, (max-width: 1456px) 100vw, 1456px\"><\/figure>\n\n\n\n<p><\/p>\n\n\n\n<p>La couronne f\u00e9ro\u00efenne est la monnaie officielle de ces \u00eeles. Le Danemark, le continent, apporte un soutien financier aux \u00eeles. Ce soutien conduit \u00e0 une \u00e9conomie stable sur le territoire. L&#039;infrastructure des \u00eeles F\u00e9ro\u00e9 est \u00e9galement conforme aux normes. Ils disposent de routes et de ponts bien pav\u00e9s \u00e0 travers le pays.<\/p>\n\n\n\n<h2 class=\"wp-block-heading\">Raisons de d\u00e9velopper votre entreprise aux \u00celes F\u00e9ro\u00e9<\/h2>\n\n\n\n<p>Les \u00eeles F\u00e9ro\u00e9 poss\u00e8dent une industrie de la p\u00eache solide, ax\u00e9e sur l&#039;\u00e9levage du saumon. Ils ont \u00e9galement une industrie touristique en plein essor. Les touristes peuvent sauter d\u2019une \u00eele \u00e0 l\u2019autre. C&#039;est une autre excellente fa\u00e7on de trouver des activit\u00e9s qui correspondent \u00e0 diff\u00e9rents int\u00e9r\u00eats. Chaque \u00eele peut offrir quelque chose d&#039;unique.<\/p>\n\n\n\n<h2 class=\"wp-block-heading\">Notre emplacement \u00e0 New York<\/h2>\n\n\n\n<p>\n\n\n\n<iframe loading=\"lazy\" src=\"https:\/\/www.google.com\/maps\/embed?pb=!1m18!1m12!1m3!1d3022.976188376966!2d-73.99130312499956!3d40.740549471389315!2m3!1f0!2f0!3f0!3m2!1i1024!2i768!4f13.1!3m3!1m2!1s0x89c259a15798c731%3A0xd695d09bdd495f25!2s11%20E%2022nd%20St%20FL%202%2C%20New%20York%2C%20NY%2010010%2C%20USA!5e0!3m2!1sen!2spe!4v1726171763526!5m2!1sen!2spe\" width=\"600\" height=\"450\" allowfullscreen=\"allowfullscreen\" data-mce-fragment=\"1\"><\/iframe>\n\n\n\n<\/p>\n\n\n\n<h3 class=\"wp-block-heading\">11 E 22nd Street, \u00e9tage 2, New York, NY 10010 T\u00e9l. : +1(212) 505-6805<\/h3>\n\n\n\n<hr class=\"wp-block-separator has-alpha-channel-opacity\"\/>\n\n\n\n<h2 class=\"wp-block-heading\"><span style=\"font-weight: 400;\">\u00c0 propos de SIS International<\/span><\/h2>\n\n\n\n<p><a href=\"https:\/\/www.sisinternational.com\/fr\/\"><span style=\"font-weight: 400;\">SIS International<\/span><\/a><span style=\"font-weight: 400;\"> offers Quantitative, Qualitative, and Strategy Research. We provide data, tools, strategies, reports, and insights for decision-making. We also conduct interviews, surveys, focus groups, and other <a href=\"https:\/\/www.sisinternational.com\/fr\/quantitative-market-research-methods-and-techniques\/\" title=\"Quantitative Market Research Methods and Techniques\"  data-wpil-monitor-id=\"10147\">Market Research methods<\/a> and approaches.<\/span><a href=\"https:\/\/www.sisinternational.com\/fr\/a-propos-de-la-recherche-internationale-sis\/contact-sis-international-market-research\/\"><span style=\"font-weight: 400;\"> Contactez nous<\/span><\/a><span style=\"font-weight: 400;\"> pour votre prochain projet d&#039;\u00e9tude de march\u00e9.<\/span><\/p>\n\n\n\n<p><\/p>","protected":false},"excerpt":{"rendered":"<p>SIS International Research propose des \u00e9tudes de march\u00e9 qualitatives, quantitatives et strat\u00e9giques aux \u00eeles F\u00e9ro\u00e9.<\/p>","protected":false},"author":1,"featured_media":66082,"parent":14510,"menu_order":56,"comment_status":"closed","ping_status":"closed","template":"","meta":{"footnotes":""},"class_list":["post-40291","page","type-page","status-publish","has-post-thumbnail"],"_links":{"self":[{"href":"https:\/\/www.sisinternational.com\/fr\/wp-json\/wp\/v2\/pages\/40291","targetHints":{"allow":["GET"]}}],"collection":[{"href":"https:\/\/www.sisinternational.com\/fr\/wp-json\/wp\/v2\/pages"}],"about":[{"href":"https:\/\/www.sisinternational.com\/fr\/wp-json\/wp\/v2\/types\/page"}],"author":[{"embeddable":true,"href":"https:\/\/www.sisinternational.com\/fr\/wp-json\/wp\/v2\/users\/1"}],"replies":[{"embeddable":true,"href":"https:\/\/www.sisinternational.com\/fr\/wp-json\/wp\/v2\/comments?post=40291"}],"version-history":[{"count":6,"href":"https:\/\/www.sisinternational.com\/fr\/wp-json\/wp\/v2\/pages\/40291\/revisions"}],"predecessor-version":[{"id":81678,"href":"https:\/\/www.sisinternational.com\/fr\/wp-json\/wp\/v2\/pages\/40291\/revisions\/81678"}],"up":[{"embeddable":true,"href":"https:\/\/www.sisinternational.com\/fr\/wp-json\/wp\/v2\/pages\/14510"}],"wp:featuredmedia":[{"embeddable":true,"href":"https:\/\/www.sisinternational.com\/fr\/wp-json\/wp\/v2\/media\/66082"}],"wp:attachment":[{"href":"https:\/\/www.sisinternational.com\/fr\/wp-json\/wp\/v2\/media?parent=40291"}],"curies":[{"name":"wp","href":"https:\/\/api.w.org\/{rel}","templated":true}]}}