{"id":40289,"date":"2022-05-03T05:32:59","date_gmt":"2022-05-03T05:32:59","guid":{"rendered":"https:\/\/www.sisinternational.com\/?page_id=40289"},"modified":"2025-09-24T23:58:16","modified_gmt":"2025-09-25T03:58:16","slug":"etude-de-marche-des-iles-aland","status":"publish","type":"page","link":"https:\/\/www.sisinternational.com\/fr\/couverture\/leurope-%ef%83%97\/etude-de-marche-des-iles-aland\/","title":{"rendered":"Etude de march\u00e9 aux \u00eeles Aland"},"content":{"rendered":"<h1 class=\"gb-headline gb-headline-29058389 gb-headline-text\">Etude de march\u00e9 aux \u00eeles Aland<\/h1>\n\n\n\n<p><\/p>\n\n\n\n<figure class=\"gb-block-image gb-block-image-b7e95fde\"><img loading=\"lazy\" decoding=\"async\" width=\"1456\" height=\"816\" class=\"gb-image gb-image-b7e95fde\" src=\"https:\/\/www.sisinternational.com\/wp-content\/uploads\/2025\/09\/the-Aland-Islands-1.jpg\" alt=\"\u00c9tudes de march\u00e9 et strat\u00e9gie internationales SIS\" title=\"the Aland Islands (1)\" srcset=\"https:\/\/www.sisinternational.com\/wp-content\/uploads\/2025\/09\/the-Aland-Islands-1.jpg 1456w, https:\/\/www.sisinternational.com\/wp-content\/uploads\/2025\/09\/the-Aland-Islands-1-300x168.jpg 300w, https:\/\/www.sisinternational.com\/wp-content\/uploads\/2025\/09\/the-Aland-Islands-1-1024x574.jpg 1024w, https:\/\/www.sisinternational.com\/wp-content\/uploads\/2025\/09\/the-Aland-Islands-1-768x430.jpg 768w, https:\/\/www.sisinternational.com\/wp-content\/uploads\/2025\/09\/the-Aland-Islands-1-18x10.jpg 18w\" sizes=\"auto, (max-width: 1456px) 100vw, 1456px\"><\/figure>\n\n\n\n<hr class=\"wp-block-separator has-alpha-channel-opacity is-style-dots\"\/>\n\n\n\n<p>The autonomous region of the Aland Islands, or Aland, is on the southwestern tip of Finland. It\u2019s in the Baltic Sea, near the mouth of the Gulf of Bothnia. This chain consists of of around 6,700 islands. Yet, people live on only about sixty of these islands. Most of the people speak Swedish. Its beautiful main island, Fasta Aland, is the <a href=\"https:\/\/www.sisinternational.com\/fr\/solutions\/solutions-de-recherche-qualitative-et-quantitative\/tests-en-emplacements-centraux-a-new-york\/\" title=\"Tests dans les emplacements centraux de la ville de New York\u00a0: avantages pour les tests de produits\"  data-wpil-monitor-id=\"10190\">location of the capital and largest city<\/a>, Mariehamn. This city has gorgeous beaches, nineteenth-century townhouses, handicraft shops, and caf\u00e9s. Most people live on the island of Fasta.<\/p>\n\n\n\n<h2 class=\"wp-block-heading\">Quartiers<\/h2>\n\n\n\n<p>The Russian Czar Alexander II founded the charming city of Mariehamn in 1861 and named it after his wife. It has 12,000 residents. Although the number may seem small, the town is a lively place. It lights up in the summer as it receives millions of visitors yearly. Mariehamn has beautiful parks and wooden houses. It gives a small-town holiday vibe with many restaurants, hotels, caf\u00e9s, and museums.<\/p>\n\n\n\n<p>Outre la fantastique capitale, il existe de nombreuses autres petites villes et villages. Par exemple, certaines colonies plus importantes comprennent Dalkarby, Mockelby, Rangsby et Morholmen.<\/p>\n\n\n\n<h2 class=\"wp-block-heading\">Industries cl\u00e9s<\/h2>\n\n\n\n<p><\/p>\n\n\n\n<figure class=\"gb-block-image gb-block-image-7590102e\"><img loading=\"lazy\" decoding=\"async\" width=\"1456\" height=\"816\" class=\"gb-image gb-image-7590102e\" src=\"https:\/\/www.sisinternational.com\/wp-content\/uploads\/2025\/09\/the-Aland-Islands-2.jpg\" alt=\"\u00c9tudes de march\u00e9 et strat\u00e9gie internationales SIS\" title=\"the Aland Islands (2)\" srcset=\"https:\/\/www.sisinternational.com\/wp-content\/uploads\/2025\/09\/the-Aland-Islands-2.jpg 1456w, https:\/\/www.sisinternational.com\/wp-content\/uploads\/2025\/09\/the-Aland-Islands-2-300x168.jpg 300w, https:\/\/www.sisinternational.com\/wp-content\/uploads\/2025\/09\/the-Aland-Islands-2-1024x574.jpg 1024w, https:\/\/www.sisinternational.com\/wp-content\/uploads\/2025\/09\/the-Aland-Islands-2-768x430.jpg 768w, https:\/\/www.sisinternational.com\/wp-content\/uploads\/2025\/09\/the-Aland-Islands-2-18x10.jpg 18w\" sizes=\"auto, (max-width: 1456px) 100vw, 1456px\"><\/figure>\n\n\n\n<p><\/p>\n\n\n\n<p>Comme beaucoup d\u2019autres endroits, les \u00eeles Aland d\u00e9pendent du commerce, de la navigation et du tourisme. Le transport maritime repr\u00e9sente pr\u00e8s de la moiti\u00e9 de l\u2019activit\u00e9 fiscale et plusieurs transporteurs mondiaux y op\u00e8rent. Outre le transport maritime, il existe d\u2019autres petites entreprises avec peu d\u2019employ\u00e9s. Les autres industries majeures comprennent l&#039;agriculture et la p\u00eache. Ces deux secteurs sont essentiels \u00e0 la s\u00e9curit\u00e9 alimentaire des \u00eeles.<\/p>\n\n\n\n<p>Le secteur des services est un autre pilier des \u00eeles Aland. Un autre point cl\u00e9 est qu&#039;une grande partie des revenus touristiques enregistr\u00e9s par la Finlande provient de ces \u00eeles. De plus, le tourisme est essentiel car il g\u00e9n\u00e8re de nombreux emplois.<\/p>\n\n\n\n<h2 class=\"wp-block-heading\">Les tendances<\/h2>\n\n\n\n<p>In the 1970s and 1980s, Mariehamn, the hub of the islands, saw significant economic expansion. The <a href=\"https:\/\/www.sisinternational.com\/fr\/predictive-analytics\/\" title=\"Predictive Analytics: Your Crystal Ball for Business Success\"  data-wpil-monitor-id=\"10185\">success of the region\u2019s top businesses<\/a> has further helped the islands through hard times. Trade is one of the essential parts of the services sector and makes up more than half the revenues. Moreover, other areas like <a href=\"https:\/\/www.sisinternational.com\/fr\/solutions\/conseil-en-tourisme-de-voyage-et-en-hotellerie\/societe-de-gestion-hoteliere-etude-de-marche-conseil-en-strategie\/\" title=\"Soci\u00e9t\u00e9 de gestion h\u00f4teli\u00e8re \u00c9tudes de march\u00e9 et conseil en strat\u00e9gie\"  data-wpil-monitor-id=\"10194\">hotels and catering companies<\/a> add to the GDP. As a matter of fact, this region has the highest level of productivity in Finland.<\/p>\n\n\n\n<h2 class=\"wp-block-heading\">Base de consommateurs<\/h2>\n\n\n\n<p><\/p>\n\n\n\n<figure class=\"gb-block-image gb-block-image-2a5b1efb\"><img loading=\"lazy\" decoding=\"async\" width=\"1456\" height=\"816\" class=\"gb-image gb-image-2a5b1efb\" src=\"https:\/\/www.sisinternational.com\/wp-content\/uploads\/2025\/09\/the-Aland-Islands-3.jpg\" alt=\"\u00c9tudes de march\u00e9 et strat\u00e9gie internationales SIS\" title=\"the Aland Islands (3)\" srcset=\"https:\/\/www.sisinternational.com\/wp-content\/uploads\/2025\/09\/the-Aland-Islands-3.jpg 1456w, https:\/\/www.sisinternational.com\/wp-content\/uploads\/2025\/09\/the-Aland-Islands-3-300x168.jpg 300w, https:\/\/www.sisinternational.com\/wp-content\/uploads\/2025\/09\/the-Aland-Islands-3-1024x574.jpg 1024w, https:\/\/www.sisinternational.com\/wp-content\/uploads\/2025\/09\/the-Aland-Islands-3-768x430.jpg 768w, https:\/\/www.sisinternational.com\/wp-content\/uploads\/2025\/09\/the-Aland-Islands-3-18x10.jpg 18w\" sizes=\"auto, (max-width: 1456px) 100vw, 1456px\"><\/figure>\n\n\n\n<p><\/p>\n\n\n\n<p>The people in the Alands enjoy their leisure time as a respite from their everyday work. Tourists as well as citizens can indulge in many different pastimes. Some include restaurants, cycling in Aland, and spending time on the water. Other popular pursuits include golfing, visiting the ruins of Bomarsund, and more. The people spend many days working hard to earn money to enjoy their beautiful land. The islands are lively, with stunning sites within arm\u2019s reach. Thus, they see no problem spending money for pleasure and fun.<\/p>\n\n\n\n<h2 class=\"wp-block-heading\">Raisons de d\u00e9marrer une entreprise dans les \u00eeles Aland<\/h2>\n\n\n\n<p>Aland is full of business options and willing workers. Often there are demands for long-term personnel in areas like healthcare, IT, and law. <a href=\"https:\/\/www.sisinternational.com\/fr\/opportunites-et-obstacles-bancaires-islamiques-pour-le-secteur-financier-americain\/\" title=\"Banque islamique\u00a0: opportunit\u00e9s et obstacles pour le secteur financier am\u00e9ricain\"  data-wpil-monitor-id=\"10187\">Opportunities also exist in banking<\/a>, services, and education. Opening a business in one of these areas can bear fruit with a quick turnaround as many people are willing and ready to work in these areas.<\/p>\n\n\n\n<p><a href=\"https:\/\/www.sisinternational.com\/fr\/solutions\/conseil-en-tourisme-de-voyage-et-en-hotellerie\/conseil-en-marketing-pour-la-restauration-hoteliere\/\" title=\"Conseil en marketing h\u00f4telier et restaurant\"  data-wpil-monitor-id=\"10184\">Restaurants and hotels<\/a> make good money during the summertime and even hire more people. Thus, the islanders have the freedom to branch out in different ways. The islands are vivacious, especially around tourist season. This season is also when businesses make the most money.<\/p>\n\n\n\n<p>Toutes les \u00eeles Aland sont parfaites pour les startups et autres entreprises.<\/p>\n\n\n\n<h2 class=\"wp-block-heading\">Notre emplacement \u00e0 New York<\/h2>\n\n\n\n<p>\n\n\n\n<iframe loading=\"lazy\" src=\"https:\/\/www.google.com\/maps\/embed?pb=!1m18!1m12!1m3!1d3022.976188376966!2d-73.99130312499956!3d40.740549471389315!2m3!1f0!2f0!3f0!3m2!1i1024!2i768!4f13.1!3m3!1m2!1s0x89c259a15798c731%3A0xd695d09bdd495f25!2s11%20E%2022nd%20St%20FL%202%2C%20New%20York%2C%20NY%2010010%2C%20USA!5e0!3m2!1sen!2spe!4v1726171763526!5m2!1sen!2spe\" width=\"600\" height=\"450\" allowfullscreen=\"allowfullscreen\" data-mce-fragment=\"1\"><\/iframe>\n\n\n\n<\/p>\n\n\n\n<h3 class=\"wp-block-heading\">11 E 22nd Street, \u00e9tage 2, New York, NY 10010 T\u00e9l. : +1(212) 505-6805<\/h3>\n\n\n\n<hr class=\"wp-block-separator has-alpha-channel-opacity\"\/>\n\n\n\n<h2 class=\"wp-block-heading\"><span style=\"font-weight: 400;\">\u00c0 propos de SIS International<\/span><\/h2>\n\n\n\n<p><a href=\"https:\/\/www.sisinternational.com\/fr\/\"><span style=\"font-weight: 400;\">SIS International<\/span><\/a><span style=\"font-weight: 400;\"> offers Quantitative, Qualitative, and Strategy Research. We provide data, tools, strategies, reports, and insights for decision-making. We also conduct interviews, surveys, focus groups, and other <a href=\"https:\/\/www.sisinternational.com\/fr\/quantitative-market-research-methods-and-techniques\/\" title=\"Quantitative Market Research Methods and Techniques\"  data-wpil-monitor-id=\"10183\">Market Research methods<\/a> and approaches.<\/span><a href=\"https:\/\/www.sisinternational.com\/fr\/a-propos-de-la-recherche-internationale-sis\/contact-sis-international-market-research\/\"><span style=\"font-weight: 400;\"> Contactez nous<\/span><\/a><span style=\"font-weight: 400;\"> pour votre prochain projet d&#039;\u00e9tude de march\u00e9.<\/span><\/p>\n\n\n\n<p><\/p>","protected":false},"excerpt":{"rendered":"<p>SIS International Research propose des \u00e9tudes de march\u00e9 qualitatives, quantitatives et strat\u00e9giques dans les \u00eeles Aland.<\/p>","protected":false},"author":1,"featured_media":66076,"parent":14510,"menu_order":55,"comment_status":"closed","ping_status":"closed","template":"","meta":{"footnotes":""},"class_list":["post-40289","page","type-page","status-publish","has-post-thumbnail"],"_links":{"self":[{"href":"https:\/\/www.sisinternational.com\/fr\/wp-json\/wp\/v2\/pages\/40289","targetHints":{"allow":["GET"]}}],"collection":[{"href":"https:\/\/www.sisinternational.com\/fr\/wp-json\/wp\/v2\/pages"}],"about":[{"href":"https:\/\/www.sisinternational.com\/fr\/wp-json\/wp\/v2\/types\/page"}],"author":[{"embeddable":true,"href":"https:\/\/www.sisinternational.com\/fr\/wp-json\/wp\/v2\/users\/1"}],"replies":[{"embeddable":true,"href":"https:\/\/www.sisinternational.com\/fr\/wp-json\/wp\/v2\/comments?post=40289"}],"version-history":[{"count":5,"href":"https:\/\/www.sisinternational.com\/fr\/wp-json\/wp\/v2\/pages\/40289\/revisions"}],"predecessor-version":[{"id":81684,"href":"https:\/\/www.sisinternational.com\/fr\/wp-json\/wp\/v2\/pages\/40289\/revisions\/81684"}],"up":[{"embeddable":true,"href":"https:\/\/www.sisinternational.com\/fr\/wp-json\/wp\/v2\/pages\/14510"}],"wp:featuredmedia":[{"embeddable":true,"href":"https:\/\/www.sisinternational.com\/fr\/wp-json\/wp\/v2\/media\/66076"}],"wp:attachment":[{"href":"https:\/\/www.sisinternational.com\/fr\/wp-json\/wp\/v2\/media?parent=40289"}],"curies":[{"name":"wp","href":"https:\/\/api.w.org\/{rel}","templated":true}]}}